{"id":63340,"date":"2022-11-12T13:37:39","date_gmt":"2022-11-12T16:37:39","guid":{"rendered":"https:\/\/bodegaoutdoor.cl\/store\/?post_type=product&#038;p=63340"},"modified":"2023-05-04T19:18:38","modified_gmt":"2023-05-04T23:18:38","slug":"silla-camping-plegable-larga","status":"publish","type":"product","link":"https:\/\/bodegaoutdoor.cl\/store\/product\/silla-camping-plegable-larga\/","title":{"rendered":"Silla Camping plegable larga"},"content":{"rendered":"<p>El marco de la silla es de hierro y su respaldar es largo para mayor comodidad.<\/p>\n<p>El material de la tela es resistente al desgarro.<\/p>\n<p>La malla que tiene ayuda a evitar la sudoraci\u00f3n.<\/p>\n<p>El empaque de la silla desarmada es muy peque\u00f1o y f\u00e1cil de llevar.<\/p>\n<p>&nbsp;<\/p>\n\n    <div class=\"xs_social_share_widget xs_share_url after_content \t\tmain_content  wslu-style-1 wslu-share-box-shaped wslu-fill-colored wslu-none wslu-share-horizontal wslu-theme-font-no wslu-main_content\">\n\n\t\t\n        <ul>\n\t\t\t        <\/ul>\n    <\/div> \n","protected":false},"excerpt":{"rendered":"<p>El marco de la silla es de hierro y su respaldar es largo para mayor comodidad. El material de la tela es resistente al desgarro. La malla que tiene ayuda a evitar la sudoraci\u00f3n. El empaque de la silla desarmada es muy peque\u00f1o y f\u00e1cil de llevar. &nbsp;<\/p>\n","protected":false},"featured_media":63348,"comment_status":"open","ping_status":"closed","template":"","meta":{"jetpack_publicize_message":"","jetpack_publicize_feature_enabled":true,"jetpack_social_post_already_shared":true,"jetpack_social_options":{"image_generator_settings":{"template":"highway","enabled":false},"version":2}},"product_brand":[],"product_cat":[2814],"product_tag":[],"class_list":{"0":"post-63340","1":"product","2":"type-product","3":"status-publish","4":"has-post-thumbnail","6":"product_cat-camping","8":"first","9":"instock","10":"sale","11":"taxable","12":"shipping-taxable","13":"purchasable","14":"product-type-variable"},"jetpack_publicize_connections":[],"jetpack_sharing_enabled":true,"_links":{"self":[{"href":"https:\/\/bodegaoutdoor.cl\/store\/wp-json\/wp\/v2\/product\/63340","targetHints":{"allow":["GET"]}}],"collection":[{"href":"https:\/\/bodegaoutdoor.cl\/store\/wp-json\/wp\/v2\/product"}],"about":[{"href":"https:\/\/bodegaoutdoor.cl\/store\/wp-json\/wp\/v2\/types\/product"}],"replies":[{"embeddable":true,"href":"https:\/\/bodegaoutdoor.cl\/store\/wp-json\/wp\/v2\/comments?post=63340"}],"version-history":[{"count":1,"href":"https:\/\/bodegaoutdoor.cl\/store\/wp-json\/wp\/v2\/product\/63340\/revisions"}],"predecessor-version":[{"id":63354,"href":"https:\/\/bodegaoutdoor.cl\/store\/wp-json\/wp\/v2\/product\/63340\/revisions\/63354"}],"wp:featuredmedia":[{"embeddable":true,"href":"https:\/\/bodegaoutdoor.cl\/store\/wp-json\/wp\/v2\/media\/63348"}],"wp:attachment":[{"href":"https:\/\/bodegaoutdoor.cl\/store\/wp-json\/wp\/v2\/media?parent=63340"}],"wp:term":[{"taxonomy":"product_brand","embeddable":true,"href":"https:\/\/bodegaoutdoor.cl\/store\/wp-json\/wp\/v2\/product_brand?post=63340"},{"taxonomy":"product_cat","embeddable":true,"href":"https:\/\/bodegaoutdoor.cl\/store\/wp-json\/wp\/v2\/product_cat?post=63340"},{"taxonomy":"product_tag","embeddable":true,"href":"https:\/\/bodegaoutdoor.cl\/store\/wp-json\/wp\/v2\/product_tag?post=63340"}],"curies":[{"name":"wp","href":"https:\/\/api.w.org\/{rel}","templated":true}]}}