{"id":63414,"date":"2022-11-16T11:45:21","date_gmt":"2022-11-16T14:45:21","guid":{"rendered":"https:\/\/bodegaoutdoor.cl\/store\/product\/apexel-binoculares-de-gran-aumento-20-180x100-herramientas-militares-potentes-telescopio-de-caza-y-senderismo-portatil-de-largo-alcance\/"},"modified":"2023-05-04T19:18:37","modified_gmt":"2023-05-04T23:18:37","slug":"apexel-binoculares-de-gran-aumento-20-180x100-herramientas-militares-potentes-telescopio-de-caza-y-senderismo-portatil-de-largo-alcance","status":"publish","type":"product","link":"https:\/\/bodegaoutdoor.cl\/store\/product\/apexel-binoculares-de-gran-aumento-20-180x100-herramientas-militares-potentes-telescopio-de-caza-y-senderismo-portatil-de-largo-alcance\/","title":{"rendered":"APEXEL-binoculares de gran aumento 20-180&#215;100, herramientas militares potentes, telescopio de caza y senderismo port\u00e1til de largo alcance"},"content":{"rendered":"<div>\n<div>\n<p><span style=\"font-size: 18px; font-family: arial, helvetica, sans-serif;\"><strong>20-180&#215;100 binoculares de alta Ampliaci\u00f3n de largo alcance port\u00e1til de viaje Camping HD Zoom lente \u00f3ptica Binocular telescopio de caza<\/strong><\/span><\/p>\n<p>&nbsp;<\/p>\n<p><span style=\"font-size: 16px; font-family: arial, helvetica, sans-serif;\">Caracter\u00edsticas:<\/span><\/p>\n<p><span style=\"font-size: 16px; font-family: arial, helvetica, sans-serif;\">1. Con aumento de alta potencia y lente gran angular de 70mm que ofrece la mejor claridad y brillo de su clase, el prisma HD proporciona un campo de visi\u00f3n completo.<\/span><\/p>\n<p><span style=\"font-size: 16px; font-family: arial, helvetica, sans-serif;\">2. Las lentes asf\u00e9ricas multicapa son ideales para una transmisi\u00f3n de luz estable y minimizar la distorsi\u00f3n, puede proporcionar un alto contraste brillante mejor imagen.<\/span><\/p>\n<p><span style=\"font-size: 16px; font-family: arial, helvetica, sans-serif;\">3. Evita que la humedad, el polvo y los escombros entren en el telescopio binocular, dise\u00f1ado para uso diario y la mayor\u00eda de los entornos al aire libre.<\/span><\/p>\n<p><span style=\"font-size: 16px; font-family: arial, helvetica, sans-serif;\">4. El binocular posee una textura antideslizante \u00fanica y tecnolog\u00eda antideslizante de s\u00faper alta calidad, es un dise\u00f1o exquisito. Mano de obra robusta de alta calidad para entornos hostiles.<\/span><\/p>\n<p><span style=\"font-size: 16px; font-family: arial, helvetica, sans-serif;\">5. Especialmente dise\u00f1ado para actividades al aire libre como avistamiento de aves, viajes, senderismo, conducci\u00f3n, caza, Conciertos, Deportes y m\u00e1s.<\/span><\/p>\n<p>&nbsp;<\/p>\n<p>&nbsp;<\/p>\n<p><span style=\"font-size: 16px; font-family: arial, helvetica, sans-serif;\">Especificaciones:<\/span><\/p>\n<p><span style=\"font-size: 16px; font-family: arial, helvetica, sans-serif;\">Nombre: telescopio Binocular<\/span><\/p>\n<p><span style=\"font-size: 16px; font-family: arial, helvetica, sans-serif;\">Material: ABS + Metal<\/span><\/p>\n<p><span style=\"font-size: 16px; font-family: arial, helvetica, sans-serif;\">Caracter\u00edsticas: Binocular, f\u00e1cil de usar, duradero, HD<\/span><\/p>\n<p><span style=\"font-size: 16px; font-family: arial, helvetica, sans-serif;\">Tama\u00f1o: 236x207x74mm (aprox.)<\/span><\/p>\n<p><span style=\"font-size: 16px; font-family: arial, helvetica, sans-serif;\">Condici\u00f3n: 100% a estrenar<\/span><\/p>\n<p><span style=\"font-size: 16px; font-family: arial, helvetica, sans-serif;\">Tipo: telescopio<\/span><\/p>\n<p><span style=\"font-size: 16px; font-family: arial, helvetica, sans-serif;\">Color: Negro<\/span><\/p>\n<p><span style=\"font-size: 16px; font-family: arial, helvetica, sans-serif;\">Campo de visi\u00f3n: aproximadamente 168m\/1000m<\/span><\/p>\n<p><span style=\"font-size: 16px; font-family: arial, helvetica, sans-serif;\">Revestimiento: pel\u00edcula verde FMC<\/span><\/p>\n<p><span style=\"font-size: 16px; font-family: arial, helvetica, sans-serif;\">Aumento: 9-27 veces<\/span><\/p>\n<p><span style=\"font-size: 16px; font-family: arial, helvetica, sans-serif;\">Material del prisma: Bak4<\/span><\/p>\n<p><span style=\"font-size: 16px; font-family: arial, helvetica, sans-serif;\">Di\u00e1metro de la lente del Objetivo: 70mm<\/span><\/p>\n<p><span style=\"font-size: 16px; font-family: arial, helvetica, sans-serif;\">Peso: aproximadamente 1350g<\/span><\/p>\n<p>&nbsp;<\/p>\n<p>&nbsp;<\/p>\n<p><span style=\"font-size: 16px; font-family: arial, helvetica, sans-serif;\">El paquete incluye:<\/span><\/p>\n<p><span style=\"font-size: 16px; font-family: arial, helvetica, sans-serif;\">1 telescopio Binocular<\/span><\/p>\n<p><span style=\"font-size: 16px; font-family: arial, helvetica, sans-serif;\">1 x cord\u00f3n<\/span><\/p>\n<p><span style=\"font-size: 16px; font-family: arial, helvetica, sans-serif;\">1 x pa\u00f1o de limpieza<\/span><\/p>\n<p><span style=\"font-size: 16px; font-family: arial, helvetica, sans-serif;\">1 x bolsa de tela<\/span><\/p>\n<p><span style=\"font-size: 16px; font-family: arial, helvetica, sans-serif;\">1 * Manual del usuario<\/span><\/p>\n<p><span style=\"font-size: 16px; font-family: arial, helvetica, sans-serif;\">4 x cubierta de lente<\/span><\/p>\n<p>&nbsp;<\/p>\n<p><span style=\"font-size: 16px; font-family: arial, helvetica, sans-serif;\">Nota: La caja puede variar, sigue el producto real como est\u00e1ndar.<\/span><\/p>\n<p style=\"text-align: center;\" align=\"center\"><img decoding=\"async\" title=\"APEXEL-binoculares de gran aumento 20-180x100, herramientas militares potentes, telescopio de caza y senderismo port\u00e1til de largo alcance\" src=\"https:\/\/bodegaoutdoor.cl\/store\/wp-content\/uploads\/2022\/11\/63414-xj5m6k.jpg\" alt=\"APEXEL-binoculares de gran aumento 20-180x100, herramientas militares potentes, telescopio de caza y senderismo port\u00e1til de largo alcance\" \/><img decoding=\"async\" title=\"APEXEL-binoculares de gran aumento 20-180x100, herramientas militares potentes, telescopio de caza y senderismo port\u00e1til de largo alcance\" src=\"https:\/\/bodegaoutdoor.cl\/store\/wp-content\/uploads\/2022\/11\/63414-3swhif.jpg\" alt=\"APEXEL-binoculares de gran aumento 20-180x100, herramientas militares potentes, telescopio de caza y senderismo port\u00e1til de largo alcance\" \/><img decoding=\"async\" title=\"APEXEL-binoculares de gran aumento 20-180x100, herramientas militares potentes, telescopio de caza y senderismo port\u00e1til de largo alcance\" src=\"https:\/\/bodegaoutdoor.cl\/store\/wp-content\/uploads\/2022\/11\/63414-iubifk.jpg\" alt=\"APEXEL-binoculares de gran aumento 20-180x100, herramientas militares potentes, telescopio de caza y senderismo port\u00e1til de largo alcance\" \/><img decoding=\"async\" title=\"APEXEL-binoculares de gran aumento 20-180x100, herramientas militares potentes, telescopio de caza y senderismo port\u00e1til de largo alcance\" src=\"https:\/\/bodegaoutdoor.cl\/store\/wp-content\/uploads\/2022\/11\/63414-qghr9l.jpg\" alt=\"APEXEL-binoculares de gran aumento 20-180x100, herramientas militares potentes, telescopio de caza y senderismo port\u00e1til de largo alcance\" \/><img decoding=\"async\" title=\"APEXEL-binoculares de gran aumento 20-180x100, herramientas militares potentes, telescopio de caza y senderismo port\u00e1til de largo alcance\" src=\"https:\/\/bodegaoutdoor.cl\/store\/wp-content\/uploads\/2022\/11\/63414-djhsxy.jpg\" alt=\"APEXEL-binoculares de gran aumento 20-180x100, herramientas militares potentes, telescopio de caza y senderismo port\u00e1til de largo alcance\" \/><img decoding=\"async\" title=\"APEXEL-binoculares de gran aumento 20-180x100, herramientas militares potentes, telescopio de caza y senderismo port\u00e1til de largo alcance\" src=\"https:\/\/bodegaoutdoor.cl\/store\/wp-content\/uploads\/2022\/11\/63414-hsmv5j.jpg\" alt=\"APEXEL-binoculares de gran aumento 20-180x100, herramientas militares potentes, telescopio de caza y senderismo port\u00e1til de largo alcance\" \/><img decoding=\"async\" title=\"APEXEL-binoculares de gran aumento 20-180x100, herramientas militares potentes, telescopio de caza y senderismo port\u00e1til de largo alcance\" src=\"https:\/\/bodegaoutdoor.cl\/store\/wp-content\/uploads\/2022\/11\/63414-iaburp.jpg\" alt=\"APEXEL-binoculares de gran aumento 20-180x100, herramientas militares potentes, telescopio de caza y senderismo port\u00e1til de largo alcance\" \/><img decoding=\"async\" title=\"APEXEL-binoculares de gran aumento 20-180x100, herramientas militares potentes, telescopio de caza y senderismo port\u00e1til de largo alcance\" src=\"https:\/\/bodegaoutdoor.cl\/store\/wp-content\/uploads\/2022\/11\/63414-tcp4he.jpg\" alt=\"APEXEL-binoculares de gran aumento 20-180x100, herramientas militares potentes, telescopio de caza y senderismo port\u00e1til de largo alcance\" \/><img decoding=\"async\" title=\"APEXEL-binoculares de gran aumento 20-180x100, herramientas militares potentes, telescopio de caza y senderismo port\u00e1til de largo alcance\" src=\"https:\/\/bodegaoutdoor.cl\/store\/wp-content\/uploads\/2022\/11\/63414-9dwzow.jpg\" alt=\"APEXEL-binoculares de gran aumento 20-180x100, herramientas militares potentes, telescopio de caza y senderismo port\u00e1til de largo alcance\" \/><img decoding=\"async\" title=\"APEXEL-binoculares de gran aumento 20-180x100, herramientas militares potentes, telescopio de caza y senderismo port\u00e1til de largo alcance\" src=\"https:\/\/bodegaoutdoor.cl\/store\/wp-content\/uploads\/2022\/11\/63414-xd7oiz.jpg\" alt=\"APEXEL-binoculares de gran aumento 20-180x100, herramientas militares potentes, telescopio de caza y senderismo port\u00e1til de largo alcance\" \/><img decoding=\"async\" title=\"APEXEL-binoculares de gran aumento 20-180x100, herramientas militares potentes, telescopio de caza y senderismo port\u00e1til de largo alcance\" src=\"https:\/\/bodegaoutdoor.cl\/store\/wp-content\/uploads\/2022\/11\/63414-jlc01g.jpg\" alt=\"APEXEL-binoculares de gran aumento 20-180x100, herramientas militares potentes, telescopio de caza y senderismo port\u00e1til de largo alcance\" \/><\/p>\n<p style=\"text-align: center;\" align=\"center\"><img decoding=\"async\" title=\"APEXEL-binoculares de gran aumento 20-180x100, herramientas militares potentes, telescopio de caza y senderismo port\u00e1til de largo alcance\" src=\"https:\/\/bodegaoutdoor.cl\/store\/wp-content\/uploads\/2022\/11\/63414-jterhn.jpg\" alt=\"APEXEL-binoculares de gran aumento 20-180x100, herramientas militares potentes, telescopio de caza y senderismo port\u00e1til de largo alcance\" \/><\/p>\n<p style=\"text-align: left;\" align=\"left\">\n<\/div>\n<\/div>\n\n    <div class=\"xs_social_share_widget xs_share_url after_content \t\tmain_content  wslu-style-1 wslu-share-box-shaped wslu-fill-colored wslu-none wslu-share-horizontal wslu-theme-font-no wslu-main_content\">\n\n\t\t\n        <ul>\n\t\t\t        <\/ul>\n    <\/div> \n","protected":false},"excerpt":{"rendered":"<p>20-180&#215;100 binoculares de alta Ampliaci\u00f3n de largo alcance port\u00e1til de viaje Camping HD Zoom lente \u00f3ptica Binocular telescopio de caza &nbsp; Caracter\u00edsticas: 1. Con aumento de alta potencia y lente gran angular de 70mm que ofrece la mejor claridad y brillo de su clase, el prisma HD proporciona un campo de visi\u00f3n completo. 2. Las [&hellip;]<\/p>\n","protected":false},"featured_media":63451,"comment_status":"open","ping_status":"closed","template":"","meta":{"jetpack_publicize_message":"","jetpack_publicize_feature_enabled":true,"jetpack_social_post_already_shared":true,"jetpack_social_options":{"image_generator_settings":{"template":"highway","enabled":false},"version":2}},"product_brand":[],"product_cat":[1249],"product_tag":[],"class_list":{"0":"post-63414","1":"product","2":"type-product","3":"status-publish","4":"has-post-thumbnail","6":"product_cat-binoculares","8":"first","9":"instock","10":"sale","11":"taxable","12":"shipping-taxable","13":"purchasable","14":"product-type-variable"},"jetpack_publicize_connections":[],"jetpack_sharing_enabled":true,"_links":{"self":[{"href":"https:\/\/bodegaoutdoor.cl\/store\/wp-json\/wp\/v2\/product\/63414","targetHints":{"allow":["GET"]}}],"collection":[{"href":"https:\/\/bodegaoutdoor.cl\/store\/wp-json\/wp\/v2\/product"}],"about":[{"href":"https:\/\/bodegaoutdoor.cl\/store\/wp-json\/wp\/v2\/types\/product"}],"replies":[{"embeddable":true,"href":"https:\/\/bodegaoutdoor.cl\/store\/wp-json\/wp\/v2\/comments?post=63414"}],"version-history":[{"count":14,"href":"https:\/\/bodegaoutdoor.cl\/store\/wp-json\/wp\/v2\/product\/63414\/revisions"}],"predecessor-version":[{"id":63686,"href":"https:\/\/bodegaoutdoor.cl\/store\/wp-json\/wp\/v2\/product\/63414\/revisions\/63686"}],"wp:featuredmedia":[{"embeddable":true,"href":"https:\/\/bodegaoutdoor.cl\/store\/wp-json\/wp\/v2\/media\/63451"}],"wp:attachment":[{"href":"https:\/\/bodegaoutdoor.cl\/store\/wp-json\/wp\/v2\/media?parent=63414"}],"wp:term":[{"taxonomy":"product_brand","embeddable":true,"href":"https:\/\/bodegaoutdoor.cl\/store\/wp-json\/wp\/v2\/product_brand?post=63414"},{"taxonomy":"product_cat","embeddable":true,"href":"https:\/\/bodegaoutdoor.cl\/store\/wp-json\/wp\/v2\/product_cat?post=63414"},{"taxonomy":"product_tag","embeddable":true,"href":"https:\/\/bodegaoutdoor.cl\/store\/wp-json\/wp\/v2\/product_tag?post=63414"}],"curies":[{"name":"wp","href":"https:\/\/api.w.org\/{rel}","templated":true}]}}