{"id":63483,"date":"2022-11-17T17:26:01","date_gmt":"2022-11-17T20:26:01","guid":{"rendered":"https:\/\/bodegaoutdoor.cl\/store\/?post_type=product&#038;p=63483"},"modified":"2023-05-04T19:18:37","modified_gmt":"2023-05-04T23:18:37","slug":"apexel-binoculares-infrarrojos-militares-digitales-dispositivo-de-vision-nocturna-zoom-4-12x-telescopio-de-caza-de-dia-y-noche-doble-uso","status":"publish","type":"product","link":"https:\/\/bodegaoutdoor.cl\/store\/product\/apexel-binoculares-infrarrojos-militares-digitales-dispositivo-de-vision-nocturna-zoom-4-12x-telescopio-de-caza-de-dia-y-noche-doble-uso\/","title":{"rendered":"APEXEL-binoculares infrarrojos digitales, dispositivo de visi\u00f3n nocturna, Zoom 4-12x, telescopio de caza de d\u00eda y noche, Profesionales"},"content":{"rendered":"<p style=\"text-align: center;\"><video style=\"max-width: 100%;\" src=\"\/\/video.aliexpress-media.com\/play\/u\/ae_sg_item\/2207595887916\/p\/1\/e\/6\/t\/10301\/1100068453585.mp4\" poster=\"https:\/\/ae01.alicdn.com\/kf\/S8102269827db436da45ca0eec8be838a8\/APEXEL-binoculares-infrarrojos-militares-digitales-dispositivo-de-visi-n-nocturna-Zoom-4-12x-telescopio-de-caza.jpg,https:\/\/ae01.alicdn.com\/kf\/Se366128956e04d01a5fcf1a940e5f6cbd\/APEXEL-binoculares-infrarrojos-militares-digitales-dispositivo-de-visi-n-nocturna-Zoom-4-12x-telescopio-de-caza.jpg,https:\/\/ae01.alicdn.com\/kf\/Sc8015323e6a24bc7a56dc79a0bf0a1baz\/APEXEL-binoculares-infrarrojos-militares-digitales-dispositivo-de-visi-n-nocturna-Zoom-4-12x-telescopio-de-caza.jpg,https:\/\/ae01.alicdn.com\/kf\/Saeb6d871c92b4e939fac8d779c4144b18\/APEXEL-binoculares-infrarrojos-militares-digitales-dispositivo-de-visi-n-nocturna-Zoom-4-12x-telescopio-de-caza.jpg,https:\/\/ae01.alicdn.com\/kf\/Sb8a17fb650c048019565f0617650fe0dR\/APEXEL-binoculares-infrarrojos-militares-digitales-dispositivo-de-visi-n-nocturna-Zoom-4-12x-telescopio-de-caza.jpg,https:\/\/ae01.alicdn.com\/kf\/S61b1b1475811453fab6c33a3acca52c31\/APEXEL-binoculares-infrarrojos-militares-digitales-dispositivo-de-visi-n-nocturna-Zoom-4-12x-telescopio-de-caza.jpg\" preload=\"auto\" controls=\"controls\" width=\"100%\" height=\"100%\"><\/video><\/p>\n<div>\n<div>\n<div>\n<div>\n<div>\n<p style=\"font-size: 16px; font-weight: bold;\">Prism\u00e1ticos infrarrojos de visi\u00f3n nocturna APEXEL 2,3 LCD militar d\u00eda noche NV gafas telescopio IR Binocular Hunter.<\/p>\n<\/div>\n<div>\n<p style=\"font-family: OpenSans; font-size: 16px; text-align: left; width: 100%;\" align=\"left\">Caracter\u00edstica:<br \/>\n* Aumento de 12x: viene con zoom \u00f3ptico 4x y zoom digital 3x, el aumento visual alcanza 12 veces.<br \/>\n* Doble uso d\u00eda y noche con funciones como fotograf\u00eda, grabaci\u00f3n de v\u00eddeo y reproducci\u00f3n. Soporte m\u00e1ximo de almacenamiento 32G<br \/>\n* Efecto de visi\u00f3n nocturna cmos de alta sensibilidad y p\u00edxeles grandes<br \/>\n* Pantalla panor\u00e1mica TFT de 2,3 pulgadas de alta definici\u00f3n a color incorporada, amplio rango de visualizaci\u00f3n, calidad de imagen fina.<br \/>\n* Iluminador infrarrojo integrado: admite el uso en un ambiente oscuro puro y puede alcanzar los 800 metros en un ambiente oscuro.<br \/>\n* Ajuste de compensaci\u00f3n de luz infrarroja: 5 niveles<br \/>\n* Interfaz roscada est\u00e1ndar de 1\/4 &#8220;compatible con tr\u00edpodes.<br \/>\n* La duraci\u00f3n de la bater\u00eda en modo infrarrojo es de 3,5 horas, es f\u00e1cil de usar y se puede alimentar con bater\u00eda, y el puerto tipo c est\u00e1 alimentado durante aproximadamente 4 horas<br \/>\nHoras (5V\/2a)<\/p>\n<p>Especificaci\u00f3n:<br \/>\nNombre: binoculares de visi\u00f3n nocturna APEXEL NV008<br \/>\nTama\u00f1o de la pantalla: 2,3 pulgadas (480&#215;360)<br \/>\nTemperatura de funcionamiento: 10 \u00b0C a 45 \u00b0C<br \/>\nTemperatura de almacenamiento: -20 \u2103 a 25 \u2103 (a largo plazo)<br \/>\nTransmisor de infrarrojos: 5 archivos\/m\u00e1ximo 2,2 W de potencia 850nm l\u00e1mpara de infrarrojos<br \/>\nDistancia m\u00ednima de enfoque: 3m<br \/>\nLente: 7 \u00b0 F2.2 d\u00eda\/noche Confocal<br \/>\nVisual ampliaci\u00f3n: 4-12X<br \/>\nModo de fuente de alimentaci\u00f3n: 2 bater\u00edas de litio de Punta 1500mha18650 integradas (no incluidas en el paquete est\u00e1ndar)<br \/>\nO tipo C 5V\/2A<br \/>\nTiempo de carga: aproximadamente 4 horas (5V\/2A)<br \/>\nPeso del producto: aproximadamente 600g<br \/>\nTama\u00f1o del producto: 196,5 \u00d7 154 \u00d7 64,5<br \/>\nFormato de foto: JPG<br \/>\nTama\u00f1o de la imagen: 4M\/2M\/1M<br \/>\nFormato de fecha: mm\/dd\/yy<br \/>\nTama\u00f1o del v\u00eddeo: 1080P a 20FPS 720P a 30FPS VGA a 30FPS<br \/>\nFormato de v\u00eddeo: MJPG\/avi<br \/>\nAdmite 11 idiomas: chino, ingl\u00e9s, espa\u00f1ol, ruso, alem\u00e1n, japon\u00e9s, \u00e1rabe, coreano, portugu\u00e9s, franc\u00e9s, italiano<\/p>\n<p>El paquete incluye:<br \/>\n1 * Binocular de visi\u00f3n nocturna<br \/>\n1 * Cable USB<br \/>\n1 * Cable AV<br \/>\n1 x l\u00ednea de alimentaci\u00f3n DC<br \/>\n1 * usuario manual<br \/>\n1 * bolsa<\/p>\n<\/div>\n<div><img decoding=\"async\" style=\"margin-bottom: 10px;\" title=\"APEXEL-binoculares infrarrojos militares digitales, dispositivo de visi\u00f3n nocturna, Zoom 4-12x, telescopio de caza de d\u00eda y noche, doble uso\" src=\"https:\/\/bodegaoutdoor.cl\/store\/wp-content\/uploads\/2022\/11\/63483-eeuexe.jpg\" alt=\"APEXEL-binoculares infrarrojos militares digitales, dispositivo de visi\u00f3n nocturna, Zoom 4-12x, telescopio de caza de d\u00eda y noche, doble uso\" \/><img decoding=\"async\" style=\"margin-bottom: 10px;\" title=\"APEXEL-binoculares infrarrojos militares digitales, dispositivo de visi\u00f3n nocturna, Zoom 4-12x, telescopio de caza de d\u00eda y noche, doble uso\" src=\"https:\/\/bodegaoutdoor.cl\/store\/wp-content\/uploads\/2022\/11\/63483-r2rvmd.jpg\" alt=\"APEXEL-binoculares infrarrojos militares digitales, dispositivo de visi\u00f3n nocturna, Zoom 4-12x, telescopio de caza de d\u00eda y noche, doble uso\" \/><\/div>\n<div>\n<p style=\"font-family: OpenSans; font-size: 20px; font-weight: bold; text-align: left; width: 100%;\" align=\"left\">Doble Uso d\u00eda y noche<\/p>\n<div><img decoding=\"async\" style=\"margin-bottom: 10px;\" title=\"APEXEL-binoculares infrarrojos militares digitales, dispositivo de visi\u00f3n nocturna, Zoom 4-12x, telescopio de caza de d\u00eda y noche, doble uso\" src=\"https:\/\/bodegaoutdoor.cl\/store\/wp-content\/uploads\/2022\/11\/63483-pvpepa.jpg\" alt=\"APEXEL-binoculares infrarrojos militares digitales, dispositivo de visi\u00f3n nocturna, Zoom 4-12x, telescopio de caza de d\u00eda y noche, doble uso\" \/><\/div>\n<\/div>\n<div>\n<p style=\"font-family: OpenSans; font-size: 20px; font-weight: bold; text-align: left; width: 100%;\" align=\"left\">Revestimiento multicapa de superficie completa<\/p>\n<div><img decoding=\"async\" style=\"margin-bottom: 10px;\" title=\"APEXEL-binoculares infrarrojos militares digitales, dispositivo de visi\u00f3n nocturna, Zoom 4-12x, telescopio de caza de d\u00eda y noche, doble uso\" src=\"https:\/\/bodegaoutdoor.cl\/store\/wp-content\/uploads\/2022\/11\/63483-bznhtq.jpg\" alt=\"APEXEL-binoculares infrarrojos militares digitales, dispositivo de visi\u00f3n nocturna, Zoom 4-12x, telescopio de caza de d\u00eda y noche, doble uso\" \/><\/div>\n<\/div>\n<div>\n<p style=\"font-family: OpenSans; font-size: 20px; font-weight: bold; text-align: left; width: 100%;\" align=\"left\">Con ajuste IR de 5 niveles<\/p>\n<p style=\"font-family: OpenSans; font-size: 16px; text-align: left; width: 100%;\" align=\"left\">Luz infrarroja integrada de 850nm, hasta 800 metros en plena oscuridad.<\/p>\n<div><img decoding=\"async\" style=\"margin-bottom: 10px;\" title=\"APEXEL-binoculares infrarrojos militares digitales, dispositivo de visi\u00f3n nocturna, Zoom 4-12x, telescopio de caza de d\u00eda y noche, doble uso\" src=\"https:\/\/bodegaoutdoor.cl\/store\/wp-content\/uploads\/2022\/11\/63483-ebd6wq.jpg\" alt=\"APEXEL-binoculares infrarrojos militares digitales, dispositivo de visi\u00f3n nocturna, Zoom 4-12x, telescopio de caza de d\u00eda y noche, doble uso\" \/><\/div>\n<\/div>\n<div>\n<p style=\"font-family: OpenSans; font-size: 20px; font-weight: bold; text-align: left; width: 100%;\" align=\"left\">4X zoom \u00f3ptico + 3X Zoom Digital = 12X efecto Zoom<\/p>\n<p style=\"font-family: OpenSans; font-size: 16px; text-align: left; width: 100%;\" align=\"left\">Pantalla LCD grande de 2,3 pulgadas<\/p>\n<div><img decoding=\"async\" style=\"margin-bottom: 10px;\" title=\"APEXEL-binoculares infrarrojos militares digitales, dispositivo de visi\u00f3n nocturna, Zoom 4-12x, telescopio de caza de d\u00eda y noche, doble uso\" src=\"https:\/\/bodegaoutdoor.cl\/store\/wp-content\/uploads\/2022\/11\/63483-u2xtex.jpg\" alt=\"APEXEL-binoculares infrarrojos militares digitales, dispositivo de visi\u00f3n nocturna, Zoom 4-12x, telescopio de caza de d\u00eda y noche, doble uso\" \/><\/div>\n<\/div>\n<div>\n<p style=\"font-family: OpenSans; font-size: 20px; font-weight: bold; text-align: left; width: 100%;\" align=\"left\">Conexi\u00f3n USB tipo c<\/p>\n<div><img decoding=\"async\" title=\"APEXEL-binoculares infrarrojos militares digitales, dispositivo de visi\u00f3n nocturna, Zoom 4-12x, telescopio de caza de d\u00eda y noche, doble uso\" src=\"https:\/\/bodegaoutdoor.cl\/store\/wp-content\/uploads\/2022\/11\/63483-t4j9f8.jpg\" alt=\"APEXEL-binoculares infrarrojos militares digitales, dispositivo de visi\u00f3n nocturna, Zoom 4-12x, telescopio de caza de d\u00eda y noche, doble uso\" \/><\/div>\n<\/div>\n<div>\n<p style=\"font-family: OpenSans; font-size: 20px; font-weight: bold; text-align: left; width: 100%;\" align=\"left\">Bater\u00eda de litio recargable<\/p>\n<p style=\"font-family: OpenSans; font-size: 16px; text-align: left; width: 100%;\" align=\"left\">Tiempo de carga: 4H<br \/>\nElevaci\u00f3n de la bater\u00eda en IR: 3,5 H<br \/>\nDuraci\u00f3n de la bater\u00eda sin IR: 10H<\/p>\n<div><img decoding=\"async\" title=\"APEXEL-binoculares infrarrojos militares digitales, dispositivo de visi\u00f3n nocturna, Zoom 4-12x, telescopio de caza de d\u00eda y noche, doble uso\" src=\"https:\/\/bodegaoutdoor.cl\/store\/wp-content\/uploads\/2022\/11\/63483-gmi3kp.jpg\" alt=\"APEXEL-binoculares infrarrojos militares digitales, dispositivo de visi\u00f3n nocturna, Zoom 4-12x, telescopio de caza de d\u00eda y noche, doble uso\" \/><\/div>\n<\/div>\n<div><img decoding=\"async\" title=\"APEXEL-binoculares infrarrojos militares digitales, dispositivo de visi\u00f3n nocturna, Zoom 4-12x, telescopio de caza de d\u00eda y noche, doble uso\" src=\"https:\/\/bodegaoutdoor.cl\/store\/wp-content\/uploads\/2022\/11\/63483-ggmw7i.jpg\" alt=\"APEXEL-binoculares infrarrojos militares digitales, dispositivo de visi\u00f3n nocturna, Zoom 4-12x, telescopio de caza de d\u00eda y noche, doble uso\" \/><img decoding=\"async\" title=\"APEXEL-binoculares infrarrojos militares digitales, dispositivo de visi\u00f3n nocturna, Zoom 4-12x, telescopio de caza de d\u00eda y noche, doble uso\" src=\"https:\/\/bodegaoutdoor.cl\/store\/wp-content\/uploads\/2022\/11\/63483-g9vdar.jpg\" alt=\"APEXEL-binoculares infrarrojos militares digitales, dispositivo de visi\u00f3n nocturna, Zoom 4-12x, telescopio de caza de d\u00eda y noche, doble uso\" \/><img decoding=\"async\" title=\"APEXEL-binoculares infrarrojos militares digitales, dispositivo de visi\u00f3n nocturna, Zoom 4-12x, telescopio de caza de d\u00eda y noche, doble uso\" src=\"https:\/\/bodegaoutdoor.cl\/store\/wp-content\/uploads\/2022\/11\/63483-l5kefm.jpg\" alt=\"APEXEL-binoculares infrarrojos militares digitales, dispositivo de visi\u00f3n nocturna, Zoom 4-12x, telescopio de caza de d\u00eda y noche, doble uso\" \/><\/div>\n<div><img decoding=\"async\" title=\"APEXEL-binoculares infrarrojos militares digitales, dispositivo de visi\u00f3n nocturna, Zoom 4-12x, telescopio de caza de d\u00eda y noche, doble uso\" src=\"https:\/\/bodegaoutdoor.cl\/store\/wp-content\/uploads\/2022\/11\/63483-5mvafh.jpg\" alt=\"APEXEL-binoculares infrarrojos militares digitales, dispositivo de visi\u00f3n nocturna, Zoom 4-12x, telescopio de caza de d\u00eda y noche, doble uso\" \/><\/div>\n<div><img decoding=\"async\" style=\"margin-bottom: 10px;\" title=\"APEXEL-binoculares infrarrojos militares digitales, dispositivo de visi\u00f3n nocturna, Zoom 4-12x, telescopio de caza de d\u00eda y noche, doble uso\" src=\"https:\/\/bodegaoutdoor.cl\/store\/wp-content\/uploads\/2022\/11\/63483-7nlrlb.jpg\" alt=\"APEXEL-binoculares infrarrojos militares digitales, dispositivo de visi\u00f3n nocturna, Zoom 4-12x, telescopio de caza de d\u00eda y noche, doble uso\" \/><\/div>\n<div><img decoding=\"async\" title=\"APEXEL-binoculares infrarrojos militares digitales, dispositivo de visi\u00f3n nocturna, Zoom 4-12x, telescopio de caza de d\u00eda y noche, doble uso\" src=\"https:\/\/bodegaoutdoor.cl\/store\/wp-content\/uploads\/2022\/11\/63483-mhakeq.jpg\" alt=\"APEXEL-binoculares infrarrojos militares digitales, dispositivo de visi\u00f3n nocturna, Zoom 4-12x, telescopio de caza de d\u00eda y noche, doble uso\" \/><\/div>\n<div><img decoding=\"async\" title=\"APEXEL-binoculares infrarrojos militares digitales, dispositivo de visi\u00f3n nocturna, Zoom 4-12x, telescopio de caza de d\u00eda y noche, doble uso\" src=\"https:\/\/bodegaoutdoor.cl\/store\/wp-content\/uploads\/2022\/11\/63483-uzlgtt.jpg\" alt=\"APEXEL-binoculares infrarrojos militares digitales, dispositivo de visi\u00f3n nocturna, Zoom 4-12x, telescopio de caza de d\u00eda y noche, doble uso\" \/><\/div>\n<div><img decoding=\"async\" title=\"APEXEL-binoculares infrarrojos militares digitales, dispositivo de visi\u00f3n nocturna, Zoom 4-12x, telescopio de caza de d\u00eda y noche, doble uso\" src=\"https:\/\/bodegaoutdoor.cl\/store\/wp-content\/uploads\/2022\/11\/63483-wwxbto.jpg\" alt=\"APEXEL-binoculares infrarrojos militares digitales, dispositivo de visi\u00f3n nocturna, Zoom 4-12x, telescopio de caza de d\u00eda y noche, doble uso\" \/><img decoding=\"async\" title=\"APEXEL-binoculares infrarrojos militares digitales, dispositivo de visi\u00f3n nocturna, Zoom 4-12x, telescopio de caza de d\u00eda y noche, doble uso\" src=\"https:\/\/bodegaoutdoor.cl\/store\/wp-content\/uploads\/2022\/11\/63483-cqs2mc.jpg\" alt=\"APEXEL-binoculares infrarrojos militares digitales, dispositivo de visi\u00f3n nocturna, Zoom 4-12x, telescopio de caza de d\u00eda y noche, doble uso\" \/><\/div>\n<div><img decoding=\"async\" title=\"APEXEL-binoculares infrarrojos militares digitales, dispositivo de visi\u00f3n nocturna, Zoom 4-12x, telescopio de caza de d\u00eda y noche, doble uso\" src=\"https:\/\/bodegaoutdoor.cl\/store\/wp-content\/uploads\/2022\/11\/63483-ph1trz.jpg\" alt=\"APEXEL-binoculares infrarrojos militares digitales, dispositivo de visi\u00f3n nocturna, Zoom 4-12x, telescopio de caza de d\u00eda y noche, doble uso\" \/><\/div>\n<div><\/div>\n<\/div>\n<\/div>\n<div><\/div>\n<p>&nbsp;<\/p>\n<\/div>\n<\/div>\n\n    <div class=\"xs_social_share_widget xs_share_url after_content \t\tmain_content  wslu-style-1 wslu-share-box-shaped wslu-fill-colored wslu-none wslu-share-horizontal wslu-theme-font-no wslu-main_content\">\n\n\t\t\n        <ul>\n\t\t\t        <\/ul>\n    <\/div> \n","protected":false},"excerpt":{"rendered":"<p>Prism\u00e1ticos infrarrojos de visi\u00f3n nocturna APEXEL 2,3 LCD militar d\u00eda noche NV gafas telescopio IR Binocular Hunter. Caracter\u00edstica: * Aumento de 12x: viene con zoom \u00f3ptico 4x y zoom digital 3x, el aumento visual alcanza 12 veces. * Doble uso d\u00eda y noche con funciones como fotograf\u00eda, grabaci\u00f3n de v\u00eddeo y reproducci\u00f3n. Soporte m\u00e1ximo de [&hellip;]<\/p>\n","protected":false},"featured_media":63488,"comment_status":"open","ping_status":"closed","template":"","meta":{"jetpack_publicize_message":"","jetpack_publicize_feature_enabled":true,"jetpack_social_post_already_shared":true,"jetpack_social_options":{"image_generator_settings":{"template":"highway","enabled":false},"version":2}},"product_brand":[],"product_cat":[1249],"product_tag":[],"class_list":{"0":"post-63483","1":"product","2":"type-product","3":"status-publish","4":"has-post-thumbnail","6":"product_cat-binoculares","8":"first","9":"instock","10":"taxable","11":"shipping-taxable","12":"purchasable","13":"product-type-variable"},"jetpack_publicize_connections":[],"jetpack_sharing_enabled":true,"_links":{"self":[{"href":"https:\/\/bodegaoutdoor.cl\/store\/wp-json\/wp\/v2\/product\/63483","targetHints":{"allow":["GET"]}}],"collection":[{"href":"https:\/\/bodegaoutdoor.cl\/store\/wp-json\/wp\/v2\/product"}],"about":[{"href":"https:\/\/bodegaoutdoor.cl\/store\/wp-json\/wp\/v2\/types\/product"}],"replies":[{"embeddable":true,"href":"https:\/\/bodegaoutdoor.cl\/store\/wp-json\/wp\/v2\/comments?post=63483"}],"version-history":[{"count":21,"href":"https:\/\/bodegaoutdoor.cl\/store\/wp-json\/wp\/v2\/product\/63483\/revisions"}],"predecessor-version":[{"id":63548,"href":"https:\/\/bodegaoutdoor.cl\/store\/wp-json\/wp\/v2\/product\/63483\/revisions\/63548"}],"wp:featuredmedia":[{"embeddable":true,"href":"https:\/\/bodegaoutdoor.cl\/store\/wp-json\/wp\/v2\/media\/63488"}],"wp:attachment":[{"href":"https:\/\/bodegaoutdoor.cl\/store\/wp-json\/wp\/v2\/media?parent=63483"}],"wp:term":[{"taxonomy":"product_brand","embeddable":true,"href":"https:\/\/bodegaoutdoor.cl\/store\/wp-json\/wp\/v2\/product_brand?post=63483"},{"taxonomy":"product_cat","embeddable":true,"href":"https:\/\/bodegaoutdoor.cl\/store\/wp-json\/wp\/v2\/product_cat?post=63483"},{"taxonomy":"product_tag","embeddable":true,"href":"https:\/\/bodegaoutdoor.cl\/store\/wp-json\/wp\/v2\/product_tag?post=63483"}],"curies":[{"name":"wp","href":"https:\/\/api.w.org\/{rel}","templated":true}]}}