{"id":63551,"date":"2022-11-18T12:25:57","date_gmt":"2022-11-18T15:25:57","guid":{"rendered":"https:\/\/bodegaoutdoor.cl\/store\/?post_type=product&#038;p=63551"},"modified":"2023-05-04T19:18:37","modified_gmt":"2023-05-04T23:18:37","slug":"binoculares-profesionales-10x25-comet-prismaticos-potentes","status":"publish","type":"product","link":"https:\/\/bodegaoutdoor.cl\/store\/product\/binoculares-profesionales-10x25-comet-prismaticos-potentes\/","title":{"rendered":"Binoculares Profesionales 10&#215;25 Comet Prism\u00e1ticos Potentes"},"content":{"rendered":"<p>-Dise\u00f1o de forma especial para un uso c\u00f3modo<br \/>\n-Caracter\u00edstica con resistencia al agua, se puede usar incluso en el d\u00eda de lluvia<br \/>\n-Tama\u00f1o adecuado con dise\u00f1o port\u00e1til y ligero, f\u00e1cil de llevar en cualquier lugar<br \/>\n-Equipado con lente de \u00e1ngulo ancho interno, proporcionando una vista clara y amplia<br \/>\n-Construido con apariencia especial, fortalecer la flintiness<br \/>\n-Herramienta perfecta para monta\u00f1ismo, pesca, viaje, concierto vocal y as\u00ed sucesivamente<\/p>\n<p>Especificaci\u00f3n:<br \/>\n-Ampliaci\u00f3n: 10X<br \/>\n-Di\u00e1metro objetivo: 25mm<br \/>\n-\u00c1ngulo visual: 5.8 grados<br \/>\n-Campo de visi\u00f3n: 101\/1000 m<br \/>\n-Sistema PRISMA: prisma del techo<br \/>\n-Material de prisma: K9<br \/>\n-Enfoque de enfoque: Sistema de enfoque central<br \/>\n-Filmaci\u00f3n \u00f3ptica: pel\u00edcula roja multicapa<\/p>\n<p>&nbsp;<\/p>\n<p><img fetchpriority=\"high\" decoding=\"async\" class=\"alignnone size-full wp-image-63556\" src=\"https:\/\/bodegaoutdoor.cl\/store\/wp-content\/uploads\/2022\/11\/f1240b68-89cd-42ed-a666-6931939185a1.jpg\" alt=\"\" width=\"500\" height=\"500\" srcset=\"https:\/\/bodegaoutdoor.cl\/store\/wp-content\/uploads\/2022\/11\/f1240b68-89cd-42ed-a666-6931939185a1.jpg 500w, https:\/\/bodegaoutdoor.cl\/store\/wp-content\/uploads\/2022\/11\/f1240b68-89cd-42ed-a666-6931939185a1-300x300.jpg 300w, https:\/\/bodegaoutdoor.cl\/store\/wp-content\/uploads\/2022\/11\/f1240b68-89cd-42ed-a666-6931939185a1-100x100.jpg 100w, https:\/\/bodegaoutdoor.cl\/store\/wp-content\/uploads\/2022\/11\/f1240b68-89cd-42ed-a666-6931939185a1-150x150.jpg 150w, https:\/\/bodegaoutdoor.cl\/store\/wp-content\/uploads\/2022\/11\/f1240b68-89cd-42ed-a666-6931939185a1-32x32.jpg 32w\" sizes=\"(max-width: 500px) 100vw, 500px\" \/> <img decoding=\"async\" class=\"alignnone size-medium wp-image-63555\" src=\"https:\/\/bodegaoutdoor.cl\/store\/wp-content\/uploads\/2022\/11\/b34b7348-ce69-448c-80cd-1bda76db1291.jpg\" alt=\"\" width=\"500\" height=\"470\" \/> <img decoding=\"async\" class=\"alignnone size-medium wp-image-63554\" src=\"https:\/\/bodegaoutdoor.cl\/store\/wp-content\/uploads\/2022\/11\/4105c7be-7290-4e8a-b285-3d22a48f018c.jpg\" alt=\"\" width=\"497\" height=\"500\" srcset=\"https:\/\/bodegaoutdoor.cl\/store\/wp-content\/uploads\/2022\/11\/4105c7be-7290-4e8a-b285-3d22a48f018c.jpg 497w, https:\/\/bodegaoutdoor.cl\/store\/wp-content\/uploads\/2022\/11\/4105c7be-7290-4e8a-b285-3d22a48f018c-100x100.jpg 100w, https:\/\/bodegaoutdoor.cl\/store\/wp-content\/uploads\/2022\/11\/4105c7be-7290-4e8a-b285-3d22a48f018c-150x150.jpg 150w, https:\/\/bodegaoutdoor.cl\/store\/wp-content\/uploads\/2022\/11\/4105c7be-7290-4e8a-b285-3d22a48f018c-32x32.jpg 32w\" sizes=\"(max-width: 497px) 100vw, 497px\" \/> <img loading=\"lazy\" decoding=\"async\" class=\"alignnone size-medium wp-image-63553\" src=\"https:\/\/bodegaoutdoor.cl\/store\/wp-content\/uploads\/2022\/11\/483f44a0-0398-4abe-aadf-32eef90fbec3.jpg\" alt=\"\" width=\"405\" height=\"500\" \/> <img loading=\"lazy\" decoding=\"async\" class=\"alignnone size-full wp-image-63552\" src=\"https:\/\/bodegaoutdoor.cl\/store\/wp-content\/uploads\/2022\/11\/68c86553-840f-481a-8407-3569316eb956.jpg\" alt=\"\" width=\"500\" height=\"417\" \/><\/p>\n\n    <div class=\"xs_social_share_widget xs_share_url after_content \t\tmain_content  wslu-style-1 wslu-share-box-shaped wslu-fill-colored wslu-none wslu-share-horizontal wslu-theme-font-no wslu-main_content\">\n\n\t\t\n        <ul>\n\t\t\t        <\/ul>\n    <\/div> \n","protected":false},"excerpt":{"rendered":"<p>-Dise\u00f1o de forma especial para un uso c\u00f3modo -Caracter\u00edstica con resistencia al agua, se puede usar incluso en el d\u00eda de lluvia -Tama\u00f1o adecuado con dise\u00f1o port\u00e1til y ligero, f\u00e1cil de llevar en cualquier lugar -Equipado con lente de \u00e1ngulo ancho interno, proporcionando una vista clara y amplia -Construido con apariencia especial, fortalecer la flintiness [&hellip;]<\/p>\n","protected":false},"featured_media":63552,"comment_status":"open","ping_status":"closed","template":"","meta":{"jetpack_publicize_message":"","jetpack_publicize_feature_enabled":true,"jetpack_social_post_already_shared":true,"jetpack_social_options":{"image_generator_settings":{"template":"highway","enabled":false},"version":2}},"product_brand":[],"product_cat":[1249],"product_tag":[],"class_list":{"0":"post-63551","1":"product","2":"type-product","3":"status-publish","4":"has-post-thumbnail","6":"product_cat-binoculares","8":"first","9":"instock","10":"sale","11":"taxable","12":"shipping-taxable","13":"purchasable","14":"product-type-simple"},"jetpack_publicize_connections":[],"jetpack_sharing_enabled":true,"_links":{"self":[{"href":"https:\/\/bodegaoutdoor.cl\/store\/wp-json\/wp\/v2\/product\/63551","targetHints":{"allow":["GET"]}}],"collection":[{"href":"https:\/\/bodegaoutdoor.cl\/store\/wp-json\/wp\/v2\/product"}],"about":[{"href":"https:\/\/bodegaoutdoor.cl\/store\/wp-json\/wp\/v2\/types\/product"}],"replies":[{"embeddable":true,"href":"https:\/\/bodegaoutdoor.cl\/store\/wp-json\/wp\/v2\/comments?post=63551"}],"version-history":[{"count":1,"href":"https:\/\/bodegaoutdoor.cl\/store\/wp-json\/wp\/v2\/product\/63551\/revisions"}],"predecessor-version":[{"id":63557,"href":"https:\/\/bodegaoutdoor.cl\/store\/wp-json\/wp\/v2\/product\/63551\/revisions\/63557"}],"wp:featuredmedia":[{"embeddable":true,"href":"https:\/\/bodegaoutdoor.cl\/store\/wp-json\/wp\/v2\/media\/63552"}],"wp:attachment":[{"href":"https:\/\/bodegaoutdoor.cl\/store\/wp-json\/wp\/v2\/media?parent=63551"}],"wp:term":[{"taxonomy":"product_brand","embeddable":true,"href":"https:\/\/bodegaoutdoor.cl\/store\/wp-json\/wp\/v2\/product_brand?post=63551"},{"taxonomy":"product_cat","embeddable":true,"href":"https:\/\/bodegaoutdoor.cl\/store\/wp-json\/wp\/v2\/product_cat?post=63551"},{"taxonomy":"product_tag","embeddable":true,"href":"https:\/\/bodegaoutdoor.cl\/store\/wp-json\/wp\/v2\/product_tag?post=63551"}],"curies":[{"name":"wp","href":"https:\/\/api.w.org\/{rel}","templated":true}]}}