{"id":63558,"date":"2022-11-18T12:37:26","date_gmt":"2022-11-18T15:37:26","guid":{"rendered":"https:\/\/bodegaoutdoor.cl\/store\/?post_type=product&#038;p=63558"},"modified":"2023-05-04T19:18:37","modified_gmt":"2023-05-04T23:18:37","slug":"monocular-potente-doble-enfoque-16x52","status":"publish","type":"product","link":"https:\/\/bodegaoutdoor.cl\/store\/product\/monocular-potente-doble-enfoque-16x52\/","title":{"rendered":"Monocular Potente Doble Enfoque 16&#215;52"},"content":{"rendered":"<p>Descripci\u00f3n: Equipado con lente objetivo grande de 16 x 52 mm, el monocular con \u00f3ptica multicapa proporciona una r\u00e1pida transmisi\u00f3n de luz y una claridad de imagen impresionante, resistente al agua y a prueba de niebla excelente y duradero rendimiento en la mayor\u00eda del clima y el medio ambiente y su carcasa resistente proporciona un agarre c\u00f3modo y firme, compacto y compacto. Port\u00e1til ideal para disfrutar de paisajes, eventos deportivos, camping, observaci\u00f3n de aves y otras muchas actividades al aire libre. Caracter\u00edsticas: 16 x 52 mm de di\u00e1metro del objetivo. Campo de visi\u00f3n: 98m\/8000 m. Todas los lentes de cristal \u00f3ptico ofrecen una calidad de imagen alta y n\u00edtida. La rueda ajustable antideslizante gir\u00f3 la lente precisa y adecuada. La \u00f3ptica multicapa con prisma de techo BAK4 garantiza una transmisi\u00f3n de luz superior y brillo sin diferencia de color. Capacidad de enfoque dual (frontal y posterior). Zoom ajustable). Carcasa antideslizante para un agarre c\u00f3modo y firme con una sola mano y condiciones robustas. Resistente al agua diaria y a prueba de niebla es excelente y duradera en la mayor\u00eda del clima y el medio ambiente. Ideal para actividades deportivas al aire libre, observaci\u00f3n de aves, escalada, caza, tiro con arco, senderismo, camping, viajes en barco y mochilero.<br \/>\nEspecificaciones: Ampliaciones: 16xObjetivo Lente: 52mmPrisma: Bak4 techo prismCampo de visi\u00f3n: 98m\/8000m<br \/>\nEnfoque cercano: 1,5 m<br \/>\nPeso: 234G\/8,3 oz<br \/>\nTama\u00f1o del paquete: 17 x 6,5 x 9cm<br \/>\nPeso del paquete: 284g\/10oz<\/p>\n<p>Que trae el producto:<br \/>\n1 monocular<br \/>\n1 pa\u00f1o limpiador1 forro del monocular<\/p>\n<p>&nbsp;<\/p>\n<p><img fetchpriority=\"high\" decoding=\"async\" class=\"alignnone size-full wp-image-63562\" src=\"https:\/\/bodegaoutdoor.cl\/store\/wp-content\/uploads\/2022\/11\/monocular-15x52-1.jpg\" alt=\"\" width=\"500\" height=\"468\" \/> <img decoding=\"async\" class=\"alignnone size-medium wp-image-63561\" src=\"https:\/\/bodegaoutdoor.cl\/store\/wp-content\/uploads\/2022\/11\/6f12b1d9-5330-4073-b098-2ae0e3c8d063.jpg\" alt=\"\" width=\"500\" height=\"377\" \/> <img decoding=\"async\" class=\"alignnone size-full wp-image-63560\" src=\"https:\/\/bodegaoutdoor.cl\/store\/wp-content\/uploads\/2022\/11\/dd0d3fd4-4682-466a-b417-34ce4e4e92e1.jpg\" alt=\"\" width=\"500\" height=\"488\" srcset=\"https:\/\/bodegaoutdoor.cl\/store\/wp-content\/uploads\/2022\/11\/dd0d3fd4-4682-466a-b417-34ce4e4e92e1.jpg 500w, https:\/\/bodegaoutdoor.cl\/store\/wp-content\/uploads\/2022\/11\/dd0d3fd4-4682-466a-b417-34ce4e4e92e1-32x32.jpg 32w\" sizes=\"(max-width: 500px) 100vw, 500px\" \/><\/p>\n\n    <div class=\"xs_social_share_widget xs_share_url after_content \t\tmain_content  wslu-style-1 wslu-share-box-shaped wslu-fill-colored wslu-none wslu-share-horizontal wslu-theme-font-no wslu-main_content\">\n\n\t\t\n        <ul>\n\t\t\t        <\/ul>\n    <\/div> \n","protected":false},"excerpt":{"rendered":"<p>Descripci\u00f3n: Equipado con lente objetivo grande de 16 x 52 mm, el monocular con \u00f3ptica multicapa proporciona una r\u00e1pida transmisi\u00f3n de luz y una claridad de imagen impresionante, resistente al agua y a prueba de niebla excelente y duradero rendimiento en la mayor\u00eda del clima y el medio ambiente y su carcasa resistente proporciona un [&hellip;]<\/p>\n","protected":false},"featured_media":63561,"comment_status":"open","ping_status":"closed","template":"","meta":{"jetpack_publicize_message":"","jetpack_publicize_feature_enabled":true,"jetpack_social_post_already_shared":true,"jetpack_social_options":{"image_generator_settings":{"template":"highway","enabled":false},"version":2}},"product_brand":[],"product_cat":[64,1249,15],"product_tag":[],"class_list":{"0":"post-63558","1":"product","2":"type-product","3":"status-publish","4":"has-post-thumbnail","6":"product_cat-accessories","7":"product_cat-binoculares","8":"product_cat-otros","10":"first","11":"instock","12":"sale","13":"taxable","14":"shipping-taxable","15":"purchasable","16":"product-type-simple"},"jetpack_publicize_connections":[],"jetpack_sharing_enabled":true,"_links":{"self":[{"href":"https:\/\/bodegaoutdoor.cl\/store\/wp-json\/wp\/v2\/product\/63558","targetHints":{"allow":["GET"]}}],"collection":[{"href":"https:\/\/bodegaoutdoor.cl\/store\/wp-json\/wp\/v2\/product"}],"about":[{"href":"https:\/\/bodegaoutdoor.cl\/store\/wp-json\/wp\/v2\/types\/product"}],"replies":[{"embeddable":true,"href":"https:\/\/bodegaoutdoor.cl\/store\/wp-json\/wp\/v2\/comments?post=63558"}],"version-history":[{"count":3,"href":"https:\/\/bodegaoutdoor.cl\/store\/wp-json\/wp\/v2\/product\/63558\/revisions"}],"predecessor-version":[{"id":63564,"href":"https:\/\/bodegaoutdoor.cl\/store\/wp-json\/wp\/v2\/product\/63558\/revisions\/63564"}],"wp:featuredmedia":[{"embeddable":true,"href":"https:\/\/bodegaoutdoor.cl\/store\/wp-json\/wp\/v2\/media\/63561"}],"wp:attachment":[{"href":"https:\/\/bodegaoutdoor.cl\/store\/wp-json\/wp\/v2\/media?parent=63558"}],"wp:term":[{"taxonomy":"product_brand","embeddable":true,"href":"https:\/\/bodegaoutdoor.cl\/store\/wp-json\/wp\/v2\/product_brand?post=63558"},{"taxonomy":"product_cat","embeddable":true,"href":"https:\/\/bodegaoutdoor.cl\/store\/wp-json\/wp\/v2\/product_cat?post=63558"},{"taxonomy":"product_tag","embeddable":true,"href":"https:\/\/bodegaoutdoor.cl\/store\/wp-json\/wp\/v2\/product_tag?post=63558"}],"curies":[{"name":"wp","href":"https:\/\/api.w.org\/{rel}","templated":true}]}}