{"id":63639,"date":"2022-11-30T12:08:57","date_gmt":"2022-11-30T15:08:57","guid":{"rendered":"https:\/\/bodegaoutdoor.cl\/store\/product\/north-edge-reloj-digital-para-hombre-cronografo-de-estilo-retro-industrial-de-metal-hasta-50m-resistente-al-agua-deportivo-hora-mundial-2022\/"},"modified":"2023-05-04T19:18:37","modified_gmt":"2023-05-04T23:18:37","slug":"north-edge-reloj-digital-para-hombre-cronografo-de-estilo-retro-industrial-de-metal-hasta-50m-resistente-al-agua-deportivo-hora-mundial-2022","status":"publish","type":"product","link":"https:\/\/bodegaoutdoor.cl\/store\/product\/north-edge-reloj-digital-para-hombre-cronografo-de-estilo-retro-industrial-de-metal-hasta-50m-resistente-al-agua-deportivo-hora-mundial-2022\/","title":{"rendered":"NORTH EDGE-reloj Digital para hombre, cron\u00f3grafo de estilo Retro de Metal, hasta 50M resistente al agua"},"content":{"rendered":"<p style=\"text-align: center;\"><video style=\"max-width: 100%;\" src=\"\/\/video.aliexpress-media.com\/play\/u\/ae_sg_item\/2288661296\/p\/1\/e\/6\/t\/10301\/1100084559615.mp4\" poster=\"https:\/\/ae01.alicdn.com\/kf\/S22c9628710af436a9f20e07b732bbb5ev\/NORTH-EDGE-reloj-Digital-para-hombre-cron-grafo-de-estilo-Retro-Industrial-de-Metal-hasta-50M.jpg,https:\/\/ae01.alicdn.com\/kf\/Sf347e2a2cf93434191f5ed15779809fbE\/NORTH-EDGE-reloj-Digital-para-hombre-cron-grafo-de-estilo-Retro-Industrial-de-Metal-hasta-50M.jpg,https:\/\/ae01.alicdn.com\/kf\/Seec71847fc07433d9124e60a6dbae82aE\/NORTH-EDGE-reloj-Digital-para-hombre-cron-grafo-de-estilo-Retro-Industrial-de-Metal-hasta-50M.jpg,https:\/\/ae01.alicdn.com\/kf\/S66af0f05f622407e855112a4ebf98771F\/NORTH-EDGE-reloj-Digital-para-hombre-cron-grafo-de-estilo-Retro-Industrial-de-Metal-hasta-50M.jpg,https:\/\/ae01.alicdn.com\/kf\/S6d6943a0b18e4471b67b8bdd5c0ec03cU\/NORTH-EDGE-reloj-Digital-para-hombre-cron-grafo-de-estilo-Retro-Industrial-de-Metal-hasta-50M.jpg,https:\/\/ae01.alicdn.com\/kf\/S9d6cca7981b14eef8a122908253d83502\/NORTH-EDGE-reloj-Digital-para-hombre-cron-grafo-de-estilo-Retro-Industrial-de-Metal-hasta-50M.jpg\" preload=\"auto\" controls=\"controls\" width=\"100%\" height=\"100%\"><\/video><\/p>\n<div><\/div>\n<div>\n<div>\n<div><\/div>\n<div>\n<div>\n<div><\/div>\n<div>\n<p style=\"font-family: OpenSans; font-size: 20px; font-weight: 900; line-height: 28px; margin-bottom: 12px;\">Funci\u00f3n<\/p>\n<p style=\"font-family: OpenSans; font-size: 14px; font-weight: 300; line-height: 20px; margin-bottom: 12px;\">1 tiempo fecha modo Calendario de ajuste autom\u00e1tico de la semana<br \/>\n2 12\/24-Reloj de hora<br \/>\n3 mundo tiempo y luz-ahorro de tiempo<br \/>\n4 4 grupos de relojes de alarma 1 grupo de tira&#8230;<br \/>\n5 Por Hora de cronometraje de funciones<br \/>\n6 cuenta regresiva de 60 minutos funci\u00f3n<br \/>\n7 Funci\u00f3n de cron\u00f3metro<br \/>\n8 funci\u00f3n de iluminaci\u00f3n LED con manual de iluminaci\u00f3n y de las funciones de iluminaci\u00f3n<br \/>\n9 impermeable 50M<\/p>\n<\/div>\n<div><img decoding=\"async\" title=\"NORTH EDGE-reloj Digital para hombre, cron\u00f3grafo de estilo Retro Industrial de Metal, hasta 50M resistente al agua, deportivo, hora mundial, 2022\" src=\"https:\/\/bodegaoutdoor.cl\/store\/wp-content\/uploads\/2022\/11\/63639-3kztky.jpg\" alt=\"NORTH EDGE-reloj Digital para hombre, cron\u00f3grafo de estilo Retro Industrial de Metal, hasta 50M resistente al agua, deportivo, hora mundial, 2022\" \/><\/div>\n<div>\n<p style=\"font-family: OpenSans; font-size: 20px; font-weight: 900; line-height: 28px; margin-bottom: 12px;\">Concepto de dise\u00f1o<\/p>\n<p style=\"font-family: OpenSans; font-size: 14px; font-weight: 300; line-height: 20px; margin-bottom: 12px;\">El Cyber tanque serie mostrar el chip de n\u00facleo de los componentes de la reloj<\/p>\n<p>La precisa chip pines y rastros de la placa de circuito se combinan con la retro tanque-caso en forma de para destacar la post-moderno dise\u00f1o industrial concepto<\/p>\n<\/div>\n<div><img decoding=\"async\" title=\"NORTH EDGE-reloj Digital para hombre, cron\u00f3grafo de estilo Retro Industrial de Metal, hasta 50M resistente al agua, deportivo, hora mundial, 2022\" src=\"https:\/\/bodegaoutdoor.cl\/store\/wp-content\/uploads\/2022\/11\/63639-a3gmlh.jpg\" alt=\"NORTH EDGE-reloj Digital para hombre, cron\u00f3grafo de estilo Retro Industrial de Metal, hasta 50M resistente al agua, deportivo, hora mundial, 2022\" \/><\/div>\n<div>\n<p style=\"font-family: OpenSans; font-size: 20px; font-weight: 900; line-height: 28px; margin-bottom: 12px;\">La funci\u00f3n principal de<\/p>\n<p style=\"font-family: OpenSans; font-size: 14px; font-weight: 300; line-height: 20px; margin-bottom: 12px;\">1 impermeable 50M 2 12\/24 horas 3 tiempo del mundo 4 cuenta regresiva de 5 relojes de alarma 6 calendario 7 cron\u00f3metro 8 luz Led 9 hora de alarma<\/p>\n<div><img decoding=\"async\" title=\"NORTH EDGE-reloj Digital para hombre, cron\u00f3grafo de estilo Retro Industrial de Metal, hasta 50M resistente al agua, deportivo, hora mundial, 2022\" src=\"https:\/\/bodegaoutdoor.cl\/store\/wp-content\/uploads\/2022\/11\/63639-ra6wxj.jpg\" alt=\"NORTH EDGE-reloj Digital para hombre, cron\u00f3grafo de estilo Retro Industrial de Metal, hasta 50M resistente al agua, deportivo, hora mundial, 2022\" \/><\/div>\n<\/div>\n<div>\n<p style=\"font-family: OpenSans; font-size: 20px; font-weight: 900; line-height: 28px; margin-bottom: 12px;\">Modo de tiempo<\/p>\n<p style=\"font-family: OpenSans; font-size: 14px; font-weight: 300; line-height: 20px; margin-bottom: 12px;\">Visualizaci\u00f3n precisa fecha y hora 12\/24 horas sistema<\/p>\n<\/div>\n<div>\n<p style=\"font-family: OpenSans; font-size: 20px; font-weight: 900; line-height: 28px; margin-bottom: 12px;\">Tiempo del mundo<\/p>\n<p style=\"font-family: OpenSans; font-size: 14px; font-weight: 300; line-height: 20px; margin-bottom: 12px;\">Global 24 zonas<br \/>\nMostrar multi-Ciudad de tiempo del mundo<\/p>\n<div><img decoding=\"async\" title=\"NORTH EDGE-reloj Digital para hombre, cron\u00f3grafo de estilo Retro Industrial de Metal, hasta 50M resistente al agua, deportivo, hora mundial, 2022\" src=\"https:\/\/bodegaoutdoor.cl\/store\/wp-content\/uploads\/2022\/11\/63639-1r4gmc.jpg\" alt=\"NORTH EDGE-reloj Digital para hombre, cron\u00f3grafo de estilo Retro Industrial de Metal, hasta 50M resistente al agua, deportivo, hora mundial, 2022\" \/><\/div>\n<\/div>\n<div>\n<p style=\"font-family: OpenSans; font-size: 20px; font-weight: 900; line-height: 28px; margin-bottom: 12px;\">Cron\u00f3metro de modo<\/p>\n<p style=\"font-family: OpenSans; font-size: 14px; font-weight: 300; line-height: 20px; margin-bottom: 12px;\">Precisa cron\u00f3metro calendario<br \/>\nEn el tiempo normal de estado presione el bot\u00f3n B tres veces para entrar en el correr segundo modo<\/p>\n<div><img decoding=\"async\" title=\"NORTH EDGE-reloj Digital para hombre, cron\u00f3grafo de estilo Retro Industrial de Metal, hasta 50M resistente al agua, deportivo, hora mundial, 2022\" src=\"https:\/\/bodegaoutdoor.cl\/store\/wp-content\/uploads\/2022\/11\/63639-mvybh3.jpg\" alt=\"NORTH EDGE-reloj Digital para hombre, cron\u00f3grafo de estilo Retro Industrial de Metal, hasta 50M resistente al agua, deportivo, hora mundial, 2022\" \/><\/div>\n<\/div>\n<div>\n<p style=\"font-family: OpenSans; font-size: 20px; font-weight: 900; line-height: 28px; margin-bottom: 12px;\">Luminosa de las funciones<\/p>\n<p style=\"font-family: OpenSans; font-size: 14px; font-weight: 300; line-height: 20px; margin-bottom: 12px;\">Luminiscente<br \/>\nFunci\u00f3n de luz Led<br \/>\nEl Auto interruptor de la luz<br \/>\nEl ver a una posici\u00f3n paralela a la tierra Y luego inferior a la cara y giro m\u00e1s de 40 grados a la luz de la iluminaci\u00f3n<\/p>\n<div><img decoding=\"async\" title=\"NORTH EDGE-reloj Digital para hombre, cron\u00f3grafo de estilo Retro Industrial de Metal, hasta 50M resistente al agua, deportivo, hora mundial, 2022\" src=\"https:\/\/bodegaoutdoor.cl\/store\/wp-content\/uploads\/2022\/11\/63639-qkcqx7.jpg\" alt=\"NORTH EDGE-reloj Digital para hombre, cron\u00f3grafo de estilo Retro Industrial de Metal, hasta 50M resistente al agua, deportivo, hora mundial, 2022\" \/><\/div>\n<\/div>\n<div>\n<p style=\"font-family: OpenSans; font-size: 20px; font-weight: 900; line-height: 28px; margin-bottom: 12px;\">La funci\u00f3n a prueba de agua<\/p>\n<p style=\"font-family: OpenSans; font-size: 14px; font-weight: 300; line-height: 20px; margin-bottom: 12px;\">Resistente al agua 50M<br \/>\nPara satisfacer el diario lavarse las manos y la cara de lluvia y otras necesidades de la vida<br \/>\nPero no puede apoyar una ducha no puede apoyo agua caliente<\/p>\n<div><img decoding=\"async\" title=\"NORTH EDGE-reloj Digital para hombre, cron\u00f3grafo de estilo Retro Industrial de Metal, hasta 50M resistente al agua, deportivo, hora mundial, 2022\" src=\"https:\/\/bodegaoutdoor.cl\/store\/wp-content\/uploads\/2022\/11\/63639-voa4uw.jpg\" alt=\"NORTH EDGE-reloj Digital para hombre, cron\u00f3grafo de estilo Retro Industrial de Metal, hasta 50M resistente al agua, deportivo, hora mundial, 2022\" \/><\/div>\n<\/div>\n<div>\n<p style=\"font-family: OpenSans; font-size: 20px; font-weight: 900; line-height: 28px; margin-bottom: 12px;\">Producto especificaci\u00f3n<\/p>\n<p style=\"font-family: OpenSans; font-size: 14px; font-weight: 300; line-height: 20px; margin-bottom: 12px;\">Ancho: 40,3mm (1,6)<br \/>\nLongitud: 48,6mm (1.91in)<br \/>\nEspesor: 11,1mm (0.44in)<\/p>\n<div><img decoding=\"async\" title=\"NORTH EDGE-reloj Digital para hombre, cron\u00f3grafo de estilo Retro Industrial de Metal, hasta 50M resistente al agua, deportivo, hora mundial, 2022\" src=\"https:\/\/bodegaoutdoor.cl\/store\/wp-content\/uploads\/2022\/11\/63639-daolel.jpg\" alt=\"NORTH EDGE-reloj Digital para hombre, cron\u00f3grafo de estilo Retro Industrial de Metal, hasta 50M resistente al agua, deportivo, hora mundial, 2022\" \/><\/div>\n<\/div>\n<div>\n<p style=\"font-family: OpenSans; font-size: 20px; font-weight: 900; line-height: 28px; margin-bottom: 12px;\">Par\u00e1metro<\/p>\n<p style=\"font-family: OpenSans; font-size: 14px; font-weight: 300; line-height: 20px; margin-bottom: 12px;\">Movimiento: movimiento Digital<br \/>\nCaja de reloj: Metal<br \/>\nPantalla: Pantalla LCD FSTN<br \/>\nDe vidrio: Harden de vidrio templado<br \/>\nWtach banda de acero inoxidable: acero inoxidable<br \/>\nPeso neto: 132g<br \/>\nResistente al agua: 50M<br \/>\nBater\u00eda: Bater\u00eda de CR2025<\/p>\n<div><img decoding=\"async\" style=\"margin-bottom: 10px;\" title=\"NORTH EDGE-reloj Digital para hombre, cron\u00f3grafo de estilo Retro Industrial de Metal, hasta 50M resistente al agua, deportivo, hora mundial, 2022\" src=\"https:\/\/bodegaoutdoor.cl\/store\/wp-content\/uploads\/2022\/11\/63639-d1xrv3.jpg\" alt=\"NORTH EDGE-reloj Digital para hombre, cron\u00f3grafo de estilo Retro Industrial de Metal, hasta 50M resistente al agua, deportivo, hora mundial, 2022\" \/><\/div>\n<\/div>\n<div><img decoding=\"async\" title=\"NORTH EDGE-reloj Digital para hombre, cron\u00f3grafo de estilo Retro Industrial de Metal, hasta 50M resistente al agua, deportivo, hora mundial, 2022\" src=\"https:\/\/bodegaoutdoor.cl\/store\/wp-content\/uploads\/2022\/11\/63639-qpsnai.jpg\" alt=\"NORTH EDGE-reloj Digital para hombre, cron\u00f3grafo de estilo Retro Industrial de Metal, hasta 50M resistente al agua, deportivo, hora mundial, 2022\" \/><\/div>\n<div><img decoding=\"async\" title=\"NORTH EDGE-reloj Digital para hombre, cron\u00f3grafo de estilo Retro Industrial de Metal, hasta 50M resistente al agua, deportivo, hora mundial, 2022\" src=\"https:\/\/bodegaoutdoor.cl\/store\/wp-content\/uploads\/2022\/11\/63639-ikom5g.jpg\" alt=\"NORTH EDGE-reloj Digital para hombre, cron\u00f3grafo de estilo Retro Industrial de Metal, hasta 50M resistente al agua, deportivo, hora mundial, 2022\" \/><br \/>\n<img decoding=\"async\" title=\"NORTH EDGE-reloj Digital para hombre, cron\u00f3grafo de estilo Retro Industrial de Metal, hasta 50M resistente al agua, deportivo, hora mundial, 2022\" src=\"https:\/\/bodegaoutdoor.cl\/store\/wp-content\/uploads\/2022\/11\/63639-bvndb8.jpg\" alt=\"NORTH EDGE-reloj Digital para hombre, cron\u00f3grafo de estilo Retro Industrial de Metal, hasta 50M resistente al agua, deportivo, hora mundial, 2022\" \/><br \/>\n<img decoding=\"async\" title=\"NORTH EDGE-reloj Digital para hombre, cron\u00f3grafo de estilo Retro Industrial de Metal, hasta 50M resistente al agua, deportivo, hora mundial, 2022\" src=\"https:\/\/bodegaoutdoor.cl\/store\/wp-content\/uploads\/2022\/11\/63639-zb6ssq.jpg\" alt=\"NORTH EDGE-reloj Digital para hombre, cron\u00f3grafo de estilo Retro Industrial de Metal, hasta 50M resistente al agua, deportivo, hora mundial, 2022\" \/><\/div>\n<p>&nbsp;<\/p>\n<\/div>\n<\/div>\n<p>&nbsp;<\/p>\n<\/div>\n<\/div>\n\n    <div class=\"xs_social_share_widget xs_share_url after_content \t\tmain_content  wslu-style-1 wslu-share-box-shaped wslu-fill-colored wslu-none wslu-share-horizontal wslu-theme-font-no wslu-main_content\">\n\n\t\t\n        <ul>\n\t\t\t        <\/ul>\n    <\/div> \n","protected":false},"excerpt":{"rendered":"<p>Funci\u00f3n 1 tiempo fecha modo Calendario de ajuste autom\u00e1tico de la semana 2 12\/24-Reloj de hora 3 mundo tiempo y luz-ahorro de tiempo 4 4 grupos de relojes de alarma 1 grupo de tira&#8230; 5 Por Hora de cronometraje de funciones 6 cuenta regresiva de 60 minutos funci\u00f3n 7 Funci\u00f3n de cron\u00f3metro 8 funci\u00f3n de [&hellip;]<\/p>\n","protected":false},"featured_media":63641,"comment_status":"open","ping_status":"closed","template":"","meta":{"jetpack_publicize_message":"","jetpack_publicize_feature_enabled":true,"jetpack_social_post_already_shared":true,"jetpack_social_options":{"image_generator_settings":{"template":"highway","enabled":false},"version":2}},"product_brand":[],"product_cat":[36],"product_tag":[],"class_list":{"0":"post-63639","1":"product","2":"type-product","3":"status-publish","4":"has-post-thumbnail","6":"product_cat-relojes","8":"first","9":"instock","10":"sale","11":"taxable","12":"shipping-taxable","13":"purchasable","14":"product-type-variable"},"jetpack_publicize_connections":[],"jetpack_sharing_enabled":true,"_links":{"self":[{"href":"https:\/\/bodegaoutdoor.cl\/store\/wp-json\/wp\/v2\/product\/63639","targetHints":{"allow":["GET"]}}],"collection":[{"href":"https:\/\/bodegaoutdoor.cl\/store\/wp-json\/wp\/v2\/product"}],"about":[{"href":"https:\/\/bodegaoutdoor.cl\/store\/wp-json\/wp\/v2\/types\/product"}],"replies":[{"embeddable":true,"href":"https:\/\/bodegaoutdoor.cl\/store\/wp-json\/wp\/v2\/comments?post=63639"}],"version-history":[{"count":15,"href":"https:\/\/bodegaoutdoor.cl\/store\/wp-json\/wp\/v2\/product\/63639\/revisions"}],"predecessor-version":[{"id":63679,"href":"https:\/\/bodegaoutdoor.cl\/store\/wp-json\/wp\/v2\/product\/63639\/revisions\/63679"}],"wp:featuredmedia":[{"embeddable":true,"href":"https:\/\/bodegaoutdoor.cl\/store\/wp-json\/wp\/v2\/media\/63641"}],"wp:attachment":[{"href":"https:\/\/bodegaoutdoor.cl\/store\/wp-json\/wp\/v2\/media?parent=63639"}],"wp:term":[{"taxonomy":"product_brand","embeddable":true,"href":"https:\/\/bodegaoutdoor.cl\/store\/wp-json\/wp\/v2\/product_brand?post=63639"},{"taxonomy":"product_cat","embeddable":true,"href":"https:\/\/bodegaoutdoor.cl\/store\/wp-json\/wp\/v2\/product_cat?post=63639"},{"taxonomy":"product_tag","embeddable":true,"href":"https:\/\/bodegaoutdoor.cl\/store\/wp-json\/wp\/v2\/product_tag?post=63639"}],"curies":[{"name":"wp","href":"https:\/\/api.w.org\/{rel}","templated":true}]}}