{"id":64420,"date":"2022-12-08T17:05:51","date_gmt":"2022-12-08T20:05:51","guid":{"rendered":"https:\/\/bodegaoutdoor.cl\/store\/product\/cinta-adhesiva-de-camuflaje-para-exteriores-vendaje-elastico-resistente-al-agua-autoadhesivo-duradero\/"},"modified":"2026-02-10T16:52:37","modified_gmt":"2026-02-10T19:52:37","slug":"cinta-adhesiva-de-camuflaje-para-exteriores-vendaje-elastico-resistente-al-agua-autoadhesivo-duradero","status":"publish","type":"product","link":"https:\/\/bodegaoutdoor.cl\/store\/product\/cinta-adhesiva-de-camuflaje-para-exteriores-vendaje-elastico-resistente-al-agua-autoadhesivo-duradero\/","title":{"rendered":"Cinta adhesiva de camuflaje, vendaje el\u00e1stico resistente al agua, autoadhesivo, duradero"},"content":{"rendered":"<p style=\"text-align: center;\"><video style=\"max-width: 100%;\" src=\"\/\/video.aliexpress-media.com\/play\/u\/ae_sg_item\/2213240621542\/p\/1\/e\/6\/t\/10301\/351580485770.mp4\" poster=\"https:\/\/ae01.alicdn.com\/kf\/Sbaa57fce62bb41c983c8a7d13635df4eV\/Cinta-adhesiva-de-camuflaje-para-exteriores-vendaje-el-stico-resistente-al-agua-autoadhesivo-duradero.jpg,https:\/\/ae01.alicdn.com\/kf\/S4b1de434687d49b99adc57549899fd0dG\/Cinta-adhesiva-de-camuflaje-para-exteriores-vendaje-el-stico-resistente-al-agua-autoadhesivo-duradero.jpg,https:\/\/ae01.alicdn.com\/kf\/S912909dc784d4808a3545df12e132e98z\/Cinta-adhesiva-de-camuflaje-para-exteriores-vendaje-el-stico-resistente-al-agua-autoadhesivo-duradero.jpg,https:\/\/ae01.alicdn.com\/kf\/Sc5c69f272c054bd29a72f55269b97cd36\/Cinta-adhesiva-de-camuflaje-para-exteriores-vendaje-el-stico-resistente-al-agua-autoadhesivo-duradero.jpg,https:\/\/ae01.alicdn.com\/kf\/S349832672dc44118a7b2d818feb28433l\/Cinta-adhesiva-de-camuflaje-para-exteriores-vendaje-el-stico-resistente-al-agua-autoadhesivo-duradero.jpg,https:\/\/ae01.alicdn.com\/kf\/S88dced8cfdbf4e328c26543986080771Q\/Cinta-adhesiva-de-camuflaje-para-exteriores-vendaje-el-stico-resistente-al-agua-autoadhesivo-duradero.jpg\" preload=\"auto\" controls=\"controls\" width=\"100%\" height=\"100%\"><\/video><\/p>\n<div>\n<div>\n<p>&nbsp;<\/p>\n<div align=\"start\">\n<p style=\"font-family: OpenSans; font-size: 20px; font-weight: 900; line-height: 28px; margin: 0px 0px 12px 0px; padding: 0px;\">Cinta de camuflaje no tejida para pistolas de caza, botellas de agua, Monocular, c\u00e1mara<\/p>\n<\/div>\n<div align=\"start\">\n<p style=\"font-family: OpenSans; font-size: 20px; font-weight: 900; line-height: 28px; margin: 0px 0px 12px 0px; padding: 0px;\">Caracter\u00edsticas:<\/p>\n<p style=\"font-family: OpenSans; font-size: 14px; font-weight: 300; line-height: 20px; margin: 0px 0px 12px 0px; padding: 0px;\">Contracci\u00f3n el\u00e1stica autoadherente: cuando necesita lidiar con una lesi\u00f3n o proteger de una lesi\u00f3n, la envoltura de vendaje de goteo es una opci\u00f3n ideal para usted, que es f\u00e1cil de rasgar y autoadhesiva, no se necesitan clips ni alfileres y no se pegar\u00e1 al pelo ni a la piel.<\/p>\n<p>Suave y c\u00f3modo: nuestras cintas de camuflaje para caza utilizan material de tela no tejida de alta calidad, transpirable, el\u00e1stico y resistente. Este vendaje de tela se puede utilizar en humanos y animales sin sujetarse al pelo o a la piel y sin residuos.<\/p>\n<p>Patr\u00f3n de camuflaje: nuestro colorido vendaje tiene un dise\u00f1o \u00fanico de camuflaje fresco en el bosque. Es ideal para ocultar sus lesiones y se utiliza perfectamente para cubrir art\u00edculos b\u00e1sicos como pistolas de caza, mangos de cuchillos o para cubrir sus pistolas de paintball\/air-soft.<\/p>\n<p>Reutilizable y lavable: Nuestros rollos de vendaje el\u00e1stico se pueden usar varias veces. Cuando termines de usarlo, simplemente enr\u00f3llalo y puedes usarlo de nuevo. Si la cinta se suelta o se ensucia, simplemente L\u00e1vela y se volver\u00e1 limpia y buena como nueva.<\/p>\n<\/div>\n<div align=\"start\">\n<p style=\"font-family: OpenSans; font-size: 20px; font-weight: 900; line-height: 28px; margin: 0px 0px 12px 0px; padding: 0px;\">Par\u00e1metros del producto:<\/p>\n<p style=\"font-family: OpenSans; font-size: 14px; font-weight: 300; line-height: 20px; margin: 0px 0px 12px 0px; padding: 0px;\">Tama\u00f1o: 5cm * 4,5 m \/ 2.0in 14.76ft * (despu\u00e9s del estiramiento)<br \/>\nMaterial: tela no tejida<br \/>\nColor: camuflaje del bosque<\/p>\n<\/div>\n<div align=\"start\">\n<p style=\"font-family: OpenSans; font-size: 20px; font-weight: 900; line-height: 28px; margin: 0px 0px 12px 0px; padding: 0px;\">El paquete incluye:<\/p>\n<p style=\"font-family: OpenSans; font-size: 14px; font-weight: 300; line-height: 20px; margin: 0px 0px 12px 0px; padding: 0px;\">1 x rollos de cinta de camuflaje autoadhesiva no tejida<\/p>\n<\/div>\n<p>&nbsp;<\/p>\n<div>\n<div>\n<div>\n<div>\n<div>\n<div>\n<div>\n<div>\n<div>\n<div>\n<div>\n<p><img decoding=\"async\" title=\"Cinta adhesiva de camuflaje para exteriores, vendaje el\u00e1stico resistente al agua, autoadhesivo, duradero\" src=\"https:\/\/bodegaoutdoor.cl\/store\/wp-content\/uploads\/2022\/12\/64420-theyra.jpg\" alt=\"Cinta adhesiva de camuflaje para exteriores, vendaje el\u00e1stico resistente al agua, autoadhesivo, duradero\" \/><\/p>\n<p><img decoding=\"async\" title=\"Cinta adhesiva de camuflaje para exteriores, vendaje el\u00e1stico resistente al agua, autoadhesivo, duradero\" src=\"https:\/\/bodegaoutdoor.cl\/store\/wp-content\/uploads\/2022\/12\/64420-lwav0e.jpg\" alt=\"Cinta adhesiva de camuflaje para exteriores, vendaje el\u00e1stico resistente al agua, autoadhesivo, duradero\" \/><\/p>\n<p><img decoding=\"async\" title=\"Cinta adhesiva de camuflaje para exteriores, vendaje el\u00e1stico resistente al agua, autoadhesivo, duradero\" src=\"https:\/\/bodegaoutdoor.cl\/store\/wp-content\/uploads\/2022\/12\/64420-itqzl2.jpg\" alt=\"Cinta adhesiva de camuflaje para exteriores, vendaje el\u00e1stico resistente al agua, autoadhesivo, duradero\" \/><\/p>\n<p><img decoding=\"async\" title=\"Cinta adhesiva de camuflaje para exteriores, vendaje el\u00e1stico resistente al agua, autoadhesivo, duradero\" src=\"https:\/\/bodegaoutdoor.cl\/store\/wp-content\/uploads\/2022\/12\/64420-1lgkp0.jpg\" alt=\"Cinta adhesiva de camuflaje para exteriores, vendaje el\u00e1stico resistente al agua, autoadhesivo, duradero\" \/><\/p>\n<p><img decoding=\"async\" title=\"Cinta adhesiva de camuflaje para exteriores, vendaje el\u00e1stico resistente al agua, autoadhesivo, duradero\" src=\"https:\/\/bodegaoutdoor.cl\/store\/wp-content\/uploads\/2022\/12\/64420-reitqk.jpg\" alt=\"Cinta adhesiva de camuflaje para exteriores, vendaje el\u00e1stico resistente al agua, autoadhesivo, duradero\" \/><\/p>\n<\/div>\n<\/div>\n<div><\/div>\n<\/div>\n<\/div>\n<div><\/div>\n<\/div>\n<\/div>\n<div><\/div>\n<\/div>\n<\/div>\n<div><img decoding=\"async\" title=\"Cinta adhesiva de camuflaje para exteriores, vendaje el\u00e1stico resistente al agua, autoadhesivo, duradero\" src=\"https:\/\/bodegaoutdoor.cl\/store\/wp-content\/uploads\/2022\/12\/64420-wrknf5.jpg\" alt=\"Cinta adhesiva de camuflaje para exteriores, vendaje el\u00e1stico resistente al agua, autoadhesivo, duradero\" \/><img decoding=\"async\" title=\"Cinta adhesiva de camuflaje para exteriores, vendaje el\u00e1stico resistente al agua, autoadhesivo, duradero\" src=\"https:\/\/bodegaoutdoor.cl\/store\/wp-content\/uploads\/2022\/12\/64420-ymanxd.jpg\" alt=\"Cinta adhesiva de camuflaje para exteriores, vendaje el\u00e1stico resistente al agua, autoadhesivo, duradero\" \/><img decoding=\"async\" title=\"Cinta adhesiva de camuflaje para exteriores, vendaje el\u00e1stico resistente al agua, autoadhesivo, duradero\" src=\"https:\/\/bodegaoutdoor.cl\/store\/wp-content\/uploads\/2022\/12\/64420-xixgvp.jpg\" alt=\"Cinta adhesiva de camuflaje para exteriores, vendaje el\u00e1stico resistente al agua, autoadhesivo, duradero\" \/><img decoding=\"async\" title=\"Cinta adhesiva de camuflaje para exteriores, vendaje el\u00e1stico resistente al agua, autoadhesivo, duradero\" src=\"https:\/\/bodegaoutdoor.cl\/store\/wp-content\/uploads\/2022\/12\/64420-wnrlvw.jpg\" alt=\"Cinta adhesiva de camuflaje para exteriores, vendaje el\u00e1stico resistente al agua, autoadhesivo, duradero\" \/><img decoding=\"async\" title=\"Cinta adhesiva de camuflaje para exteriores, vendaje el\u00e1stico resistente al agua, autoadhesivo, duradero\" src=\"https:\/\/bodegaoutdoor.cl\/store\/wp-content\/uploads\/2022\/12\/64420-slfh34.jpg\" alt=\"Cinta adhesiva de camuflaje para exteriores, vendaje el\u00e1stico resistente al agua, autoadhesivo, duradero\" \/><img decoding=\"async\" title=\"Cinta adhesiva de camuflaje para exteriores, vendaje el\u00e1stico resistente al agua, autoadhesivo, duradero\" src=\"https:\/\/bodegaoutdoor.cl\/store\/wp-content\/uploads\/2022\/12\/64420-iwdx4g.jpg\" alt=\"Cinta adhesiva de camuflaje para exteriores, vendaje el\u00e1stico resistente al agua, autoadhesivo, duradero\" \/><img decoding=\"async\" title=\"Cinta adhesiva de camuflaje para exteriores, vendaje el\u00e1stico resistente al agua, autoadhesivo, duradero\" src=\"https:\/\/bodegaoutdoor.cl\/store\/wp-content\/uploads\/2022\/12\/64420-fvirkp.jpg\" alt=\"Cinta adhesiva de camuflaje para exteriores, vendaje el\u00e1stico resistente al agua, autoadhesivo, duradero\" \/><img decoding=\"async\" title=\"Cinta adhesiva de camuflaje para exteriores, vendaje el\u00e1stico resistente al agua, autoadhesivo, duradero\" src=\"https:\/\/bodegaoutdoor.cl\/store\/wp-content\/uploads\/2022\/12\/64420-lbu2np.jpg\" alt=\"Cinta adhesiva de camuflaje para exteriores, vendaje el\u00e1stico resistente al agua, autoadhesivo, duradero\" \/><img decoding=\"async\" title=\"Cinta adhesiva de camuflaje para exteriores, vendaje el\u00e1stico resistente al agua, autoadhesivo, duradero\" src=\"https:\/\/bodegaoutdoor.cl\/store\/wp-content\/uploads\/2022\/12\/64420-05xlvu.jpg\" alt=\"Cinta adhesiva de camuflaje para exteriores, vendaje el\u00e1stico resistente al agua, autoadhesivo, duradero\" \/><img decoding=\"async\" title=\"Cinta adhesiva de camuflaje para exteriores, vendaje el\u00e1stico resistente al agua, autoadhesivo, duradero\" src=\"https:\/\/bodegaoutdoor.cl\/store\/wp-content\/uploads\/2022\/12\/64420-udxjle.jpg\" alt=\"Cinta adhesiva de camuflaje para exteriores, vendaje el\u00e1stico resistente al agua, autoadhesivo, duradero\" \/><img decoding=\"async\" title=\"Cinta adhesiva de camuflaje para exteriores, vendaje el\u00e1stico resistente al agua, autoadhesivo, duradero\" src=\"https:\/\/bodegaoutdoor.cl\/store\/wp-content\/uploads\/2022\/12\/64420-iowyv9.jpg\" alt=\"Cinta adhesiva de camuflaje para exteriores, vendaje el\u00e1stico resistente al agua, autoadhesivo, duradero\" \/><\/div>\n<\/div>\n<\/div>\n<div><\/div>\n<\/div>\n<div><\/div>\n<div>\n<div><\/div>\n<div>\n<div><\/div>\n<div>\n<div><\/div>\n<div>\n<div><\/div>\n<\/div>\n<\/div>\n<\/div>\n<\/div>\n<div><\/div>\n<div><\/div>\n<div><\/div>\n<div><\/div>\n<p>&nbsp;<\/p>\n<\/div>\n<\/div>\n\n    <div class=\"xs_social_share_widget xs_share_url after_content \t\tmain_content  wslu-style-1 wslu-share-box-shaped wslu-fill-colored wslu-none wslu-share-horizontal wslu-theme-font-no wslu-main_content\">\n\n\t\t\n        <ul>\n\t\t\t        <\/ul>\n    <\/div> \n","protected":false},"excerpt":{"rendered":"<p><span style=\"color: #ff0000;\"><strong>Lote 12 \/ $2990 C\/u<\/strong><\/span><\/p>\n","protected":false},"featured_media":64426,"comment_status":"open","ping_status":"closed","template":"","meta":{"jetpack_publicize_message":"","jetpack_publicize_feature_enabled":true,"jetpack_social_post_already_shared":true,"jetpack_social_options":{"image_generator_settings":{"template":"highway","enabled":false},"version":2}},"product_brand":[],"product_cat":[64,487,15],"product_tag":[],"class_list":{"0":"post-64420","1":"product","2":"type-product","3":"status-publish","4":"has-post-thumbnail","6":"product_cat-accessories","7":"product_cat-airsoft","8":"product_cat-otros","10":"first","11":"instock","12":"sale","13":"taxable","14":"shipping-taxable","15":"purchasable","16":"product-type-variable"},"jetpack_publicize_connections":[],"jetpack_sharing_enabled":true,"_links":{"self":[{"href":"https:\/\/bodegaoutdoor.cl\/store\/wp-json\/wp\/v2\/product\/64420","targetHints":{"allow":["GET"]}}],"collection":[{"href":"https:\/\/bodegaoutdoor.cl\/store\/wp-json\/wp\/v2\/product"}],"about":[{"href":"https:\/\/bodegaoutdoor.cl\/store\/wp-json\/wp\/v2\/types\/product"}],"replies":[{"embeddable":true,"href":"https:\/\/bodegaoutdoor.cl\/store\/wp-json\/wp\/v2\/comments?post=64420"}],"version-history":[{"count":19,"href":"https:\/\/bodegaoutdoor.cl\/store\/wp-json\/wp\/v2\/product\/64420\/revisions"}],"predecessor-version":[{"id":64485,"href":"https:\/\/bodegaoutdoor.cl\/store\/wp-json\/wp\/v2\/product\/64420\/revisions\/64485"}],"wp:featuredmedia":[{"embeddable":true,"href":"https:\/\/bodegaoutdoor.cl\/store\/wp-json\/wp\/v2\/media\/64426"}],"wp:attachment":[{"href":"https:\/\/bodegaoutdoor.cl\/store\/wp-json\/wp\/v2\/media?parent=64420"}],"wp:term":[{"taxonomy":"product_brand","embeddable":true,"href":"https:\/\/bodegaoutdoor.cl\/store\/wp-json\/wp\/v2\/product_brand?post=64420"},{"taxonomy":"product_cat","embeddable":true,"href":"https:\/\/bodegaoutdoor.cl\/store\/wp-json\/wp\/v2\/product_cat?post=64420"},{"taxonomy":"product_tag","embeddable":true,"href":"https:\/\/bodegaoutdoor.cl\/store\/wp-json\/wp\/v2\/product_tag?post=64420"}],"curies":[{"name":"wp","href":"https:\/\/api.w.org\/{rel}","templated":true}]}}