{"id":64543,"date":"2022-12-09T17:23:53","date_gmt":"2022-12-09T20:23:53","guid":{"rendered":"https:\/\/bodegaoutdoor.cl\/store\/product\/telescopio-f9307g-prismaticos-profesionales-potentes-7x50-con-telemetro-interno-y-brujula-impermeable-para-supervivencia\/"},"modified":"2023-05-04T19:18:36","modified_gmt":"2023-05-04T23:18:36","slug":"bioculares-telescopio-f9307g-prismaticos-profesionales-waterproof-7x50-con-telemetro-interno-y-brujula","status":"publish","type":"product","link":"https:\/\/bodegaoutdoor.cl\/store\/product\/bioculares-telescopio-f9307g-prismaticos-profesionales-waterproof-7x50-con-telemetro-interno-y-brujula\/","title":{"rendered":"Bioculares Telescopio F9307G, prism\u00e1ticos profesionales Waterproof 7&#215;50 con tel\u00e9metro interno y br\u00fajula"},"content":{"rendered":"<p style=\"text-align: center;\"><video style=\"max-width: 100%;\" src=\"\/\/video.aliexpress-media.com\/play\/u\/ae_sg_item\/2214242442628\/p\/1\/e\/6\/t\/10301\/1100058486083.mp4\" poster=\"https:\/\/ae01.alicdn.com\/kf\/S623482159996498b8830f639efcdadd0y\/Telescopio-F9307G-prism-ticos-profesionales-potentes-7x50-con-tel-metro-interno-y-br-jula-impermeable-para.jpg,https:\/\/ae01.alicdn.com\/kf\/Sbf8874dc9f9842018c45f0ecdbca8d12D\/Telescopio-F9307G-prism-ticos-profesionales-potentes-7x50-con-tel-metro-interno-y-br-jula-impermeable-para.jpg,https:\/\/ae01.alicdn.com\/kf\/Sd20b52f927c1495f85290fb76344b661a\/Telescopio-F9307G-prism-ticos-profesionales-potentes-7x50-con-tel-metro-interno-y-br-jula-impermeable-para.jpg,https:\/\/ae01.alicdn.com\/kf\/S984852c358e641efb4c33d828c2affael\/Telescopio-F9307G-prism-ticos-profesionales-potentes-7x50-con-tel-metro-interno-y-br-jula-impermeable-para.jpg,https:\/\/ae01.alicdn.com\/kf\/S9e5524b27a07402eaec9aa3df367ced26\/Telescopio-F9307G-prism-ticos-profesionales-potentes-7x50-con-tel-metro-interno-y-br-jula-impermeable-para.jpg,https:\/\/ae01.alicdn.com\/kf\/S6725023fe016444ebe9e988254a9462fA\/Telescopio-F9307G-prism-ticos-profesionales-potentes-7x50-con-tel-metro-interno-y-br-jula-impermeable-para.jpg\" preload=\"auto\" controls=\"controls\" width=\"100%\" height=\"100%\"><\/video><\/p>\n<div>\n<div id=\"page-content\" style=\"font-family: Poppins, Helvetica, Tahoma, Arial, serif; font-size: 14px; font-weight: 400; letter-spacing: normal; text-align: left;\" align=\"left\">\n<div id=\"MainContent\" style=\"padding-top: 20px; min-height: 500px;\">\n<div id=\"ProductSection-product-template\" style=\"margin-left: auto; margin-right: auto; padding-left: 30px; padding-right: 30px; max-width: 1300px; width: 1300px;\">\n<div style=\"text-align: left; padding: 30px 0px 30px 0px;\" align=\"left\">\n<div id=\"tab1\" style=\"margin: 20px 0px 20px 0px;\">\n<p style=\"text-align: left;\" align=\"left\"><img decoding=\"async\" src=\"\/\/ae01.alicdn.com\/kf\/S3d76fcc886824a0b853d42d4170750bc7.jpg\" \/><\/p>\n<div>\n<p style=\"font-family: OpenSans; font-size: 20px; font-weight: 900; line-height: 28px; margin-bottom: 12px;\">Caracter\u00edsticas:<\/p>\n<p style=\"font-family: OpenSans; font-size: 14px; font-weight: 300; line-height: 20px; margin-bottom: 12px;\">1 perfecto para binoculares marinos con aumento de 7x y lente de objetivo de 50mm; Alivio ocular de 24mm, pupila de salida de 7,1mm,. Y el campo de visi\u00f3n es de 396 pies a 1000 yardas\/132 metros a 1000 metros.<br \/>\n2. Adaptarse al entorno extremo-completamente impermeable y flotar en el agua. Niebla purgada con nitr\u00f3geno a prueba de estabilidad, c\u00f3moda de sostener y altamente duradera.<br \/>\n3. Sistema de prisma Porro brillante y claro para un amplio campo de visi\u00f3n. El prisma BAK4 Premium y la \u00f3ptica totalmente multicapa producen im\u00e1genes brillantes y n\u00edtidas.<br \/>\n4. Br\u00fajula y br\u00fajula iluminada por tel\u00e9metro integrada para la ubicaci\u00f3n de la direcci\u00f3n, con un tel\u00e9metro interno para determinar la distancia y el tama\u00f1o de los objetos.<br \/>\n5. La armadura de goma antideslizante absorbe los golpes y proporciona un agarre firme. Adaptador de tr\u00edpode para montaje en tr\u00edpode para mayor estabilidad.<\/p>\n<\/div>\n<div><img decoding=\"async\" src=\"\/\/ae01.alicdn.com\/kf\/Sf3c9956cb24247c588fe135f40f253a6U.jpg\" \/><img decoding=\"async\" src=\"\/\/ae01.alicdn.com\/kf\/Sef60aac59e1e4655bf8459a5dd1cd0f3t.jpg\" \/><\/div>\n<div>\n<p style=\"font-family: OpenSans; font-size: 20px; font-weight: 900; line-height: 28px; margin-bottom: 12px;\">Especificaciones:<\/p>\n<p style=\"font-family: OpenSans; font-size: 14px; font-weight: 300; line-height: 20px; margin-bottom: 12px;\">Marca: Svbony<br \/>\nAmpliaci\u00f3n: 7x<br \/>\nObjetivo: 50mm<br \/>\nDi\u00e1metro del ocular: 23mm<br \/>\nSistema de prisma: Porro Bak4<br \/>\nCampo de visi\u00f3n: 396 ft\/1000yds<br \/>\nPupila de salida: 7mm<br \/>\nAlivio ocular: 24mm<br \/>\nGrado impermeable: IPX7<br \/>\nRevestimiento de la lente: FMC<br \/>\nMaterial del cuerpo: acero pl\u00e1stico + Goma<br \/>\nTipo de visor: plegable y extra\u00edble<br \/>\nSistema de enfoque: si<br \/>\nTr\u00edpode Adaptable: S\u00ed<br \/>\nPeso neto: 876g<\/p>\n<\/div>\n<div><img decoding=\"async\" src=\"\/\/ae01.alicdn.com\/kf\/Se3c656df31a7498d90d9c5dd8487b561S.jpg\" \/><\/div>\n<div>\n<p style=\"font-family: OpenSans; font-size: 14px; font-weight: 300; line-height: 20px; margin-bottom: 12px;\">7&#215;50 es la configuraci\u00f3n m\u00e1s adecuada para binoculares marinos. El aumento 7X es suficiente para ver y los objetos en la visi\u00f3n no agitar\u00e1n tanto. La gran lente de objetivo de 50mm de di\u00e1metro recolecta m\u00e1s luz para una visi\u00f3n m\u00e1s brillante, ofreciendo una buena experiencia de observaci\u00f3n, especialmente en condiciones de poca luz como atardecer, amanecer o un clima nublado. El campo de visi\u00f3n es de 396 pies a 1000 yardas\/132 metros a 1000 metros.<\/p>\n<\/div>\n<div><img decoding=\"async\" src=\"\/\/ae01.alicdn.com\/kf\/S1e5571fdb15241a390993f57c3f8e805h.jpg\" \/><\/div>\n<div>\n<p style=\"font-family: OpenSans; font-size: 14px; font-weight: 300; line-height: 20px; margin-bottom: 12px;\">Perfecto para binoculares marinos con alivio ocular de 24mm y pupila de salida de 7,1mm. El di\u00e1metro de la pupila de 7,1mm es lo suficientemente grande para una observaci\u00f3n c\u00f3moda y el alivio ocular de 24mm satisface las necesidades de visualizaci\u00f3n con gafas o sin gafas.<\/p>\n<\/div>\n<div><img decoding=\"async\" src=\"\/\/ae01.alicdn.com\/kf\/Sd3c2a5a8e01a4e07b1757443894b432fC.jpg\" \/><\/div>\n<div>\n<p style=\"font-family: OpenSans; font-size: 14px; font-weight: 300; line-height: 20px; margin-bottom: 12px;\">Completamente impermeable, los binoculares si accidentalmente caen al mar, el cuerpo impermeable dejar\u00e1 caer sin agua y flotar\u00e1 sobre el agua, lo que es f\u00e1cil de atrapar. Binoculares a prueba de niebla llenos de nitr\u00f3geno, se mantienen claros en cualquier momento y soportan ambientes extremos.<\/p>\n<\/div>\n<div><img decoding=\"async\" src=\"\/\/ae01.alicdn.com\/kf\/Seb7bf58e95bf4356bced170cff8ea6bci.jpg\" \/><\/div>\n<div>\n<p style=\"font-family: OpenSans; font-size: 14px; font-weight: 300; line-height: 20px; margin-bottom: 12px;\">La Br\u00fajula iluminada integrada es conveniente para la ubicaci\u00f3n de la direcci\u00f3n, y con la escala de ret\u00edcula interna, puede medir la distancia del objeto de altura conocida.<\/p>\n<\/div>\n<div><img decoding=\"async\" src=\"\/\/ae01.alicdn.com\/kf\/S7624d1e2c1f24de2ae23a8295ae9b789w.jpg\" \/><\/div>\n<div>\n<p style=\"font-family: OpenSans; font-size: 14px; font-weight: 300; line-height: 20px; margin-bottom: 12px;\">Sistema de prisma de Porro brillante y claro para un amplio campo de visi\u00f3n. BAK4 tiene un alto \u00edndice de refracci\u00f3n y menor \u00e1ngulo cr\u00edtico, lo que significa que transmite la luz mejor con menos luz perdida. El BAK4 le ofrece brillo, resoluci\u00f3n y claridad de borde superiores.<\/p>\n<\/div>\n<div><img decoding=\"async\" src=\"\/\/ae01.alicdn.com\/kf\/S714c25a7f5df4cf2bf2fe575827c9785K.jpg\" \/><\/div>\n<div>\n<p style=\"font-family: OpenSans; font-size: 14px; font-weight: 300; line-height: 20px; margin-bottom: 12px;\">Vidrio totalmente multicapa significa que todas las superficies de los cristales y todas las superficies de aire a vidrio tienen revestimiento multicapa antirreflectante. La lente FMC de 50mm aumenta la transmisi\u00f3n de la luz, ofrece im\u00e1genes brillantes, claras y n\u00edtidas incluso en condiciones de poca luz.<\/p>\n<\/div>\n<div><img decoding=\"async\" src=\"\/\/ae01.alicdn.com\/kf\/S732f9bc49c8e4679b6d8034ac2b707c3N.jpg\" \/><\/div>\n<div>\n<p style=\"font-family: OpenSans; font-size: 14px; font-weight: 300; line-height: 20px; margin-bottom: 12px;\">La armadura de goma antideslizante absorbe los golpes y proporciona un agarre firme. Si los binoculares se caen accidentalmente, el cuerpo del recubrimiento de goma lo proteger\u00e1 de da\u00f1os.<\/p>\n<\/div>\n<div><img decoding=\"async\" src=\"\/\/ae01.alicdn.com\/kf\/S9a6f64ed64de48a18e4800d8288beea8x.jpg\" \/><\/div>\n<div>\n<p style=\"font-family: OpenSans; font-size: 14px; font-weight: 300; line-height: 20px; margin-bottom: 12px;\">Aunque este binocular es m\u00e1s grande, viene con una correa para el cuello. Puedes colgarlo alrededor del cuello, cuando quieras usarlo, estaba alrededor de tus manos.<\/p>\n<\/div>\n<div><img decoding=\"async\" style=\"margin-bottom: 10px;\" src=\"\/\/ae01.alicdn.com\/kf\/H694148c686f144bb8df43388471d0a59a.jpg\" \/><img decoding=\"async\" style=\"margin-bottom: 10px;\" src=\"\/\/ae01.alicdn.com\/kf\/Ha54bfea25c7c4b4ebe3d399f31b4fdd54.jpg\" \/><\/div>\n<div><img decoding=\"async\" src=\"\/\/ae01.alicdn.com\/kf\/S5506348b1cdd4788afc8c88ed46e74853.jpg\" \/><img decoding=\"async\" src=\"\/\/ae01.alicdn.com\/kf\/Sac71eb3be90242718cc3bd1aef20a3ccU.jpg\" \/><img decoding=\"async\" src=\"\/\/ae01.alicdn.com\/kf\/Sa83b32579796468a80fa42a2f510aab6M.jpg\" \/><\/div>\n<div><\/div>\n<p>&nbsp;<\/p>\n<\/div>\n<\/div>\n<\/div>\n<\/div>\n<\/div>\n<p>&nbsp;<\/p>\n<\/div>\n\n    <div class=\"xs_social_share_widget xs_share_url after_content \t\tmain_content  wslu-style-1 wslu-share-box-shaped wslu-fill-colored wslu-none wslu-share-horizontal wslu-theme-font-no wslu-main_content\">\n\n\t\t\n        <ul>\n\t\t\t        <\/ul>\n    <\/div> \n","protected":false},"excerpt":{"rendered":"<p>Caracter\u00edsticas: 1 perfecto para binoculares marinos con aumento de 7x y lente de objetivo de 50mm; Alivio ocular de 24mm, pupila de salida de 7,1mm,. Y el campo de visi\u00f3n es de 396 pies a 1000 yardas\/132 metros a 1000 metros. 2. Adaptarse al entorno extremo-completamente impermeable y flotar en el agua. Niebla purgada con [&hellip;]<\/p>\n","protected":false},"featured_media":64546,"comment_status":"open","ping_status":"closed","template":"","meta":{"jetpack_publicize_message":"","jetpack_publicize_feature_enabled":true,"jetpack_social_post_already_shared":true,"jetpack_social_options":{"image_generator_settings":{"template":"highway","enabled":false},"version":2}},"product_brand":[],"product_cat":[1249],"product_tag":[],"class_list":{"0":"post-64543","1":"product","2":"type-product","3":"status-publish","4":"has-post-thumbnail","6":"product_cat-binoculares","8":"first","9":"instock","10":"sale","11":"taxable","12":"shipping-taxable","13":"purchasable","14":"product-type-variable"},"jetpack_publicize_connections":[],"jetpack_sharing_enabled":true,"_links":{"self":[{"href":"https:\/\/bodegaoutdoor.cl\/store\/wp-json\/wp\/v2\/product\/64543","targetHints":{"allow":["GET"]}}],"collection":[{"href":"https:\/\/bodegaoutdoor.cl\/store\/wp-json\/wp\/v2\/product"}],"about":[{"href":"https:\/\/bodegaoutdoor.cl\/store\/wp-json\/wp\/v2\/types\/product"}],"replies":[{"embeddable":true,"href":"https:\/\/bodegaoutdoor.cl\/store\/wp-json\/wp\/v2\/comments?post=64543"}],"version-history":[{"count":21,"href":"https:\/\/bodegaoutdoor.cl\/store\/wp-json\/wp\/v2\/product\/64543\/revisions"}],"predecessor-version":[{"id":64642,"href":"https:\/\/bodegaoutdoor.cl\/store\/wp-json\/wp\/v2\/product\/64543\/revisions\/64642"}],"wp:featuredmedia":[{"embeddable":true,"href":"https:\/\/bodegaoutdoor.cl\/store\/wp-json\/wp\/v2\/media\/64546"}],"wp:attachment":[{"href":"https:\/\/bodegaoutdoor.cl\/store\/wp-json\/wp\/v2\/media?parent=64543"}],"wp:term":[{"taxonomy":"product_brand","embeddable":true,"href":"https:\/\/bodegaoutdoor.cl\/store\/wp-json\/wp\/v2\/product_brand?post=64543"},{"taxonomy":"product_cat","embeddable":true,"href":"https:\/\/bodegaoutdoor.cl\/store\/wp-json\/wp\/v2\/product_cat?post=64543"},{"taxonomy":"product_tag","embeddable":true,"href":"https:\/\/bodegaoutdoor.cl\/store\/wp-json\/wp\/v2\/product_tag?post=64543"}],"curies":[{"name":"wp","href":"https:\/\/api.w.org\/{rel}","templated":true}]}}