{"id":64644,"date":"2022-12-09T18:26:25","date_gmt":"2022-12-09T21:26:25","guid":{"rendered":"https:\/\/bodegaoutdoor.cl\/store\/product\/mochila-oxford-antirrobo-para-hombre-y-mujer-bolsa-escolar-a-prueba-de-salpicaduras-diseno-multifuncional-de-gran-capacidad\/"},"modified":"2023-05-04T19:18:35","modified_gmt":"2023-05-04T23:18:35","slug":"mochila-oxford-antirrobo-para-hombre-y-mujer-bolsa-escolar-a-prueba-de-salpicaduras-diseno-multifuncional-de-gran-capacidad","status":"publish","type":"product","link":"https:\/\/bodegaoutdoor.cl\/store\/product\/mochila-oxford-antirrobo-para-hombre-y-mujer-bolsa-escolar-a-prueba-de-salpicaduras-diseno-multifuncional-de-gran-capacidad\/","title":{"rendered":"Mochila Oxford antirrobo para hombre y mujer, bolsa escolar a prueba de salpicaduras, dise\u00f1o multifuncional de gran capacidad"},"content":{"rendered":"<p style=\"text-align: center;\"><video style=\"max-width: 100%;\" src=\"\/\/video.aliexpress-media.com\/play\/u\/ae_sg_item\/2209074310762\/p\/1\/e\/6\/t\/10301\/1100023145434.mp4\" poster=\"https:\/\/ae01.alicdn.com\/kf\/Secfaa27bfde7442a95966cbb82fb6d4ac\/Mochila-Oxford-antirrobo-para-hombre-y-mujer-bolsa-escolar-a-prueba-de-salpicaduras-dise-o-multifuncional.jpg,https:\/\/ae01.alicdn.com\/kf\/S226b8dbf152f446f8fb2b08a53631d07z\/Mochila-Oxford-antirrobo-para-hombre-y-mujer-bolsa-escolar-a-prueba-de-salpicaduras-dise-o-multifuncional.jpg,https:\/\/ae01.alicdn.com\/kf\/S2bb09b8e4d4a4a8c9d3668089cc719b8q\/Mochila-Oxford-antirrobo-para-hombre-y-mujer-bolsa-escolar-a-prueba-de-salpicaduras-dise-o-multifuncional.jpg,https:\/\/ae01.alicdn.com\/kf\/Sf49165728f3d461f863a819b151ac852x\/Mochila-Oxford-antirrobo-para-hombre-y-mujer-bolsa-escolar-a-prueba-de-salpicaduras-dise-o-multifuncional.jpg,https:\/\/ae01.alicdn.com\/kf\/S48c2a0cafeac4801b9352c1686f6849da\/Mochila-Oxford-antirrobo-para-hombre-y-mujer-bolsa-escolar-a-prueba-de-salpicaduras-dise-o-multifuncional.jpg,https:\/\/ae01.alicdn.com\/kf\/Sa2f05819d79d48c3aecceb39ea2ac2dcg\/Mochila-Oxford-antirrobo-para-hombre-y-mujer-bolsa-escolar-a-prueba-de-salpicaduras-dise-o-multifuncional.jpg\" preload=\"auto\" controls=\"controls\" width=\"100%\" height=\"100%\"><\/video><\/p>\n<div><\/div>\n<div>\n<div>\n<div><\/div>\n<div>\n<div>\n<div><\/div>\n<div>\n<div>\n<div><\/div>\n<div>\n<div>\n<h1>Mochila para hombre, port\u00e1til Oxford, antirrobo, a prueba de salpicaduras, mochila escolar de moda, mochila multicapa multifuncional de gran capacidad para mujer<\/h1>\n<div>\n<div>\n<p><strong><span style=\"font-size: 24px; font-family: arial, helvetica, sans-serif;\">Descripci\u00f3n:<\/span><\/strong><\/p>\n<div style=\"font-family: arial, helvetica, sans-serif; font-size: 13px; font-weight: 400; letter-spacing: normal; text-align: start; margin: 0px; padding: 0px;\" align=\"start\"><span style=\"font-size: 20px; font-family: arial, helvetica, sans-serif;\">Material: Material impermeable de Oxford<\/span><\/div>\n<div style=\"font-family: arial, helvetica, sans-serif; font-size: 13px; font-weight: 400; letter-spacing: normal; text-align: start; margin: 0px; padding: 0px;\" align=\"start\"><span style=\"font-size: 20px; font-family: arial, helvetica, sans-serif;\">Color: negro\/blanco arroz<\/span><\/div>\n<div style=\"font-family: arial, helvetica, sans-serif; font-size: 13px; font-weight: 400; letter-spacing: normal; text-align: start; margin: 0px; padding: 0px;\" align=\"start\"><span style=\"font-size: 20px; font-family: arial, helvetica, sans-serif;\">Tama\u00f1o: peque\u00f1o 32*14*47cm<\/span><\/div>\n<div style=\"font-family: arial, helvetica, sans-serif; font-size: 13px; font-weight: 400; letter-spacing: normal; text-align: start; margin: 0px; padding: 0px;\" align=\"start\"><span style=\"font-size: 20px; font-family: arial, helvetica, sans-serif;\">Gran 34*15*50cm<\/span><\/div>\n<div style=\"font-family: arial, helvetica, sans-serif; font-size: 13px; font-weight: 400; letter-spacing: normal; text-align: start; margin: 0px; padding: 0px;\" align=\"start\"><span style=\"font-size: 20px; font-family: arial, helvetica, sans-serif;\">Peso neto: 0228: 0,7 kg ; 0239: 0,75 kg ; 0249: 0,8 kg<\/span><\/div>\n<div style=\"font-family: arial, helvetica, sans-serif; font-size: 13px; font-weight: 400; letter-spacing: normal; text-align: start; margin: 0px; padding: 0px;\" align=\"start\"><span style=\"font-size: 20px; font-family: arial, helvetica, sans-serif;\">Caracter\u00edsticas del producto: gran capacidad, m\u00e1s bolsillo, peso ligero, tela impermeable, con orificio para auriculares<\/span><\/div>\n<div style=\"font-family: arial, helvetica, sans-serif; font-size: 13px; font-weight: 400; letter-spacing: normal; text-align: start; margin: 0px; padding: 0px;\" align=\"start\"><span style=\"font-size: 20px; font-family: arial, helvetica, sans-serif;\">Capacidad: 15,6 port\u00e1til, cartera, tel\u00e9fono m\u00f3vil, port\u00e1til, paraguas, termo, etc.<\/span><\/div>\n<p>&nbsp;<\/p>\n<p style=\"font-family: OpenSans; font-size: 20px; font-weight: 900; letter-spacing: normal; line-height: 28px; text-align: start; margin: 0px 0px 12px 0px; padding: 0px;\" align=\"start\"><strong><span style=\"font-size: 24px; font-family: arial, helvetica, sans-serif;\">Caracter\u00edsticas:<\/span><\/strong><\/p>\n<p style=\"font-family: OpenSans; font-size: 14px; font-weight: 300; letter-spacing: normal; line-height: 20px; text-align: start; margin: 0px 0px 12px 0px; padding: 0px;\" align=\"start\"><span style=\"font-size: 22px; font-family: arial, helvetica, sans-serif;\">1. Mochila de alta calidad con materiales oxford.<br \/>\n2. Antirrobo, impermeable, resistente, antiyeso y duradero.<br \/>\n3. Capa \u00fanica para port\u00e1til de 15 pulgadas y gran capacidad de almacenamiento.<br \/>\n4. Sensaci\u00f3n c\u00f3moda y reducci\u00f3n de cargas.<br \/>\n5. Bolsillos de expansi\u00f3n lateral f\u00e1ciles de poner y sacar<br \/>\n6. La cremallera de gran calidad ampl\u00eda el tiempo de servicio.<br \/>\n7. Garant\u00eda de ventas: env\u00edo r\u00e1pido within1-3days y garant\u00eda de calidad<br \/>\n8. Inspecci\u00f3n profesional antes del env\u00edo.<\/span><\/p>\n<p style=\"font-family: OpenSans; font-size: 14px; font-weight: 300; letter-spacing: normal; line-height: 20px; text-align: center; margin: 0px 0px 12px 0px; padding: 0px;\" align=\"center\"><strong><span style=\"font-size: 22px; font-family: arial, helvetica, sans-serif;\">Explicaci\u00f3n en vivo<\/span><\/strong><\/p>\n<p style=\"font-family: OpenSans; font-size: 14px; font-weight: 300; letter-spacing: normal; line-height: 20px; text-align: center; margin: 0px 0px 12px 0px; padding: 0px;\" align=\"center\">\n<div>\n<div>\n<div id=\"1100098269052\" data-previewurl=\"\/\/ae01.alicdn.com\/kf\/Sd3a051aa8834449cb012471da0f953982.jpg\"><\/div>\n<\/div>\n<\/div>\n<p>&nbsp;<\/p>\n<p style=\"font-family: OpenSans; font-size: 14px; font-weight: 300; letter-spacing: normal; line-height: 20px; text-align: start; margin: 0px 0px 12px 0px; padding: 0px;\" align=\"start\"><img decoding=\"async\" title=\"Mochila Oxford antirrobo para hombre y mujer, bolsa escolar a prueba de salpicaduras, dise\u00f1o multifuncional de gran capacidad\" src=\"https:\/\/bodegaoutdoor.cl\/store\/wp-content\/uploads\/2022\/12\/64644-n3feii.jpg\" alt=\"Mochila Oxford antirrobo para hombre y mujer, bolsa escolar a prueba de salpicaduras, dise\u00f1o multifuncional de gran capacidad\" \/><img decoding=\"async\" title=\"Mochila Oxford antirrobo para hombre y mujer, bolsa escolar a prueba de salpicaduras, dise\u00f1o multifuncional de gran capacidad\" src=\"https:\/\/bodegaoutdoor.cl\/store\/wp-content\/uploads\/2022\/12\/64644-bsmhjo.jpg\" alt=\"Mochila Oxford antirrobo para hombre y mujer, bolsa escolar a prueba de salpicaduras, dise\u00f1o multifuncional de gran capacidad\" \/><img decoding=\"async\" title=\"Mochila Oxford antirrobo para hombre y mujer, bolsa escolar a prueba de salpicaduras, dise\u00f1o multifuncional de gran capacidad\" src=\"https:\/\/bodegaoutdoor.cl\/store\/wp-content\/uploads\/2022\/12\/64644-uhmdpd.jpg\" alt=\"Mochila Oxford antirrobo para hombre y mujer, bolsa escolar a prueba de salpicaduras, dise\u00f1o multifuncional de gran capacidad\" \/><img decoding=\"async\" title=\"Mochila Oxford antirrobo para hombre y mujer, bolsa escolar a prueba de salpicaduras, dise\u00f1o multifuncional de gran capacidad\" src=\"https:\/\/bodegaoutdoor.cl\/store\/wp-content\/uploads\/2022\/12\/64644-ejdywo.jpg\" alt=\"Mochila Oxford antirrobo para hombre y mujer, bolsa escolar a prueba de salpicaduras, dise\u00f1o multifuncional de gran capacidad\" \/><img decoding=\"async\" title=\"Mochila Oxford antirrobo para hombre y mujer, bolsa escolar a prueba de salpicaduras, dise\u00f1o multifuncional de gran capacidad\" src=\"https:\/\/bodegaoutdoor.cl\/store\/wp-content\/uploads\/2022\/12\/64644-jhi0gj.jpg\" alt=\"Mochila Oxford antirrobo para hombre y mujer, bolsa escolar a prueba de salpicaduras, dise\u00f1o multifuncional de gran capacidad\" \/><img decoding=\"async\" title=\"Mochila Oxford antirrobo para hombre y mujer, bolsa escolar a prueba de salpicaduras, dise\u00f1o multifuncional de gran capacidad\" src=\"https:\/\/bodegaoutdoor.cl\/store\/wp-content\/uploads\/2022\/12\/64644-ago3bh.jpg\" alt=\"Mochila Oxford antirrobo para hombre y mujer, bolsa escolar a prueba de salpicaduras, dise\u00f1o multifuncional de gran capacidad\" \/><img decoding=\"async\" title=\"Mochila Oxford antirrobo para hombre y mujer, bolsa escolar a prueba de salpicaduras, dise\u00f1o multifuncional de gran capacidad\" src=\"https:\/\/bodegaoutdoor.cl\/store\/wp-content\/uploads\/2022\/12\/64644-id5cwb.jpg\" alt=\"Mochila Oxford antirrobo para hombre y mujer, bolsa escolar a prueba de salpicaduras, dise\u00f1o multifuncional de gran capacidad\" \/><img decoding=\"async\" title=\"Mochila Oxford antirrobo para hombre y mujer, bolsa escolar a prueba de salpicaduras, dise\u00f1o multifuncional de gran capacidad\" src=\"https:\/\/bodegaoutdoor.cl\/store\/wp-content\/uploads\/2022\/12\/64644-s4zsro.jpg\" alt=\"Mochila Oxford antirrobo para hombre y mujer, bolsa escolar a prueba de salpicaduras, dise\u00f1o multifuncional de gran capacidad\" \/><img decoding=\"async\" title=\"Mochila Oxford antirrobo para hombre y mujer, bolsa escolar a prueba de salpicaduras, dise\u00f1o multifuncional de gran capacidad\" src=\"https:\/\/bodegaoutdoor.cl\/store\/wp-content\/uploads\/2022\/12\/64644-pvhqho.jpg\" alt=\"Mochila Oxford antirrobo para hombre y mujer, bolsa escolar a prueba de salpicaduras, dise\u00f1o multifuncional de gran capacidad\" \/><img decoding=\"async\" title=\"Mochila Oxford antirrobo para hombre y mujer, bolsa escolar a prueba de salpicaduras, dise\u00f1o multifuncional de gran capacidad\" src=\"https:\/\/bodegaoutdoor.cl\/store\/wp-content\/uploads\/2022\/12\/64644-iyjz6w.jpg\" alt=\"Mochila Oxford antirrobo para hombre y mujer, bolsa escolar a prueba de salpicaduras, dise\u00f1o multifuncional de gran capacidad\" \/><img decoding=\"async\" title=\"Mochila Oxford antirrobo para hombre y mujer, bolsa escolar a prueba de salpicaduras, dise\u00f1o multifuncional de gran capacidad\" src=\"https:\/\/bodegaoutdoor.cl\/store\/wp-content\/uploads\/2022\/12\/64644-hdqlwk.jpg\" alt=\"Mochila Oxford antirrobo para hombre y mujer, bolsa escolar a prueba de salpicaduras, dise\u00f1o multifuncional de gran capacidad\" \/><img decoding=\"async\" title=\"Mochila Oxford antirrobo para hombre y mujer, bolsa escolar a prueba de salpicaduras, dise\u00f1o multifuncional de gran capacidad\" src=\"https:\/\/bodegaoutdoor.cl\/store\/wp-content\/uploads\/2022\/12\/64644-v46nc8.jpg\" alt=\"Mochila Oxford antirrobo para hombre y mujer, bolsa escolar a prueba de salpicaduras, dise\u00f1o multifuncional de gran capacidad\" \/><img decoding=\"async\" title=\"Mochila Oxford antirrobo para hombre y mujer, bolsa escolar a prueba de salpicaduras, dise\u00f1o multifuncional de gran capacidad\" src=\"https:\/\/bodegaoutdoor.cl\/store\/wp-content\/uploads\/2022\/12\/64644-jx9sdh.jpg\" alt=\"Mochila Oxford antirrobo para hombre y mujer, bolsa escolar a prueba de salpicaduras, dise\u00f1o multifuncional de gran capacidad\" \/><img decoding=\"async\" title=\"Mochila Oxford antirrobo para hombre y mujer, bolsa escolar a prueba de salpicaduras, dise\u00f1o multifuncional de gran capacidad\" src=\"https:\/\/bodegaoutdoor.cl\/store\/wp-content\/uploads\/2022\/12\/64644-bpzlhl.jpg\" alt=\"Mochila Oxford antirrobo para hombre y mujer, bolsa escolar a prueba de salpicaduras, dise\u00f1o multifuncional de gran capacidad\" \/><img decoding=\"async\" title=\"Mochila Oxford antirrobo para hombre y mujer, bolsa escolar a prueba de salpicaduras, dise\u00f1o multifuncional de gran capacidad\" src=\"https:\/\/bodegaoutdoor.cl\/store\/wp-content\/uploads\/2022\/12\/64644-68izpx.jpg\" alt=\"Mochila Oxford antirrobo para hombre y mujer, bolsa escolar a prueba de salpicaduras, dise\u00f1o multifuncional de gran capacidad\" \/><img decoding=\"async\" title=\"Mochila Oxford antirrobo para hombre y mujer, bolsa escolar a prueba de salpicaduras, dise\u00f1o multifuncional de gran capacidad\" src=\"https:\/\/bodegaoutdoor.cl\/store\/wp-content\/uploads\/2022\/12\/64644-60d7ra.jpg\" alt=\"Mochila Oxford antirrobo para hombre y mujer, bolsa escolar a prueba de salpicaduras, dise\u00f1o multifuncional de gran capacidad\" \/><img decoding=\"async\" title=\"Mochila Oxford antirrobo para hombre y mujer, bolsa escolar a prueba de salpicaduras, dise\u00f1o multifuncional de gran capacidad\" src=\"https:\/\/bodegaoutdoor.cl\/store\/wp-content\/uploads\/2022\/12\/64644-xkgih5.jpg\" alt=\"Mochila Oxford antirrobo para hombre y mujer, bolsa escolar a prueba de salpicaduras, dise\u00f1o multifuncional de gran capacidad\" \/><img decoding=\"async\" title=\"Mochila Oxford antirrobo para hombre y mujer, bolsa escolar a prueba de salpicaduras, dise\u00f1o multifuncional de gran capacidad\" src=\"https:\/\/bodegaoutdoor.cl\/store\/wp-content\/uploads\/2022\/12\/64644-6hnffs.jpg\" alt=\"Mochila Oxford antirrobo para hombre y mujer, bolsa escolar a prueba de salpicaduras, dise\u00f1o multifuncional de gran capacidad\" \/><\/p>\n<div><\/div>\n<\/div>\n<\/div>\n<div><\/div>\n<\/div>\n<\/div>\n<div><\/div>\n<p>&nbsp;<\/p>\n<\/div>\n<\/div>\n<div><\/div>\n<p>&nbsp;<\/p>\n<\/div>\n<\/div>\n<div><\/div>\n<p>&nbsp;<\/p>\n<\/div>\n<\/div>\n\n    <div class=\"xs_social_share_widget xs_share_url after_content \t\tmain_content  wslu-style-1 wslu-share-box-shaped wslu-fill-colored wslu-none wslu-share-horizontal wslu-theme-font-no wslu-main_content\">\n\n\t\t\n        <ul>\n\t\t\t        <\/ul>\n    <\/div> \n","protected":false},"excerpt":{"rendered":"<p>Mochila para hombre, port\u00e1til Oxford, antirrobo, a prueba de salpicaduras, mochila escolar de moda, mochila multicapa multifuncional de gran capacidad para mujer Descripci\u00f3n: Material: Material impermeable de Oxford Color: negro\/blanco arroz Tama\u00f1o: peque\u00f1o 32*14*47cm Gran 34*15*50cm Peso neto: 0228: 0,7 kg ; 0239: 0,75 kg ; 0249: 0,8 kg Caracter\u00edsticas del producto: gran capacidad, m\u00e1s [&hellip;]<\/p>\n","protected":false},"featured_media":64649,"comment_status":"open","ping_status":"closed","template":"","meta":{"jetpack_publicize_message":"","jetpack_publicize_feature_enabled":true,"jetpack_social_post_already_shared":true,"jetpack_social_options":{"image_generator_settings":{"template":"highway","enabled":false},"version":2}},"product_brand":[],"product_cat":[195,238],"product_tag":[],"class_list":{"0":"post-64644","1":"product","2":"type-product","3":"status-publish","4":"has-post-thumbnail","6":"product_cat-mochilas","7":"product_cat-mochilas-10-30-litros","9":"first","10":"instock","11":"sale","12":"taxable","13":"shipping-taxable","14":"purchasable","15":"product-type-variable"},"jetpack_publicize_connections":[],"jetpack_sharing_enabled":true,"_links":{"self":[{"href":"https:\/\/bodegaoutdoor.cl\/store\/wp-json\/wp\/v2\/product\/64644","targetHints":{"allow":["GET"]}}],"collection":[{"href":"https:\/\/bodegaoutdoor.cl\/store\/wp-json\/wp\/v2\/product"}],"about":[{"href":"https:\/\/bodegaoutdoor.cl\/store\/wp-json\/wp\/v2\/types\/product"}],"replies":[{"embeddable":true,"href":"https:\/\/bodegaoutdoor.cl\/store\/wp-json\/wp\/v2\/comments?post=64644"}],"version-history":[{"count":21,"href":"https:\/\/bodegaoutdoor.cl\/store\/wp-json\/wp\/v2\/product\/64644\/revisions"}],"predecessor-version":[{"id":64697,"href":"https:\/\/bodegaoutdoor.cl\/store\/wp-json\/wp\/v2\/product\/64644\/revisions\/64697"}],"wp:featuredmedia":[{"embeddable":true,"href":"https:\/\/bodegaoutdoor.cl\/store\/wp-json\/wp\/v2\/media\/64649"}],"wp:attachment":[{"href":"https:\/\/bodegaoutdoor.cl\/store\/wp-json\/wp\/v2\/media?parent=64644"}],"wp:term":[{"taxonomy":"product_brand","embeddable":true,"href":"https:\/\/bodegaoutdoor.cl\/store\/wp-json\/wp\/v2\/product_brand?post=64644"},{"taxonomy":"product_cat","embeddable":true,"href":"https:\/\/bodegaoutdoor.cl\/store\/wp-json\/wp\/v2\/product_cat?post=64644"},{"taxonomy":"product_tag","embeddable":true,"href":"https:\/\/bodegaoutdoor.cl\/store\/wp-json\/wp\/v2\/product_tag?post=64644"}],"curies":[{"name":"wp","href":"https:\/\/api.w.org\/{rel}","templated":true}]}}