{"id":64954,"date":"2023-01-14T13:14:04","date_gmt":"2023-01-14T16:14:04","guid":{"rendered":"https:\/\/bodegaoutdoor.cl\/store\/product\/refire-gear-pantalones-cortos-militares-para-hombre-shorts-tacticos-de-camuflaje-impermeables-informales-sueltos-de-algodon-para-verano\/"},"modified":"2024-02-10T00:15:35","modified_gmt":"2024-02-10T03:15:35","slug":"refire-gear-pantalones-cortos-militares-para-hombre-shorts-tacticos-de-camuflaje-impermeables-informales-sueltos-de-algodon-para-verano","status":"publish","type":"product","link":"https:\/\/bodegaoutdoor.cl\/store\/product\/refire-gear-pantalones-cortos-militares-para-hombre-shorts-tacticos-de-camuflaje-impermeables-informales-sueltos-de-algodon-para-verano\/","title":{"rendered":"ReFire Gear-pantalones cortos militares para hombre, Shorts t\u00e1cticos de camuflaje impermeables, informales, sueltos, de algod\u00f3n, para verano"},"content":{"rendered":"<div>\n<div>\n<p style=\"text-align: center;\" align=\"center\"><img decoding=\"async\" title=\"ReFire Gear-pantalones cortos militares para hombre, Shorts t\u00e1cticos de camuflaje impermeables, informales, sueltos, de algod\u00f3n, para verano\" src=\"https:\/\/bodegaoutdoor.cl\/store\/wp-content\/uploads\/2023\/01\/64954-rfufcp.jpg\" alt=\"ReFire Gear-pantalones cortos militares para hombre, Shorts t\u00e1cticos de camuflaje impermeables, informales, sueltos, de algod\u00f3n, para verano\" \/><\/p>\n<p><span style=\"font-family: tahoma, geneva, sans-serif;\"><span style=\"font-size: 16px;\">ReFire Gear verano Rip-stop t\u00e1ctico militar Shorts hombres impermeable camuflaje Cargo Shorts Casual suelto algod\u00f3n camuflaje ej\u00e9rcito pantalones cortos<\/span><\/span><\/p>\n<div style=\"font-family: arial; font-size: 13.3333px; margin: 0px; padding: 0px;\"><span style=\"font-family: tahoma, geneva, sans-serif;\"><span style=\"font-size: 16px;\">Material: 65% algod\u00f3n + 36% poli\u00e9ster<\/span><\/span><\/div>\n<div style=\"font-family: arial; font-size: 13.3333px; margin: 0px; padding: 0px;\"><span style=\"font-family: tahoma, geneva, sans-serif;\"><span style=\"font-size: 16px;\">Caracter\u00edsticas: impermeable, resistente al viento, transpirable, militar, t\u00e1ctico, carga al aire libre&#8230;<\/span><\/span><\/div>\n<div style=\"font-family: arial; font-size: 13.3333px; margin: 0px; padding: 0px;\"><span style=\"font-family: tahoma, geneva, sans-serif;\"><span style=\"font-size: 16px;\">Para: SWAT, Casual, t\u00e1ctico, ej\u00e9rcito, militar, Paintball, moda, uso diario&#8230;<\/span><\/span><\/div>\n<div><span style=\"font-family: tahoma, geneva, sans-serif;\"><span style=\"font-size: 16px;\">Tama\u00f1o: la tabla de tallas est\u00e1 a continuaci\u00f3n, elija seg\u00fan la talla de su cuerpo.<\/span><\/span><span style=\"font-family: tahoma, geneva, sans-serif;\"><span style=\"font-size: 16px;\">Hay un margen de error de 1-2cm, si no est\u00e1 seguro de la talla, por favor env\u00edeme la informaci\u00f3n de su altura, peso y cintura, te ayudar\u00e9 a elegir la talla correcta. \u00a1Gracias!<\/span><\/span><\/div>\n<p>&nbsp;<\/p>\n<p style=\"font-family: arial; font-size: 13.3333px; text-align: center; margin: 0px; padding: 0px;\" align=\"center\"><img decoding=\"async\" title=\"ReFire Gear-pantalones cortos militares para hombre, Shorts t\u00e1cticos de camuflaje impermeables, informales, sueltos, de algod\u00f3n, para verano\" src=\"https:\/\/bodegaoutdoor.cl\/store\/wp-content\/uploads\/2023\/01\/64954-vl7ldl.jpg\" alt=\"ReFire Gear-pantalones cortos militares para hombre, Shorts t\u00e1cticos de camuflaje impermeables, informales, sueltos, de algod\u00f3n, para verano\" \/><img decoding=\"async\" title=\"ReFire Gear-pantalones cortos militares para hombre, Shorts t\u00e1cticos de camuflaje impermeables, informales, sueltos, de algod\u00f3n, para verano\" src=\"https:\/\/bodegaoutdoor.cl\/store\/wp-content\/uploads\/2023\/01\/64954-0gmzhu.jpg\" alt=\"ReFire Gear-pantalones cortos militares para hombre, Shorts t\u00e1cticos de camuflaje impermeables, informales, sueltos, de algod\u00f3n, para verano\" \/><img decoding=\"async\" title=\"ReFire Gear-pantalones cortos militares para hombre, Shorts t\u00e1cticos de camuflaje impermeables, informales, sueltos, de algod\u00f3n, para verano\" src=\"https:\/\/bodegaoutdoor.cl\/store\/wp-content\/uploads\/2023\/01\/64954-ozwu8q.jpg\" alt=\"ReFire Gear-pantalones cortos militares para hombre, Shorts t\u00e1cticos de camuflaje impermeables, informales, sueltos, de algod\u00f3n, para verano\" \/><img decoding=\"async\" title=\"ReFire Gear-pantalones cortos militares para hombre, Shorts t\u00e1cticos de camuflaje impermeables, informales, sueltos, de algod\u00f3n, para verano\" src=\"https:\/\/bodegaoutdoor.cl\/store\/wp-content\/uploads\/2023\/01\/64954-qpoiz4.jpg\" alt=\"ReFire Gear-pantalones cortos militares para hombre, Shorts t\u00e1cticos de camuflaje impermeables, informales, sueltos, de algod\u00f3n, para verano\" \/><img decoding=\"async\" title=\"ReFire Gear-pantalones cortos militares para hombre, Shorts t\u00e1cticos de camuflaje impermeables, informales, sueltos, de algod\u00f3n, para verano\" src=\"https:\/\/bodegaoutdoor.cl\/store\/wp-content\/uploads\/2023\/01\/64954-t5rwc7.jpg\" alt=\"ReFire Gear-pantalones cortos militares para hombre, Shorts t\u00e1cticos de camuflaje impermeables, informales, sueltos, de algod\u00f3n, para verano\" \/><img decoding=\"async\" title=\"ReFire Gear-pantalones cortos militares para hombre, Shorts t\u00e1cticos de camuflaje impermeables, informales, sueltos, de algod\u00f3n, para verano\" src=\"https:\/\/bodegaoutdoor.cl\/store\/wp-content\/uploads\/2023\/01\/64954-mhtxas.jpg\" alt=\"ReFire Gear-pantalones cortos militares para hombre, Shorts t\u00e1cticos de camuflaje impermeables, informales, sueltos, de algod\u00f3n, para verano\" \/><img decoding=\"async\" title=\"ReFire Gear-pantalones cortos militares para hombre, Shorts t\u00e1cticos de camuflaje impermeables, informales, sueltos, de algod\u00f3n, para verano\" src=\"https:\/\/bodegaoutdoor.cl\/store\/wp-content\/uploads\/2023\/01\/64954-8e9btk.jpg\" alt=\"ReFire Gear-pantalones cortos militares para hombre, Shorts t\u00e1cticos de camuflaje impermeables, informales, sueltos, de algod\u00f3n, para verano\" \/><img decoding=\"async\" title=\"ReFire Gear-pantalones cortos militares para hombre, Shorts t\u00e1cticos de camuflaje impermeables, informales, sueltos, de algod\u00f3n, para verano\" src=\"https:\/\/bodegaoutdoor.cl\/store\/wp-content\/uploads\/2023\/01\/64954-o2cv5c.jpg\" alt=\"ReFire Gear-pantalones cortos militares para hombre, Shorts t\u00e1cticos de camuflaje impermeables, informales, sueltos, de algod\u00f3n, para verano\" \/><img decoding=\"async\" title=\"ReFire Gear-pantalones cortos militares para hombre, Shorts t\u00e1cticos de camuflaje impermeables, informales, sueltos, de algod\u00f3n, para verano\" src=\"https:\/\/bodegaoutdoor.cl\/store\/wp-content\/uploads\/2023\/01\/64954-y90dml.jpg\" alt=\"ReFire Gear-pantalones cortos militares para hombre, Shorts t\u00e1cticos de camuflaje impermeables, informales, sueltos, de algod\u00f3n, para verano\" \/><img decoding=\"async\" title=\"ReFire Gear-pantalones cortos militares para hombre, Shorts t\u00e1cticos de camuflaje impermeables, informales, sueltos, de algod\u00f3n, para verano\" src=\"https:\/\/bodegaoutdoor.cl\/store\/wp-content\/uploads\/2023\/01\/64954-idyc46.jpg\" alt=\"ReFire Gear-pantalones cortos militares para hombre, Shorts t\u00e1cticos de camuflaje impermeables, informales, sueltos, de algod\u00f3n, para verano\" \/><img decoding=\"async\" title=\"ReFire Gear-pantalones cortos militares para hombre, Shorts t\u00e1cticos de camuflaje impermeables, informales, sueltos, de algod\u00f3n, para verano\" src=\"https:\/\/bodegaoutdoor.cl\/store\/wp-content\/uploads\/2023\/01\/64954-nnzdzp.jpg\" alt=\"ReFire Gear-pantalones cortos militares para hombre, Shorts t\u00e1cticos de camuflaje impermeables, informales, sueltos, de algod\u00f3n, para verano\" \/><img decoding=\"async\" title=\"ReFire Gear-pantalones cortos militares para hombre, Shorts t\u00e1cticos de camuflaje impermeables, informales, sueltos, de algod\u00f3n, para verano\" src=\"https:\/\/bodegaoutdoor.cl\/store\/wp-content\/uploads\/2023\/01\/64954-khgtsa.jpg\" alt=\"ReFire Gear-pantalones cortos militares para hombre, Shorts t\u00e1cticos de camuflaje impermeables, informales, sueltos, de algod\u00f3n, para verano\" \/><img decoding=\"async\" title=\"ReFire Gear-pantalones cortos militares para hombre, Shorts t\u00e1cticos de camuflaje impermeables, informales, sueltos, de algod\u00f3n, para verano\" src=\"https:\/\/bodegaoutdoor.cl\/store\/wp-content\/uploads\/2023\/01\/64954-wghbbm.jpg\" alt=\"ReFire Gear-pantalones cortos militares para hombre, Shorts t\u00e1cticos de camuflaje impermeables, informales, sueltos, de algod\u00f3n, para verano\" \/><img decoding=\"async\" title=\"ReFire Gear-pantalones cortos militares para hombre, Shorts t\u00e1cticos de camuflaje impermeables, informales, sueltos, de algod\u00f3n, para verano\" src=\"https:\/\/bodegaoutdoor.cl\/store\/wp-content\/uploads\/2023\/01\/64954-yjsyfa.jpg\" alt=\"ReFire Gear-pantalones cortos militares para hombre, Shorts t\u00e1cticos de camuflaje impermeables, informales, sueltos, de algod\u00f3n, para verano\" \/><img decoding=\"async\" title=\"ReFire Gear-pantalones cortos militares para hombre, Shorts t\u00e1cticos de camuflaje impermeables, informales, sueltos, de algod\u00f3n, para verano\" src=\"https:\/\/bodegaoutdoor.cl\/store\/wp-content\/uploads\/2023\/01\/64954-8fanrv.jpg\" alt=\"ReFire Gear-pantalones cortos militares para hombre, Shorts t\u00e1cticos de camuflaje impermeables, informales, sueltos, de algod\u00f3n, para verano\" \/><img decoding=\"async\" title=\"ReFire Gear-pantalones cortos militares para hombre, Shorts t\u00e1cticos de camuflaje impermeables, informales, sueltos, de algod\u00f3n, para verano\" src=\"https:\/\/bodegaoutdoor.cl\/store\/wp-content\/uploads\/2023\/01\/64954-nsob6p.jpg\" alt=\"ReFire Gear-pantalones cortos militares para hombre, Shorts t\u00e1cticos de camuflaje impermeables, informales, sueltos, de algod\u00f3n, para verano\" \/><img decoding=\"async\" title=\"ReFire Gear-pantalones cortos militares para hombre, Shorts t\u00e1cticos de camuflaje impermeables, informales, sueltos, de algod\u00f3n, para verano\" src=\"https:\/\/bodegaoutdoor.cl\/store\/wp-content\/uploads\/2023\/01\/64954-4stvkf.jpg\" alt=\"ReFire Gear-pantalones cortos militares para hombre, Shorts t\u00e1cticos de camuflaje impermeables, informales, sueltos, de algod\u00f3n, para verano\" \/><img decoding=\"async\" title=\"ReFire Gear-pantalones cortos militares para hombre, Shorts t\u00e1cticos de camuflaje impermeables, informales, sueltos, de algod\u00f3n, para verano\" src=\"https:\/\/bodegaoutdoor.cl\/store\/wp-content\/uploads\/2023\/01\/64954-wijm3v.jpg\" alt=\"ReFire Gear-pantalones cortos militares para hombre, Shorts t\u00e1cticos de camuflaje impermeables, informales, sueltos, de algod\u00f3n, para verano\" \/><img decoding=\"async\" title=\"ReFire Gear-pantalones cortos militares para hombre, Shorts t\u00e1cticos de camuflaje impermeables, informales, sueltos, de algod\u00f3n, para verano\" src=\"https:\/\/bodegaoutdoor.cl\/store\/wp-content\/uploads\/2023\/01\/64954-cgqk01.jpg\" alt=\"ReFire Gear-pantalones cortos militares para hombre, Shorts t\u00e1cticos de camuflaje impermeables, informales, sueltos, de algod\u00f3n, para verano\" \/><\/p>\n<div style=\"text-align: center;\" align=\"center\"><\/div>\n<div style=\"font-family: arial, sans-serif, verdana; font-size: 13px; line-height: inherit; border: 0px; margin: 0px; padding: 0px;\">\n<p style=\"text-align: center;\" align=\"center\"><img decoding=\"async\" title=\"ReFire Gear-pantalones cortos militares para hombre, Shorts t\u00e1cticos de camuflaje impermeables, informales, sueltos, de algod\u00f3n, para verano\" src=\"https:\/\/bodegaoutdoor.cl\/store\/wp-content\/uploads\/2023\/01\/64954-hjl3h8.jpg\" alt=\"ReFire Gear-pantalones cortos militares para hombre, Shorts t\u00e1cticos de camuflaje impermeables, informales, sueltos, de algod\u00f3n, para verano\" \/><\/p>\n<div style=\"text-align: center;\" align=\"center\"><img decoding=\"async\" title=\"ReFire Gear-pantalones cortos militares para hombre, Shorts t\u00e1cticos de camuflaje impermeables, informales, sueltos, de algod\u00f3n, para verano\" src=\"https:\/\/bodegaoutdoor.cl\/store\/wp-content\/uploads\/2023\/01\/64954-dtrxxh.jpg\" alt=\"ReFire Gear-pantalones cortos militares para hombre, Shorts t\u00e1cticos de camuflaje impermeables, informales, sueltos, de algod\u00f3n, para verano\" \/><\/div>\n<div style=\"font-family: arial, helvetica, sans-serif; line-height: 16.9px; border: 0px; margin: 0px; padding: 0px;\"><span style=\"font-size: 16px;\"><span style=\"font-family: sans-serif;\">Pago:<\/span><\/span><\/div>\n<div><span style=\"font-size: 16px;\">1. Antes de realizar tu pedido, confirma los detalles con nosotros si tienes alguna solicitud sobre los art\u00edculos.<\/span><\/div>\n<div><span style=\"font-size: 16px;\">2. Normalmente, aceptamos el pago por ESCROW. Si quieres pagar de otra manera, cont\u00e1ctanos.<\/span><\/div>\n<div><span style=\"font-size: 16px;\">3. Aceptamos drop shiping y venta al por mayor, bienvenido a contactarnos para hacer cooperaci\u00f3n.<\/span><\/div>\n<div style=\"font-family: arial, helvetica, sans-serif; line-height: 16.9px; border: 0px; margin: 0px; padding: 0px;\"><span style=\"font-size: inherit;\"><span style=\"font-size: 16px;\"><span style=\"font-size: inherit; font-family: sans-serif;\">Env\u00edo:<\/span><\/span><\/span><\/div>\n<div><span style=\"font-size: 16px;\">1. Tiempo de preparaci\u00f3n: necesitamos de 3 a 5 d\u00edas h\u00e1biles para preparar su pedido de acuerdo con nuestros numerosos pedidos diarios.<\/span><\/div>\n<div><span style=\"font-size: 16px;\">2. Comprueba dos veces tu direcci\u00f3n cuando escribas en el pedido. Si quieres cambiar la direcci\u00f3n, por favor, dinos la nueva direcci\u00f3n antes de enviar el pedido.<\/span><\/div>\n<div><span style=\"font-size: 16px;\">3. Acerca de los derechos de aduana<\/span><\/div>\n<div><span style=\"font-size: 16px;\">En consideraci\u00f3n al beneficio de nuestros clientes, estamos obligados a enviar su pedido por correo regular. Por favor, entiende que, sin embargo, los aranceles aduaneros est\u00e1n fuera de nuestro control. No podemos garantizarnos que no habr\u00e1 impuestos ni asumiremos ninguna tasa fiscal.<\/span><\/div>\n<div><span style=\"font-size: 16px;\">4. La mayor\u00eda de los pa\u00edses tienen env\u00edo gratis por correo a\u00e9reo de China Post, una vez que enviamos los art\u00edculos, proporcionaremos el n\u00famero de seguimiento. En general, los clientes de Europa, Am\u00e9rica del Norte y Asia pueden recibir los productos en el plazo de 30 d\u00edas. Los clientes de Rusia podr\u00edan recibir los productos en un plazo de 40 d\u00edas; Los clientes de Sudam\u00e9rica, como Argentina y Brasil pueden recibir los productos en un plazo de 60 d\u00edas. Si ocurre alg\u00fan accidente, puede tardar m\u00e1s de 60 d\u00edas, espera pacientemente. Gracias.<\/span><\/div>\n<div><span style=\"font-size: 16px;\">Si desea obtener los productos m\u00e1s r\u00e1pido, proporcionamos el env\u00edo de FEDEX, EMS, DHL y UPS. P\u00f3ngase en contacto con nosotros para obtener el mejor precio.<\/span><\/div>\n<p style=\"text-align: center;\" align=\"center\"><img decoding=\"async\" title=\"ReFire Gear-pantalones cortos militares para hombre, Shorts t\u00e1cticos de camuflaje impermeables, informales, sueltos, de algod\u00f3n, para verano\" src=\"https:\/\/bodegaoutdoor.cl\/store\/wp-content\/uploads\/2023\/01\/64954-rngoho.jpg\" alt=\"ReFire Gear-pantalones cortos militares para hombre, Shorts t\u00e1cticos de camuflaje impermeables, informales, sueltos, de algod\u00f3n, para verano\" \/><\/p>\n<div style=\"font-family: arial, helvetica, sans-serif; line-height: 16.9px; border: 0px; margin: 0px; padding: 0px;\"><span style=\"font-size: inherit;\"><span style=\"font-size: inherit; font-family: sans-serif;\"><span style=\"font-size: 16px;\">Valoraciones:<\/span><\/span><\/span><\/div>\n<div><span style=\"font-size: 16px;\">1. Si est\u00e1s satisfecho con nuestros productos y servicios, deja un comentario positivo y 5 estrellas.<\/span><\/div>\n<div><span style=\"font-size: 16px;\">2. Si no est\u00e1s satisfecho con nuestros productos, cont\u00e1ctanos antes de dejar un comentario negativo.<\/span><\/div>\n<div><span style=\"font-size: 16px;\">Prometemos que resolveremos al 100% tu problema y te Satisfaremos.<\/span><\/div>\n<div style=\"font-family: arial, helvetica, sans-serif; line-height: 16.9px; border: 0px; margin: 0px; padding: 0px;\"><span style=\"font-size: inherit;\"><span style=\"font-size: inherit; font-family: sans-serif;\"><span style=\"font-size: 16px;\">Servicio:<\/span><\/span><\/span><\/div>\n<div style=\"font-family: arial, helvetica, sans-serif; line-height: 16.9px; border: 0px; margin: 0px; padding: 0px;\"><span style=\"font-size: 16px;\">1.Nos preocupamos por nuestros valiosos clientes y siempre trataremos de ayudarlo, esperamos establecer un largo negocio con usted.<\/span><\/div>\n<div style=\"font-family: arial, helvetica, sans-serif; line-height: 16.9px; border: 0px; margin: 0px; padding: 0px;\"><span style=\"font-size: 16px;\">2. Cont\u00e1ctanos por mensaje o correo electr\u00f3nico antes de dejar cualquier comentario negativo o abrir una disputa en el sitio.<\/span><\/div>\n<div style=\"font-family: arial, helvetica, sans-serif; line-height: 16.9px; border: 0px; margin: 0px; padding: 0px;\"><span style=\"font-size: 16px;\">Creemos que todas las disputas se pueden solucionar de mutuo acuerdo.<\/span><\/div>\n<\/div>\n<\/div>\n<\/div>\n\n    <div class=\"xs_social_share_widget xs_share_url after_content \t\tmain_content  wslu-style-1 wslu-share-box-shaped wslu-fill-colored wslu-none wslu-share-horizontal wslu-theme-font-no wslu-main_content\">\n\n\t\t\n        <ul>\n\t\t\t        <\/ul>\n    <\/div> \n","protected":false},"excerpt":{"rendered":"<p>ReFire Gear verano Rip-stop t\u00e1ctico militar Shorts hombres impermeable camuflaje Cargo Shorts Casual suelto algod\u00f3n camuflaje ej\u00e9rcito pantalones cortos Material: 65% algod\u00f3n + 36% poli\u00e9ster Caracter\u00edsticas: impermeable, resistente al viento, transpirable, militar, t\u00e1ctico, carga al aire libre&#8230; Para: SWAT, Casual, t\u00e1ctico, ej\u00e9rcito, militar, Paintball, moda, uso diario&#8230; Tama\u00f1o: la tabla de tallas est\u00e1 a continuaci\u00f3n, [&hellip;]<\/p>\n","protected":false},"featured_media":64975,"comment_status":"open","ping_status":"closed","template":"","meta":{"jetpack_publicize_message":"","jetpack_publicize_feature_enabled":true,"jetpack_social_post_already_shared":true,"jetpack_social_options":{"image_generator_settings":{"template":"highway","enabled":false},"version":2}},"product_brand":[],"product_cat":[62],"product_tag":[],"class_list":{"0":"post-64954","1":"product","2":"type-product","3":"status-publish","4":"has-post-thumbnail","6":"product_cat-vestuario-hombre","8":"first","9":"instock","10":"sale","11":"taxable","12":"shipping-taxable","13":"purchasable","14":"product-type-variable"},"jetpack_publicize_connections":[],"jetpack_sharing_enabled":true,"_links":{"self":[{"href":"https:\/\/bodegaoutdoor.cl\/store\/wp-json\/wp\/v2\/product\/64954","targetHints":{"allow":["GET"]}}],"collection":[{"href":"https:\/\/bodegaoutdoor.cl\/store\/wp-json\/wp\/v2\/product"}],"about":[{"href":"https:\/\/bodegaoutdoor.cl\/store\/wp-json\/wp\/v2\/types\/product"}],"replies":[{"embeddable":true,"href":"https:\/\/bodegaoutdoor.cl\/store\/wp-json\/wp\/v2\/comments?post=64954"}],"version-history":[{"count":25,"href":"https:\/\/bodegaoutdoor.cl\/store\/wp-json\/wp\/v2\/product\/64954\/revisions"}],"predecessor-version":[{"id":65042,"href":"https:\/\/bodegaoutdoor.cl\/store\/wp-json\/wp\/v2\/product\/64954\/revisions\/65042"}],"wp:featuredmedia":[{"embeddable":true,"href":"https:\/\/bodegaoutdoor.cl\/store\/wp-json\/wp\/v2\/media\/64975"}],"wp:attachment":[{"href":"https:\/\/bodegaoutdoor.cl\/store\/wp-json\/wp\/v2\/media?parent=64954"}],"wp:term":[{"taxonomy":"product_brand","embeddable":true,"href":"https:\/\/bodegaoutdoor.cl\/store\/wp-json\/wp\/v2\/product_brand?post=64954"},{"taxonomy":"product_cat","embeddable":true,"href":"https:\/\/bodegaoutdoor.cl\/store\/wp-json\/wp\/v2\/product_cat?post=64954"},{"taxonomy":"product_tag","embeddable":true,"href":"https:\/\/bodegaoutdoor.cl\/store\/wp-json\/wp\/v2\/product_tag?post=64954"}],"curies":[{"name":"wp","href":"https:\/\/api.w.org\/{rel}","templated":true}]}}