{"id":65071,"date":"2023-01-14T13:41:20","date_gmt":"2023-01-14T16:41:20","guid":{"rendered":"https:\/\/bodegaoutdoor.cl\/store\/product\/garmin-reloj-inteligente-forerunner-45-original-con-gps-control-del-ritmo-cardiaco-para-fitness-y-deportes\/"},"modified":"2023-05-04T19:18:35","modified_gmt":"2023-05-04T23:18:35","slug":"garmin-reloj-inteligente-forerunner-45-original-con-gps-control-del-ritmo-cardiaco-para-fitness-y-deportes","status":"publish","type":"product","link":"https:\/\/bodegaoutdoor.cl\/store\/product\/garmin-reloj-inteligente-forerunner-45-original-con-gps-control-del-ritmo-cardiaco-para-fitness-y-deportes\/","title":{"rendered":"Garmin-reloj inteligente Forerunner 45, Original, con GPS, control del ritmo card\u00edaco, para Fitness y Deportes"},"content":{"rendered":"<p style=\"text-align: center;\"><video style=\"max-width: 100%;\" src=\"\/\/video.aliexpress-media.com\/play\/u\/ae_sg_item\/2207905414713\/p\/1\/e\/6\/t\/10301\/333698339050.mp4\" poster=\"https:\/\/ae01.alicdn.com\/kf\/A02cb898b78d943c29c268d8b0b85213aB\/Garmin-reloj-inteligente-Forerunner-45-Original-con-GPS-control-del-ritmo-card-aco-para-Fitness-y.png,https:\/\/ae01.alicdn.com\/kf\/A3a6d2930c7204ace9df0d75ccba9a4fe4\/Garmin-reloj-inteligente-Forerunner-45-Original-con-GPS-control-del-ritmo-card-aco-para-Fitness-y.png,https:\/\/ae01.alicdn.com\/kf\/Hdaa4d2cc04194d8085d66c809ec943118\/Garmin-reloj-inteligente-Forerunner-45-Original-con-GPS-control-del-ritmo-card-aco-para-Fitness-y.jpg,https:\/\/ae01.alicdn.com\/kf\/H035d05f79e384c108865fecf81f925ccV\/Garmin-reloj-inteligente-Forerunner-45-Original-con-GPS-control-del-ritmo-card-aco-para-Fitness-y.jpg\" preload=\"auto\" controls=\"controls\" width=\"100%\" height=\"100%\"><\/video><\/p>\n<div>\n<div>\n<div><\/div>\n<h1 id=\"title\" align=\"start\"><span style=\"font-size: 24px;\">Garmin Forerunner 45<\/span><\/h1>\n<div>\n<div>\n<div>\n<ul>\n<li style=\"margin: 0px;\">Gps running watch Con Garmin Coach plan de entrenamiento de apoyo<\/li>\n<li style=\"margin: 0px;\">El reloj para correr f\u00e1cil de usar calcula la frecuencia card\u00edaca en la mu\u00f1eca y cuenta con GPS para rastrear su ritmo, distancia, intervalos y m\u00e1s<\/li>\n<li style=\"margin: 0px;\">Funciona con planes de entrenamiento adaptativo Garmin coach gratuitos que brindan entrenamiento experto y personalizado directamente a su mu\u00f1eca<\/li>\n<li style=\"margin: 0px;\">Las funciones conectadas incluyen notificaciones inteligentes para mensajes de texto y llamadas entrantes, cargas autom\u00e1ticas a nuestra comunidad en l\u00ednea Garmin connect, seguimiento en vivo y controles para la reproducci\u00f3n de m\u00fasica en tu tel\u00e9fono inteligente compatible emparejado.<\/li>\n<li style=\"margin: 0px;\">Las funciones de seguridad y seguimiento incluyen detecci\u00f3n de Incidentes (durante actividades seleccionadas) que env\u00eda tu ubicaci\u00f3n en tiempo real a contactos de emergencia a trav\u00e9s de tu smartphone compatible emparejado.<\/li>\n<li style=\"margin: 0px;\">Aplicaciones deportivas para correr, ciclismo, pista de interior, cinta de correr, el\u00edptico, cardio, yoga y m\u00e1s<\/li>\n<li style=\"margin: 0px;\">Duraci\u00f3n de la bater\u00eda: hasta 7 d\u00edas en modo reloj inteligente; 14 horas en modo GPS<\/li>\n<\/ul>\n<p><img decoding=\"async\" title=\"Garmin-reloj inteligente Forerunner 45, Original, con GPS, control del ritmo card\u00edaco, para Fitness y Deportes\" src=\"https:\/\/bodegaoutdoor.cl\/store\/wp-content\/uploads\/2023\/01\/65071-agctyj.jpg\" alt=\"Garmin-reloj inteligente Forerunner 45, Original, con GPS, control del ritmo card\u00edaco, para Fitness y Deportes\" \/><img decoding=\"async\" title=\"Garmin-reloj inteligente Forerunner 45, Original, con GPS, control del ritmo card\u00edaco, para Fitness y Deportes\" src=\"https:\/\/bodegaoutdoor.cl\/store\/wp-content\/uploads\/2023\/01\/65071-exbroy.jpg\" alt=\"Garmin-reloj inteligente Forerunner 45, Original, con GPS, control del ritmo card\u00edaco, para Fitness y Deportes\" \/><img decoding=\"async\" title=\"Garmin-reloj inteligente Forerunner 45, Original, con GPS, control del ritmo card\u00edaco, para Fitness y Deportes\" src=\"https:\/\/bodegaoutdoor.cl\/store\/wp-content\/uploads\/2023\/01\/65071-4c8ntg.jpg\" alt=\"Garmin-reloj inteligente Forerunner 45, Original, con GPS, control del ritmo card\u00edaco, para Fitness y Deportes\" \/><img decoding=\"async\" title=\"Garmin-reloj inteligente Forerunner 45, Original, con GPS, control del ritmo card\u00edaco, para Fitness y Deportes\" src=\"https:\/\/bodegaoutdoor.cl\/store\/wp-content\/uploads\/2023\/01\/65071-otnggo.jpg\" alt=\"Garmin-reloj inteligente Forerunner 45, Original, con GPS, control del ritmo card\u00edaco, para Fitness y Deportes\" \/><img decoding=\"async\" title=\"Garmin-reloj inteligente Forerunner 45, Original, con GPS, control del ritmo card\u00edaco, para Fitness y Deportes\" src=\"https:\/\/bodegaoutdoor.cl\/store\/wp-content\/uploads\/2023\/01\/65071-fdxp15.jpg\" alt=\"Garmin-reloj inteligente Forerunner 45, Original, con GPS, control del ritmo card\u00edaco, para Fitness y Deportes\" \/><img decoding=\"async\" title=\"Garmin-reloj inteligente Forerunner 45, Original, con GPS, control del ritmo card\u00edaco, para Fitness y Deportes\" src=\"https:\/\/bodegaoutdoor.cl\/store\/wp-content\/uploads\/2023\/01\/65071-w2lrzx.jpg\" alt=\"Garmin-reloj inteligente Forerunner 45, Original, con GPS, control del ritmo card\u00edaco, para Fitness y Deportes\" \/><\/p>\n<p>&nbsp;<\/p>\n<\/div>\n<\/div>\n<\/div>\n<div><\/div>\n<p>&nbsp;<\/p>\n<\/div>\n<\/div>\n\n    <div class=\"xs_social_share_widget xs_share_url after_content \t\tmain_content  wslu-style-1 wslu-share-box-shaped wslu-fill-colored wslu-none wslu-share-horizontal wslu-theme-font-no wslu-main_content\">\n\n\t\t\n        <ul>\n\t\t\t        <\/ul>\n    <\/div> \n","protected":false},"excerpt":{"rendered":"<p>Garmin Forerunner 45 Gps running watch Con Garmin Coach plan de entrenamiento de apoyo El reloj para correr f\u00e1cil de usar calcula la frecuencia card\u00edaca en la mu\u00f1eca y cuenta con GPS para rastrear su ritmo, distancia, intervalos y m\u00e1s Funciona con planes de entrenamiento adaptativo Garmin coach gratuitos que brindan entrenamiento experto y personalizado [&hellip;]<\/p>\n","protected":false},"featured_media":65073,"comment_status":"open","ping_status":"closed","template":"","meta":{"jetpack_publicize_message":"","jetpack_publicize_feature_enabled":true,"jetpack_social_post_already_shared":true,"jetpack_social_options":{"image_generator_settings":{"template":"highway","enabled":false},"version":2}},"product_brand":[],"product_cat":[36],"product_tag":[],"class_list":{"0":"post-65071","1":"product","2":"type-product","3":"status-publish","4":"has-post-thumbnail","6":"product_cat-relojes","8":"first","9":"instock","10":"sale","11":"taxable","12":"shipping-taxable","13":"purchasable","14":"product-type-variable"},"jetpack_publicize_connections":[],"jetpack_sharing_enabled":true,"_links":{"self":[{"href":"https:\/\/bodegaoutdoor.cl\/store\/wp-json\/wp\/v2\/product\/65071","targetHints":{"allow":["GET"]}}],"collection":[{"href":"https:\/\/bodegaoutdoor.cl\/store\/wp-json\/wp\/v2\/product"}],"about":[{"href":"https:\/\/bodegaoutdoor.cl\/store\/wp-json\/wp\/v2\/types\/product"}],"replies":[{"embeddable":true,"href":"https:\/\/bodegaoutdoor.cl\/store\/wp-json\/wp\/v2\/comments?post=65071"}],"version-history":[{"count":8,"href":"https:\/\/bodegaoutdoor.cl\/store\/wp-json\/wp\/v2\/product\/65071\/revisions"}],"predecessor-version":[{"id":65121,"href":"https:\/\/bodegaoutdoor.cl\/store\/wp-json\/wp\/v2\/product\/65071\/revisions\/65121"}],"wp:featuredmedia":[{"embeddable":true,"href":"https:\/\/bodegaoutdoor.cl\/store\/wp-json\/wp\/v2\/media\/65073"}],"wp:attachment":[{"href":"https:\/\/bodegaoutdoor.cl\/store\/wp-json\/wp\/v2\/media?parent=65071"}],"wp:term":[{"taxonomy":"product_brand","embeddable":true,"href":"https:\/\/bodegaoutdoor.cl\/store\/wp-json\/wp\/v2\/product_brand?post=65071"},{"taxonomy":"product_cat","embeddable":true,"href":"https:\/\/bodegaoutdoor.cl\/store\/wp-json\/wp\/v2\/product_cat?post=65071"},{"taxonomy":"product_tag","embeddable":true,"href":"https:\/\/bodegaoutdoor.cl\/store\/wp-json\/wp\/v2\/product_tag?post=65071"}],"curies":[{"name":"wp","href":"https:\/\/api.w.org\/{rel}","templated":true}]}}