{"id":65091,"date":"2023-01-14T13:44:49","date_gmt":"2023-01-14T16:44:49","guid":{"rendered":"https:\/\/bodegaoutdoor.cl\/store\/product\/ticwatch-pro-3-lte-wear-os-smartwatch-vodafone-orange-mens-sports-watch-snapdragon-wear-4100-8gb-rom-3-a-45-dias-de-duracao-da-bateria\/"},"modified":"2023-05-04T19:18:35","modified_gmt":"2023-05-04T23:18:35","slug":"ticwatch-pro-3-lte-wear-os-smartwatch-vodafone-orange-mens-sports-watch-snapdragon-wear-4100-8gb-rom-3-a-45-dias-de-duracao-da-bateria","status":"publish","type":"product","link":"https:\/\/bodegaoutdoor.cl\/store\/product\/ticwatch-pro-3-lte-wear-os-smartwatch-vodafone-orange-mens-sports-watch-snapdragon-wear-4100-8gb-rom-3-a-45-dias-de-duracao-da-bateria\/","title":{"rendered":"SmartWatch Pro 3 LTE Wear OS Smartwatch Vodafone  Snapdragon Wear 4100 8GB ROM 3 a 45 dias de dura\u00e7\u00e3o da bateria"},"content":{"rendered":"<p style=\"text-align: center;\"><video style=\"max-width: 100%;\" src=\"\/\/video.aliexpress-media.com\/play\/u\/ae_sg_item\/2206398697824\/p\/1\/e\/6\/t\/10301\/308459292646.mp4\" poster=\"https:\/\/ae01.alicdn.com\/kf\/S07e61651729846a78bbc4037511ae9ab3\/TicWatch-Pro-3-LTE-Wear-OS-Smartwatch-Vodafone-Orange-Men-s-Sports-Watch-Snapdragon-Wear-4100.jpg,https:\/\/ae01.alicdn.com\/kf\/Sb66a6e7486854879adcf71eaa143bddaD\/TicWatch-Pro-3-LTE-Wear-OS-Smartwatch-Vodafone-Orange-Men-s-Sports-Watch-Snapdragon-Wear-4100.jpg,https:\/\/ae01.alicdn.com\/kf\/S6c6ed7f5a4564f659b6dbc72b57dd5139\/TicWatch-Pro-3-LTE-Wear-OS-Smartwatch-Vodafone-Orange-Men-s-Sports-Watch-Snapdragon-Wear-4100.jpeg,https:\/\/ae01.alicdn.com\/kf\/S8c2e7b86ffed4c44876a0b6c205ba86fD\/TicWatch-Pro-3-LTE-Wear-OS-Smartwatch-Vodafone-Orange-Men-s-Sports-Watch-Snapdragon-Wear-4100.jpg,https:\/\/ae01.alicdn.com\/kf\/S21e081d29ba24e7bad9ed9e0483d736fh\/TicWatch-Pro-3-LTE-Wear-OS-Smartwatch-Vodafone-Orange-Men-s-Sports-Watch-Snapdragon-Wear-4100.jpg,https:\/\/ae01.alicdn.com\/kf\/Sf45b6d42138148bb98c2e2e1d2f2296cq\/TicWatch-Pro-3-LTE-Wear-OS-Smartwatch-Vodafone-Orange-Men-s-Sports-Watch-Snapdragon-Wear-4100.jpg\" preload=\"auto\" controls=\"controls\" width=\"100%\" height=\"100%\"><\/video><\/p>\n<div>\n<p style=\"font-family: OpenSans; font-size: 20px; font-weight: 900; line-height: 28px; margin-bottom: 12px;\"><span style=\"font-size: 16px; font-family: arial, helvetica, sans-serif;\">Nota:<\/span><\/p>\n<p><span style=\"font-family: arial, helvetica, sans-serif;\">1. O recurso LTE funciona apenas com Vodafone OneNumber na Alemanha, Reino Unido e Espanha, Orange eSIM na Fran\u00e7a, Espanha e Pol\u00f4nia.<\/span><\/p>\n<p>2. A classifica\u00e7\u00e3o \u00e0 prova d&#8217;\u00e1gua e \u00e0 prova de poeira do TicWatch \u00e9 IP68. Ele pode ser usado para atividades aqu\u00e1ticas em<br \/>\n\u00e1guas rasas, como piscinas. N\u00e3o \u00e9 adequado para mergulho, esqui aqu\u00e1tico,<br \/>\nv\u00e1rias atividades em p\u00e2ntanos e atividades em \u00e1guas profundas de alta<br \/>\nvelocidade.<\/p>\n<div><\/div>\n<p>As seguintes condi\u00e7\u00f5es devem ser evitadas:<\/p>\n<p>&#8211; Queda, choque violento ou golpe e uso violento.<\/p>\n<p>-Contacte com sab\u00e3o ou \u00e1gua com sab\u00e3o quando lavar as m\u00e3os, lavar lou\u00e7a, lavar as m\u00e3os, tomar banho ou tomar banho.<\/p>\n<p><img decoding=\"async\" title=\"TicWatch Pro 3 LTE Wear OS Smartwatch Vodafone\/Orange Men's Sports Watch Snapdragon Wear 4100 8GB ROM 3 a 45 dias de dura\u00e7\u00e3o da bateria\" src=\"https:\/\/bodegaoutdoor.cl\/store\/wp-content\/uploads\/2023\/01\/65091-sjo0bc.jpg\" alt=\"TicWatch Pro 3 LTE Wear OS Smartwatch Vodafone\/Orange Men's Sports Watch Snapdragon Wear 4100 8GB ROM 3 a 45 dias de dura\u00e7\u00e3o da bateria\" \/><img decoding=\"async\" title=\"TicWatch Pro 3 LTE Wear OS Smartwatch Vodafone\/Orange Men's Sports Watch Snapdragon Wear 4100 8GB ROM 3 a 45 dias de dura\u00e7\u00e3o da bateria\" src=\"https:\/\/bodegaoutdoor.cl\/store\/wp-content\/uploads\/2023\/01\/65091-2nr5pt.jpg\" alt=\"TicWatch Pro 3 LTE Wear OS Smartwatch Vodafone\/Orange Men's Sports Watch Snapdragon Wear 4100 8GB ROM 3 a 45 dias de dura\u00e7\u00e3o da bateria\" \/><img decoding=\"async\" title=\"TicWatch Pro 3 LTE Wear OS Smartwatch Vodafone\/Orange Men's Sports Watch Snapdragon Wear 4100 8GB ROM 3 a 45 dias de dura\u00e7\u00e3o da bateria\" src=\"https:\/\/bodegaoutdoor.cl\/store\/wp-content\/uploads\/2023\/01\/65091-yay1oe.jpg\" alt=\"TicWatch Pro 3 LTE Wear OS Smartwatch Vodafone\/Orange Men's Sports Watch Snapdragon Wear 4100 8GB ROM 3 a 45 dias de dura\u00e7\u00e3o da bateria\" \/><img decoding=\"async\" title=\"TicWatch Pro 3 LTE Wear OS Smartwatch Vodafone\/Orange Men's Sports Watch Snapdragon Wear 4100 8GB ROM 3 a 45 dias de dura\u00e7\u00e3o da bateria\" src=\"https:\/\/bodegaoutdoor.cl\/store\/wp-content\/uploads\/2023\/01\/65091-w2zwoh.jpg\" alt=\"TicWatch Pro 3 LTE Wear OS Smartwatch Vodafone\/Orange Men's Sports Watch Snapdragon Wear 4100 8GB ROM 3 a 45 dias de dura\u00e7\u00e3o da bateria\" \/><img decoding=\"async\" title=\"TicWatch Pro 3 LTE Wear OS Smartwatch Vodafone\/Orange Men's Sports Watch Snapdragon Wear 4100 8GB ROM 3 a 45 dias de dura\u00e7\u00e3o da bateria\" src=\"https:\/\/bodegaoutdoor.cl\/store\/wp-content\/uploads\/2023\/01\/65091-iupabh.jpg\" alt=\"TicWatch Pro 3 LTE Wear OS Smartwatch Vodafone\/Orange Men's Sports Watch Snapdragon Wear 4100 8GB ROM 3 a 45 dias de dura\u00e7\u00e3o da bateria\" \/><img decoding=\"async\" title=\"TicWatch Pro 3 LTE Wear OS Smartwatch Vodafone\/Orange Men's Sports Watch Snapdragon Wear 4100 8GB ROM 3 a 45 dias de dura\u00e7\u00e3o da bateria\" src=\"https:\/\/bodegaoutdoor.cl\/store\/wp-content\/uploads\/2023\/01\/65091-7exawx.jpg\" alt=\"TicWatch Pro 3 LTE Wear OS Smartwatch Vodafone\/Orange Men's Sports Watch Snapdragon Wear 4100 8GB ROM 3 a 45 dias de dura\u00e7\u00e3o da bateria\" \/><img decoding=\"async\" title=\"TicWatch Pro 3 LTE Wear OS Smartwatch Vodafone\/Orange Men's Sports Watch Snapdragon Wear 4100 8GB ROM 3 a 45 dias de dura\u00e7\u00e3o da bateria\" src=\"https:\/\/bodegaoutdoor.cl\/store\/wp-content\/uploads\/2023\/01\/65091-tryjup.jpg\" alt=\"TicWatch Pro 3 LTE Wear OS Smartwatch Vodafone\/Orange Men's Sports Watch Snapdragon Wear 4100 8GB ROM 3 a 45 dias de dura\u00e7\u00e3o da bateria\" \/><\/p>\n<\/div>\n<p><img decoding=\"async\" title=\"TicWatch Pro 3 LTE Wear OS Smartwatch Vodafone\/Orange Men's Sports Watch Snapdragon Wear 4100 8GB ROM 3 a 45 dias de dura\u00e7\u00e3o da bateria\" src=\"https:\/\/bodegaoutdoor.cl\/store\/wp-content\/uploads\/2023\/01\/65091-8ohv6z.jpg\" alt=\"TicWatch Pro 3 LTE Wear OS Smartwatch Vodafone\/Orange Men's Sports Watch Snapdragon Wear 4100 8GB ROM 3 a 45 dias de dura\u00e7\u00e3o da bateria\" \/><\/p>\n\n    <div class=\"xs_social_share_widget xs_share_url after_content \t\tmain_content  wslu-style-1 wslu-share-box-shaped wslu-fill-colored wslu-none wslu-share-horizontal wslu-theme-font-no wslu-main_content\">\n\n\t\t\n        <ul>\n\t\t\t        <\/ul>\n    <\/div> \n","protected":false},"excerpt":{"rendered":"<p>Nota: 1. O recurso LTE funciona apenas com Vodafone OneNumber na Alemanha, Reino Unido e Espanha, Orange eSIM na Fran\u00e7a, Espanha e Pol\u00f4nia. 2. A classifica\u00e7\u00e3o \u00e0 prova d&#8217;\u00e1gua e \u00e0 prova de poeira do TicWatch \u00e9 IP68. Ele pode ser usado para atividades aqu\u00e1ticas em \u00e1guas rasas, como piscinas. N\u00e3o \u00e9 adequado para mergulho, [&hellip;]<\/p>\n","protected":false},"featured_media":65097,"comment_status":"open","ping_status":"closed","template":"","meta":{"jetpack_publicize_message":"","jetpack_publicize_feature_enabled":true,"jetpack_social_post_already_shared":true,"jetpack_social_options":{"image_generator_settings":{"template":"highway","enabled":false},"version":2}},"product_brand":[],"product_cat":[36],"product_tag":[],"class_list":{"0":"post-65091","1":"product","2":"type-product","3":"status-publish","4":"has-post-thumbnail","6":"product_cat-relojes","8":"first","9":"instock","10":"sale","11":"taxable","12":"shipping-taxable","13":"purchasable","14":"product-type-variable"},"jetpack_publicize_connections":[],"jetpack_sharing_enabled":true,"_links":{"self":[{"href":"https:\/\/bodegaoutdoor.cl\/store\/wp-json\/wp\/v2\/product\/65091","targetHints":{"allow":["GET"]}}],"collection":[{"href":"https:\/\/bodegaoutdoor.cl\/store\/wp-json\/wp\/v2\/product"}],"about":[{"href":"https:\/\/bodegaoutdoor.cl\/store\/wp-json\/wp\/v2\/types\/product"}],"replies":[{"embeddable":true,"href":"https:\/\/bodegaoutdoor.cl\/store\/wp-json\/wp\/v2\/comments?post=65091"}],"version-history":[{"count":11,"href":"https:\/\/bodegaoutdoor.cl\/store\/wp-json\/wp\/v2\/product\/65091\/revisions"}],"predecessor-version":[{"id":65155,"href":"https:\/\/bodegaoutdoor.cl\/store\/wp-json\/wp\/v2\/product\/65091\/revisions\/65155"}],"wp:featuredmedia":[{"embeddable":true,"href":"https:\/\/bodegaoutdoor.cl\/store\/wp-json\/wp\/v2\/media\/65097"}],"wp:attachment":[{"href":"https:\/\/bodegaoutdoor.cl\/store\/wp-json\/wp\/v2\/media?parent=65091"}],"wp:term":[{"taxonomy":"product_brand","embeddable":true,"href":"https:\/\/bodegaoutdoor.cl\/store\/wp-json\/wp\/v2\/product_brand?post=65091"},{"taxonomy":"product_cat","embeddable":true,"href":"https:\/\/bodegaoutdoor.cl\/store\/wp-json\/wp\/v2\/product_cat?post=65091"},{"taxonomy":"product_tag","embeddable":true,"href":"https:\/\/bodegaoutdoor.cl\/store\/wp-json\/wp\/v2\/product_tag?post=65091"}],"curies":[{"name":"wp","href":"https:\/\/api.w.org\/{rel}","templated":true}]}}