{"id":65182,"date":"2023-01-14T13:58:31","date_gmt":"2023-01-14T16:58:31","guid":{"rendered":"https:\/\/bodegaoutdoor.cl\/store\/product\/garmin-monitor-de-ritmo-cardiaco-hrm-pro-plus-correa-para-triatlon-correr-natacion-ciclismo-nuevo-original\/"},"modified":"2023-05-04T19:18:35","modified_gmt":"2023-05-04T23:18:35","slug":"garmin-monitor-de-ritmo-cardiaco-hrm-pro-plus-correa-para-triatlon-correr-natacion-ciclismo-nuevo-original","status":"publish","type":"product","link":"https:\/\/bodegaoutdoor.cl\/store\/product\/garmin-monitor-de-ritmo-cardiaco-hrm-pro-plus-correa-para-triatlon-correr-natacion-ciclismo-nuevo-original\/","title":{"rendered":"Garmin-Monitor de ritmo card\u00edaco hrm-pro Plus, correa para triatl\u00f3n, correr, nataci\u00f3n, ciclismo, nuevo, Original"},"content":{"rendered":"<div>\n<p align=\"start\"><span style=\"font-size: 22px;\">Original aut\u00e9ntico Garmin HRM Pro Plus Monitor de ritmo card\u00edaco HRM Run nataci\u00f3n correr ciclismo correa de Monitor de triatl\u00f3n con bater\u00eda de caja al por menor<\/span><\/p>\n<p>&nbsp;<\/p>\n<h3 style=\"font-family: arial, verdana, helvetica, sans-serif; font-size: 1.5em; font-weight: 400; letter-spacing: normal; line-height: 1; text-align: start; border: 0px none; margin: 0px 0px 1em 0px; padding: 0px;\" align=\"start\">Dispositivos compatibles<\/h3>\n<ul>\n<li style=\"margin: 0px; padding: 0px;\">\n<p style=\"font-size: 14px; font-weight: 400; line-height: inherit; margin: 0px; padding: 0px;\">Fenix 3 zafiro fenix 3 zafiro<\/p>\n<\/li>\n<li style=\"margin: 0px; padding: 0px;\">\n<p style=\"font-size: 14px; font-weight: 400; line-height: inherit; margin: 0px; padding: 0px;\">Fenix 3 zafiro HR fenix 3 zafiro HR<\/p>\n<\/li>\n<li style=\"margin: 0px; padding: 0px;\">\n<p style=\"font-size: 14px; font-weight: 400; line-height: inherit; margin: 0px; padding: 0px;\">D2 Bravo D2 Bravo<\/p>\n<\/li>\n<li style=\"margin: 0px; padding: 0px;\">\n<p style=\"font-size: 14px; font-weight: 400; line-height: inherit; margin: 0px; padding: 0px;\">Epix<\/p>\n<\/li>\n<li style=\"margin: 0px; padding: 0px;\">\n<p style=\"font-size: 14px; font-weight: 400; line-height: inherit; margin: 0px; padding: 0px;\">Fenix 3 fenix 3<\/p>\n<\/li>\n<li style=\"margin: 0px; padding: 0px;\">\n<p style=\"font-size: 14px; font-weight: 400; line-height: inherit; margin: 0px; padding: 0px;\">Fenix 5 fenix 5<\/p>\n<\/li>\n<li style=\"margin: 0px; padding: 0px;\">\n<p style=\"font-size: 14px; font-weight: 400; line-height: inherit; margin: 0px; padding: 0px;\">Fenix 5S fenix 5S<\/p>\n<\/li>\n<li style=\"margin: 0px; padding: 0px;\">\n<p style=\"font-size: 14px; font-weight: 400; line-height: inherit; margin: 0px; padding: 0px;\">Fenix 5X fenix 5X<\/p>\n<\/li>\n<li style=\"margin: 0px; padding: 0px;\">\n<p style=\"font-size: 14px; font-weight: 400; line-height: inherit; margin: 0px; padding: 0px;\">Fenix Chronos<\/p>\n<\/li>\n<li style=\"margin: 0px; padding: 0px;\">\n<p style=\"font-size: 14px; font-weight: 400; line-height: inherit; margin: 0px; padding: 0px;\">Precursor 735XT precursor 735XT<\/p>\n<\/li>\n<li style=\"margin: 0px; padding: 0px;\">\n<p style=\"font-size: 14px; font-weight: 400; line-height: inherit; margin: 0px; padding: 0px;\">Precursor 920XT precursor 920XT<\/p>\n<\/li>\n<li style=\"margin: 0px; padding: 0px;\">\n<p style=\"font-size: 14px; font-weight: 400; line-height: inherit; margin: 0px; padding: 0px;\">Quatix 3 quatix 3<\/p>\n<\/li>\n<li style=\"margin: 0px; padding: 0px;\">\n<p style=\"font-size: 14px; font-weight: 400; line-height: inherit; margin: 0px; padding: 0px;\">Tactix Bravo<\/p>\n<\/li>\n<\/ul>\n<div style=\"font-family: tahoma, arial, \u5b8b\u4f53, sans-serif; font-size: 14px; font-weight: 400; letter-spacing: normal; text-align: start; margin: 0px; padding: 0px; overflow: hidden; width: 750px;\" align=\"start\"><img decoding=\"async\" style=\"border: 0px none; margin: 0px auto 0px auto; padding: 0px; max-width: 100%; min-height: 1px; width: 750px; height: 1288.31px;\" title=\"Garmin-Monitor de ritmo card\u00edaco hrm-pro Plus, correa para triatl\u00f3n, correr, nataci\u00f3n, ciclismo, nuevo, Original\" src=\"https:\/\/bodegaoutdoor.cl\/store\/wp-content\/uploads\/2023\/01\/65182-jqu8ym.jpg\" alt=\"Garmin-Monitor de ritmo card\u00edaco hrm-pro Plus, correa para triatl\u00f3n, correr, nataci\u00f3n, ciclismo, nuevo, Original\" width=\"750px\" height=\"1288.31px\" \/><\/div>\n<div style=\"font-family: tahoma, arial, \u5b8b\u4f53, sans-serif; font-size: 14px; font-weight: 400; letter-spacing: normal; text-align: start; margin: 0px; padding: 0px; overflow: hidden; width: 750px;\" align=\"start\"><img decoding=\"async\" style=\"border: 0px none; margin: 0px auto 0px auto; padding: 0px; max-width: 100%; min-height: 1px; width: 750px; height: 933.871px;\" title=\"Garmin-Monitor de ritmo card\u00edaco hrm-pro Plus, correa para triatl\u00f3n, correr, nataci\u00f3n, ciclismo, nuevo, Original\" src=\"https:\/\/bodegaoutdoor.cl\/store\/wp-content\/uploads\/2023\/01\/65182-rculdc.jpg\" alt=\"Garmin-Monitor de ritmo card\u00edaco hrm-pro Plus, correa para triatl\u00f3n, correr, nataci\u00f3n, ciclismo, nuevo, Original\" width=\"750px\" height=\"933.871px\" \/><\/div>\n<div style=\"font-family: tahoma, arial, \u5b8b\u4f53, sans-serif; font-size: 14px; font-weight: 400; letter-spacing: normal; text-align: start; margin: 0px; padding: 0px; overflow: hidden; width: 750px;\" align=\"start\"><img decoding=\"async\" style=\"border: 0px none; margin: 0px auto 0px auto; padding: 0px; max-width: 100%; min-height: 1px; width: 750px; height: 1022.18px;\" title=\"Garmin-Monitor de ritmo card\u00edaco hrm-pro Plus, correa para triatl\u00f3n, correr, nataci\u00f3n, ciclismo, nuevo, Original\" src=\"https:\/\/bodegaoutdoor.cl\/store\/wp-content\/uploads\/2023\/01\/65182-2s41yo.jpg\" alt=\"Garmin-Monitor de ritmo card\u00edaco hrm-pro Plus, correa para triatl\u00f3n, correr, nataci\u00f3n, ciclismo, nuevo, Original\" width=\"750px\" height=\"1022.18px\" \/><\/div>\n<div style=\"font-family: tahoma, arial, \u5b8b\u4f53, sans-serif; font-size: 14px; font-weight: 400; letter-spacing: normal; text-align: start; margin: 0px; padding: 0px; overflow: hidden; width: 750px;\" align=\"start\"><img decoding=\"async\" style=\"border: 0px none; margin: 0px auto 0px auto; padding: 0px; max-width: 100%; min-height: 1px; width: 750px; height: 1218.15px;\" title=\"Garmin-Monitor de ritmo card\u00edaco hrm-pro Plus, correa para triatl\u00f3n, correr, nataci\u00f3n, ciclismo, nuevo, Original\" src=\"https:\/\/bodegaoutdoor.cl\/store\/wp-content\/uploads\/2023\/01\/65182-mkrl2k.jpg\" alt=\"Garmin-Monitor de ritmo card\u00edaco hrm-pro Plus, correa para triatl\u00f3n, correr, nataci\u00f3n, ciclismo, nuevo, Original\" width=\"750px\" height=\"1218.15px\" \/><\/div>\n<div style=\"font-family: tahoma, arial, \u5b8b\u4f53, sans-serif; font-size: 14px; font-weight: 400; letter-spacing: normal; text-align: start; margin: 0px; padding: 0px; overflow: hidden; width: 750px;\" align=\"start\"><img decoding=\"async\" style=\"border: 0px none; margin: 0px auto 0px auto; padding: 0px; max-width: 100%; min-height: 1px; width: 750px; height: 1174.6px;\" title=\"Garmin-Monitor de ritmo card\u00edaco hrm-pro Plus, correa para triatl\u00f3n, correr, nataci\u00f3n, ciclismo, nuevo, Original\" src=\"https:\/\/bodegaoutdoor.cl\/store\/wp-content\/uploads\/2023\/01\/65182-nnh41x.jpg\" alt=\"Garmin-Monitor de ritmo card\u00edaco hrm-pro Plus, correa para triatl\u00f3n, correr, nataci\u00f3n, ciclismo, nuevo, Original\" width=\"750px\" height=\"1174.6px\" \/><\/div>\n<div style=\"font-family: tahoma, arial, \u5b8b\u4f53, sans-serif; font-size: 14px; font-weight: 400; letter-spacing: normal; text-align: start; margin: 0px; padding: 0px; overflow: hidden; width: 750px;\" align=\"start\"><img decoding=\"async\" style=\"border: 0px none; margin: 0px auto 0px auto; padding: 0px; max-width: 100%; min-height: 1px; width: 750px; height: 1161.29px;\" title=\"Garmin-Monitor de ritmo card\u00edaco hrm-pro Plus, correa para triatl\u00f3n, correr, nataci\u00f3n, ciclismo, nuevo, Original\" src=\"https:\/\/bodegaoutdoor.cl\/store\/wp-content\/uploads\/2023\/01\/65182-eow5jj.jpg\" alt=\"Garmin-Monitor de ritmo card\u00edaco hrm-pro Plus, correa para triatl\u00f3n, correr, nataci\u00f3n, ciclismo, nuevo, Original\" width=\"750px\" height=\"1161.29px\" \/><\/div>\n<div style=\"font-family: tahoma, arial, \u5b8b\u4f53, sans-serif; font-size: 14px; font-weight: 400; letter-spacing: normal; text-align: start; margin: 0px; padding: 0px; overflow: hidden; width: 750px;\" align=\"start\"><img decoding=\"async\" style=\"border: 0px none; margin: 0px auto 0px auto; padding: 0px; max-width: 100%; min-height: 1px; width: 750px; height: 1060.89px;\" title=\"Garmin-Monitor de ritmo card\u00edaco hrm-pro Plus, correa para triatl\u00f3n, correr, nataci\u00f3n, ciclismo, nuevo, Original\" src=\"https:\/\/bodegaoutdoor.cl\/store\/wp-content\/uploads\/2023\/01\/65182-f3azux.jpg\" alt=\"Garmin-Monitor de ritmo card\u00edaco hrm-pro Plus, correa para triatl\u00f3n, correr, nataci\u00f3n, ciclismo, nuevo, Original\" width=\"750px\" height=\"1060.89px\" \/><\/div>\n<div style=\"font-family: tahoma, arial, \u5b8b\u4f53, sans-serif; font-size: 14px; font-weight: 400; letter-spacing: normal; text-align: start; margin: 0px; padding: 0px; overflow: hidden; width: 750px;\" align=\"start\"><img decoding=\"async\" style=\"border: 0px none; margin: 0px auto 0px auto; padding: 0px; max-width: 100%; min-height: 1px; width: 750px; height: 1128.63px;\" title=\"Garmin-Monitor de ritmo card\u00edaco hrm-pro Plus, correa para triatl\u00f3n, correr, nataci\u00f3n, ciclismo, nuevo, Original\" src=\"https:\/\/bodegaoutdoor.cl\/store\/wp-content\/uploads\/2023\/01\/65182-nweert.jpg\" alt=\"Garmin-Monitor de ritmo card\u00edaco hrm-pro Plus, correa para triatl\u00f3n, correr, nataci\u00f3n, ciclismo, nuevo, Original\" width=\"750px\" height=\"1128.63px\" \/><\/div>\n<div style=\"font-family: tahoma, arial, \u5b8b\u4f53, sans-serif; font-size: 14px; font-weight: 400; letter-spacing: normal; text-align: start; margin: 0px; padding: 0px; overflow: hidden; width: 750px;\" align=\"start\"><\/div>\n<p>&nbsp;<\/p>\n<\/div>\n\n    <div class=\"xs_social_share_widget xs_share_url after_content \t\tmain_content  wslu-style-1 wslu-share-box-shaped wslu-fill-colored wslu-none wslu-share-horizontal wslu-theme-font-no wslu-main_content\">\n\n\t\t\n        <ul>\n\t\t\t        <\/ul>\n    <\/div> \n","protected":false},"excerpt":{"rendered":"<p>Original aut\u00e9ntico Garmin HRM Pro Plus Monitor de ritmo card\u00edaco HRM Run nataci\u00f3n correr ciclismo correa de Monitor de triatl\u00f3n con bater\u00eda de caja al por menor &nbsp; Dispositivos compatibles Fenix 3 zafiro fenix 3 zafiro Fenix 3 zafiro HR fenix 3 zafiro HR D2 Bravo D2 Bravo Epix Fenix 3 fenix 3 Fenix 5 [&hellip;]<\/p>\n","protected":false},"featured_media":65184,"comment_status":"open","ping_status":"closed","template":"","meta":{"jetpack_publicize_message":"","jetpack_publicize_feature_enabled":true,"jetpack_social_post_already_shared":true,"jetpack_social_options":{"image_generator_settings":{"template":"highway","enabled":false},"version":2}},"product_brand":[],"product_cat":[15],"product_tag":[],"class_list":{"0":"post-65182","1":"product","2":"type-product","3":"status-publish","4":"has-post-thumbnail","6":"product_cat-otros","8":"first","9":"instock","10":"sale","11":"taxable","12":"shipping-taxable","13":"purchasable","14":"product-type-variable"},"jetpack_publicize_connections":[],"jetpack_sharing_enabled":true,"_links":{"self":[{"href":"https:\/\/bodegaoutdoor.cl\/store\/wp-json\/wp\/v2\/product\/65182","targetHints":{"allow":["GET"]}}],"collection":[{"href":"https:\/\/bodegaoutdoor.cl\/store\/wp-json\/wp\/v2\/product"}],"about":[{"href":"https:\/\/bodegaoutdoor.cl\/store\/wp-json\/wp\/v2\/types\/product"}],"replies":[{"embeddable":true,"href":"https:\/\/bodegaoutdoor.cl\/store\/wp-json\/wp\/v2\/comments?post=65182"}],"version-history":[{"count":12,"href":"https:\/\/bodegaoutdoor.cl\/store\/wp-json\/wp\/v2\/product\/65182\/revisions"}],"predecessor-version":[{"id":65211,"href":"https:\/\/bodegaoutdoor.cl\/store\/wp-json\/wp\/v2\/product\/65182\/revisions\/65211"}],"wp:featuredmedia":[{"embeddable":true,"href":"https:\/\/bodegaoutdoor.cl\/store\/wp-json\/wp\/v2\/media\/65184"}],"wp:attachment":[{"href":"https:\/\/bodegaoutdoor.cl\/store\/wp-json\/wp\/v2\/media?parent=65182"}],"wp:term":[{"taxonomy":"product_brand","embeddable":true,"href":"https:\/\/bodegaoutdoor.cl\/store\/wp-json\/wp\/v2\/product_brand?post=65182"},{"taxonomy":"product_cat","embeddable":true,"href":"https:\/\/bodegaoutdoor.cl\/store\/wp-json\/wp\/v2\/product_cat?post=65182"},{"taxonomy":"product_tag","embeddable":true,"href":"https:\/\/bodegaoutdoor.cl\/store\/wp-json\/wp\/v2\/product_tag?post=65182"}],"curies":[{"name":"wp","href":"https:\/\/api.w.org\/{rel}","templated":true}]}}