{"id":65238,"date":"2023-01-14T14:33:23","date_gmt":"2023-01-14T17:33:23","guid":{"rendered":"https:\/\/bodegaoutdoor.cl\/store\/product\/hrc78k-alicates-plegables-30-en-1-para-acampada-multiherramienta-cortador-de-alambre-sierra-portatil-abrebotellas-herramienta-de-supervivencia\/"},"modified":"2023-05-04T19:18:34","modified_gmt":"2023-05-04T23:18:34","slug":"hrc78k-alicates-plegables-30-en-1-para-acampada-multiherramienta-cortador-de-alambre-sierra-portatil-abrebotellas-herramienta-de-supervivencia","status":"publish","type":"product","link":"https:\/\/bodegaoutdoor.cl\/store\/product\/hrc78k-alicates-plegables-30-en-1-para-acampada-multiherramienta-cortador-de-alambre-sierra-portatil-abrebotellas-herramienta-de-supervivencia\/","title":{"rendered":"HRC78K-Alicates plegables 30 en 1, multiherramienta de supervivencia"},"content":{"rendered":"<p style=\"text-align: center;\"><video style=\"max-width: 100%;\" src=\"\/\/video.aliexpress-media.com\/play\/u\/ae_sg_item\/2062928502\/p\/1\/e\/6\/t\/10301\/1100091996984.mp4\" poster=\"https:\/\/ae01.alicdn.com\/kf\/Sae1e96cfe91b4ba9b326e1d40afa0f969\/HRC78K-Alicates-plegables-30-en-1-para-acampada-multiherramienta-cortador-de-alambre-sierra-port-til-abrebotellas.jpg,https:\/\/ae01.alicdn.com\/kf\/S4adaccea08564427a108acbf2d6187140\/HRC78K-Alicates-plegables-30-en-1-para-acampada-multiherramienta-cortador-de-alambre-sierra-port-til-abrebotellas.jpg,https:\/\/ae01.alicdn.com\/kf\/Sb7531b4a8106479fb3b764b0997c778fd\/HRC78K-Alicates-plegables-30-en-1-para-acampada-multiherramienta-cortador-de-alambre-sierra-port-til-abrebotellas.jpg,https:\/\/ae01.alicdn.com\/kf\/S2951f1deb1bf4c7a8d187b3403cb67baL\/HRC78K-Alicates-plegables-30-en-1-para-acampada-multiherramienta-cortador-de-alambre-sierra-port-til-abrebotellas.jpg,https:\/\/ae01.alicdn.com\/kf\/Sa61c57677a5941789d3311eff622fdfb7\/HRC78K-Alicates-plegables-30-en-1-para-acampada-multiherramienta-cortador-de-alambre-sierra-port-til-abrebotellas.jpg,https:\/\/ae01.alicdn.com\/kf\/S8885cf83141e4ba7b2d4ccdd668bcc14R\/HRC78K-Alicates-plegables-30-en-1-para-acampada-multiherramienta-cortador-de-alambre-sierra-port-til-abrebotellas.jpg\" preload=\"auto\" controls=\"controls\" width=\"100%\" height=\"100%\"><\/video><\/p>\n<div>\n<div>\n<p><span style=\"font-size: 20px; font-family: arial, helvetica, sans-serif;\">Caracter\u00edsticas<\/span><\/p>\n<p>* Herramientas multifuncionales para satisfacer las necesidades de uso.<\/p>\n<p>* Estructura mejorada, Mango integrado.<\/p>\n<p>* Encabezado escalable por lotes.<\/p>\n<p>* Alta dureza y resistencia al desgaste.<\/p>\n<p>* Contiene Alicates de punta de aguja, cortadores de alambre, cortadores de alambre, alicates de emergencia m\u00e9dica y otras funciones.<\/p>\n<p>&nbsp;<\/p>\n<p><strong><span style=\"font-size: 20px;\">Especificaci\u00f3n<\/span><\/strong><span style=\"font-size: 20px;\">:<\/span><\/p>\n<p>Nombre: Alicates de cuchillo multifunci\u00f3n<\/p>\n<p>Color: plata<\/p>\n<p>Material principal: acero inoxidable 440A<\/p>\n<p>Longitud completa: 161 (mm)<\/p>\n<p>&nbsp;<\/p>\n<p><strong><span style=\"font-size: 20px;\">Paquete incluido<\/span><\/strong><span style=\"font-size: 20px;\">:<\/span><\/p>\n<p>Alicates x 1<\/p>\n<p>Bolsa de nailon x 1<\/p>\n<p>Caja x 1<\/p>\n<p>Broca de tornillo x 12<\/p>\n<p><img decoding=\"async\" style=\"width: 790px;\" title=\"HRC78K-Alicates plegables 30 en 1 para acampada, multiherramienta, cortador de alambre, sierra port\u00e1til, abrebotellas, herramienta de supervivencia\" src=\"https:\/\/bodegaoutdoor.cl\/store\/wp-content\/uploads\/2023\/01\/65238-tfi8zf.jpg\" alt=\"HRC78K-Alicates plegables 30 en 1 para acampada, multiherramienta, cortador de alambre, sierra port\u00e1til, abrebotellas, herramienta de supervivencia\" \/><\/p>\n<p><img decoding=\"async\" style=\"width: 790px;\" title=\"HRC78K-Alicates plegables 30 en 1 para acampada, multiherramienta, cortador de alambre, sierra port\u00e1til, abrebotellas, herramienta de supervivencia\" src=\"https:\/\/bodegaoutdoor.cl\/store\/wp-content\/uploads\/2023\/01\/65238-ojzhte.jpg\" alt=\"HRC78K-Alicates plegables 30 en 1 para acampada, multiherramienta, cortador de alambre, sierra port\u00e1til, abrebotellas, herramienta de supervivencia\" \/><\/p>\n<p><img decoding=\"async\" style=\"width: 790px;\" title=\"HRC78K-Alicates plegables 30 en 1 para acampada, multiherramienta, cortador de alambre, sierra port\u00e1til, abrebotellas, herramienta de supervivencia\" src=\"https:\/\/bodegaoutdoor.cl\/store\/wp-content\/uploads\/2023\/01\/65238-ymhtvk.jpg\" alt=\"HRC78K-Alicates plegables 30 en 1 para acampada, multiherramienta, cortador de alambre, sierra port\u00e1til, abrebotellas, herramienta de supervivencia\" \/><\/p>\n<p><img decoding=\"async\" style=\"width: 790px;\" title=\"HRC78K-Alicates plegables 30 en 1 para acampada, multiherramienta, cortador de alambre, sierra port\u00e1til, abrebotellas, herramienta de supervivencia\" src=\"https:\/\/bodegaoutdoor.cl\/store\/wp-content\/uploads\/2023\/01\/65238-wjbokx.jpg\" alt=\"HRC78K-Alicates plegables 30 en 1 para acampada, multiherramienta, cortador de alambre, sierra port\u00e1til, abrebotellas, herramienta de supervivencia\" \/><\/p>\n<p><img decoding=\"async\" style=\"width: 790px;\" title=\"HRC78K-Alicates plegables 30 en 1 para acampada, multiherramienta, cortador de alambre, sierra port\u00e1til, abrebotellas, herramienta de supervivencia\" src=\"https:\/\/bodegaoutdoor.cl\/store\/wp-content\/uploads\/2023\/01\/65238-qzxema.jpg\" alt=\"HRC78K-Alicates plegables 30 en 1 para acampada, multiherramienta, cortador de alambre, sierra port\u00e1til, abrebotellas, herramienta de supervivencia\" \/><\/p>\n<p><img decoding=\"async\" style=\"width: 790px;\" title=\"HRC78K-Alicates plegables 30 en 1 para acampada, multiherramienta, cortador de alambre, sierra port\u00e1til, abrebotellas, herramienta de supervivencia\" src=\"https:\/\/bodegaoutdoor.cl\/store\/wp-content\/uploads\/2023\/01\/65238-qjr8mb.jpg\" alt=\"HRC78K-Alicates plegables 30 en 1 para acampada, multiherramienta, cortador de alambre, sierra port\u00e1til, abrebotellas, herramienta de supervivencia\" \/><\/p>\n<p><img decoding=\"async\" style=\"width: 790px;\" title=\"HRC78K-Alicates plegables 30 en 1 para acampada, multiherramienta, cortador de alambre, sierra port\u00e1til, abrebotellas, herramienta de supervivencia\" src=\"https:\/\/bodegaoutdoor.cl\/store\/wp-content\/uploads\/2023\/01\/65238-f0vxcy.jpg\" alt=\"HRC78K-Alicates plegables 30 en 1 para acampada, multiherramienta, cortador de alambre, sierra port\u00e1til, abrebotellas, herramienta de supervivencia\" \/><\/p>\n<p><img decoding=\"async\" style=\"width: 790px;\" title=\"HRC78K-Alicates plegables 30 en 1 para acampada, multiherramienta, cortador de alambre, sierra port\u00e1til, abrebotellas, herramienta de supervivencia\" src=\"https:\/\/bodegaoutdoor.cl\/store\/wp-content\/uploads\/2023\/01\/65238-5h2n8b.jpg\" alt=\"HRC78K-Alicates plegables 30 en 1 para acampada, multiherramienta, cortador de alambre, sierra port\u00e1til, abrebotellas, herramienta de supervivencia\" \/><\/p>\n<p><img decoding=\"async\" style=\"width: 790px;\" title=\"HRC78K-Alicates plegables 30 en 1 para acampada, multiherramienta, cortador de alambre, sierra port\u00e1til, abrebotellas, herramienta de supervivencia\" src=\"https:\/\/bodegaoutdoor.cl\/store\/wp-content\/uploads\/2023\/01\/65238-cvjv0g.jpg\" alt=\"HRC78K-Alicates plegables 30 en 1 para acampada, multiherramienta, cortador de alambre, sierra port\u00e1til, abrebotellas, herramienta de supervivencia\" \/><\/p>\n<p><img decoding=\"async\" style=\"width: 790px;\" title=\"HRC78K-Alicates plegables 30 en 1 para acampada, multiherramienta, cortador de alambre, sierra port\u00e1til, abrebotellas, herramienta de supervivencia\" src=\"https:\/\/bodegaoutdoor.cl\/store\/wp-content\/uploads\/2023\/01\/65238-gqrb7l.jpg\" alt=\"HRC78K-Alicates plegables 30 en 1 para acampada, multiherramienta, cortador de alambre, sierra port\u00e1til, abrebotellas, herramienta de supervivencia\" \/><\/p>\n<p><img decoding=\"async\" style=\"width: 790px;\" title=\"HRC78K-Alicates plegables 30 en 1 para acampada, multiherramienta, cortador de alambre, sierra port\u00e1til, abrebotellas, herramienta de supervivencia\" src=\"https:\/\/bodegaoutdoor.cl\/store\/wp-content\/uploads\/2023\/01\/65238-bmws34.jpg\" alt=\"HRC78K-Alicates plegables 30 en 1 para acampada, multiherramienta, cortador de alambre, sierra port\u00e1til, abrebotellas, herramienta de supervivencia\" \/><\/p>\n<p><img decoding=\"async\" style=\"width: 790px;\" title=\"HRC78K-Alicates plegables 30 en 1 para acampada, multiherramienta, cortador de alambre, sierra port\u00e1til, abrebotellas, herramienta de supervivencia\" src=\"https:\/\/bodegaoutdoor.cl\/store\/wp-content\/uploads\/2023\/01\/65238-gsfebf.jpg\" alt=\"HRC78K-Alicates plegables 30 en 1 para acampada, multiherramienta, cortador de alambre, sierra port\u00e1til, abrebotellas, herramienta de supervivencia\" \/><\/p>\n<p><img decoding=\"async\" style=\"width: 790px;\" title=\"HRC78K-Alicates plegables 30 en 1 para acampada, multiherramienta, cortador de alambre, sierra port\u00e1til, abrebotellas, herramienta de supervivencia\" src=\"https:\/\/bodegaoutdoor.cl\/store\/wp-content\/uploads\/2023\/01\/65238-duicij.jpg\" alt=\"HRC78K-Alicates plegables 30 en 1 para acampada, multiherramienta, cortador de alambre, sierra port\u00e1til, abrebotellas, herramienta de supervivencia\" \/><\/p>\n<p><img decoding=\"async\" style=\"width: 790px;\" title=\"HRC78K-Alicates plegables 30 en 1 para acampada, multiherramienta, cortador de alambre, sierra port\u00e1til, abrebotellas, herramienta de supervivencia\" src=\"https:\/\/bodegaoutdoor.cl\/store\/wp-content\/uploads\/2023\/01\/65238-bqcrbj.jpg\" alt=\"HRC78K-Alicates plegables 30 en 1 para acampada, multiherramienta, cortador de alambre, sierra port\u00e1til, abrebotellas, herramienta de supervivencia\" \/><\/p>\n<p><img decoding=\"async\" style=\"width: 790px;\" title=\"HRC78K-Alicates plegables 30 en 1 para acampada, multiherramienta, cortador de alambre, sierra port\u00e1til, abrebotellas, herramienta de supervivencia\" src=\"https:\/\/bodegaoutdoor.cl\/store\/wp-content\/uploads\/2023\/01\/65238-omgprp.jpg\" alt=\"HRC78K-Alicates plegables 30 en 1 para acampada, multiherramienta, cortador de alambre, sierra port\u00e1til, abrebotellas, herramienta de supervivencia\" \/><\/p>\n<p><img decoding=\"async\" style=\"width: 790px;\" title=\"HRC78K-Alicates plegables 30 en 1 para acampada, multiherramienta, cortador de alambre, sierra port\u00e1til, abrebotellas, herramienta de supervivencia\" src=\"https:\/\/bodegaoutdoor.cl\/store\/wp-content\/uploads\/2023\/01\/65238-mjqkqx.jpg\" alt=\"HRC78K-Alicates plegables 30 en 1 para acampada, multiherramienta, cortador de alambre, sierra port\u00e1til, abrebotellas, herramienta de supervivencia\" \/><\/p>\n<\/div>\n<\/div>\n\n    <div class=\"xs_social_share_widget xs_share_url after_content \t\tmain_content  wslu-style-1 wslu-share-box-shaped wslu-fill-colored wslu-none wslu-share-horizontal wslu-theme-font-no wslu-main_content\">\n\n\t\t\n        <ul>\n\t\t\t        <\/ul>\n    <\/div> \n","protected":false},"excerpt":{"rendered":"<p>Caracter\u00edsticas * Herramientas multifuncionales para satisfacer las necesidades de uso. * Estructura mejorada, Mango integrado. * Encabezado escalable por lotes. * Alta dureza y resistencia al desgaste. * Contiene Alicates de punta de aguja, cortadores de alambre, cortadores de alambre, alicates de emergencia m\u00e9dica y otras funciones. &nbsp; Especificaci\u00f3n: Nombre: Alicates de cuchillo multifunci\u00f3n Color: [&hellip;]<\/p>\n","protected":false},"featured_media":65240,"comment_status":"open","ping_status":"closed","template":"","meta":{"jetpack_publicize_message":"","jetpack_publicize_feature_enabled":true,"jetpack_social_post_already_shared":true,"jetpack_social_options":{"image_generator_settings":{"template":"highway","enabled":false},"version":2}},"product_brand":[],"product_cat":[15],"product_tag":[],"class_list":{"0":"post-65238","1":"product","2":"type-product","3":"status-publish","4":"has-post-thumbnail","6":"product_cat-otros","8":"first","9":"instock","10":"sale","11":"taxable","12":"shipping-taxable","13":"purchasable","14":"product-type-variable"},"jetpack_publicize_connections":[],"jetpack_sharing_enabled":true,"_links":{"self":[{"href":"https:\/\/bodegaoutdoor.cl\/store\/wp-json\/wp\/v2\/product\/65238","targetHints":{"allow":["GET"]}}],"collection":[{"href":"https:\/\/bodegaoutdoor.cl\/store\/wp-json\/wp\/v2\/product"}],"about":[{"href":"https:\/\/bodegaoutdoor.cl\/store\/wp-json\/wp\/v2\/types\/product"}],"replies":[{"embeddable":true,"href":"https:\/\/bodegaoutdoor.cl\/store\/wp-json\/wp\/v2\/comments?post=65238"}],"version-history":[{"count":19,"href":"https:\/\/bodegaoutdoor.cl\/store\/wp-json\/wp\/v2\/product\/65238\/revisions"}],"predecessor-version":[{"id":65334,"href":"https:\/\/bodegaoutdoor.cl\/store\/wp-json\/wp\/v2\/product\/65238\/revisions\/65334"}],"wp:featuredmedia":[{"embeddable":true,"href":"https:\/\/bodegaoutdoor.cl\/store\/wp-json\/wp\/v2\/media\/65240"}],"wp:attachment":[{"href":"https:\/\/bodegaoutdoor.cl\/store\/wp-json\/wp\/v2\/media?parent=65238"}],"wp:term":[{"taxonomy":"product_brand","embeddable":true,"href":"https:\/\/bodegaoutdoor.cl\/store\/wp-json\/wp\/v2\/product_brand?post=65238"},{"taxonomy":"product_cat","embeddable":true,"href":"https:\/\/bodegaoutdoor.cl\/store\/wp-json\/wp\/v2\/product_cat?post=65238"},{"taxonomy":"product_tag","embeddable":true,"href":"https:\/\/bodegaoutdoor.cl\/store\/wp-json\/wp\/v2\/product_tag?post=65238"}],"curies":[{"name":"wp","href":"https:\/\/api.w.org\/{rel}","templated":true}]}}