{"id":65418,"date":"2023-02-05T23:27:39","date_gmt":"2023-02-06T02:27:39","guid":{"rendered":"https:\/\/bodegaoutdoor.cl\/store\/product\/banco-de-energia-solar-de-80000mah-cargador-de-telefono-movil-portatil-de-gran-capacidad-led-banco-de-energia-de-viaje-al-aire-libre-para-xiaomi-samsung-y-iphone\/"},"modified":"2023-05-04T19:18:34","modified_gmt":"2023-05-04T23:18:34","slug":"banco-de-energia-solar-de-80000mah-cargador-de-telefono-movil-portatil-de-gran-capacidad-led-banco-de-energia-de-viaje-al-aire-libre-para-xiaomi-samsung-y-iphone","status":"publish","type":"product","link":"https:\/\/bodegaoutdoor.cl\/store\/product\/banco-de-energia-solar-de-80000mah-cargador-de-telefono-movil-portatil-de-gran-capacidad-led-banco-de-energia-de-viaje-al-aire-libre-para-xiaomi-samsung-y-iphone\/","title":{"rendered":"Banco de energ\u00eda Solar de 80000mAh, cargador de tel\u00e9fono m\u00f3vil port\u00e1til de gran capacidad, LED, Banco de energ\u00eda de viaje al aire libre para Xiaomi, Samsung y IPhone"},"content":{"rendered":"<div>\n<div>\n<div>\n<div>\n<div>\n<div style=\"overflow: hidden; height: 0px;\">Modname = ckeditor<\/div>\n<div>\n<div>\n<div>\n<div><\/div>\n<div>\n<div>\n<div>\n<div>\n<div>\n<div>\n<p><strong>Caracter\u00edsticas del producto<\/strong> <span style=\"font-size: 16px;\"><strong>Dise\u00f1o especial para exteriores.<\/strong><\/span><span style=\"font-size: 16px;\">Dise\u00f1o compacto y con un gancho + mosquet\u00f3n, para que pueda acoplarlo libremente a su mochila en el camping, y se recargar\u00e1 bajo el sol directo para emergencia.<\/span><\/p>\n<div>\n<div>\n<p><span style=\"font-size: 16px;\"><strong>1. Salidas USB duales<\/strong><\/span><span style=\"font-size: 16px;\">DC 5V\/2.1A (un dispositivo, salida m\u00e1xima 2.1A), DC 5V\/1A (dos dispositivos, cada salida 1A) puertos USB para tabletas, otros tel\u00e9fonos inteligentes u otros dispositivos electr\u00f3nicos. Entrada USB DC 5V\/1.5A para carga r\u00e1pida del propio banco de energ\u00eda solar. Le permite cargar dos dispositivos al mismo tiempo, el cargador de energ\u00eda Solar proporciona una gran comodidad para usted y sus amigos que necesitan servicios de carga.<\/span><\/p>\n<p><span style=\"font-size: 16px;\"><strong>2 Funci\u00f3n SOS<\/strong><\/span><span style=\"font-size: 16px;\">El paquete de bater\u00edas solares es un compa\u00f1ero perfecto para exteriores. Con modos de parpadeo continuo SOS, te lleva a trav\u00e9s de la oscuridad y emergencias como salvavidas.<\/span><\/p>\n<p><strong>Tiempo de resistencia y durabilidad<\/strong>: Al dise\u00f1ar pensando en campistas al aire libre, el cargador solar port\u00e1til de Miady puede ayudarle a satisfacer todas sus necesidades de energ\u00eda. Impermeable, a prueba de polvo y a prueba de golpes, puede soportar los da\u00f1os que pueden causarse durante las actividades al aire libre.<\/p>\n<p><span style=\"font-size: 16px;\"><strong>Consejo c\u00e1lido:<\/strong><\/span><span style=\"font-size: 16px;\">1. C\u00e1rguelo a trav\u00e9s de la salida al menos 6-7 horas por primera vez para activar completamente este panel solar.<\/span><\/p>\n<p><span style=\"font-size: 16px;\">2. Debido a la intensidad del sol y la tasa de conversi\u00f3n del panel solar, puede tomar mucho tiempo cargar completamente el panel de alimentaci\u00f3n. Le sugerimos que lo recargue completamente a trav\u00e9s de outlet antes de viajar o hacer senderismo. 3. Esta pregunta sobre la tapa usb est\u00e1 apretada. La forma m\u00e1s f\u00e1cil es colocar 1er 3 u\u00f1as debajo de la tapa y la palanca hacia arriba.<\/span><\/p>\n<p><span style=\"font-size: 16px;\"><strong>Especificaci\u00f3n:<\/strong><\/span><span style=\"font-size: 16px;\">Tipo de bater\u00eda: Bater\u00eda de pol\u00edmero de litio energ\u00eda Solar: 1,5 W cristal \u00fanico tipo de aplicaci\u00f3n: Material de uso com\u00fan: ABS + PC + silicona entrada: DC 5V\/1.5A salida: DC 5V\/2.1A (un dispositivo, salida m\u00e1xima 2.1A), DC 5V\/1A (dos dispositivos, cada salida 1A) tiempo de carga: 8-10h.<\/span><\/p>\n<p><img decoding=\"async\" title=\"Banco de energ\u00eda Solar de 80000mAh, cargador de tel\u00e9fono m\u00f3vil port\u00e1til de gran capacidad, LED, Banco de energ\u00eda de viaje al aire libre para Xiaomi, Samsung y IPhone\" src=\"https:\/\/bodegaoutdoor.cl\/store\/wp-content\/uploads\/2023\/02\/65418-os792z.jpg\" alt=\"Banco de energ\u00eda Solar de 80000mAh, cargador de tel\u00e9fono m\u00f3vil port\u00e1til de gran capacidad, LED, Banco de energ\u00eda de viaje al aire libre para Xiaomi, Samsung y IPhone\" \/><img decoding=\"async\" title=\"Banco de energ\u00eda Solar de 80000mAh, cargador de tel\u00e9fono m\u00f3vil port\u00e1til de gran capacidad, LED, Banco de energ\u00eda de viaje al aire libre para Xiaomi, Samsung y IPhone\" src=\"https:\/\/bodegaoutdoor.cl\/store\/wp-content\/uploads\/2023\/02\/65418-f26ar1.jpg\" alt=\"Banco de energ\u00eda Solar de 80000mAh, cargador de tel\u00e9fono m\u00f3vil port\u00e1til de gran capacidad, LED, Banco de energ\u00eda de viaje al aire libre para Xiaomi, Samsung y IPhone\" \/><img decoding=\"async\" title=\"Banco de energ\u00eda Solar de 80000mAh, cargador de tel\u00e9fono m\u00f3vil port\u00e1til de gran capacidad, LED, Banco de energ\u00eda de viaje al aire libre para Xiaomi, Samsung y IPhone\" src=\"https:\/\/bodegaoutdoor.cl\/store\/wp-content\/uploads\/2023\/02\/65418-ksj35b.jpg\" alt=\"Banco de energ\u00eda Solar de 80000mAh, cargador de tel\u00e9fono m\u00f3vil port\u00e1til de gran capacidad, LED, Banco de energ\u00eda de viaje al aire libre para Xiaomi, Samsung y IPhone\" \/><img decoding=\"async\" title=\"Banco de energ\u00eda Solar de 80000mAh, cargador de tel\u00e9fono m\u00f3vil port\u00e1til de gran capacidad, LED, Banco de energ\u00eda de viaje al aire libre para Xiaomi, Samsung y IPhone\" src=\"https:\/\/bodegaoutdoor.cl\/store\/wp-content\/uploads\/2023\/02\/65418-r0owgr.jpg\" alt=\"Banco de energ\u00eda Solar de 80000mAh, cargador de tel\u00e9fono m\u00f3vil port\u00e1til de gran capacidad, LED, Banco de energ\u00eda de viaje al aire libre para Xiaomi, Samsung y IPhone\" \/><img decoding=\"async\" title=\"Banco de energ\u00eda Solar de 80000mAh, cargador de tel\u00e9fono m\u00f3vil port\u00e1til de gran capacidad, LED, Banco de energ\u00eda de viaje al aire libre para Xiaomi, Samsung y IPhone\" src=\"https:\/\/bodegaoutdoor.cl\/store\/wp-content\/uploads\/2023\/02\/65418-1po70v.jpg\" alt=\"Banco de energ\u00eda Solar de 80000mAh, cargador de tel\u00e9fono m\u00f3vil port\u00e1til de gran capacidad, LED, Banco de energ\u00eda de viaje al aire libre para Xiaomi, Samsung y IPhone\" \/><img decoding=\"async\" title=\"Banco de energ\u00eda Solar de 80000mAh, cargador de tel\u00e9fono m\u00f3vil port\u00e1til de gran capacidad, LED, Banco de energ\u00eda de viaje al aire libre para Xiaomi, Samsung y IPhone\" src=\"https:\/\/bodegaoutdoor.cl\/store\/wp-content\/uploads\/2023\/02\/65418-dephcn.jpg\" alt=\"Banco de energ\u00eda Solar de 80000mAh, cargador de tel\u00e9fono m\u00f3vil port\u00e1til de gran capacidad, LED, Banco de energ\u00eda de viaje al aire libre para Xiaomi, Samsung y IPhone\" \/><img decoding=\"async\" title=\"Banco de energ\u00eda Solar de 80000mAh, cargador de tel\u00e9fono m\u00f3vil port\u00e1til de gran capacidad, LED, Banco de energ\u00eda de viaje al aire libre para Xiaomi, Samsung y IPhone\" src=\"https:\/\/bodegaoutdoor.cl\/store\/wp-content\/uploads\/2023\/02\/65418-hwpr8b.jpg\" alt=\"Banco de energ\u00eda Solar de 80000mAh, cargador de tel\u00e9fono m\u00f3vil port\u00e1til de gran capacidad, LED, Banco de energ\u00eda de viaje al aire libre para Xiaomi, Samsung y IPhone\" \/><img decoding=\"async\" title=\"Banco de energ\u00eda Solar de 80000mAh, cargador de tel\u00e9fono m\u00f3vil port\u00e1til de gran capacidad, LED, Banco de energ\u00eda de viaje al aire libre para Xiaomi, Samsung y IPhone\" src=\"https:\/\/bodegaoutdoor.cl\/store\/wp-content\/uploads\/2023\/02\/65418-dzqfvz.jpg\" alt=\"Banco de energ\u00eda Solar de 80000mAh, cargador de tel\u00e9fono m\u00f3vil port\u00e1til de gran capacidad, LED, Banco de energ\u00eda de viaje al aire libre para Xiaomi, Samsung y IPhone\" \/><img decoding=\"async\" title=\"Banco de energ\u00eda Solar de 80000mAh, cargador de tel\u00e9fono m\u00f3vil port\u00e1til de gran capacidad, LED, Banco de energ\u00eda de viaje al aire libre para Xiaomi, Samsung y IPhone\" src=\"https:\/\/bodegaoutdoor.cl\/store\/wp-content\/uploads\/2023\/02\/65418-48w9ow.jpg\" alt=\"Banco de energ\u00eda Solar de 80000mAh, cargador de tel\u00e9fono m\u00f3vil port\u00e1til de gran capacidad, LED, Banco de energ\u00eda de viaje al aire libre para Xiaomi, Samsung y IPhone\" \/><img decoding=\"async\" title=\"Banco de energ\u00eda Solar de 80000mAh, cargador de tel\u00e9fono m\u00f3vil port\u00e1til de gran capacidad, LED, Banco de energ\u00eda de viaje al aire libre para Xiaomi, Samsung y IPhone\" src=\"https:\/\/bodegaoutdoor.cl\/store\/wp-content\/uploads\/2023\/02\/65418-6rbxwu.jpg\" alt=\"Banco de energ\u00eda Solar de 80000mAh, cargador de tel\u00e9fono m\u00f3vil port\u00e1til de gran capacidad, LED, Banco de energ\u00eda de viaje al aire libre para Xiaomi, Samsung y IPhone\" \/><img decoding=\"async\" title=\"Banco de energ\u00eda Solar de 80000mAh, cargador de tel\u00e9fono m\u00f3vil port\u00e1til de gran capacidad, LED, Banco de energ\u00eda de viaje al aire libre para Xiaomi, Samsung y IPhone\" src=\"https:\/\/bodegaoutdoor.cl\/store\/wp-content\/uploads\/2023\/02\/65418-gsqzvd.jpg\" alt=\"Banco de energ\u00eda Solar de 80000mAh, cargador de tel\u00e9fono m\u00f3vil port\u00e1til de gran capacidad, LED, Banco de energ\u00eda de viaje al aire libre para Xiaomi, Samsung y IPhone\" \/><img decoding=\"async\" title=\"Banco de energ\u00eda Solar de 80000mAh, cargador de tel\u00e9fono m\u00f3vil port\u00e1til de gran capacidad, LED, Banco de energ\u00eda de viaje al aire libre para Xiaomi, Samsung y IPhone\" src=\"https:\/\/bodegaoutdoor.cl\/store\/wp-content\/uploads\/2023\/02\/65418-sj0pyw.jpg\" alt=\"Banco de energ\u00eda Solar de 80000mAh, cargador de tel\u00e9fono m\u00f3vil port\u00e1til de gran capacidad, LED, Banco de energ\u00eda de viaje al aire libre para Xiaomi, Samsung y IPhone\" \/><img decoding=\"async\" title=\"Banco de energ\u00eda Solar de 80000mAh, cargador de tel\u00e9fono m\u00f3vil port\u00e1til de gran capacidad, LED, Banco de energ\u00eda de viaje al aire libre para Xiaomi, Samsung y IPhone\" src=\"https:\/\/bodegaoutdoor.cl\/store\/wp-content\/uploads\/2023\/02\/65418-u1kkhu.jpg\" alt=\"Banco de energ\u00eda Solar de 80000mAh, cargador de tel\u00e9fono m\u00f3vil port\u00e1til de gran capacidad, LED, Banco de energ\u00eda de viaje al aire libre para Xiaomi, Samsung y IPhone\" \/><img decoding=\"async\" title=\"Banco de energ\u00eda Solar de 80000mAh, cargador de tel\u00e9fono m\u00f3vil port\u00e1til de gran capacidad, LED, Banco de energ\u00eda de viaje al aire libre para Xiaomi, Samsung y IPhone\" src=\"https:\/\/bodegaoutdoor.cl\/store\/wp-content\/uploads\/2023\/02\/65418-xakmzm.jpg\" alt=\"Banco de energ\u00eda Solar de 80000mAh, cargador de tel\u00e9fono m\u00f3vil port\u00e1til de gran capacidad, LED, Banco de energ\u00eda de viaje al aire libre para Xiaomi, Samsung y IPhone\" \/><\/p>\n<\/div>\n<\/div>\n<\/div>\n<\/div>\n<\/div>\n<\/div>\n<div><\/div>\n<\/div>\n<\/div>\n<div><\/div>\n<\/div>\n<\/div>\n<div><\/div>\n<\/div>\n<\/div>\n<\/div>\n<\/div>\n<p>&nbsp;<\/p>\n<\/div>\n<\/div>\n\n    <div class=\"xs_social_share_widget xs_share_url after_content \t\tmain_content  wslu-style-1 wslu-share-box-shaped wslu-fill-colored wslu-none wslu-share-horizontal wslu-theme-font-no wslu-main_content\">\n\n\t\t\n        <ul>\n\t\t\t        <\/ul>\n    <\/div> \n","protected":false},"excerpt":{"rendered":"<p>Modname = ckeditor Caracter\u00edsticas del producto Dise\u00f1o especial para exteriores.Dise\u00f1o compacto y con un gancho + mosquet\u00f3n, para que pueda acoplarlo libremente a su mochila en el camping, y se recargar\u00e1 bajo el sol directo para emergencia. 1. Salidas USB dualesDC 5V\/2.1A (un dispositivo, salida m\u00e1xima 2.1A), DC 5V\/1A (dos dispositivos, cada salida 1A) puertos [&hellip;]<\/p>\n","protected":false},"featured_media":65427,"comment_status":"open","ping_status":"closed","template":"","meta":{"jetpack_publicize_message":"","jetpack_publicize_feature_enabled":true,"jetpack_social_post_already_shared":true,"jetpack_social_options":{"image_generator_settings":{"template":"highway","enabled":false},"version":2}},"product_brand":[],"product_cat":[15],"product_tag":[],"class_list":{"0":"post-65418","1":"product","2":"type-product","3":"status-publish","4":"has-post-thumbnail","6":"product_cat-otros","8":"first","9":"instock","10":"sale","11":"taxable","12":"shipping-taxable","13":"purchasable","14":"product-type-variable"},"jetpack_publicize_connections":[],"jetpack_sharing_enabled":true,"_links":{"self":[{"href":"https:\/\/bodegaoutdoor.cl\/store\/wp-json\/wp\/v2\/product\/65418","targetHints":{"allow":["GET"]}}],"collection":[{"href":"https:\/\/bodegaoutdoor.cl\/store\/wp-json\/wp\/v2\/product"}],"about":[{"href":"https:\/\/bodegaoutdoor.cl\/store\/wp-json\/wp\/v2\/types\/product"}],"replies":[{"embeddable":true,"href":"https:\/\/bodegaoutdoor.cl\/store\/wp-json\/wp\/v2\/comments?post=65418"}],"version-history":[{"count":16,"href":"https:\/\/bodegaoutdoor.cl\/store\/wp-json\/wp\/v2\/product\/65418\/revisions"}],"predecessor-version":[{"id":65717,"href":"https:\/\/bodegaoutdoor.cl\/store\/wp-json\/wp\/v2\/product\/65418\/revisions\/65717"}],"wp:featuredmedia":[{"embeddable":true,"href":"https:\/\/bodegaoutdoor.cl\/store\/wp-json\/wp\/v2\/media\/65427"}],"wp:attachment":[{"href":"https:\/\/bodegaoutdoor.cl\/store\/wp-json\/wp\/v2\/media?parent=65418"}],"wp:term":[{"taxonomy":"product_brand","embeddable":true,"href":"https:\/\/bodegaoutdoor.cl\/store\/wp-json\/wp\/v2\/product_brand?post=65418"},{"taxonomy":"product_cat","embeddable":true,"href":"https:\/\/bodegaoutdoor.cl\/store\/wp-json\/wp\/v2\/product_cat?post=65418"},{"taxonomy":"product_tag","embeddable":true,"href":"https:\/\/bodegaoutdoor.cl\/store\/wp-json\/wp\/v2\/product_tag?post=65418"}],"curies":[{"name":"wp","href":"https:\/\/api.w.org\/{rel}","templated":true}]}}