{"id":6550,"date":"2020-07-17T22:16:48","date_gmt":"2020-07-17T22:16:48","guid":{"rendered":"https:\/\/bodegaoutdoor.cl\/store\/product\/linterna-led-recargable-linterna-xml-t6-antorcha-de-4000-lumenes-bateria-de-18650-linterna-led-potente-para-acampar-al-aire-libre-tipo-a\/"},"modified":"2023-05-04T19:19:37","modified_gmt":"2023-05-04T23:19:37","slug":"linterna-x900-led-recargable-5000-lumenes-bateria-de-18650","status":"publish","type":"product","link":"https:\/\/bodegaoutdoor.cl\/store\/product\/linterna-x900-led-recargable-5000-lumenes-bateria-de-18650\/","title":{"rendered":"Linterna X900 LED recargable 5000 l\u00famenes + Bater\u00eda de 18650"},"content":{"rendered":"<p>Esta linterna\/linterna Led de alta calidad resistente al agua 5000LM con atenuador, a trav\u00e9s del ajuste de la cabeza telesc\u00f3pica, puedes obtener el haz de punto y las beamas de inundaci\u00f3n que necesites.<\/p>\n<div style=\"width: 100%; height: 100%;\">\n<div id=\"description\">\n<div>\n<div>El cableado interno aplica salida de corriente constante, el rango de funcionamiento es amplio, Y puede utilizar las bater\u00edas en la mayor medida.<br \/>\nCinco modelos con un bot\u00f3n: luz alta, luz media, luz baja, luz estrobosc\u00f3pica y SOS para su elecci\u00f3n. Zoom y Zoom hacia fuera<br \/>\nAcerca de la linterna LED: carcasa de aleaci\u00f3n de aluminio y dise\u00f1o antideslizante, se siente m\u00e1s c\u00f3modo. Ampliamente utilizado en actividades al aire libre como escalada en monta\u00f1a, camping, senderismo, exploraci\u00f3n del bosque, O se usa en casa como reparar o encontrar cosas peque\u00f1as.<br \/>\nTipo de art\u00edculo: linternas<br \/>\nDistancia de iluminaci\u00f3n: m\u00e1s de 500 metros<br \/>\nCargador: cargador de bater\u00eda recargable<br \/>\nFunci\u00f3n: autodefensa, resistente a los golpes, luz dura<br \/>\nTipo de linterna: escalada, camping, senderismo<\/div>\n<div>Soporte atenuador: 5-8 archivos<br \/>\nModo de conmutaci\u00f3n: alto\/Medio\/bajo<br \/>\nN\u00famero de modelo: linterna LED<br \/>\nFuente de luz: bombillas LED<br \/>\nLongitud Focal: ajustable<br \/>\nZoom: S\u00ed<br \/>\nFuente de alimentaci\u00f3n: una bater\u00eda de iones de litio 18650 o 3 pilas AAA (no incluidas)<br \/>\nMax brillo: 5.000LM<br \/>\nResistente al agua (IPX5): 5 grados<br \/>\nA prueba de golpes: aprox. 1,5 M<br \/>\nPeso neto: 87g<br \/>\nColor: Negro<br \/>\nMaterial: aleaci\u00f3n de aluminio<br \/>\nTama\u00f1o: 132x32x27mm<br \/>\nContenido del paquete:<br \/>\n1 linterna recargable LED<br \/>\nSolo el contenido del paquete anterior, otros productos no est\u00e1n incluidos.<br \/>\nNota: el disparo de luz y las diferentes pantallas pueden causar que el color del art\u00edculo en la imagen sea un poco diferente al del \u00bflo real? El error de medici\u00f3n permitido es de +\/-1-3 cm.<\/div>\n<\/div>\n<\/div>\n<p>&nbsp;<\/p>\n<table style=\"width: 100.0%;\" border=\"0\" cellspacing=\"0\" cellpadding=\"0\">\n<tbody>\n<tr>\n<td style=\"margin: 0 auto; text-align: center;\">&nbsp;<\/p>\n<p>&nbsp;<\/p>\n<p>&nbsp;<\/p>\n<p>&nbsp;<\/p>\n<p>&nbsp;<\/p>\n<p>&nbsp;<\/p>\n<p><img decoding=\"async\" title=\"Linterna LED recargable, linterna XML T6, antorcha de 4000 l\u00famenes, bater\u00eda de 18650, linterna Led potente para acampar al aire libre (tipo A)\" src=\"https:\/\/bodegaoutdoor.cl\/store\/wp-content\/uploads\/2020\/07\/6550-z24g6x.jpg\" alt=\"Linterna LED recargable, linterna XML T6, antorcha de 4000 l\u00famenes, bater\u00eda de 18650, linterna Led potente para acampar al aire libre (tipo A)\" border=\"0\" \/><\/p>\n<p>&nbsp;<\/p>\n<p><img decoding=\"async\" title=\"Linterna LED recargable, linterna XML T6, antorcha de 4000 l\u00famenes, bater\u00eda de 18650, linterna Led potente para acampar al aire libre (tipo A)\" src=\"https:\/\/bodegaoutdoor.cl\/store\/wp-content\/uploads\/2020\/07\/6550-1e3dud.jpg\" alt=\"Linterna LED recargable, linterna XML T6, antorcha de 4000 l\u00famenes, bater\u00eda de 18650, linterna Led potente para acampar al aire libre (tipo A)\" border=\"0\" \/><\/p>\n<p>&nbsp;<\/td>\n<\/tr>\n<\/tbody>\n<\/table>\n<p>&nbsp;<\/p>\n<\/div>\n<p>&nbsp;<\/p>\n<table style=\"width: 100.0%;\" border=\"0\" cellspacing=\"0\" cellpadding=\"0\">\n<tbody>\n<tr>\n<td style=\"margin: 0 auto; text-align: center;\">&nbsp;<\/p>\n<p>&nbsp;<\/p>\n<p>&nbsp;<\/p>\n<p>&nbsp;<\/p>\n<p>&nbsp;<\/p>\n<p>&nbsp;<\/p>\n<p><img decoding=\"async\" title=\"Linterna LED recargable, linterna XML T6, antorcha de 4000 l\u00famenes, bater\u00eda de 18650, linterna Led potente para acampar al aire libre (tipo A)\" src=\"https:\/\/bodegaoutdoor.cl\/store\/wp-content\/uploads\/2020\/07\/6550-z24g6x.jpg\" alt=\"Linterna LED recargable, linterna XML T6, antorcha de 4000 l\u00famenes, bater\u00eda de 18650, linterna Led potente para acampar al aire libre (tipo A)\" border=\"0\" \/><\/p>\n<p>&nbsp;<\/p>\n<p>&nbsp;<\/p>\n<p>&nbsp;<\/td>\n<\/tr>\n<\/tbody>\n<\/table>\n<p>&nbsp;<\/p>\n<p>&nbsp;<\/p>\n<p>&nbsp;<\/p>\n<p>&nbsp;<\/p>\n<p>&nbsp;<\/p>\n<p>&nbsp;<\/p>\n<p>&nbsp;<\/p>\n<p>&nbsp;<\/p>\n<p>&nbsp;<\/p>\n<p>&nbsp;<\/p>\n<p>&nbsp;<\/p>\n<p>&nbsp;<\/p>\n<p>&nbsp;<\/p>\n\n    <div class=\"xs_social_share_widget xs_share_url after_content \t\tmain_content  wslu-style-1 wslu-share-box-shaped wslu-fill-colored wslu-none wslu-share-horizontal wslu-theme-font-no wslu-main_content\">\n\n\t\t\n        <ul>\n\t\t\t        <\/ul>\n    <\/div> \n","protected":false},"excerpt":{"rendered":"<p>Esta linterna\/linterna Led de alta calidad resistente al agua 5000LM con atenuador, a trav\u00e9s del ajuste de la cabeza telesc\u00f3pica, puedes obtener el haz de punto y las beamas de inundaci\u00f3n que necesites. El cableado interno aplica salida de corriente constante, el rango de funcionamiento es amplio, Y puede utilizar las bater\u00edas en la mayor [&hellip;]<\/p>\n","protected":false},"featured_media":12595,"comment_status":"open","ping_status":"closed","template":"","meta":{"jetpack_publicize_message":"","jetpack_publicize_feature_enabled":true,"jetpack_social_post_already_shared":true,"jetpack_social_options":{"image_generator_settings":{"template":"highway","enabled":false},"version":2}},"product_brand":[],"product_cat":[35],"product_tag":[483,480,482,481],"class_list":{"0":"post-6550","1":"product","2":"type-product","3":"status-publish","4":"has-post-thumbnail","6":"product_cat-iliminacion","7":"product_tag-camping","8":"product_tag-light","9":"product_tag-linterna","10":"product_tag-outdoor","12":"first","13":"instock","14":"taxable","15":"shipping-taxable","16":"purchasable","17":"product-type-simple"},"jetpack_publicize_connections":[],"jetpack_sharing_enabled":true,"_links":{"self":[{"href":"https:\/\/bodegaoutdoor.cl\/store\/wp-json\/wp\/v2\/product\/6550","targetHints":{"allow":["GET"]}}],"collection":[{"href":"https:\/\/bodegaoutdoor.cl\/store\/wp-json\/wp\/v2\/product"}],"about":[{"href":"https:\/\/bodegaoutdoor.cl\/store\/wp-json\/wp\/v2\/types\/product"}],"replies":[{"embeddable":true,"href":"https:\/\/bodegaoutdoor.cl\/store\/wp-json\/wp\/v2\/comments?post=6550"}],"version-history":[{"count":2,"href":"https:\/\/bodegaoutdoor.cl\/store\/wp-json\/wp\/v2\/product\/6550\/revisions"}],"predecessor-version":[{"id":71342,"href":"https:\/\/bodegaoutdoor.cl\/store\/wp-json\/wp\/v2\/product\/6550\/revisions\/71342"}],"wp:featuredmedia":[{"embeddable":true,"href":"https:\/\/bodegaoutdoor.cl\/store\/wp-json\/wp\/v2\/media\/12595"}],"wp:attachment":[{"href":"https:\/\/bodegaoutdoor.cl\/store\/wp-json\/wp\/v2\/media?parent=6550"}],"wp:term":[{"taxonomy":"product_brand","embeddable":true,"href":"https:\/\/bodegaoutdoor.cl\/store\/wp-json\/wp\/v2\/product_brand?post=6550"},{"taxonomy":"product_cat","embeddable":true,"href":"https:\/\/bodegaoutdoor.cl\/store\/wp-json\/wp\/v2\/product_cat?post=6550"},{"taxonomy":"product_tag","embeddable":true,"href":"https:\/\/bodegaoutdoor.cl\/store\/wp-json\/wp\/v2\/product_tag?post=6550"}],"curies":[{"name":"wp","href":"https:\/\/api.w.org\/{rel}","templated":true}]}}