{"id":65721,"date":"2023-02-13T09:05:02","date_gmt":"2023-02-13T12:05:02","guid":{"rendered":"https:\/\/bodegaoutdoor.cl\/store\/?post_type=product&#038;p=65721"},"modified":"2023-05-04T19:18:34","modified_gmt":"2023-05-04T23:18:34","slug":"carpa-iglu-nautika-koala-2","status":"publish","type":"product","link":"https:\/\/bodegaoutdoor.cl\/store\/product\/carpa-iglu-nautika-koala-2\/","title":{"rendered":"Carpa Igl\u00fa Nautika Koala 2"},"content":{"rendered":"<p><img fetchpriority=\"high\" decoding=\"async\" class=\"alignnone size-full wp-image-65724\" src=\"https:\/\/bodegaoutdoor.cl\/store\/wp-content\/uploads\/2023\/02\/carpa-iglu-nautika-koala-2.jpg\" alt=\"\" width=\"800\" height=\"800\" srcset=\"https:\/\/bodegaoutdoor.cl\/store\/wp-content\/uploads\/2023\/02\/carpa-iglu-nautika-koala-2.jpg 800w, https:\/\/bodegaoutdoor.cl\/store\/wp-content\/uploads\/2023\/02\/carpa-iglu-nautika-koala-2-300x300.jpg 300w, https:\/\/bodegaoutdoor.cl\/store\/wp-content\/uploads\/2023\/02\/carpa-iglu-nautika-koala-2-100x100.jpg 100w, https:\/\/bodegaoutdoor.cl\/store\/wp-content\/uploads\/2023\/02\/carpa-iglu-nautika-koala-2-600x600.jpg 600w, https:\/\/bodegaoutdoor.cl\/store\/wp-content\/uploads\/2023\/02\/carpa-iglu-nautika-koala-2-150x150.jpg 150w, https:\/\/bodegaoutdoor.cl\/store\/wp-content\/uploads\/2023\/02\/carpa-iglu-nautika-koala-2-768x768.jpg 768w, https:\/\/bodegaoutdoor.cl\/store\/wp-content\/uploads\/2023\/02\/carpa-iglu-nautika-koala-2-32x32.jpg 32w\" sizes=\"(max-width: 800px) 100vw, 800px\" \/><\/p>\n<p>&nbsp;<\/p>\n<p>La Carpa Koala 2 de Nautika es una carpa liviana y compacta con un sencillo sistema de armado. Esta carpa con capacidad para 2 personas y de 2 estaciones es ideal para uso en climas secos. No se recomienda su uso en zonas lluviosas.<\/p>\n<p><strong>Caracter\u00edsticas Generales:<\/strong><\/p>\n<ul>\n<li>Capacidad: 2 personas<\/li>\n<li>Estaciones: 2 Peso: 1.6 kg<\/li>\n<li>Dimensiones carpa armada: largo 2,05 cms, ancho 1,40 cms, alto 1,20 cms<\/li>\n<li>Dimensiones embalaje:<\/li>\n<\/ul>\n<p><strong>Caracter\u00edsticas Materiales:<\/strong><\/p>\n<ul>\n<li>Techo: poli\u00e9ster impermeabilizado con Poliuretano de 1000 mm de columna de agua, con retardante de fuego CPAI-84.<\/li>\n<li>Malla: tela mosquitero poli\u00e9ster (NO-SEE-UM) s\u00faper delgada que impide el ingreso de insectos y mosquitos peque\u00f1os.<\/li>\n<li>Estructura: varillas de fibra de vidrio de mayor di\u00e1metro, interconectadas por el\u00e1stico interno y fabricadas con material 100% virgen con sistema NANO-FIBER.<\/li>\n<li>Piso: poliester Oxford de alta resistencia y densidad, tratamiento anti hongos.<\/li>\n<\/ul>\n\n    <div class=\"xs_social_share_widget xs_share_url after_content \t\tmain_content  wslu-style-1 wslu-share-box-shaped wslu-fill-colored wslu-none wslu-share-horizontal wslu-theme-font-no wslu-main_content\">\n\n\t\t\n        <ul>\n\t\t\t        <\/ul>\n    <\/div> \n","protected":false},"excerpt":{"rendered":"<div class=\"descripcion\">\n<p>La Carpa Koala 2 de Nautika es una carpa compacta con un sencillo sistema de armado. Con capacidad para 2 personas y dise\u00f1o de 2 estaciones, este modelo es ideal para uso en climas secos.<\/p>\n<\/div>\n<div class=\"cant\"><\/div>\n","protected":false},"featured_media":65724,"comment_status":"open","ping_status":"closed","template":"","meta":{"jetpack_publicize_message":"","jetpack_publicize_feature_enabled":true,"jetpack_social_post_already_shared":true,"jetpack_social_options":{"image_generator_settings":{"template":"highway","enabled":false},"version":2}},"product_brand":[],"product_cat":[227,67],"product_tag":[],"class_list":{"0":"post-65721","1":"product","2":"type-product","3":"status-publish","4":"has-post-thumbnail","6":"product_cat-carpas-1-2-personas","7":"product_cat-carpas-camping","9":"first","10":"instock","11":"sale","12":"taxable","13":"shipping-taxable","14":"purchasable","15":"product-type-simple"},"jetpack_publicize_connections":[],"jetpack_sharing_enabled":true,"_links":{"self":[{"href":"https:\/\/bodegaoutdoor.cl\/store\/wp-json\/wp\/v2\/product\/65721","targetHints":{"allow":["GET"]}}],"collection":[{"href":"https:\/\/bodegaoutdoor.cl\/store\/wp-json\/wp\/v2\/product"}],"about":[{"href":"https:\/\/bodegaoutdoor.cl\/store\/wp-json\/wp\/v2\/types\/product"}],"replies":[{"embeddable":true,"href":"https:\/\/bodegaoutdoor.cl\/store\/wp-json\/wp\/v2\/comments?post=65721"}],"version-history":[{"count":1,"href":"https:\/\/bodegaoutdoor.cl\/store\/wp-json\/wp\/v2\/product\/65721\/revisions"}],"predecessor-version":[{"id":65725,"href":"https:\/\/bodegaoutdoor.cl\/store\/wp-json\/wp\/v2\/product\/65721\/revisions\/65725"}],"wp:featuredmedia":[{"embeddable":true,"href":"https:\/\/bodegaoutdoor.cl\/store\/wp-json\/wp\/v2\/media\/65724"}],"wp:attachment":[{"href":"https:\/\/bodegaoutdoor.cl\/store\/wp-json\/wp\/v2\/media?parent=65721"}],"wp:term":[{"taxonomy":"product_brand","embeddable":true,"href":"https:\/\/bodegaoutdoor.cl\/store\/wp-json\/wp\/v2\/product_brand?post=65721"},{"taxonomy":"product_cat","embeddable":true,"href":"https:\/\/bodegaoutdoor.cl\/store\/wp-json\/wp\/v2\/product_cat?post=65721"},{"taxonomy":"product_tag","embeddable":true,"href":"https:\/\/bodegaoutdoor.cl\/store\/wp-json\/wp\/v2\/product_tag?post=65721"}],"curies":[{"name":"wp","href":"https:\/\/api.w.org\/{rel}","templated":true}]}}