{"id":65734,"date":"2023-02-13T18:51:18","date_gmt":"2023-02-13T21:51:18","guid":{"rendered":"https:\/\/bodegaoutdoor.cl\/store\/?post_type=product&#038;p=65734"},"modified":"2023-05-04T19:18:34","modified_gmt":"2023-05-04T23:18:34","slug":"foco-led-ciclismo-luz-delantera-con-parlante-bluetooth-y-banco-de-carga-powerbank","status":"publish","type":"product","link":"https:\/\/bodegaoutdoor.cl\/store\/product\/foco-led-ciclismo-luz-delantera-con-parlante-bluetooth-y-banco-de-carga-powerbank\/","title":{"rendered":"Foco led ciclismo luz delantera con parlante Bluetooth y banco de carga Powerbank"},"content":{"rendered":"<div>\n<div><\/div>\n<div><img fetchpriority=\"high\" decoding=\"async\" class=\"alignnone size-full wp-image-65736\" src=\"https:\/\/bodegaoutdoor.cl\/store\/wp-content\/uploads\/2023\/02\/1637355702433-600x846-2.jpg\" alt=\"\" width=\"600\" height=\"846\" \/><\/div>\n<div>OS2 es un altavoz Bluetooth para el exterior, que integra caja de altavoz Bluetooth, linterna LED<\/div>\n<div>de luz fuerte, banco de carga celular y radio FM. Puede conectar y reproducir m\u00fasica dentro de los<\/div>\n<div>dispositivos inteligentes o la tarjeta de memoria a trav\u00e9s de Bluetooth, tarjeta TF, disco USB y AUX.<\/div>\n<div>A la vez, puede buscar y reproducir autom\u00e1ticamente estaciones de radio FM, incluyendo funciones<\/div>\n<div>caracter\u00edsticas como linterna de fuente de luz LED multimodo, banco de alta capacidad m\u00f3vil, llamada<\/div>\n<div>a manos libres inal\u00e1mbricas y m\u00f3viles, voz de n\u00famero de llamada entrante, nivel resistente a agua<\/div>\n<div>y polvo IP56. Adicionalmente apoya el soporte o el tr\u00edpode con interfaz de rosca brit\u00e1nica 1\/4-20. El<\/div>\n<div>paquete de este producto incluye un soporte especial y complementario para cargarlo en bicicleta<\/div>\n<\/div>\n<div><img decoding=\"async\" class=\"alignnone size-full wp-image-65732\" src=\"https:\/\/bodegaoutdoor.cl\/store\/wp-content\/uploads\/2023\/02\/18-172-1.jpg\" alt=\"\" width=\"1000\" height=\"793\" srcset=\"https:\/\/bodegaoutdoor.cl\/store\/wp-content\/uploads\/2023\/02\/18-172-1.jpg 1000w, https:\/\/bodegaoutdoor.cl\/store\/wp-content\/uploads\/2023\/02\/18-172-1-600x476.jpg 600w, https:\/\/bodegaoutdoor.cl\/store\/wp-content\/uploads\/2023\/02\/18-172-1-768x609.jpg 768w\" sizes=\"(max-width: 1000px) 100vw, 1000px\" \/><\/div>\n<div><\/div>\n<div>\n<div>Estructura principal:<\/div>\n<div>\n<ul>\n<li>Un micr\u00f3fono de llamada<\/li>\n<li>Presionar hacia abajo: encender la caja del altavoz<\/li>\n<li>Presionar hacia arriba: apagar la caja del altavoz<\/li>\n<li>Hacer un clic: m\u00fasica anterior, estaci\u00f3n de radio anterior<\/li>\n<li>Presionar largo: bajar el volumen<\/li>\n<li>Hacer un clic: siguiente m\u00fasica, siguiente estaci\u00f3n de radio<\/li>\n<li>Presionar largo: subir el volumen<\/li>\n<li>Hacer un clic: cambiar la fuente de sonido de la caja del altavoz<\/li>\n<li>Presionar largo: volver a emparejar el Bluetooth colgar llamadas no contestadas<\/li>\n<li>Buscar autom\u00e1ticamente la estaci\u00f3n de radio FM<\/li>\n<li>Simple clic: reproducir m\u00fasica, pausar m\u00fasica, responder llamada y colgarlas<\/li>\n<li>Doble clic: volver a marcar la \u00faltima llamada<\/li>\n<li>Indicador<\/li>\n<li>Presionar largo: encender \/ apagar la linterna<\/li>\n<li>Hacer clic: cambiar el modo de linterna<\/li>\n<li>Interfaz de entrada de audio AUX de 3,5 mm<\/li>\n<li>Enchufe de tarjeta de memoria JTF<\/li>\n<li>Enchufe de carga Micro USB<\/li>\n<li>Enchufe de salida de carga celular<\/li>\n<li>Interfaz de soporte universal<\/li>\n<li>Altavoz de caja<\/li>\n<li>Casquillo de la l\u00e1mpara de la linterna<\/li>\n<\/ul>\n<\/div>\n<\/div>\n<div><\/div>\n<div>\n<div>Especificaciones y par\u00e1metros<\/div>\n<div>\n<ul>\n<li>Potencia m\u00e1xima: 5 W<\/li>\n<li>Impedancia del altavoz: 4\u03a9<\/li>\n<li>Rango de frecuencia: 100 Hz \u2013 18000 Hz<\/li>\n<li>SNR: m\u00e1s de 85dB<\/li>\n<li>Formato de m\u00fasica de la tarjeta de memoria: convencionales como MP3 y WMA<\/li>\n<li>Temperatura para funcionamiento: -18 \u2013 80 \u2103<\/li>\n<li>Dimensi\u00f3n: 156 x 52 x 52 mm<\/li>\n<li>Peso neto del producto: 230 g<\/li>\n<li>Est\u00e1ndar de entrada de carga de la caja del altavoz: no menos de 5 V 1 A<\/li>\n<li>Voltaje de salida para cargar celulares: 5 V (\u00b1 0,2 V)<\/li>\n<li>Corriente de salida para cargar celulares: 1A (\u00b1 0.2A)<\/li>\n<li>Rango de distancia de emparejamiento de Bluetooth: 30 cm<\/li>\n<li>Rango de conexi\u00f3n y transmisi\u00f3n de Bluetooth: 10 m<\/li>\n<li>Nivel de resistencia a agua y polvo: IP56<\/li>\n<li>Est\u00e1ndar de rosca de tornillo de la interfaz del soporte: brit\u00e1nico 1\/4-20<\/li>\n<\/ul>\n<\/div>\n<\/div>\n\n    <div class=\"xs_social_share_widget xs_share_url after_content \t\tmain_content  wslu-style-1 wslu-share-box-shaped wslu-fill-colored wslu-none wslu-share-horizontal wslu-theme-font-no wslu-main_content\">\n\n\t\t\n        <ul>\n\t\t\t        <\/ul>\n    <\/div> \n","protected":false},"excerpt":{"rendered":"<p>OS2 es un altavoz Bluetooth para el exterior, que integra caja de altavoz Bluetooth, linterna LED de luz fuerte, banco de carga celular y radio FM. Puede conectar y reproducir m\u00fasica dentro de los dispositivos inteligentes o la tarjeta de memoria a trav\u00e9s de Bluetooth, tarjeta TF, disco USB y AUX. A la vez, puede [&hellip;]<\/p>\n","protected":false},"featured_media":65732,"comment_status":"open","ping_status":"closed","template":"","meta":{"jetpack_publicize_message":"","jetpack_publicize_feature_enabled":true,"jetpack_social_post_already_shared":true,"jetpack_social_options":{"image_generator_settings":{"template":"highway","enabled":false},"version":2}},"product_brand":[],"product_cat":[15,35],"product_tag":[],"class_list":{"0":"post-65734","1":"product","2":"type-product","3":"status-publish","4":"has-post-thumbnail","6":"product_cat-otros","7":"product_cat-iliminacion","9":"first","10":"instock","11":"sale","12":"taxable","13":"shipping-taxable","14":"purchasable","15":"product-type-simple"},"jetpack_publicize_connections":[],"jetpack_sharing_enabled":true,"_links":{"self":[{"href":"https:\/\/bodegaoutdoor.cl\/store\/wp-json\/wp\/v2\/product\/65734","targetHints":{"allow":["GET"]}}],"collection":[{"href":"https:\/\/bodegaoutdoor.cl\/store\/wp-json\/wp\/v2\/product"}],"about":[{"href":"https:\/\/bodegaoutdoor.cl\/store\/wp-json\/wp\/v2\/types\/product"}],"replies":[{"embeddable":true,"href":"https:\/\/bodegaoutdoor.cl\/store\/wp-json\/wp\/v2\/comments?post=65734"}],"version-history":[{"count":2,"href":"https:\/\/bodegaoutdoor.cl\/store\/wp-json\/wp\/v2\/product\/65734\/revisions"}],"predecessor-version":[{"id":65737,"href":"https:\/\/bodegaoutdoor.cl\/store\/wp-json\/wp\/v2\/product\/65734\/revisions\/65737"}],"wp:featuredmedia":[{"embeddable":true,"href":"https:\/\/bodegaoutdoor.cl\/store\/wp-json\/wp\/v2\/media\/65732"}],"wp:attachment":[{"href":"https:\/\/bodegaoutdoor.cl\/store\/wp-json\/wp\/v2\/media?parent=65734"}],"wp:term":[{"taxonomy":"product_brand","embeddable":true,"href":"https:\/\/bodegaoutdoor.cl\/store\/wp-json\/wp\/v2\/product_brand?post=65734"},{"taxonomy":"product_cat","embeddable":true,"href":"https:\/\/bodegaoutdoor.cl\/store\/wp-json\/wp\/v2\/product_cat?post=65734"},{"taxonomy":"product_tag","embeddable":true,"href":"https:\/\/bodegaoutdoor.cl\/store\/wp-json\/wp\/v2\/product_tag?post=65734"}],"curies":[{"name":"wp","href":"https:\/\/api.w.org\/{rel}","templated":true}]}}