{"id":65749,"date":"2023-02-13T19:13:20","date_gmt":"2023-02-13T22:13:20","guid":{"rendered":"https:\/\/bodegaoutdoor.cl\/store\/?post_type=product&#038;p=65749"},"modified":"2023-05-04T19:18:34","modified_gmt":"2023-05-04T23:18:34","slug":"chaleco-de-pesca-diseno-malla-material-poliester","status":"publish","type":"product","link":"https:\/\/bodegaoutdoor.cl\/store\/product\/chaleco-de-pesca-diseno-malla-material-poliester\/","title":{"rendered":"Chaleco de pesca dise\u00f1o malla Material: poli\u00e9ster"},"content":{"rendered":"<p>Chalecos de pesca especial para guardar tus elementos esenciales y te sientas mas c\u00f3modo a la hora de pescar<img fetchpriority=\"high\" decoding=\"async\" class=\"alignnone size-full wp-image-65750\" src=\"https:\/\/bodegaoutdoor.cl\/store\/wp-content\/uploads\/2023\/02\/WeChat-Image_202208282259064.jpg\" alt=\"\" width=\"1500\" height=\"1500\" srcset=\"https:\/\/bodegaoutdoor.cl\/store\/wp-content\/uploads\/2023\/02\/WeChat-Image_202208282259064.jpg 1500w, https:\/\/bodegaoutdoor.cl\/store\/wp-content\/uploads\/2023\/02\/WeChat-Image_202208282259064-300x300.jpg 300w, https:\/\/bodegaoutdoor.cl\/store\/wp-content\/uploads\/2023\/02\/WeChat-Image_202208282259064-100x100.jpg 100w, https:\/\/bodegaoutdoor.cl\/store\/wp-content\/uploads\/2023\/02\/WeChat-Image_202208282259064-600x600.jpg 600w, https:\/\/bodegaoutdoor.cl\/store\/wp-content\/uploads\/2023\/02\/WeChat-Image_202208282259064-150x150.jpg 150w, https:\/\/bodegaoutdoor.cl\/store\/wp-content\/uploads\/2023\/02\/WeChat-Image_202208282259064-768x768.jpg 768w, https:\/\/bodegaoutdoor.cl\/store\/wp-content\/uploads\/2023\/02\/WeChat-Image_202208282259064-32x32.jpg 32w\" sizes=\"(max-width: 1500px) 100vw, 1500px\" \/> <img decoding=\"async\" class=\"alignnone size-medium wp-image-65751\" src=\"https:\/\/bodegaoutdoor.cl\/store\/wp-content\/uploads\/2023\/02\/WeChat-Image_202208282259063.jpg\" alt=\"\" width=\"738\" height=\"738\" srcset=\"https:\/\/bodegaoutdoor.cl\/store\/wp-content\/uploads\/2023\/02\/WeChat-Image_202208282259063.jpg 738w, https:\/\/bodegaoutdoor.cl\/store\/wp-content\/uploads\/2023\/02\/WeChat-Image_202208282259063-300x300.jpg 300w, https:\/\/bodegaoutdoor.cl\/store\/wp-content\/uploads\/2023\/02\/WeChat-Image_202208282259063-100x100.jpg 100w, https:\/\/bodegaoutdoor.cl\/store\/wp-content\/uploads\/2023\/02\/WeChat-Image_202208282259063-600x600.jpg 600w, https:\/\/bodegaoutdoor.cl\/store\/wp-content\/uploads\/2023\/02\/WeChat-Image_202208282259063-150x150.jpg 150w, https:\/\/bodegaoutdoor.cl\/store\/wp-content\/uploads\/2023\/02\/WeChat-Image_202208282259063-32x32.jpg 32w\" sizes=\"(max-width: 738px) 100vw, 738px\" \/><\/p>\n\n    <div class=\"xs_social_share_widget xs_share_url after_content \t\tmain_content  wslu-style-1 wslu-share-box-shaped wslu-fill-colored wslu-none wslu-share-horizontal wslu-theme-font-no wslu-main_content\">\n\n\t\t\n        <ul>\n\t\t\t        <\/ul>\n    <\/div> \n","protected":false},"excerpt":{"rendered":"<p>Chalecos de pesca especial para guardar tus elementos esenciales y te sientas mas c\u00f3modo a la hora de pescar<\/p>\n","protected":false},"featured_media":65750,"comment_status":"open","ping_status":"closed","template":"","meta":{"jetpack_publicize_message":"","jetpack_publicize_feature_enabled":true,"jetpack_social_post_already_shared":true,"jetpack_social_options":{"image_generator_settings":{"template":"highway","enabled":false},"version":2}},"product_brand":[],"product_cat":[957],"product_tag":[],"class_list":{"0":"post-65749","1":"product","2":"type-product","3":"status-publish","4":"has-post-thumbnail","6":"product_cat-pesca","8":"first","9":"instock","10":"sale","11":"taxable","12":"shipping-taxable","13":"purchasable","14":"product-type-variable"},"jetpack_publicize_connections":[],"jetpack_sharing_enabled":true,"_links":{"self":[{"href":"https:\/\/bodegaoutdoor.cl\/store\/wp-json\/wp\/v2\/product\/65749","targetHints":{"allow":["GET"]}}],"collection":[{"href":"https:\/\/bodegaoutdoor.cl\/store\/wp-json\/wp\/v2\/product"}],"about":[{"href":"https:\/\/bodegaoutdoor.cl\/store\/wp-json\/wp\/v2\/types\/product"}],"replies":[{"embeddable":true,"href":"https:\/\/bodegaoutdoor.cl\/store\/wp-json\/wp\/v2\/comments?post=65749"}],"version-history":[{"count":1,"href":"https:\/\/bodegaoutdoor.cl\/store\/wp-json\/wp\/v2\/product\/65749\/revisions"}],"predecessor-version":[{"id":65754,"href":"https:\/\/bodegaoutdoor.cl\/store\/wp-json\/wp\/v2\/product\/65749\/revisions\/65754"}],"wp:featuredmedia":[{"embeddable":true,"href":"https:\/\/bodegaoutdoor.cl\/store\/wp-json\/wp\/v2\/media\/65750"}],"wp:attachment":[{"href":"https:\/\/bodegaoutdoor.cl\/store\/wp-json\/wp\/v2\/media?parent=65749"}],"wp:term":[{"taxonomy":"product_brand","embeddable":true,"href":"https:\/\/bodegaoutdoor.cl\/store\/wp-json\/wp\/v2\/product_brand?post=65749"},{"taxonomy":"product_cat","embeddable":true,"href":"https:\/\/bodegaoutdoor.cl\/store\/wp-json\/wp\/v2\/product_cat?post=65749"},{"taxonomy":"product_tag","embeddable":true,"href":"https:\/\/bodegaoutdoor.cl\/store\/wp-json\/wp\/v2\/product_tag?post=65749"}],"curies":[{"name":"wp","href":"https:\/\/api.w.org\/{rel}","templated":true}]}}