{"id":66412,"date":"2023-02-22T01:07:17","date_gmt":"2023-02-22T04:07:17","guid":{"rendered":"https:\/\/bodegaoutdoor.cl\/store\/product\/gorras-de-beisbol-con-capucha-militar-para-hombre-y-mujer-sombreros-de-sol-con-estampado-de-camuflaje-estilo-balaclava-media-mascara-de-esqui-para-verano-2022\/"},"modified":"2023-05-04T19:18:33","modified_gmt":"2023-05-04T23:18:33","slug":"gorras-de-beisbol-con-capucha-militar-para-hombre-y-mujer-sombreros-de-sol-con-estampado-de-camuflaje-estilo-balaclava-media-mascara-de-esqui-para-verano-2022","status":"publish","type":"product","link":"https:\/\/bodegaoutdoor.cl\/store\/product\/gorras-de-beisbol-con-capucha-militar-para-hombre-y-mujer-sombreros-de-sol-con-estampado-de-camuflaje-estilo-balaclava-media-mascara-de-esqui-para-verano-2022\/","title":{"rendered":"Gorras jockey con capucha militar para hombre y mujer, sombreros de sol con estampado de camuflaje, estilo Balaclava, Media m\u00e1scara de esqu\u00ed, para verano, 2022"},"content":{"rendered":"<div>\n<div>\n<div align=\"start\">\n<p><span style=\"font-size: 20px;\">Caracter\u00edsticas:<\/span><\/p>\n<p><span style=\"font-size: 20px;\">-La tela es suave, transpirable y resistente al viento. El lado de la tapa es lo suficientemente grande para cubrir el sol y es f\u00e1cil de plegar y transportar.<\/span><\/p>\n<p><span style=\"font-size: 20px;\">-Perfecto para viajes, senderismo, jardiner\u00eda, pesca y otras actividades al aire libre.<\/span><\/p>\n<p><span style=\"font-size: 20px;\">-Con agujeros, transpirables y c\u00f3modos, estos sombreros t\u00e1cticos boonie el sudor y ayudan a eliminar los olores para mejorar la comodidad mientras pesca, caza o tiro.<\/span><\/p>\n<p><span style=\"font-size: 20px;\">Estaciones: primavera, verano, oto\u00f1o e invierno.<\/span><\/p>\n<p><span style=\"font-size: 20px;\">Material: 35% algod\u00f3n, 65% poli\u00e9ster<\/span><\/p>\n<p><span style=\"font-size: 20px;\">Para tama\u00f1o de la cabeza: 58-63cm circunferencia de la cabeza<\/span><\/p>\n<p>Nota:<br \/>\nDebido a la diferencia del monitor y efecto de la luz, el color real del art\u00edculo puede ser ligeramente diferente al color mostrado en las im\u00e1genes. \u00a1Gracias!<br \/>\nPermita una desviaci\u00f3n de medici\u00f3n de 1-2cm debido a la medici\u00f3n manual.<\/p>\n<p><img decoding=\"async\" title=\"Gorras de b\u00e9isbol con capucha militar para hombre y mujer, sombreros de sol con estampado de camuflaje, estilo Balaclava, Media m\u00e1scara de esqu\u00ed, para verano, 2022\" src=\"https:\/\/bodegaoutdoor.cl\/store\/wp-content\/uploads\/2023\/02\/66412-uzonwq.jpg\" alt=\"Gorras de b\u00e9isbol con capucha militar para hombre y mujer, sombreros de sol con estampado de camuflaje, estilo Balaclava, Media m\u00e1scara de esqu\u00ed, para verano, 2022\" \/><img decoding=\"async\" title=\"Gorras de b\u00e9isbol con capucha militar para hombre y mujer, sombreros de sol con estampado de camuflaje, estilo Balaclava, Media m\u00e1scara de esqu\u00ed, para verano, 2022\" src=\"https:\/\/bodegaoutdoor.cl\/store\/wp-content\/uploads\/2023\/02\/66412-pslfll.jpg\" alt=\"Gorras de b\u00e9isbol con capucha militar para hombre y mujer, sombreros de sol con estampado de camuflaje, estilo Balaclava, Media m\u00e1scara de esqu\u00ed, para verano, 2022\" \/><img decoding=\"async\" title=\"Gorras de b\u00e9isbol con capucha militar para hombre y mujer, sombreros de sol con estampado de camuflaje, estilo Balaclava, Media m\u00e1scara de esqu\u00ed, para verano, 2022\" src=\"https:\/\/bodegaoutdoor.cl\/store\/wp-content\/uploads\/2023\/02\/66412-ahy8ei.jpg\" alt=\"Gorras de b\u00e9isbol con capucha militar para hombre y mujer, sombreros de sol con estampado de camuflaje, estilo Balaclava, Media m\u00e1scara de esqu\u00ed, para verano, 2022\" \/><img decoding=\"async\" title=\"Gorras de b\u00e9isbol con capucha militar para hombre y mujer, sombreros de sol con estampado de camuflaje, estilo Balaclava, Media m\u00e1scara de esqu\u00ed, para verano, 2022\" src=\"https:\/\/bodegaoutdoor.cl\/store\/wp-content\/uploads\/2023\/02\/66412-9fgon3.jpg\" alt=\"Gorras de b\u00e9isbol con capucha militar para hombre y mujer, sombreros de sol con estampado de camuflaje, estilo Balaclava, Media m\u00e1scara de esqu\u00ed, para verano, 2022\" \/><img decoding=\"async\" title=\"Gorras de b\u00e9isbol con capucha militar para hombre y mujer, sombreros de sol con estampado de camuflaje, estilo Balaclava, Media m\u00e1scara de esqu\u00ed, para verano, 2022\" src=\"https:\/\/bodegaoutdoor.cl\/store\/wp-content\/uploads\/2023\/02\/66412-rvfhlz.jpg\" alt=\"Gorras de b\u00e9isbol con capucha militar para hombre y mujer, sombreros de sol con estampado de camuflaje, estilo Balaclava, Media m\u00e1scara de esqu\u00ed, para verano, 2022\" \/><img decoding=\"async\" title=\"Gorras de b\u00e9isbol con capucha militar para hombre y mujer, sombreros de sol con estampado de camuflaje, estilo Balaclava, Media m\u00e1scara de esqu\u00ed, para verano, 2022\" src=\"https:\/\/bodegaoutdoor.cl\/store\/wp-content\/uploads\/2023\/02\/66412-virdnz.jpg\" alt=\"Gorras de b\u00e9isbol con capucha militar para hombre y mujer, sombreros de sol con estampado de camuflaje, estilo Balaclava, Media m\u00e1scara de esqu\u00ed, para verano, 2022\" \/><img decoding=\"async\" title=\"Gorras de b\u00e9isbol con capucha militar para hombre y mujer, sombreros de sol con estampado de camuflaje, estilo Balaclava, Media m\u00e1scara de esqu\u00ed, para verano, 2022\" src=\"https:\/\/bodegaoutdoor.cl\/store\/wp-content\/uploads\/2023\/02\/66412-jv9luu.jpg\" alt=\"Gorras de b\u00e9isbol con capucha militar para hombre y mujer, sombreros de sol con estampado de camuflaje, estilo Balaclava, Media m\u00e1scara de esqu\u00ed, para verano, 2022\" \/><img decoding=\"async\" title=\"Gorras de b\u00e9isbol con capucha militar para hombre y mujer, sombreros de sol con estampado de camuflaje, estilo Balaclava, Media m\u00e1scara de esqu\u00ed, para verano, 2022\" src=\"https:\/\/bodegaoutdoor.cl\/store\/wp-content\/uploads\/2023\/02\/66412-rbuvbp.jpg\" alt=\"Gorras de b\u00e9isbol con capucha militar para hombre y mujer, sombreros de sol con estampado de camuflaje, estilo Balaclava, Media m\u00e1scara de esqu\u00ed, para verano, 2022\" \/><img decoding=\"async\" title=\"Gorras de b\u00e9isbol con capucha militar para hombre y mujer, sombreros de sol con estampado de camuflaje, estilo Balaclava, Media m\u00e1scara de esqu\u00ed, para verano, 2022\" src=\"https:\/\/bodegaoutdoor.cl\/store\/wp-content\/uploads\/2023\/02\/66412-hvoug7.jpg\" alt=\"Gorras de b\u00e9isbol con capucha militar para hombre y mujer, sombreros de sol con estampado de camuflaje, estilo Balaclava, Media m\u00e1scara de esqu\u00ed, para verano, 2022\" \/><img decoding=\"async\" title=\"Gorras de b\u00e9isbol con capucha militar para hombre y mujer, sombreros de sol con estampado de camuflaje, estilo Balaclava, Media m\u00e1scara de esqu\u00ed, para verano, 2022\" src=\"https:\/\/bodegaoutdoor.cl\/store\/wp-content\/uploads\/2023\/02\/66412-w9wqcv.jpg\" alt=\"Gorras de b\u00e9isbol con capucha militar para hombre y mujer, sombreros de sol con estampado de camuflaje, estilo Balaclava, Media m\u00e1scara de esqu\u00ed, para verano, 2022\" \/><img decoding=\"async\" title=\"Gorras de b\u00e9isbol con capucha militar para hombre y mujer, sombreros de sol con estampado de camuflaje, estilo Balaclava, Media m\u00e1scara de esqu\u00ed, para verano, 2022\" src=\"https:\/\/bodegaoutdoor.cl\/store\/wp-content\/uploads\/2023\/02\/66412-fxhk3v.jpg\" alt=\"Gorras de b\u00e9isbol con capucha militar para hombre y mujer, sombreros de sol con estampado de camuflaje, estilo Balaclava, Media m\u00e1scara de esqu\u00ed, para verano, 2022\" \/><img decoding=\"async\" title=\"Gorras de b\u00e9isbol con capucha militar para hombre y mujer, sombreros de sol con estampado de camuflaje, estilo Balaclava, Media m\u00e1scara de esqu\u00ed, para verano, 2022\" src=\"https:\/\/bodegaoutdoor.cl\/store\/wp-content\/uploads\/2023\/02\/66412-cavqqu.jpg\" alt=\"Gorras de b\u00e9isbol con capucha militar para hombre y mujer, sombreros de sol con estampado de camuflaje, estilo Balaclava, Media m\u00e1scara de esqu\u00ed, para verano, 2022\" \/><img decoding=\"async\" title=\"Gorras de b\u00e9isbol con capucha militar para hombre y mujer, sombreros de sol con estampado de camuflaje, estilo Balaclava, Media m\u00e1scara de esqu\u00ed, para verano, 2022\" src=\"https:\/\/bodegaoutdoor.cl\/store\/wp-content\/uploads\/2023\/02\/66412-unugkc.jpg\" alt=\"Gorras de b\u00e9isbol con capucha militar para hombre y mujer, sombreros de sol con estampado de camuflaje, estilo Balaclava, Media m\u00e1scara de esqu\u00ed, para verano, 2022\" \/><img decoding=\"async\" title=\"Gorras de b\u00e9isbol con capucha militar para hombre y mujer, sombreros de sol con estampado de camuflaje, estilo Balaclava, Media m\u00e1scara de esqu\u00ed, para verano, 2022\" src=\"https:\/\/bodegaoutdoor.cl\/store\/wp-content\/uploads\/2023\/02\/66412-wkhwqd.jpg\" alt=\"Gorras de b\u00e9isbol con capucha militar para hombre y mujer, sombreros de sol con estampado de camuflaje, estilo Balaclava, Media m\u00e1scara de esqu\u00ed, para verano, 2022\" \/><\/p>\n<p><img decoding=\"async\" title=\"Gorras de b\u00e9isbol con capucha militar para hombre y mujer, sombreros de sol con estampado de camuflaje, estilo Balaclava, Media m\u00e1scara de esqu\u00ed, para verano, 2022\" src=\"https:\/\/bodegaoutdoor.cl\/store\/wp-content\/uploads\/2023\/02\/66412-po619l.jpg\" alt=\"Gorras de b\u00e9isbol con capucha militar para hombre y mujer, sombreros de sol con estampado de camuflaje, estilo Balaclava, Media m\u00e1scara de esqu\u00ed, para verano, 2022\" \/><img decoding=\"async\" title=\"Gorras de b\u00e9isbol con capucha militar para hombre y mujer, sombreros de sol con estampado de camuflaje, estilo Balaclava, Media m\u00e1scara de esqu\u00ed, para verano, 2022\" src=\"https:\/\/bodegaoutdoor.cl\/store\/wp-content\/uploads\/2023\/02\/66412-dsdk0m.jpg\" alt=\"Gorras de b\u00e9isbol con capucha militar para hombre y mujer, sombreros de sol con estampado de camuflaje, estilo Balaclava, Media m\u00e1scara de esqu\u00ed, para verano, 2022\" \/><img decoding=\"async\" title=\"Gorras de b\u00e9isbol con capucha militar para hombre y mujer, sombreros de sol con estampado de camuflaje, estilo Balaclava, Media m\u00e1scara de esqu\u00ed, para verano, 2022\" src=\"https:\/\/bodegaoutdoor.cl\/store\/wp-content\/uploads\/2023\/02\/66412-fky5hp.jpg\" alt=\"Gorras de b\u00e9isbol con capucha militar para hombre y mujer, sombreros de sol con estampado de camuflaje, estilo Balaclava, Media m\u00e1scara de esqu\u00ed, para verano, 2022\" \/><img decoding=\"async\" title=\"Gorras de b\u00e9isbol con capucha militar para hombre y mujer, sombreros de sol con estampado de camuflaje, estilo Balaclava, Media m\u00e1scara de esqu\u00ed, para verano, 2022\" src=\"https:\/\/bodegaoutdoor.cl\/store\/wp-content\/uploads\/2023\/02\/66412-c5hs1z.jpg\" alt=\"Gorras de b\u00e9isbol con capucha militar para hombre y mujer, sombreros de sol con estampado de camuflaje, estilo Balaclava, Media m\u00e1scara de esqu\u00ed, para verano, 2022\" \/><img decoding=\"async\" title=\"Gorras de b\u00e9isbol con capucha militar para hombre y mujer, sombreros de sol con estampado de camuflaje, estilo Balaclava, Media m\u00e1scara de esqu\u00ed, para verano, 2022\" src=\"https:\/\/bodegaoutdoor.cl\/store\/wp-content\/uploads\/2023\/02\/66412-zdwdyj.jpg\" alt=\"Gorras de b\u00e9isbol con capucha militar para hombre y mujer, sombreros de sol con estampado de camuflaje, estilo Balaclava, Media m\u00e1scara de esqu\u00ed, para verano, 2022\" \/><img decoding=\"async\" title=\"Gorras de b\u00e9isbol con capucha militar para hombre y mujer, sombreros de sol con estampado de camuflaje, estilo Balaclava, Media m\u00e1scara de esqu\u00ed, para verano, 2022\" src=\"https:\/\/bodegaoutdoor.cl\/store\/wp-content\/uploads\/2023\/02\/66412-a0rmh4.jpg\" alt=\"Gorras de b\u00e9isbol con capucha militar para hombre y mujer, sombreros de sol con estampado de camuflaje, estilo Balaclava, Media m\u00e1scara de esqu\u00ed, para verano, 2022\" \/><img decoding=\"async\" title=\"Gorras de b\u00e9isbol con capucha militar para hombre y mujer, sombreros de sol con estampado de camuflaje, estilo Balaclava, Media m\u00e1scara de esqu\u00ed, para verano, 2022\" src=\"https:\/\/bodegaoutdoor.cl\/store\/wp-content\/uploads\/2023\/02\/66412-8f8zub.jpg\" alt=\"Gorras de b\u00e9isbol con capucha militar para hombre y mujer, sombreros de sol con estampado de camuflaje, estilo Balaclava, Media m\u00e1scara de esqu\u00ed, para verano, 2022\" \/><img decoding=\"async\" title=\"Gorras de b\u00e9isbol con capucha militar para hombre y mujer, sombreros de sol con estampado de camuflaje, estilo Balaclava, Media m\u00e1scara de esqu\u00ed, para verano, 2022\" src=\"https:\/\/bodegaoutdoor.cl\/store\/wp-content\/uploads\/2023\/02\/66412-mumddp.jpg\" alt=\"Gorras de b\u00e9isbol con capucha militar para hombre y mujer, sombreros de sol con estampado de camuflaje, estilo Balaclava, Media m\u00e1scara de esqu\u00ed, para verano, 2022\" \/><\/p>\n<\/div>\n<p><img decoding=\"async\" title=\"Gorras de b\u00e9isbol con capucha militar para hombre y mujer, sombreros de sol con estampado de camuflaje, estilo Balaclava, Media m\u00e1scara de esqu\u00ed, para verano, 2022\" src=\"https:\/\/bodegaoutdoor.cl\/store\/wp-content\/uploads\/2023\/02\/66412-oewnfw.jpg\" alt=\"Gorras de b\u00e9isbol con capucha militar para hombre y mujer, sombreros de sol con estampado de camuflaje, estilo Balaclava, Media m\u00e1scara de esqu\u00ed, para verano, 2022\" \/><\/p>\n<\/div>\n<\/div>\n\n    <div class=\"xs_social_share_widget xs_share_url after_content \t\tmain_content  wslu-style-1 wslu-share-box-shaped wslu-fill-colored wslu-none wslu-share-horizontal wslu-theme-font-no wslu-main_content\">\n\n\t\t\n        <ul>\n\t\t\t        <\/ul>\n    <\/div> \n","protected":false},"excerpt":{"rendered":"<p>Caracter\u00edsticas: -La tela es suave, transpirable y resistente al viento. El lado de la tapa es lo suficientemente grande para cubrir el sol y es f\u00e1cil de plegar y transportar. -Perfecto para viajes, senderismo, jardiner\u00eda, pesca y otras actividades al aire libre. -Con agujeros, transpirables y c\u00f3modos, estos sombreros t\u00e1cticos boonie el sudor y ayudan [&hellip;]<\/p>\n","protected":false},"featured_media":66426,"comment_status":"open","ping_status":"closed","template":"","meta":{"jetpack_publicize_message":"","jetpack_publicize_feature_enabled":true,"jetpack_social_post_already_shared":true,"jetpack_social_options":{"image_generator_settings":{"template":"highway","enabled":false},"version":2}},"product_brand":[],"product_cat":[15,3859],"product_tag":[],"class_list":{"0":"post-66412","1":"product","2":"type-product","3":"status-publish","4":"has-post-thumbnail","6":"product_cat-otros","7":"product_cat-kit-oferta","9":"first","10":"instock","11":"sale","12":"taxable","13":"shipping-taxable","14":"purchasable","15":"product-type-variable"},"jetpack_publicize_connections":[],"jetpack_sharing_enabled":true,"_links":{"self":[{"href":"https:\/\/bodegaoutdoor.cl\/store\/wp-json\/wp\/v2\/product\/66412","targetHints":{"allow":["GET"]}}],"collection":[{"href":"https:\/\/bodegaoutdoor.cl\/store\/wp-json\/wp\/v2\/product"}],"about":[{"href":"https:\/\/bodegaoutdoor.cl\/store\/wp-json\/wp\/v2\/types\/product"}],"replies":[{"embeddable":true,"href":"https:\/\/bodegaoutdoor.cl\/store\/wp-json\/wp\/v2\/comments?post=66412"}],"version-history":[{"count":26,"href":"https:\/\/bodegaoutdoor.cl\/store\/wp-json\/wp\/v2\/product\/66412\/revisions"}],"predecessor-version":[{"id":67385,"href":"https:\/\/bodegaoutdoor.cl\/store\/wp-json\/wp\/v2\/product\/66412\/revisions\/67385"}],"wp:featuredmedia":[{"embeddable":true,"href":"https:\/\/bodegaoutdoor.cl\/store\/wp-json\/wp\/v2\/media\/66426"}],"wp:attachment":[{"href":"https:\/\/bodegaoutdoor.cl\/store\/wp-json\/wp\/v2\/media?parent=66412"}],"wp:term":[{"taxonomy":"product_brand","embeddable":true,"href":"https:\/\/bodegaoutdoor.cl\/store\/wp-json\/wp\/v2\/product_brand?post=66412"},{"taxonomy":"product_cat","embeddable":true,"href":"https:\/\/bodegaoutdoor.cl\/store\/wp-json\/wp\/v2\/product_cat?post=66412"},{"taxonomy":"product_tag","embeddable":true,"href":"https:\/\/bodegaoutdoor.cl\/store\/wp-json\/wp\/v2\/product_tag?post=66412"}],"curies":[{"name":"wp","href":"https:\/\/api.w.org\/{rel}","templated":true}]}}