{"id":67395,"date":"2023-03-06T09:27:00","date_gmt":"2023-03-06T12:27:00","guid":{"rendered":"https:\/\/bodegaoutdoor.cl\/store\/?post_type=product&#038;p=67395"},"modified":"2023-05-04T19:18:33","modified_gmt":"2023-05-04T23:18:33","slug":"reloj-inteligente-amazfit-t-rex-2-con-gps-24-dias-de-vida-util-bateria-150-deportes-integrados","status":"publish","type":"product","link":"https:\/\/bodegaoutdoor.cl\/store\/product\/reloj-inteligente-amazfit-t-rex-2-con-gps-24-dias-de-vida-util-bateria-150-deportes-integrados\/","title":{"rendered":"Reloj inteligente amazfit t-rex 2, con gps, 24 d\u00edas de vida \u00fatil, bater\u00eda 150 + Deportes integrados"},"content":{"rendered":"<p style=\"text-align: center;\"><video style=\"max-width: 100%;\" src=\"\/\/video.aliexpress-media.com\/play\/u\/ae_sg_item\/2214507716271\/p\/1\/e\/6\/t\/10301\/1100079812016.mp4\" poster=\"https:\/\/ae01.alicdn.com\/kf\/Sb616a90d2c314ffeb35c0a855db233a92\/Reloj-inteligente-amazfit-t-rex-2-con-gps-24-d-as-de-vida-til-bater-a.jpg,https:\/\/ae01.alicdn.com\/kf\/S2afc081d36ab40a0b93f9c117de0674e1\/Reloj-inteligente-amazfit-t-rex-2-con-gps-24-d-as-de-vida-til-bater-a.jpg,https:\/\/ae01.alicdn.com\/kf\/S8afbe0943bb9445482fa8dec18c6f21aR\/Reloj-inteligente-amazfit-t-rex-2-con-gps-24-d-as-de-vida-til-bater-a.jpg,https:\/\/ae01.alicdn.com\/kf\/S266caa3f3820407e93669713a837454cp\/Reloj-inteligente-amazfit-t-rex-2-con-gps-24-d-as-de-vida-til-bater-a.jpg,https:\/\/ae01.alicdn.com\/kf\/Sbecdc41c8d7b46e5be7107e927dd22953\/Reloj-inteligente-amazfit-t-rex-2-con-gps-24-d-as-de-vida-til-bater-a.jpg,https:\/\/ae01.alicdn.com\/kf\/S518c89cbaf024fde9c89eeb5623bd652G\/Reloj-inteligente-amazfit-t-rex-2-con-gps-24-d-as-de-vida-til-bater-a.jpg\" preload=\"auto\" controls=\"controls\" width=\"100%\" height=\"100%\"><\/video><\/p>\n<div>\n<div>\n<p><img fetchpriority=\"high\" decoding=\"async\" title=\"Reloj inteligente amazfit t-rex 2, con gps, 24 d\u00edas de vida \u00fatil, bater\u00eda 150 + Deportes integrados\" src=\"https:\/\/bodegaoutdoor.cl\/store\/wp-content\/uploads\/2023\/03\/67395-fcvqxz.jpg\" alt=\"Reloj inteligente amazfit t-rex 2, con gps, 24 d\u00edas de vida \u00fatil, bater\u00eda 150 + Deportes integrados\" width=\"944\" height=\"2267\" \/><img decoding=\"async\" title=\"Reloj inteligente amazfit t-rex 2, con gps, 24 d\u00edas de vida \u00fatil, bater\u00eda 150 + Deportes integrados\" src=\"https:\/\/bodegaoutdoor.cl\/store\/wp-content\/uploads\/2023\/03\/67395-uinys0.jpg\" alt=\"Reloj inteligente amazfit t-rex 2, con gps, 24 d\u00edas de vida \u00fatil, bater\u00eda 150 + Deportes integrados\" \/><img decoding=\"async\" title=\"Reloj inteligente amazfit t-rex 2, con gps, 24 d\u00edas de vida \u00fatil, bater\u00eda 150 + Deportes integrados\" src=\"https:\/\/bodegaoutdoor.cl\/store\/wp-content\/uploads\/2023\/03\/67395-9py6rr.jpg\" alt=\"Reloj inteligente amazfit t-rex 2, con gps, 24 d\u00edas de vida \u00fatil, bater\u00eda 150 + Deportes integrados\" \/><img decoding=\"async\" title=\"Reloj inteligente amazfit t-rex 2, con gps, 24 d\u00edas de vida \u00fatil, bater\u00eda 150 + Deportes integrados\" src=\"https:\/\/bodegaoutdoor.cl\/store\/wp-content\/uploads\/2023\/03\/67395-a3m02i.jpg\" alt=\"Reloj inteligente amazfit t-rex 2, con gps, 24 d\u00edas de vida \u00fatil, bater\u00eda 150 + Deportes integrados\" \/><img decoding=\"async\" title=\"Reloj inteligente amazfit t-rex 2, con gps, 24 d\u00edas de vida \u00fatil, bater\u00eda 150 + Deportes integrados\" src=\"https:\/\/bodegaoutdoor.cl\/store\/wp-content\/uploads\/2023\/03\/67395-td4bqx.jpg\" alt=\"Reloj inteligente amazfit t-rex 2, con gps, 24 d\u00edas de vida \u00fatil, bater\u00eda 150 + Deportes integrados\" \/><img decoding=\"async\" title=\"Reloj inteligente amazfit t-rex 2, con gps, 24 d\u00edas de vida \u00fatil, bater\u00eda 150 + Deportes integrados\" src=\"https:\/\/bodegaoutdoor.cl\/store\/wp-content\/uploads\/2023\/03\/67395-kliina.jpg\" alt=\"Reloj inteligente amazfit t-rex 2, con gps, 24 d\u00edas de vida \u00fatil, bater\u00eda 150 + Deportes integrados\" \/><img decoding=\"async\" title=\"Reloj inteligente amazfit t-rex 2, con gps, 24 d\u00edas de vida \u00fatil, bater\u00eda 150 + Deportes integrados\" src=\"https:\/\/bodegaoutdoor.cl\/store\/wp-content\/uploads\/2023\/03\/67395-ny2gs8.jpg\" alt=\"Reloj inteligente amazfit t-rex 2, con gps, 24 d\u00edas de vida \u00fatil, bater\u00eda 150 + Deportes integrados\" \/><img decoding=\"async\" title=\"Reloj inteligente amazfit t-rex 2, con gps, 24 d\u00edas de vida \u00fatil, bater\u00eda 150 + Deportes integrados\" src=\"https:\/\/bodegaoutdoor.cl\/store\/wp-content\/uploads\/2023\/03\/67395-h27oah-scaled.jpg\" alt=\"Reloj inteligente amazfit t-rex 2, con gps, 24 d\u00edas de vida \u00fatil, bater\u00eda 150 + Deportes integrados\" \/><img decoding=\"async\" title=\"Reloj inteligente amazfit t-rex 2, con gps, 24 d\u00edas de vida \u00fatil, bater\u00eda 150 + Deportes integrados\" src=\"https:\/\/bodegaoutdoor.cl\/store\/wp-content\/uploads\/2023\/03\/67395-6qxs7v.jpg\" alt=\"Reloj inteligente amazfit t-rex 2, con gps, 24 d\u00edas de vida \u00fatil, bater\u00eda 150 + Deportes integrados\" \/><img decoding=\"async\" title=\"Reloj inteligente amazfit t-rex 2, con gps, 24 d\u00edas de vida \u00fatil, bater\u00eda 150 + Deportes integrados\" src=\"https:\/\/bodegaoutdoor.cl\/store\/wp-content\/uploads\/2023\/03\/67395-adsgyn.jpg\" alt=\"Reloj inteligente amazfit t-rex 2, con gps, 24 d\u00edas de vida \u00fatil, bater\u00eda 150 + Deportes integrados\" \/><img decoding=\"async\" title=\"Reloj inteligente amazfit t-rex 2, con gps, 24 d\u00edas de vida \u00fatil, bater\u00eda 150 + Deportes integrados\" src=\"https:\/\/bodegaoutdoor.cl\/store\/wp-content\/uploads\/2023\/03\/67395-n4o2gh.jpg\" alt=\"Reloj inteligente amazfit t-rex 2, con gps, 24 d\u00edas de vida \u00fatil, bater\u00eda 150 + Deportes integrados\" \/><img decoding=\"async\" title=\"Reloj inteligente amazfit t-rex 2, con gps, 24 d\u00edas de vida \u00fatil, bater\u00eda 150 + Deportes integrados\" src=\"https:\/\/bodegaoutdoor.cl\/store\/wp-content\/uploads\/2023\/03\/67395-rhbu3u.jpg\" alt=\"Reloj inteligente amazfit t-rex 2, con gps, 24 d\u00edas de vida \u00fatil, bater\u00eda 150 + Deportes integrados\" \/><img decoding=\"async\" title=\"Reloj inteligente amazfit t-rex 2, con gps, 24 d\u00edas de vida \u00fatil, bater\u00eda 150 + Deportes integrados\" src=\"https:\/\/bodegaoutdoor.cl\/store\/wp-content\/uploads\/2023\/03\/67395-h9a2ek-scaled.jpg\" alt=\"Reloj inteligente amazfit t-rex 2, con gps, 24 d\u00edas de vida \u00fatil, bater\u00eda 150 + Deportes integrados\" \/><img decoding=\"async\" title=\"Reloj inteligente amazfit t-rex 2, con gps, 24 d\u00edas de vida \u00fatil, bater\u00eda 150 + Deportes integrados\" src=\"https:\/\/bodegaoutdoor.cl\/store\/wp-content\/uploads\/2023\/03\/67395-pmwnzc-scaled.jpg\" alt=\"Reloj inteligente amazfit t-rex 2, con gps, 24 d\u00edas de vida \u00fatil, bater\u00eda 150 + Deportes integrados\" \/><img decoding=\"async\" title=\"Reloj inteligente amazfit t-rex 2, con gps, 24 d\u00edas de vida \u00fatil, bater\u00eda 150 + Deportes integrados\" src=\"https:\/\/bodegaoutdoor.cl\/store\/wp-content\/uploads\/2023\/03\/67395-rgiupi-scaled.jpg\" alt=\"Reloj inteligente amazfit t-rex 2, con gps, 24 d\u00edas de vida \u00fatil, bater\u00eda 150 + Deportes integrados\" \/><img decoding=\"async\" title=\"Reloj inteligente amazfit t-rex 2, con gps, 24 d\u00edas de vida \u00fatil, bater\u00eda 150 + Deportes integrados\" src=\"https:\/\/bodegaoutdoor.cl\/store\/wp-content\/uploads\/2023\/03\/67395-epqurm-scaled.jpg\" alt=\"Reloj inteligente amazfit t-rex 2, con gps, 24 d\u00edas de vida \u00fatil, bater\u00eda 150 + Deportes integrados\" \/><\/p>\n<\/div>\n<\/div>\n\n    <div class=\"xs_social_share_widget xs_share_url after_content \t\tmain_content  wslu-style-1 wslu-share-box-shaped wslu-fill-colored wslu-none wslu-share-horizontal wslu-theme-font-no wslu-main_content\">\n\n\t\t\n        <ul>\n\t\t\t        <\/ul>\n    <\/div> \n","protected":false},"excerpt":{"rendered":"","protected":false},"featured_media":67400,"comment_status":"open","ping_status":"closed","template":"","meta":{"jetpack_publicize_message":"","jetpack_publicize_feature_enabled":true,"jetpack_social_post_already_shared":true,"jetpack_social_options":{"image_generator_settings":{"template":"highway","enabled":false},"version":2}},"product_brand":[],"product_cat":[36],"product_tag":[],"class_list":{"0":"post-67395","1":"product","2":"type-product","3":"status-publish","4":"has-post-thumbnail","6":"product_cat-relojes","8":"first","9":"instock","10":"sale","11":"taxable","12":"shipping-taxable","13":"purchasable","14":"product-type-variable"},"jetpack_publicize_connections":[],"jetpack_sharing_enabled":true,"_links":{"self":[{"href":"https:\/\/bodegaoutdoor.cl\/store\/wp-json\/wp\/v2\/product\/67395","targetHints":{"allow":["GET"]}}],"collection":[{"href":"https:\/\/bodegaoutdoor.cl\/store\/wp-json\/wp\/v2\/product"}],"about":[{"href":"https:\/\/bodegaoutdoor.cl\/store\/wp-json\/wp\/v2\/types\/product"}],"replies":[{"embeddable":true,"href":"https:\/\/bodegaoutdoor.cl\/store\/wp-json\/wp\/v2\/comments?post=67395"}],"version-history":[{"count":20,"href":"https:\/\/bodegaoutdoor.cl\/store\/wp-json\/wp\/v2\/product\/67395\/revisions"}],"predecessor-version":[{"id":67447,"href":"https:\/\/bodegaoutdoor.cl\/store\/wp-json\/wp\/v2\/product\/67395\/revisions\/67447"}],"wp:featuredmedia":[{"embeddable":true,"href":"https:\/\/bodegaoutdoor.cl\/store\/wp-json\/wp\/v2\/media\/67400"}],"wp:attachment":[{"href":"https:\/\/bodegaoutdoor.cl\/store\/wp-json\/wp\/v2\/media?parent=67395"}],"wp:term":[{"taxonomy":"product_brand","embeddable":true,"href":"https:\/\/bodegaoutdoor.cl\/store\/wp-json\/wp\/v2\/product_brand?post=67395"},{"taxonomy":"product_cat","embeddable":true,"href":"https:\/\/bodegaoutdoor.cl\/store\/wp-json\/wp\/v2\/product_cat?post=67395"},{"taxonomy":"product_tag","embeddable":true,"href":"https:\/\/bodegaoutdoor.cl\/store\/wp-json\/wp\/v2\/product_tag?post=67395"}],"curies":[{"name":"wp","href":"https:\/\/api.w.org\/{rel}","templated":true}]}}