{"id":67450,"date":"2023-03-06T17:24:59","date_gmt":"2023-03-06T20:24:59","guid":{"rendered":"https:\/\/bodegaoutdoor.cl\/store\/product\/amazfit-reloj-inteligente-t-rex-pro-para-hombre-dispositivo-resistente-al-agua-con-gps-bateria-de-18-dias-de-duracion-android-e-ios-version-global\/"},"modified":"2023-05-04T19:18:33","modified_gmt":"2023-05-04T23:18:33","slug":"reloj-inteligente-t-rex-pro-dispositivo-resistente-al-agua-con-gps-bateria-de-18-dias-de-duracion-android-e-ios-version-global","status":"publish","type":"product","link":"https:\/\/bodegaoutdoor.cl\/store\/product\/reloj-inteligente-t-rex-pro-dispositivo-resistente-al-agua-con-gps-bateria-de-18-dias-de-duracion-android-e-ios-version-global\/","title":{"rendered":"Reloj inteligente t-rex Pro, dispositivo resistente al agua con GPS, Bater\u00eda de 18 d\u00edas de duraci\u00f3n, Android e iOS, versi\u00f3n Global"},"content":{"rendered":"<p style=\"text-align: center;\"><video style=\"max-width: 100%;\" src=\"\/\/video.aliexpress-media.com\/play\/u\/ae_sg_item\/2211410654370\/p\/1\/e\/6\/t\/10301\/310190019261.mp4\" poster=\"https:\/\/ae01.alicdn.com\/kf\/H40da06ceb1bd42828226b535a307dd9b1\/Amazfit-reloj-inteligente-t-rex-Pro-para-hombre-dispositivo-resistente-al-agua-con-GPS-Bater-a.png,https:\/\/ae01.alicdn.com\/kf\/H9d049801634d41f498a74650589b45b0K\/Amazfit-reloj-inteligente-t-rex-Pro-para-hombre-dispositivo-resistente-al-agua-con-GPS-Bater-a.jpg,https:\/\/ae01.alicdn.com\/kf\/Hc05decdc715a4e369f2115f6519c1993z\/Amazfit-reloj-inteligente-t-rex-Pro-para-hombre-dispositivo-resistente-al-agua-con-GPS-Bater-a.jpg,https:\/\/ae01.alicdn.com\/kf\/H5b1e897db8204d69bfbc772e44a39ddeR\/Amazfit-reloj-inteligente-t-rex-Pro-para-hombre-dispositivo-resistente-al-agua-con-GPS-Bater-a.jpg,https:\/\/ae01.alicdn.com\/kf\/Hd9b8bc4630cd4436bbe3db10f4e609ccl\/Amazfit-reloj-inteligente-t-rex-Pro-para-hombre-dispositivo-resistente-al-agua-con-GPS-Bater-a.jpg,https:\/\/ae01.alicdn.com\/kf\/Hcce70ab52e464ffb8669945579cc91f8B\/Amazfit-reloj-inteligente-t-rex-Pro-para-hombre-dispositivo-resistente-al-agua-con-GPS-Bater-a.jpg\" preload=\"auto\" controls=\"controls\" width=\"100%\" height=\"100%\"><\/video><\/p>\n<div>\n<div>\n<div><img decoding=\"async\" title=\"Amazfit-reloj inteligente t-rex Pro para hombre, dispositivo resistente al agua con GPS, Bater\u00eda de 18 d\u00edas de duraci\u00f3n, Android e iOS, versi\u00f3n Global\" src=\"https:\/\/bodegaoutdoor.cl\/store\/wp-content\/uploads\/2023\/03\/67450-okueis.jpg\" alt=\"Amazfit-reloj inteligente t-rex Pro para hombre, dispositivo resistente al agua con GPS, Bater\u00eda de 18 d\u00edas de duraci\u00f3n, Android e iOS, versi\u00f3n Global\" \/><img decoding=\"async\" title=\"Amazfit-reloj inteligente t-rex Pro para hombre, dispositivo resistente al agua con GPS, Bater\u00eda de 18 d\u00edas de duraci\u00f3n, Android e iOS, versi\u00f3n Global\" src=\"https:\/\/bodegaoutdoor.cl\/store\/wp-content\/uploads\/2023\/03\/67450-0lku5b.jpg\" alt=\"Amazfit-reloj inteligente t-rex Pro para hombre, dispositivo resistente al agua con GPS, Bater\u00eda de 18 d\u00edas de duraci\u00f3n, Android e iOS, versi\u00f3n Global\" \/><img decoding=\"async\" title=\"Amazfit-reloj inteligente t-rex Pro para hombre, dispositivo resistente al agua con GPS, Bater\u00eda de 18 d\u00edas de duraci\u00f3n, Android e iOS, versi\u00f3n Global\" src=\"https:\/\/bodegaoutdoor.cl\/store\/wp-content\/uploads\/2023\/03\/67450-gh12cg.jpg\" alt=\"Amazfit-reloj inteligente t-rex Pro para hombre, dispositivo resistente al agua con GPS, Bater\u00eda de 18 d\u00edas de duraci\u00f3n, Android e iOS, versi\u00f3n Global\" \/><img decoding=\"async\" title=\"Amazfit-reloj inteligente t-rex Pro para hombre, dispositivo resistente al agua con GPS, Bater\u00eda de 18 d\u00edas de duraci\u00f3n, Android e iOS, versi\u00f3n Global\" src=\"https:\/\/bodegaoutdoor.cl\/store\/wp-content\/uploads\/2023\/03\/67450-rigy3c.jpg\" alt=\"Amazfit-reloj inteligente t-rex Pro para hombre, dispositivo resistente al agua con GPS, Bater\u00eda de 18 d\u00edas de duraci\u00f3n, Android e iOS, versi\u00f3n Global\" \/><img decoding=\"async\" title=\"Amazfit-reloj inteligente t-rex Pro para hombre, dispositivo resistente al agua con GPS, Bater\u00eda de 18 d\u00edas de duraci\u00f3n, Android e iOS, versi\u00f3n Global\" src=\"https:\/\/bodegaoutdoor.cl\/store\/wp-content\/uploads\/2023\/03\/67450-vd6cdj.jpg\" alt=\"Amazfit-reloj inteligente t-rex Pro para hombre, dispositivo resistente al agua con GPS, Bater\u00eda de 18 d\u00edas de duraci\u00f3n, Android e iOS, versi\u00f3n Global\" \/><img decoding=\"async\" title=\"Amazfit-reloj inteligente t-rex Pro para hombre, dispositivo resistente al agua con GPS, Bater\u00eda de 18 d\u00edas de duraci\u00f3n, Android e iOS, versi\u00f3n Global\" src=\"https:\/\/bodegaoutdoor.cl\/store\/wp-content\/uploads\/2023\/03\/67450-3k4fct.jpg\" alt=\"Amazfit-reloj inteligente t-rex Pro para hombre, dispositivo resistente al agua con GPS, Bater\u00eda de 18 d\u00edas de duraci\u00f3n, Android e iOS, versi\u00f3n Global\" \/><img decoding=\"async\" title=\"Amazfit-reloj inteligente t-rex Pro para hombre, dispositivo resistente al agua con GPS, Bater\u00eda de 18 d\u00edas de duraci\u00f3n, Android e iOS, versi\u00f3n Global\" src=\"https:\/\/bodegaoutdoor.cl\/store\/wp-content\/uploads\/2023\/03\/67450-dnkc6y.jpg\" alt=\"Amazfit-reloj inteligente t-rex Pro para hombre, dispositivo resistente al agua con GPS, Bater\u00eda de 18 d\u00edas de duraci\u00f3n, Android e iOS, versi\u00f3n Global\" \/><img decoding=\"async\" title=\"Amazfit-reloj inteligente t-rex Pro para hombre, dispositivo resistente al agua con GPS, Bater\u00eda de 18 d\u00edas de duraci\u00f3n, Android e iOS, versi\u00f3n Global\" src=\"https:\/\/bodegaoutdoor.cl\/store\/wp-content\/uploads\/2023\/03\/67450-0co6bx.jpg\" alt=\"Amazfit-reloj inteligente t-rex Pro para hombre, dispositivo resistente al agua con GPS, Bater\u00eda de 18 d\u00edas de duraci\u00f3n, Android e iOS, versi\u00f3n Global\" \/><img decoding=\"async\" title=\"Amazfit-reloj inteligente t-rex Pro para hombre, dispositivo resistente al agua con GPS, Bater\u00eda de 18 d\u00edas de duraci\u00f3n, Android e iOS, versi\u00f3n Global\" src=\"https:\/\/bodegaoutdoor.cl\/store\/wp-content\/uploads\/2023\/03\/67450-zzneke.jpg\" alt=\"Amazfit-reloj inteligente t-rex Pro para hombre, dispositivo resistente al agua con GPS, Bater\u00eda de 18 d\u00edas de duraci\u00f3n, Android e iOS, versi\u00f3n Global\" \/><img decoding=\"async\" title=\"Amazfit-reloj inteligente t-rex Pro para hombre, dispositivo resistente al agua con GPS, Bater\u00eda de 18 d\u00edas de duraci\u00f3n, Android e iOS, versi\u00f3n Global\" src=\"https:\/\/bodegaoutdoor.cl\/store\/wp-content\/uploads\/2023\/03\/67450-ypczzo.jpg\" alt=\"Amazfit-reloj inteligente t-rex Pro para hombre, dispositivo resistente al agua con GPS, Bater\u00eda de 18 d\u00edas de duraci\u00f3n, Android e iOS, versi\u00f3n Global\" \/><\/div>\n<div><img decoding=\"async\" title=\"Amazfit-reloj inteligente t-rex Pro para hombre, dispositivo resistente al agua con GPS, Bater\u00eda de 18 d\u00edas de duraci\u00f3n, Android e iOS, versi\u00f3n Global\" src=\"https:\/\/bodegaoutdoor.cl\/store\/wp-content\/uploads\/2023\/03\/67450-z7mgq4.jpg\" alt=\"Amazfit-reloj inteligente t-rex Pro para hombre, dispositivo resistente al agua con GPS, Bater\u00eda de 18 d\u00edas de duraci\u00f3n, Android e iOS, versi\u00f3n Global\" \/><img decoding=\"async\" title=\"Amazfit-reloj inteligente t-rex Pro para hombre, dispositivo resistente al agua con GPS, Bater\u00eda de 18 d\u00edas de duraci\u00f3n, Android e iOS, versi\u00f3n Global\" src=\"https:\/\/bodegaoutdoor.cl\/store\/wp-content\/uploads\/2023\/03\/67450-mfacy6.jpg\" alt=\"Amazfit-reloj inteligente t-rex Pro para hombre, dispositivo resistente al agua con GPS, Bater\u00eda de 18 d\u00edas de duraci\u00f3n, Android e iOS, versi\u00f3n Global\" \/><img decoding=\"async\" title=\"Amazfit-reloj inteligente t-rex Pro para hombre, dispositivo resistente al agua con GPS, Bater\u00eda de 18 d\u00edas de duraci\u00f3n, Android e iOS, versi\u00f3n Global\" src=\"https:\/\/bodegaoutdoor.cl\/store\/wp-content\/uploads\/2023\/03\/67450-ra7hcr.jpg\" alt=\"Amazfit-reloj inteligente t-rex Pro para hombre, dispositivo resistente al agua con GPS, Bater\u00eda de 18 d\u00edas de duraci\u00f3n, Android e iOS, versi\u00f3n Global\" \/><img decoding=\"async\" title=\"Amazfit-reloj inteligente t-rex Pro para hombre, dispositivo resistente al agua con GPS, Bater\u00eda de 18 d\u00edas de duraci\u00f3n, Android e iOS, versi\u00f3n Global\" src=\"https:\/\/bodegaoutdoor.cl\/store\/wp-content\/uploads\/2023\/03\/67450-4u4mpn.jpg\" alt=\"Amazfit-reloj inteligente t-rex Pro para hombre, dispositivo resistente al agua con GPS, Bater\u00eda de 18 d\u00edas de duraci\u00f3n, Android e iOS, versi\u00f3n Global\" \/><img decoding=\"async\" title=\"Amazfit-reloj inteligente t-rex Pro para hombre, dispositivo resistente al agua con GPS, Bater\u00eda de 18 d\u00edas de duraci\u00f3n, Android e iOS, versi\u00f3n Global\" src=\"https:\/\/bodegaoutdoor.cl\/store\/wp-content\/uploads\/2023\/03\/67450-btl2ic-scaled.jpg\" alt=\"Amazfit-reloj inteligente t-rex Pro para hombre, dispositivo resistente al agua con GPS, Bater\u00eda de 18 d\u00edas de duraci\u00f3n, Android e iOS, versi\u00f3n Global\" \/><img decoding=\"async\" title=\"Amazfit-reloj inteligente t-rex Pro para hombre, dispositivo resistente al agua con GPS, Bater\u00eda de 18 d\u00edas de duraci\u00f3n, Android e iOS, versi\u00f3n Global\" src=\"https:\/\/bodegaoutdoor.cl\/store\/wp-content\/uploads\/2023\/03\/67450-fn76vo-scaled.jpg\" alt=\"Amazfit-reloj inteligente t-rex Pro para hombre, dispositivo resistente al agua con GPS, Bater\u00eda de 18 d\u00edas de duraci\u00f3n, Android e iOS, versi\u00f3n Global\" \/><img decoding=\"async\" title=\"Amazfit-reloj inteligente t-rex Pro para hombre, dispositivo resistente al agua con GPS, Bater\u00eda de 18 d\u00edas de duraci\u00f3n, Android e iOS, versi\u00f3n Global\" src=\"https:\/\/bodegaoutdoor.cl\/store\/wp-content\/uploads\/2023\/03\/67450-eocqob-scaled.jpg\" alt=\"Amazfit-reloj inteligente t-rex Pro para hombre, dispositivo resistente al agua con GPS, Bater\u00eda de 18 d\u00edas de duraci\u00f3n, Android e iOS, versi\u00f3n Global\" \/><img decoding=\"async\" title=\"Amazfit-reloj inteligente t-rex Pro para hombre, dispositivo resistente al agua con GPS, Bater\u00eda de 18 d\u00edas de duraci\u00f3n, Android e iOS, versi\u00f3n Global\" src=\"https:\/\/bodegaoutdoor.cl\/store\/wp-content\/uploads\/2023\/03\/67450-f0kth0.jpg\" alt=\"Amazfit-reloj inteligente t-rex Pro para hombre, dispositivo resistente al agua con GPS, Bater\u00eda de 18 d\u00edas de duraci\u00f3n, Android e iOS, versi\u00f3n Global\" \/><\/div>\n<p>&nbsp;<\/p>\n<\/div>\n<\/div>\n\n    <div class=\"xs_social_share_widget xs_share_url after_content \t\tmain_content  wslu-style-1 wslu-share-box-shaped wslu-fill-colored wslu-none wslu-share-horizontal wslu-theme-font-no wslu-main_content\">\n\n\t\t\n        <ul>\n\t\t\t        <\/ul>\n    <\/div> \n","protected":false},"excerpt":{"rendered":"<p>&nbsp;<\/p>\n","protected":false},"featured_media":67463,"comment_status":"open","ping_status":"closed","template":"","meta":{"jetpack_publicize_message":"","jetpack_publicize_feature_enabled":true,"jetpack_social_post_already_shared":true,"jetpack_social_options":{"image_generator_settings":{"template":"highway","enabled":false},"version":2}},"product_brand":[],"product_cat":[36],"product_tag":[],"class_list":{"0":"post-67450","1":"product","2":"type-product","3":"status-publish","4":"has-post-thumbnail","6":"product_cat-relojes","8":"first","9":"instock","10":"sale","11":"taxable","12":"shipping-taxable","13":"purchasable","14":"product-type-variable"},"jetpack_publicize_connections":[],"jetpack_sharing_enabled":true,"_links":{"self":[{"href":"https:\/\/bodegaoutdoor.cl\/store\/wp-json\/wp\/v2\/product\/67450","targetHints":{"allow":["GET"]}}],"collection":[{"href":"https:\/\/bodegaoutdoor.cl\/store\/wp-json\/wp\/v2\/product"}],"about":[{"href":"https:\/\/bodegaoutdoor.cl\/store\/wp-json\/wp\/v2\/types\/product"}],"replies":[{"embeddable":true,"href":"https:\/\/bodegaoutdoor.cl\/store\/wp-json\/wp\/v2\/comments?post=67450"}],"version-history":[{"count":21,"href":"https:\/\/bodegaoutdoor.cl\/store\/wp-json\/wp\/v2\/product\/67450\/revisions"}],"predecessor-version":[{"id":68450,"href":"https:\/\/bodegaoutdoor.cl\/store\/wp-json\/wp\/v2\/product\/67450\/revisions\/68450"}],"wp:featuredmedia":[{"embeddable":true,"href":"https:\/\/bodegaoutdoor.cl\/store\/wp-json\/wp\/v2\/media\/67463"}],"wp:attachment":[{"href":"https:\/\/bodegaoutdoor.cl\/store\/wp-json\/wp\/v2\/media?parent=67450"}],"wp:term":[{"taxonomy":"product_brand","embeddable":true,"href":"https:\/\/bodegaoutdoor.cl\/store\/wp-json\/wp\/v2\/product_brand?post=67450"},{"taxonomy":"product_cat","embeddable":true,"href":"https:\/\/bodegaoutdoor.cl\/store\/wp-json\/wp\/v2\/product_cat?post=67450"},{"taxonomy":"product_tag","embeddable":true,"href":"https:\/\/bodegaoutdoor.cl\/store\/wp-json\/wp\/v2\/product_tag?post=67450"}],"curies":[{"name":"wp","href":"https:\/\/api.w.org\/{rel}","templated":true}]}}