{"id":67593,"date":"2023-03-07T10:08:05","date_gmt":"2023-03-07T13:08:05","guid":{"rendered":"https:\/\/bodegaoutdoor.cl\/store\/product\/sudadera-con-capucha-de-camuflaje-3d-para-hombre-y-mujer-chandal-de-ropa-deportiva-para-exteriores-trajes-de-gran-tamano-con-capucha-y-pantalones-otono-e-invierno\/"},"modified":"2023-05-04T19:18:33","modified_gmt":"2023-05-04T23:18:33","slug":"sudadera-con-capucha-de-camuflaje-3d-para-hombre-y-mujer-chandal-de-ropa-deportiva-para-exteriores-trajes-de-gran-tamano-con-capucha-y-pantalones-otono-e-invierno","status":"publish","type":"product","link":"https:\/\/bodegaoutdoor.cl\/store\/product\/sudadera-con-capucha-de-camuflaje-3d-para-hombre-y-mujer-chandal-de-ropa-deportiva-para-exteriores-trajes-de-gran-tamano-con-capucha-y-pantalones-otono-e-invierno\/","title":{"rendered":"conjunto camuflaje 3D para hombre y mujer, unisex deportiva outdoor, trajes de gran tama\u00f1o con capucha y pantalones"},"content":{"rendered":"<div><\/div>\n<div>\n<div>\n<div style=\"overflow: hidden; height: 0px;\">Modname = ckeditor<\/div>\n<div>\n<p style=\"text-align: left; margin-left: 0pt; margin-right: 0pt;\" align=\"left\"><img decoding=\"async\" title=\"Sudadera con capucha de camuflaje 3D para hombre y mujer, ch\u00e1ndal de ropa deportiva para exteriores, trajes de gran tama\u00f1o con capucha y pantalones, Oto\u00f1o e Invierno\" src=\"https:\/\/bodegaoutdoor.cl\/store\/wp-content\/uploads\/2023\/03\/67593-whf3yo.jpg\" alt=\"Sudadera con capucha de camuflaje 3D para hombre y mujer, ch\u00e1ndal de ropa deportiva para exteriores, trajes de gran tama\u00f1o con capucha y pantalones, Oto\u00f1o e Invierno\" \/>P<\/p>\n<p style=\"text-align: left; margin-left: 0pt; margin-right: 0pt;\" align=\"left\"><span style=\"font-size: 32px; font-family: tahoma, geneva, sans-serif;\">Revisi\u00f3n de art\u00edculos<\/span><\/p>\n<p style=\"text-align: left; margin-left: 0pt; margin-right: 0pt;\" align=\"left\"><img decoding=\"async\" title=\"Sudadera con capucha de camuflaje 3D para hombre y mujer, ch\u00e1ndal de ropa deportiva para exteriores, trajes de gran tama\u00f1o con capucha y pantalones, Oto\u00f1o e Invierno\" src=\"https:\/\/bodegaoutdoor.cl\/store\/wp-content\/uploads\/2023\/03\/67593-bbni4y.jpg\" alt=\"Sudadera con capucha de camuflaje 3D para hombre y mujer, ch\u00e1ndal de ropa deportiva para exteriores, trajes de gran tama\u00f1o con capucha y pantalones, Oto\u00f1o e Invierno\" \/><img decoding=\"async\" title=\"Sudadera con capucha de camuflaje 3D para hombre y mujer, ch\u00e1ndal de ropa deportiva para exteriores, trajes de gran tama\u00f1o con capucha y pantalones, Oto\u00f1o e Invierno\" src=\"https:\/\/bodegaoutdoor.cl\/store\/wp-content\/uploads\/2023\/03\/67593-tdrf1z.jpg\" alt=\"Sudadera con capucha de camuflaje 3D para hombre y mujer, ch\u00e1ndal de ropa deportiva para exteriores, trajes de gran tama\u00f1o con capucha y pantalones, Oto\u00f1o e Invierno\" \/><\/p>\n<p>&nbsp;<\/p>\n<p style=\"text-align: left; margin-left: 0pt; margin-right: 0pt;\" align=\"left\"><img decoding=\"async\" title=\"Sudadera con capucha de camuflaje 3D para hombre y mujer, ch\u00e1ndal de ropa deportiva para exteriores, trajes de gran tama\u00f1o con capucha y pantalones, Oto\u00f1o e Invierno\" src=\"https:\/\/bodegaoutdoor.cl\/store\/wp-content\/uploads\/2023\/03\/67593-zympt1.jpg\" alt=\"Sudadera con capucha de camuflaje 3D para hombre y mujer, ch\u00e1ndal de ropa deportiva para exteriores, trajes de gran tama\u00f1o con capucha y pantalones, Oto\u00f1o e Invierno\" \/><img decoding=\"async\" title=\"Sudadera con capucha de camuflaje 3D para hombre y mujer, ch\u00e1ndal de ropa deportiva para exteriores, trajes de gran tama\u00f1o con capucha y pantalones, Oto\u00f1o e Invierno\" src=\"https:\/\/bodegaoutdoor.cl\/store\/wp-content\/uploads\/2023\/03\/67593-nckgbr.jpg\" alt=\"Sudadera con capucha de camuflaje 3D para hombre y mujer, ch\u00e1ndal de ropa deportiva para exteriores, trajes de gran tama\u00f1o con capucha y pantalones, Oto\u00f1o e Invierno\" \/><img decoding=\"async\" title=\"Sudadera con capucha de camuflaje 3D para hombre y mujer, ch\u00e1ndal de ropa deportiva para exteriores, trajes de gran tama\u00f1o con capucha y pantalones, Oto\u00f1o e Invierno\" src=\"https:\/\/bodegaoutdoor.cl\/store\/wp-content\/uploads\/2023\/03\/67593-brl3jk.jpg\" alt=\"Sudadera con capucha de camuflaje 3D para hombre y mujer, ch\u00e1ndal de ropa deportiva para exteriores, trajes de gran tama\u00f1o con capucha y pantalones, Oto\u00f1o e Invierno\" \/><\/p>\n<p style=\"text-align: left; margin-left: 0pt; margin-right: 0pt;\" align=\"left\"><img decoding=\"async\" title=\"Sudadera con capucha de camuflaje 3D para hombre y mujer, ch\u00e1ndal de ropa deportiva para exteriores, trajes de gran tama\u00f1o con capucha y pantalones, Oto\u00f1o e Invierno\" src=\"https:\/\/bodegaoutdoor.cl\/store\/wp-content\/uploads\/2023\/03\/67593-vbacpf.jpg\" alt=\"Sudadera con capucha de camuflaje 3D para hombre y mujer, ch\u00e1ndal de ropa deportiva para exteriores, trajes de gran tama\u00f1o con capucha y pantalones, Oto\u00f1o e Invierno\" \/><\/p>\n<\/div>\n<\/div>\n<p>&nbsp;<\/p>\n<\/div>\n\n    <div class=\"xs_social_share_widget xs_share_url after_content \t\tmain_content  wslu-style-1 wslu-share-box-shaped wslu-fill-colored wslu-none wslu-share-horizontal wslu-theme-font-no wslu-main_content\">\n\n\t\t\n        <ul>\n\t\t\t        <\/ul>\n    <\/div> \n","protected":false},"excerpt":{"rendered":"<p>Modname = ckeditor P Revisi\u00f3n de art\u00edculos &nbsp; &nbsp;<\/p>\n","protected":false},"featured_media":67648,"comment_status":"open","ping_status":"closed","template":"","meta":{"jetpack_publicize_message":"","jetpack_publicize_feature_enabled":true,"jetpack_social_post_already_shared":true,"jetpack_social_options":{"image_generator_settings":{"template":"highway","enabled":false},"version":2}},"product_brand":[],"product_cat":[62,63],"product_tag":[],"class_list":{"0":"post-67593","1":"product","2":"type-product","3":"status-publish","4":"has-post-thumbnail","6":"product_cat-vestuario-hombre","7":"product_cat-vestuario-mujer","9":"first","10":"instock","11":"sale","12":"taxable","13":"shipping-taxable","14":"purchasable","15":"product-type-variable"},"jetpack_publicize_connections":[],"jetpack_sharing_enabled":true,"_links":{"self":[{"href":"https:\/\/bodegaoutdoor.cl\/store\/wp-json\/wp\/v2\/product\/67593","targetHints":{"allow":["GET"]}}],"collection":[{"href":"https:\/\/bodegaoutdoor.cl\/store\/wp-json\/wp\/v2\/product"}],"about":[{"href":"https:\/\/bodegaoutdoor.cl\/store\/wp-json\/wp\/v2\/types\/product"}],"replies":[{"embeddable":true,"href":"https:\/\/bodegaoutdoor.cl\/store\/wp-json\/wp\/v2\/comments?post=67593"}],"version-history":[{"count":12,"href":"https:\/\/bodegaoutdoor.cl\/store\/wp-json\/wp\/v2\/product\/67593\/revisions"}],"predecessor-version":[{"id":67678,"href":"https:\/\/bodegaoutdoor.cl\/store\/wp-json\/wp\/v2\/product\/67593\/revisions\/67678"}],"wp:featuredmedia":[{"embeddable":true,"href":"https:\/\/bodegaoutdoor.cl\/store\/wp-json\/wp\/v2\/media\/67648"}],"wp:attachment":[{"href":"https:\/\/bodegaoutdoor.cl\/store\/wp-json\/wp\/v2\/media?parent=67593"}],"wp:term":[{"taxonomy":"product_brand","embeddable":true,"href":"https:\/\/bodegaoutdoor.cl\/store\/wp-json\/wp\/v2\/product_brand?post=67593"},{"taxonomy":"product_cat","embeddable":true,"href":"https:\/\/bodegaoutdoor.cl\/store\/wp-json\/wp\/v2\/product_cat?post=67593"},{"taxonomy":"product_tag","embeddable":true,"href":"https:\/\/bodegaoutdoor.cl\/store\/wp-json\/wp\/v2\/product_tag?post=67593"}],"curies":[{"name":"wp","href":"https:\/\/api.w.org\/{rel}","templated":true}]}}