{"id":68116,"date":"2023-03-15T11:34:45","date_gmt":"2023-03-15T14:34:45","guid":{"rendered":"https:\/\/bodegaoutdoor.cl\/store\/?post_type=product&#038;p=68116"},"modified":"2023-05-04T19:18:32","modified_gmt":"2023-05-04T23:18:32","slug":"magnum-botas-militares-tacticas-de-combate-para-hombre-zapatos-para-fanaticos-del-ejercito-senderismo-al-aire-libre-escalada-en-el-tobillo-para-campo-traviesa","status":"publish","type":"product","link":"https:\/\/bodegaoutdoor.cl\/store\/product\/magnum-botas-militares-tacticas-de-combate-para-hombre-zapatos-para-fanaticos-del-ejercito-senderismo-al-aire-libre-escalada-en-el-tobillo-para-campo-traviesa\/","title":{"rendered":"Magnum-botas militares t\u00e1cticas de combate para hombre, zapatos para fan\u00e1ticos del ej\u00e9rcito, senderismo al aire libre, escalada en el tobillo, para campo traviesa"},"content":{"rendered":"<p style=\"text-align: center;\"><video style=\"max-width: 100%;\" src=\"\/\/video.aliexpress-media.com\/play\/u\/ae_sg_item\/2215115563366\/p\/1\/e\/6\/t\/10301\/1100131279207.mp4\" poster=\"https:\/\/ae01.alicdn.com\/kf\/A4f12ad813c474f2190c299778b050006F\/Magnum-botas-militares-t-cticas-de-combate-para-hombre-zapatos-para-fan-ticos-del-ej-rcito.jpg,https:\/\/ae01.alicdn.com\/kf\/A57a2fdf9772848a5b3aff4fcdf05ef74t\/Magnum-botas-militares-t-cticas-de-combate-para-hombre-zapatos-para-fan-ticos-del-ej-rcito.jpg,https:\/\/ae01.alicdn.com\/kf\/A61c3e022cbeb4b25bec3aa6e83a21264e\/Magnum-botas-militares-t-cticas-de-combate-para-hombre-zapatos-para-fan-ticos-del-ej-rcito.jpg,https:\/\/ae01.alicdn.com\/kf\/Aab060ef1270e41b2869d035421e8e118z\/Magnum-botas-militares-t-cticas-de-combate-para-hombre-zapatos-para-fan-ticos-del-ej-rcito.jpg,https:\/\/ae01.alicdn.com\/kf\/A4200e71423ef444181141700644c45cd5\/Magnum-botas-militares-t-cticas-de-combate-para-hombre-zapatos-para-fan-ticos-del-ej-rcito.jpg,https:\/\/ae01.alicdn.com\/kf\/Aa0e79d074e194ace8c882d49d28cf1cbN\/Magnum-botas-militares-t-cticas-de-combate-para-hombre-zapatos-para-fan-ticos-del-ej-rcito.jpg\" preload=\"auto\" controls=\"controls\" width=\"100%\" height=\"100%\"><\/video><\/p>\n<div>\n<p style=\"text-align: center;\" align=\"center\"><img fetchpriority=\"high\" decoding=\"async\" title=\"Magnum-botas militares t\u00e1cticas de combate para hombre, zapatos para fan\u00e1ticos del ej\u00e9rcito, senderismo al aire libre, escalada en el tobillo, para campo traviesa\" src=\"https:\/\/bodegaoutdoor.cl\/store\/wp-content\/uploads\/2023\/03\/68116-qpso0e.jpg\" alt=\"Magnum-botas militares t\u00e1cticas de combate para hombre, zapatos para fan\u00e1ticos del ej\u00e9rcito, senderismo al aire libre, escalada en el tobillo, para campo traviesa\" width=\"750\" height=\"287\" \/><\/p>\n<h2 style=\"text-align: center;\" align=\"center\"><strong><span style=\"font-size: 10.5pt;\">Nota:<br \/>\n1. Las medidas son del tama\u00f1o m\u00e1ximo, por favor permita un error de aproximadamente \u00b1 5MM.Compare la tabla de tallas con la longitud de sus pies cuidadosamente antes de realizar el pedido.<br \/>\n2. Por favor, de acuerdo con nuestra tabla de tallas para elegir la talla m\u00e1s adecuada. Esto es muy importante. \u00a1Gracias por su comprensi\u00f3n y cooperaci\u00f3n! \u00a1Deseamos que tengas una feliz compra!<br \/>\n3. Si no sabe c\u00f3mo elegir el tama\u00f1o correcto o tiene alguna pregunta sobre este producto, cont\u00e1ctenos, le daremos respuestas satisfactorias lo antes posible.<br \/>\n4. Si tu pie es delgado, toma una talla m\u00e1s peque\u00f1a de lo habitual.<br \/>\n<\/span><\/strong><span style=\"font-size: 20px;\"><strong>Nuestros zapatos son de alta calidad producidos por nuestra propia f\u00e1brica<\/strong><\/span><br \/>\n<span style=\"font-size: 20px;\"><strong>Se adapta a<\/strong><\/span><span style=\"font-size: 20px;\"><strong>M\u00e1s grande de lo habitual<\/strong><\/span><span style=\"font-size: 20px;\"><strong>. Comprueba la informaci\u00f3n sobre el tama\u00f1o de esta tienda<br \/>\nSelecciona la talla de acuerdo a<\/strong><\/span><span style=\"font-size: 20px;\"><strong>Longitud de los pies<\/strong><\/span><br \/>\n<strong><span style=\"font-size: 24px;\">Talla de zapatos 39 = talla de EE. UU. 7,5 =<\/span><\/strong><strong><span style=\"font-size: 24px;\">Longitud de los pies 25,4 CM<\/span><\/strong><strong><span style=\"font-size: 24px;\"><br \/>\nTalla de zapatos 40 = talla estadounidense 8 =<\/span><\/strong><strong><span style=\"font-size: 24px;\">Longitud de los pies 26CM<\/span><\/strong><strong><span style=\"font-size: 24px;\"><br \/>\nTalla de zapatos 41 = talla de EE. UU. 8,5 =<\/span><\/strong><strong><span style=\"font-size: 24px;\">Longitud de los pies 26,6 CM<\/span><\/strong><strong><span style=\"font-size: 24px;\"><br \/>\nTalla de zapatos 42 = talla estadounidense 9 =<\/span><\/strong><strong><span style=\"font-size: 24px;\">Longitud de los pies 27,3 CM<\/span><\/strong><strong><span style=\"font-size: 24px;\"><br \/>\nTalla de zapatos 43 = talla estadounidense 10 =<\/span><\/strong><strong><span style=\"font-size: 24px;\">Longitud de los pies 28CM<\/span><\/strong><strong><span style=\"font-size: 24px;\"><br \/>\nTalla de zapatos 44 = talla de EE. UU. 10,5 =<\/span><\/strong><strong><span style=\"font-size: 24px;\">Longitud de los pies 28,6 CM<\/span><\/strong><strong><span style=\"font-size: 24px;\"><br \/>\nTalla de zapatos 45 = talla estadounidense 11 =<\/span><\/strong><strong><span style=\"font-size: 24px;\">Longitud de los pies 29,3 CM<\/span><\/strong><strong><span style=\"font-size: 24px;\"><br \/>\nTalla de zapatos 46 = talla estadounidense 12 =<\/span><\/strong><strong><span style=\"font-size: 24px;\">Longitud de los pies 30CM<\/span><\/strong><strong><span style=\"font-size: 24px;\"><br \/>\n<\/span><\/strong><img decoding=\"async\" style=\"border: 0px; margin: 0px; padding: 0px; max-width: 100%;\" title=\"Magnum-botas militares t\u00e1cticas de combate para hombre, zapatos para fan\u00e1ticos del ej\u00e9rcito, senderismo al aire libre, escalada en el tobillo, para campo traviesa\" src=\"https:\/\/bodegaoutdoor.cl\/store\/wp-content\/uploads\/2023\/03\/68116-zruiwk.jpg\" alt=\"Magnum-botas militares t\u00e1cticas de combate para hombre, zapatos para fan\u00e1ticos del ej\u00e9rcito, senderismo al aire libre, escalada en el tobillo, para campo traviesa\" \/><\/h2>\n<p style=\"text-align: center;\" align=\"center\"><img decoding=\"async\" title=\"Magnum-botas militares t\u00e1cticas de combate para hombre, zapatos para fan\u00e1ticos del ej\u00e9rcito, senderismo al aire libre, escalada en el tobillo, para campo traviesa\" src=\"https:\/\/bodegaoutdoor.cl\/store\/wp-content\/uploads\/2023\/03\/68116-ggcm35.jpg\" alt=\"Magnum-botas militares t\u00e1cticas de combate para hombre, zapatos para fan\u00e1ticos del ej\u00e9rcito, senderismo al aire libre, escalada en el tobillo, para campo traviesa\" \/><img decoding=\"async\" title=\"Magnum-botas militares t\u00e1cticas de combate para hombre, zapatos para fan\u00e1ticos del ej\u00e9rcito, senderismo al aire libre, escalada en el tobillo, para campo traviesa\" src=\"https:\/\/bodegaoutdoor.cl\/store\/wp-content\/uploads\/2023\/03\/68116-8hzaso.jpg\" alt=\"Magnum-botas militares t\u00e1cticas de combate para hombre, zapatos para fan\u00e1ticos del ej\u00e9rcito, senderismo al aire libre, escalada en el tobillo, para campo traviesa\" \/><img decoding=\"async\" title=\"Magnum-botas militares t\u00e1cticas de combate para hombre, zapatos para fan\u00e1ticos del ej\u00e9rcito, senderismo al aire libre, escalada en el tobillo, para campo traviesa\" src=\"https:\/\/bodegaoutdoor.cl\/store\/wp-content\/uploads\/2023\/03\/68116-6jarxk.jpg\" alt=\"Magnum-botas militares t\u00e1cticas de combate para hombre, zapatos para fan\u00e1ticos del ej\u00e9rcito, senderismo al aire libre, escalada en el tobillo, para campo traviesa\" \/><img decoding=\"async\" title=\"Magnum-botas militares t\u00e1cticas de combate para hombre, zapatos para fan\u00e1ticos del ej\u00e9rcito, senderismo al aire libre, escalada en el tobillo, para campo traviesa\" src=\"https:\/\/bodegaoutdoor.cl\/store\/wp-content\/uploads\/2023\/03\/68116-p6sqle.jpg\" alt=\"Magnum-botas militares t\u00e1cticas de combate para hombre, zapatos para fan\u00e1ticos del ej\u00e9rcito, senderismo al aire libre, escalada en el tobillo, para campo traviesa\" \/><img decoding=\"async\" title=\"Magnum-botas militares t\u00e1cticas de combate para hombre, zapatos para fan\u00e1ticos del ej\u00e9rcito, senderismo al aire libre, escalada en el tobillo, para campo traviesa\" src=\"https:\/\/bodegaoutdoor.cl\/store\/wp-content\/uploads\/2023\/03\/68116-uemktf.jpg\" alt=\"Magnum-botas militares t\u00e1cticas de combate para hombre, zapatos para fan\u00e1ticos del ej\u00e9rcito, senderismo al aire libre, escalada en el tobillo, para campo traviesa\" \/><img decoding=\"async\" title=\"Magnum-botas militares t\u00e1cticas de combate para hombre, zapatos para fan\u00e1ticos del ej\u00e9rcito, senderismo al aire libre, escalada en el tobillo, para campo traviesa\" src=\"https:\/\/bodegaoutdoor.cl\/store\/wp-content\/uploads\/2023\/03\/68116-sib09t.jpg\" alt=\"Magnum-botas militares t\u00e1cticas de combate para hombre, zapatos para fan\u00e1ticos del ej\u00e9rcito, senderismo al aire libre, escalada en el tobillo, para campo traviesa\" \/><img decoding=\"async\" title=\"Magnum-botas militares t\u00e1cticas de combate para hombre, zapatos para fan\u00e1ticos del ej\u00e9rcito, senderismo al aire libre, escalada en el tobillo, para campo traviesa\" src=\"https:\/\/bodegaoutdoor.cl\/store\/wp-content\/uploads\/2023\/03\/68116-d5gzcu.jpg\" alt=\"Magnum-botas militares t\u00e1cticas de combate para hombre, zapatos para fan\u00e1ticos del ej\u00e9rcito, senderismo al aire libre, escalada en el tobillo, para campo traviesa\" \/><img decoding=\"async\" title=\"Magnum-botas militares t\u00e1cticas de combate para hombre, zapatos para fan\u00e1ticos del ej\u00e9rcito, senderismo al aire libre, escalada en el tobillo, para campo traviesa\" src=\"https:\/\/bodegaoutdoor.cl\/store\/wp-content\/uploads\/2023\/03\/68116-fj3gqh.jpg\" alt=\"Magnum-botas militares t\u00e1cticas de combate para hombre, zapatos para fan\u00e1ticos del ej\u00e9rcito, senderismo al aire libre, escalada en el tobillo, para campo traviesa\" \/><img decoding=\"async\" title=\"Magnum-botas militares t\u00e1cticas de combate para hombre, zapatos para fan\u00e1ticos del ej\u00e9rcito, senderismo al aire libre, escalada en el tobillo, para campo traviesa\" src=\"https:\/\/bodegaoutdoor.cl\/store\/wp-content\/uploads\/2023\/03\/68116-bzpurk.jpg\" alt=\"Magnum-botas militares t\u00e1cticas de combate para hombre, zapatos para fan\u00e1ticos del ej\u00e9rcito, senderismo al aire libre, escalada en el tobillo, para campo traviesa\" \/><img decoding=\"async\" title=\"Magnum-botas militares t\u00e1cticas de combate para hombre, zapatos para fan\u00e1ticos del ej\u00e9rcito, senderismo al aire libre, escalada en el tobillo, para campo traviesa\" src=\"https:\/\/bodegaoutdoor.cl\/store\/wp-content\/uploads\/2023\/03\/68116-7dgskc.jpg\" alt=\"Magnum-botas militares t\u00e1cticas de combate para hombre, zapatos para fan\u00e1ticos del ej\u00e9rcito, senderismo al aire libre, escalada en el tobillo, para campo traviesa\" \/><img decoding=\"async\" title=\"Magnum-botas militares t\u00e1cticas de combate para hombre, zapatos para fan\u00e1ticos del ej\u00e9rcito, senderismo al aire libre, escalada en el tobillo, para campo traviesa\" src=\"https:\/\/bodegaoutdoor.cl\/store\/wp-content\/uploads\/2023\/03\/68116-yuinzi.jpg\" alt=\"Magnum-botas militares t\u00e1cticas de combate para hombre, zapatos para fan\u00e1ticos del ej\u00e9rcito, senderismo al aire libre, escalada en el tobillo, para campo traviesa\" \/><img decoding=\"async\" title=\"Magnum-botas militares t\u00e1cticas de combate para hombre, zapatos para fan\u00e1ticos del ej\u00e9rcito, senderismo al aire libre, escalada en el tobillo, para campo traviesa\" src=\"https:\/\/bodegaoutdoor.cl\/store\/wp-content\/uploads\/2023\/03\/68116-bxgxrp.jpg\" alt=\"Magnum-botas militares t\u00e1cticas de combate para hombre, zapatos para fan\u00e1ticos del ej\u00e9rcito, senderismo al aire libre, escalada en el tobillo, para campo traviesa\" \/><img decoding=\"async\" title=\"Magnum-botas militares t\u00e1cticas de combate para hombre, zapatos para fan\u00e1ticos del ej\u00e9rcito, senderismo al aire libre, escalada en el tobillo, para campo traviesa\" src=\"https:\/\/bodegaoutdoor.cl\/store\/wp-content\/uploads\/2023\/03\/68116-jlqdsu.jpg\" alt=\"Magnum-botas militares t\u00e1cticas de combate para hombre, zapatos para fan\u00e1ticos del ej\u00e9rcito, senderismo al aire libre, escalada en el tobillo, para campo traviesa\" \/><img decoding=\"async\" title=\"Magnum-botas militares t\u00e1cticas de combate para hombre, zapatos para fan\u00e1ticos del ej\u00e9rcito, senderismo al aire libre, escalada en el tobillo, para campo traviesa\" src=\"https:\/\/bodegaoutdoor.cl\/store\/wp-content\/uploads\/2023\/03\/68116-qpclqe.jpg\" alt=\"Magnum-botas militares t\u00e1cticas de combate para hombre, zapatos para fan\u00e1ticos del ej\u00e9rcito, senderismo al aire libre, escalada en el tobillo, para campo traviesa\" \/><img decoding=\"async\" title=\"Magnum-botas militares t\u00e1cticas de combate para hombre, zapatos para fan\u00e1ticos del ej\u00e9rcito, senderismo al aire libre, escalada en el tobillo, para campo traviesa\" src=\"https:\/\/bodegaoutdoor.cl\/store\/wp-content\/uploads\/2023\/03\/68116-jukdfd.jpg\" alt=\"Magnum-botas militares t\u00e1cticas de combate para hombre, zapatos para fan\u00e1ticos del ej\u00e9rcito, senderismo al aire libre, escalada en el tobillo, para campo traviesa\" \/><img decoding=\"async\" title=\"Magnum-botas militares t\u00e1cticas de combate para hombre, zapatos para fan\u00e1ticos del ej\u00e9rcito, senderismo al aire libre, escalada en el tobillo, para campo traviesa\" src=\"https:\/\/bodegaoutdoor.cl\/store\/wp-content\/uploads\/2023\/03\/68116-okyqdv.jpg\" alt=\"Magnum-botas militares t\u00e1cticas de combate para hombre, zapatos para fan\u00e1ticos del ej\u00e9rcito, senderismo al aire libre, escalada en el tobillo, para campo traviesa\" \/><img decoding=\"async\" title=\"Magnum-botas militares t\u00e1cticas de combate para hombre, zapatos para fan\u00e1ticos del ej\u00e9rcito, senderismo al aire libre, escalada en el tobillo, para campo traviesa\" src=\"https:\/\/bodegaoutdoor.cl\/store\/wp-content\/uploads\/2023\/03\/68116-bbgubk.jpg\" alt=\"Magnum-botas militares t\u00e1cticas de combate para hombre, zapatos para fan\u00e1ticos del ej\u00e9rcito, senderismo al aire libre, escalada en el tobillo, para campo traviesa\" \/><img decoding=\"async\" title=\"Magnum-botas militares t\u00e1cticas de combate para hombre, zapatos para fan\u00e1ticos del ej\u00e9rcito, senderismo al aire libre, escalada en el tobillo, para campo traviesa\" src=\"https:\/\/bodegaoutdoor.cl\/store\/wp-content\/uploads\/2023\/03\/68116-9o6efx.jpg\" alt=\"Magnum-botas militares t\u00e1cticas de combate para hombre, zapatos para fan\u00e1ticos del ej\u00e9rcito, senderismo al aire libre, escalada en el tobillo, para campo traviesa\" \/><img decoding=\"async\" title=\"Magnum-botas militares t\u00e1cticas de combate para hombre, zapatos para fan\u00e1ticos del ej\u00e9rcito, senderismo al aire libre, escalada en el tobillo, para campo traviesa\" src=\"https:\/\/bodegaoutdoor.cl\/store\/wp-content\/uploads\/2023\/03\/68116-9rsg3n.jpg\" alt=\"Magnum-botas militares t\u00e1cticas de combate para hombre, zapatos para fan\u00e1ticos del ej\u00e9rcito, senderismo al aire libre, escalada en el tobillo, para campo traviesa\" \/><img decoding=\"async\" title=\"Magnum-botas militares t\u00e1cticas de combate para hombre, zapatos para fan\u00e1ticos del ej\u00e9rcito, senderismo al aire libre, escalada en el tobillo, para campo traviesa\" src=\"https:\/\/bodegaoutdoor.cl\/store\/wp-content\/uploads\/2023\/03\/68116-tvplj4.jpg\" alt=\"Magnum-botas militares t\u00e1cticas de combate para hombre, zapatos para fan\u00e1ticos del ej\u00e9rcito, senderismo al aire libre, escalada en el tobillo, para campo traviesa\" \/><\/p>\n<\/div>\n\n    <div class=\"xs_social_share_widget xs_share_url after_content \t\tmain_content  wslu-style-1 wslu-share-box-shaped wslu-fill-colored wslu-none wslu-share-horizontal wslu-theme-font-no wslu-main_content\">\n\n\t\t\n        <ul>\n\t\t\t        <\/ul>\n    <\/div> \n","protected":false},"excerpt":{"rendered":"<p>Nota: 1. Las medidas son del tama\u00f1o m\u00e1ximo, por favor permita un error de aproximadamente \u00b1 5MM.Compare la tabla de tallas con la longitud de sus pies cuidadosamente antes de realizar el pedido. 2. Por favor, de acuerdo con nuestra tabla de tallas para elegir la talla m\u00e1s adecuada. Esto es muy importante. \u00a1Gracias por [&hellip;]<\/p>\n","protected":false},"featured_media":68210,"comment_status":"open","ping_status":"closed","template":"","meta":{"jetpack_publicize_message":"","jetpack_publicize_feature_enabled":true,"jetpack_social_post_already_shared":true,"jetpack_social_options":{"image_generator_settings":{"template":"highway","enabled":false},"version":2}},"product_brand":[],"product_cat":[41,43],"product_tag":[],"class_list":{"0":"post-68116","1":"product","2":"type-product","3":"status-publish","4":"has-post-thumbnail","6":"product_cat-calzado","7":"product_cat-calzado-hombre","9":"first","10":"instock","11":"sale","12":"taxable","13":"shipping-taxable","14":"purchasable","15":"product-type-variable"},"jetpack_publicize_connections":[],"jetpack_sharing_enabled":true,"_links":{"self":[{"href":"https:\/\/bodegaoutdoor.cl\/store\/wp-json\/wp\/v2\/product\/68116","targetHints":{"allow":["GET"]}}],"collection":[{"href":"https:\/\/bodegaoutdoor.cl\/store\/wp-json\/wp\/v2\/product"}],"about":[{"href":"https:\/\/bodegaoutdoor.cl\/store\/wp-json\/wp\/v2\/types\/product"}],"replies":[{"embeddable":true,"href":"https:\/\/bodegaoutdoor.cl\/store\/wp-json\/wp\/v2\/comments?post=68116"}],"version-history":[{"count":29,"href":"https:\/\/bodegaoutdoor.cl\/store\/wp-json\/wp\/v2\/product\/68116\/revisions"}],"predecessor-version":[{"id":68937,"href":"https:\/\/bodegaoutdoor.cl\/store\/wp-json\/wp\/v2\/product\/68116\/revisions\/68937"}],"wp:featuredmedia":[{"embeddable":true,"href":"https:\/\/bodegaoutdoor.cl\/store\/wp-json\/wp\/v2\/media\/68210"}],"wp:attachment":[{"href":"https:\/\/bodegaoutdoor.cl\/store\/wp-json\/wp\/v2\/media?parent=68116"}],"wp:term":[{"taxonomy":"product_brand","embeddable":true,"href":"https:\/\/bodegaoutdoor.cl\/store\/wp-json\/wp\/v2\/product_brand?post=68116"},{"taxonomy":"product_cat","embeddable":true,"href":"https:\/\/bodegaoutdoor.cl\/store\/wp-json\/wp\/v2\/product_cat?post=68116"},{"taxonomy":"product_tag","embeddable":true,"href":"https:\/\/bodegaoutdoor.cl\/store\/wp-json\/wp\/v2\/product_tag?post=68116"}],"curies":[{"name":"wp","href":"https:\/\/api.w.org\/{rel}","templated":true}]}}