{"id":68298,"date":"2023-03-15T13:15:12","date_gmt":"2023-03-15T16:15:12","guid":{"rendered":"https:\/\/bodegaoutdoor.cl\/store\/product\/hoka-anacapa-zapatillas-bajas-gtx-para-hombre-zapatos-de-trekking-al-aire-libre-para-maraton-trail-running-antideslizantes-impermeables-para-senderismo\/"},"modified":"2023-05-04T19:18:32","modified_gmt":"2023-05-04T23:18:32","slug":"hoka-anacapa-zapatillas-bajas-gtx-para-hombre-zapatos-de-trekking-al-aire-libre-para-maraton-trail-running-antideslizantes-impermeables-para-senderismo","status":"publish","type":"product","link":"https:\/\/bodegaoutdoor.cl\/store\/product\/hoka-anacapa-zapatillas-bajas-gtx-para-hombre-zapatos-de-trekking-al-aire-libre-para-maraton-trail-running-antideslizantes-impermeables-para-senderismo\/","title":{"rendered":"Zapatillas HOKA  GTX , zapatos de Trekking, Trail Running, antideslizantes, impermeables"},"content":{"rendered":"<div>\n<div>\n<p><img decoding=\"async\" title=\"HOKA Anacapa-Zapatillas bajas GTX para hombre, zapatos de Trekking al aire libre, para marat\u00f3n, Trail Running, antideslizantes, impermeables, para senderismo\" src=\"https:\/\/bodegaoutdoor.cl\/store\/wp-content\/uploads\/2023\/03\/68298-v1km9n.jpg\" alt=\"HOKA Anacapa-Zapatillas bajas GTX para hombre, zapatos de Trekking al aire libre, para marat\u00f3n, Trail Running, antideslizantes, impermeables, para senderismo\" \/><\/p>\n<p>&nbsp;<\/p>\n<p><span style=\"margin: 0px; max-width: 100%; font-size: 20px;\">1. Consulta nuestra tabla de tallas para ver qu\u00e9 talla coincide con la longitud de tus pies.<\/span><\/p>\n<p><span style=\"margin: 0px; max-width: 100%; font-size: 20px;\">2. Si uno de tus pies es m\u00e1s grande o m\u00e1s largo que otro, debes elegir la talla que se ajuste a tu pie m\u00e1s grande.<\/span><\/p>\n<p><span style=\"margin: 0px; max-width: 100%; font-size: 20px;\">3. Si tu empeine o pie es m\u00e1s grande de lo habitual, te recomendamos comprar una talla m\u00e1s grande.<\/span><\/p>\n<p><span style=\"margin: 0px; max-width: 100%; font-size: 20px;\">4. Ten en cuenta que puede haber una discrepancia si utilizas un m\u00e9todo de medici\u00f3n incorrecto.<\/span><\/p>\n<p data-spm-anchor-id=\"a2g0o.detail.1000023.i0.76c9389cJf0dXN\"><span style=\"margin: 0px; max-width: 100%; font-size: 20px;\">5. Si tiene alguna pregunta, cont\u00e1ctenos. Resolvemos cualquier problema con nuestro producto, prometemos que le daremos una buena soluci\u00f3n.<\/span><\/p>\n<p><img decoding=\"async\" title=\"HOKA Anacapa-Zapatillas bajas GTX para hombre, zapatos de Trekking al aire libre, para marat\u00f3n, Trail Running, antideslizantes, impermeables, para senderismo\" src=\"https:\/\/bodegaoutdoor.cl\/store\/wp-content\/uploads\/2023\/03\/68298-4gk5su.jpg\" alt=\"HOKA Anacapa-Zapatillas bajas GTX para hombre, zapatos de Trekking al aire libre, para marat\u00f3n, Trail Running, antideslizantes, impermeables, para senderismo\" \/><\/p>\n<p><img decoding=\"async\" title=\"HOKA Anacapa-Zapatillas bajas GTX para hombre, zapatos de Trekking al aire libre, para marat\u00f3n, Trail Running, antideslizantes, impermeables, para senderismo\" src=\"https:\/\/bodegaoutdoor.cl\/store\/wp-content\/uploads\/2023\/03\/68298-jpvcon.jpg\" alt=\"HOKA Anacapa-Zapatillas bajas GTX para hombre, zapatos de Trekking al aire libre, para marat\u00f3n, Trail Running, antideslizantes, impermeables, para senderismo\" \/><\/p>\n<p><img decoding=\"async\" title=\"HOKA Anacapa-Zapatillas bajas GTX para hombre, zapatos de Trekking al aire libre, para marat\u00f3n, Trail Running, antideslizantes, impermeables, para senderismo\" src=\"https:\/\/bodegaoutdoor.cl\/store\/wp-content\/uploads\/2023\/03\/68298-zdku3i.jpg\" alt=\"HOKA Anacapa-Zapatillas bajas GTX para hombre, zapatos de Trekking al aire libre, para marat\u00f3n, Trail Running, antideslizantes, impermeables, para senderismo\" \/><\/p>\n<p data-spm-anchor-id=\"a2g0o.detail.1000023.i0.76c9389cJf0dXN\"><span style=\"margin: 0px; max-width: 100%; font-size: 20px;\">\u00a0<\/span><\/p>\n<p><img decoding=\"async\" title=\"HOKA Anacapa-Zapatillas bajas GTX para hombre, zapatos de Trekking al aire libre, para marat\u00f3n, Trail Running, antideslizantes, impermeables, para senderismo\" src=\"https:\/\/bodegaoutdoor.cl\/store\/wp-content\/uploads\/2023\/03\/68298-xwjurt.jpg\" alt=\"HOKA Anacapa-Zapatillas bajas GTX para hombre, zapatos de Trekking al aire libre, para marat\u00f3n, Trail Running, antideslizantes, impermeables, para senderismo\" \/><\/p>\n<p><img decoding=\"async\" title=\"HOKA Anacapa-Zapatillas bajas GTX para hombre, zapatos de Trekking al aire libre, para marat\u00f3n, Trail Running, antideslizantes, impermeables, para senderismo\" src=\"https:\/\/bodegaoutdoor.cl\/store\/wp-content\/uploads\/2023\/03\/68298-lypkza.jpg\" alt=\"HOKA Anacapa-Zapatillas bajas GTX para hombre, zapatos de Trekking al aire libre, para marat\u00f3n, Trail Running, antideslizantes, impermeables, para senderismo\" \/><\/p>\n<p><img decoding=\"async\" title=\"HOKA Anacapa-Zapatillas bajas GTX para hombre, zapatos de Trekking al aire libre, para marat\u00f3n, Trail Running, antideslizantes, impermeables, para senderismo\" src=\"https:\/\/bodegaoutdoor.cl\/store\/wp-content\/uploads\/2023\/03\/68298-bgzq4t.jpg\" alt=\"HOKA Anacapa-Zapatillas bajas GTX para hombre, zapatos de Trekking al aire libre, para marat\u00f3n, Trail Running, antideslizantes, impermeables, para senderismo\" \/><\/p>\n<p><img decoding=\"async\" title=\"HOKA Anacapa-Zapatillas bajas GTX para hombre, zapatos de Trekking al aire libre, para marat\u00f3n, Trail Running, antideslizantes, impermeables, para senderismo\" src=\"https:\/\/bodegaoutdoor.cl\/store\/wp-content\/uploads\/2023\/03\/68298-noscpv.jpg\" alt=\"HOKA Anacapa-Zapatillas bajas GTX para hombre, zapatos de Trekking al aire libre, para marat\u00f3n, Trail Running, antideslizantes, impermeables, para senderismo\" \/><\/p>\n<p><img decoding=\"async\" title=\"HOKA Anacapa-Zapatillas bajas GTX para hombre, zapatos de Trekking al aire libre, para marat\u00f3n, Trail Running, antideslizantes, impermeables, para senderismo\" src=\"https:\/\/bodegaoutdoor.cl\/store\/wp-content\/uploads\/2023\/03\/68298-nhbpuf.jpg\" alt=\"HOKA Anacapa-Zapatillas bajas GTX para hombre, zapatos de Trekking al aire libre, para marat\u00f3n, Trail Running, antideslizantes, impermeables, para senderismo\" \/><\/p>\n<p><img decoding=\"async\" title=\"HOKA Anacapa-Zapatillas bajas GTX para hombre, zapatos de Trekking al aire libre, para marat\u00f3n, Trail Running, antideslizantes, impermeables, para senderismo\" src=\"https:\/\/bodegaoutdoor.cl\/store\/wp-content\/uploads\/2023\/03\/68298-jxqbuv.jpg\" alt=\"HOKA Anacapa-Zapatillas bajas GTX para hombre, zapatos de Trekking al aire libre, para marat\u00f3n, Trail Running, antideslizantes, impermeables, para senderismo\" \/><\/p>\n<p><img decoding=\"async\" title=\"HOKA Anacapa-Zapatillas bajas GTX para hombre, zapatos de Trekking al aire libre, para marat\u00f3n, Trail Running, antideslizantes, impermeables, para senderismo\" src=\"https:\/\/bodegaoutdoor.cl\/store\/wp-content\/uploads\/2023\/03\/68298-jdxstj.jpg\" alt=\"HOKA Anacapa-Zapatillas bajas GTX para hombre, zapatos de Trekking al aire libre, para marat\u00f3n, Trail Running, antideslizantes, impermeables, para senderismo\" \/><\/p>\n<p><img decoding=\"async\" title=\"HOKA Anacapa-Zapatillas bajas GTX para hombre, zapatos de Trekking al aire libre, para marat\u00f3n, Trail Running, antideslizantes, impermeables, para senderismo\" src=\"https:\/\/bodegaoutdoor.cl\/store\/wp-content\/uploads\/2023\/03\/68298-glp9ng.jpg\" alt=\"HOKA Anacapa-Zapatillas bajas GTX para hombre, zapatos de Trekking al aire libre, para marat\u00f3n, Trail Running, antideslizantes, impermeables, para senderismo\" \/><\/p>\n<p data-spm-anchor-id=\"a2g0o.detail.1000023.i0.76c9389cJf0dXN\"><span style=\"margin: 0px; max-width: 100%; font-size: 20px;\">\u00a0<\/span><\/p>\n<p>&nbsp;<\/p>\n<div><\/div>\n<div><\/div>\n<div><\/div>\n<div><\/div>\n<div><\/div>\n<div><\/div>\n<div><\/div>\n<div><\/div>\n<div><\/div>\n<div><\/div>\n<div><img decoding=\"async\" style=\"vertical-align: middle; margin: 0px auto; max-width: 100%; min-height: 1px; width: 750px; height: 1161.29px;\" title=\"HOKA Anacapa-Zapatillas bajas GTX para hombre, zapatos de Trekking al aire libre, para marat\u00f3n, Trail Running, antideslizantes, impermeables, para senderismo\" src=\"https:\/\/bodegaoutdoor.cl\/store\/wp-content\/uploads\/2023\/03\/68298-xbj5h9.jpg\" alt=\"HOKA Anacapa-Zapatillas bajas GTX para hombre, zapatos de Trekking al aire libre, para marat\u00f3n, Trail Running, antideslizantes, impermeables, para senderismo\" data-name=\"singleImage\" \/><\/div>\n<div><\/div>\n<div><img decoding=\"async\" style=\"vertical-align: middle; margin: 0px auto; max-width: 100%; min-height: 1px; width: 750px; height: 828.629px;\" title=\"HOKA Anacapa-Zapatillas bajas GTX para hombre, zapatos de Trekking al aire libre, para marat\u00f3n, Trail Running, antideslizantes, impermeables, para senderismo\" src=\"https:\/\/bodegaoutdoor.cl\/store\/wp-content\/uploads\/2023\/03\/68298-zd8ixj.jpg\" alt=\"HOKA Anacapa-Zapatillas bajas GTX para hombre, zapatos de Trekking al aire libre, para marat\u00f3n, Trail Running, antideslizantes, impermeables, para senderismo\" data-name=\"singleImage\" \/><\/div>\n<div><img decoding=\"async\" style=\"vertical-align: middle; margin: 0px auto; max-width: 100%; min-height: 1px; width: 750px; height: 1161.29px;\" title=\"HOKA Anacapa-Zapatillas bajas GTX para hombre, zapatos de Trekking al aire libre, para marat\u00f3n, Trail Running, antideslizantes, impermeables, para senderismo\" src=\"https:\/\/bodegaoutdoor.cl\/store\/wp-content\/uploads\/2023\/03\/68298-yfzvtp.jpg\" alt=\"HOKA Anacapa-Zapatillas bajas GTX para hombre, zapatos de Trekking al aire libre, para marat\u00f3n, Trail Running, antideslizantes, impermeables, para senderismo\" data-name=\"singleImage\" \/><\/div>\n<div id=\"attributes\">\n<ul style=\"list-style-type: none;\">\n<li>\u5e2e\u9762\u6750\u8d28: \u5934\u5c42\u725b\u76ae<\/li>\n<\/ul>\n<\/div>\n<div id=\"description\" style=\"clear: both; margin-bottom: 20px; font-size: 14px; line-height: 1.5; font-family: tahoma, arial, \u5b8b\u4f53, sans-serif;\">\n<div id=\"J_DivItemDesc\" style=\"width: 749.985px; padding: 10px 0px 0px; overflow: hidden;\">\n<p style=\"margin-top: 1.12em; margin-bottom: 1.12em;\">\u963f\u5a1c\u5361\u5e15 \u963f\u7eb3\u5361\u5e15 \u4e2d\u5e2e\u9632\u6c34\u9632\u6ed1 \u65b0\u54c1 \u6237\u5916\u5f92\u6b65\u978b \u51cf\u9707\u8dd1\u6b65 \u767b\u5c71\u5f92\u6b65\u978b<\/p>\n<p style=\"margin-top: 1.12em; margin-bottom: 1.12em;\"><img decoding=\"async\" style=\"vertical-align: top; height: auto !important; max-width: 750px;\" title=\"HOKA Anacapa-Zapatillas bajas GTX para hombre, zapatos de Trekking al aire libre, para marat\u00f3n, Trail Running, antideslizantes, impermeables, para senderismo\" src=\"https:\/\/bodegaoutdoor.cl\/store\/wp-content\/uploads\/2023\/03\/68298-nhjc7m.jpg\" alt=\"HOKA Anacapa-Zapatillas bajas GTX para hombre, zapatos de Trekking al aire libre, para marat\u00f3n, Trail Running, antideslizantes, impermeables, para senderismo\" align=\"absmiddle\" data-spm-anchor-id=\"2013.1.0.i4.56a82dc5tCuLfi\" \/><img decoding=\"async\" style=\"vertical-align: top; height: auto !important; max-width: 750px;\" title=\"HOKA Anacapa-Zapatillas bajas GTX para hombre, zapatos de Trekking al aire libre, para marat\u00f3n, Trail Running, antideslizantes, impermeables, para senderismo\" src=\"https:\/\/bodegaoutdoor.cl\/store\/wp-content\/uploads\/2023\/03\/68298-lve6bg.jpg\" alt=\"HOKA Anacapa-Zapatillas bajas GTX para hombre, zapatos de Trekking al aire libre, para marat\u00f3n, Trail Running, antideslizantes, impermeables, para senderismo\" align=\"absmiddle\" \/><\/p>\n<p style=\"margin-top: 1.12em; margin-bottom: 1.12em;\"><img decoding=\"async\" title=\"HOKA Anacapa-Zapatillas bajas GTX para hombre, zapatos de Trekking al aire libre, para marat\u00f3n, Trail Running, antideslizantes, impermeables, para senderismo\" src=\"https:\/\/bodegaoutdoor.cl\/store\/wp-content\/uploads\/2023\/03\/68298-m7htwb.jpg\" alt=\"HOKA Anacapa-Zapatillas bajas GTX para hombre, zapatos de Trekking al aire libre, para marat\u00f3n, Trail Running, antideslizantes, impermeables, para senderismo\" \/><\/p>\n<p style=\"margin-top: 1.12em; margin-bottom: 1.12em;\"><img decoding=\"async\" style=\"vertical-align: top; height: auto !important; max-width: 750px;\" title=\"HOKA Anacapa-Zapatillas bajas GTX para hombre, zapatos de Trekking al aire libre, para marat\u00f3n, Trail Running, antideslizantes, impermeables, para senderismo\" src=\"https:\/\/bodegaoutdoor.cl\/store\/wp-content\/uploads\/2023\/03\/68298-uebmeb.jpg\" alt=\"HOKA Anacapa-Zapatillas bajas GTX para hombre, zapatos de Trekking al aire libre, para marat\u00f3n, Trail Running, antideslizantes, impermeables, para senderismo\" align=\"absmiddle\" \/><\/p>\n<p style=\"margin-top: 1.12em; margin-bottom: 1.12em;\">\n<\/div>\n<\/div>\n<p>&nbsp;<\/p>\n<p>&nbsp;<\/p>\n<p>&nbsp;<\/p>\n<p>&nbsp;<\/p>\n<\/div>\n<\/div>\n\n    <div class=\"xs_social_share_widget xs_share_url after_content \t\tmain_content  wslu-style-1 wslu-share-box-shaped wslu-fill-colored wslu-none wslu-share-horizontal wslu-theme-font-no wslu-main_content\">\n\n\t\t\n        <ul>\n\t\t\t        <\/ul>\n    <\/div> \n","protected":false},"excerpt":{"rendered":"<p>&nbsp; 1. Consulta nuestra tabla de tallas para ver qu\u00e9 talla coincide con la longitud de tus pies. 2. Si uno de tus pies es m\u00e1s grande o m\u00e1s largo que otro, debes elegir la talla que se ajuste a tu pie m\u00e1s grande. 3. Si tu empeine o pie es m\u00e1s grande de lo [&hellip;]<\/p>\n","protected":false},"featured_media":68344,"comment_status":"open","ping_status":"closed","template":"","meta":{"jetpack_publicize_message":"","jetpack_publicize_feature_enabled":true,"jetpack_social_post_already_shared":true,"jetpack_social_options":{"image_generator_settings":{"template":"highway","enabled":false},"version":2}},"product_brand":[],"product_cat":[41,43],"product_tag":[],"class_list":{"0":"post-68298","1":"product","2":"type-product","3":"status-publish","4":"has-post-thumbnail","6":"product_cat-calzado","7":"product_cat-calzado-hombre","9":"first","10":"instock","11":"sale","12":"taxable","13":"shipping-taxable","14":"purchasable","15":"product-type-variable"},"jetpack_publicize_connections":[],"jetpack_sharing_enabled":true,"_links":{"self":[{"href":"https:\/\/bodegaoutdoor.cl\/store\/wp-json\/wp\/v2\/product\/68298","targetHints":{"allow":["GET"]}}],"collection":[{"href":"https:\/\/bodegaoutdoor.cl\/store\/wp-json\/wp\/v2\/product"}],"about":[{"href":"https:\/\/bodegaoutdoor.cl\/store\/wp-json\/wp\/v2\/types\/product"}],"replies":[{"embeddable":true,"href":"https:\/\/bodegaoutdoor.cl\/store\/wp-json\/wp\/v2\/comments?post=68298"}],"version-history":[{"count":22,"href":"https:\/\/bodegaoutdoor.cl\/store\/wp-json\/wp\/v2\/product\/68298\/revisions"}],"predecessor-version":[{"id":68931,"href":"https:\/\/bodegaoutdoor.cl\/store\/wp-json\/wp\/v2\/product\/68298\/revisions\/68931"}],"wp:featuredmedia":[{"embeddable":true,"href":"https:\/\/bodegaoutdoor.cl\/store\/wp-json\/wp\/v2\/media\/68344"}],"wp:attachment":[{"href":"https:\/\/bodegaoutdoor.cl\/store\/wp-json\/wp\/v2\/media?parent=68298"}],"wp:term":[{"taxonomy":"product_brand","embeddable":true,"href":"https:\/\/bodegaoutdoor.cl\/store\/wp-json\/wp\/v2\/product_brand?post=68298"},{"taxonomy":"product_cat","embeddable":true,"href":"https:\/\/bodegaoutdoor.cl\/store\/wp-json\/wp\/v2\/product_cat?post=68298"},{"taxonomy":"product_tag","embeddable":true,"href":"https:\/\/bodegaoutdoor.cl\/store\/wp-json\/wp\/v2\/product_tag?post=68298"}],"curies":[{"name":"wp","href":"https:\/\/api.w.org\/{rel}","templated":true}]}}