{"id":68394,"date":"2023-03-15T13:17:40","date_gmt":"2023-03-15T16:17:40","guid":{"rendered":"https:\/\/bodegaoutdoor.cl\/store\/product\/mochila-tactica-militar-de-70l-bolsa-de-rifle-airsoft-impermeable-para-viajes-al-aire-libre-trekking-escalada-camping-mochila-de-asalto\/"},"modified":"2023-05-04T19:18:32","modified_gmt":"2023-05-04T23:18:32","slug":"mochila-tactica-militar-de-70l-bolsa-de-rifle-airsoft-impermeable","status":"publish","type":"product","link":"https:\/\/bodegaoutdoor.cl\/store\/product\/mochila-tactica-militar-de-70l-bolsa-de-rifle-airsoft-impermeable\/","title":{"rendered":"Mochila t\u00e1ctica militar de 70L, bolsa de Rifle Airsoft, impermeable"},"content":{"rendered":"<p style=\"text-align: center;\"><video style=\"max-width: 100%;\" src=\"\/\/video.aliexpress-media.com\/play\/u\/ae_sg_item\/3549749722\/p\/1\/e\/6\/t\/10301\/332088380795.mp4\" poster=\"https:\/\/ae01.alicdn.com\/kf\/H7196d49164dc4919a55d216c9eb3d54e1\/Mochila-t-ctica-militar-de-70L-bolsa-de-Rifle-Airsoft-impermeable-para-viajes-al-aire-libre.jpg,https:\/\/ae01.alicdn.com\/kf\/Hd0e09426dd2e42f99303afe3cac25b626\/Mochila-t-ctica-militar-de-70L-bolsa-de-Rifle-Airsoft-impermeable-para-viajes-al-aire-libre.jpg,https:\/\/ae01.alicdn.com\/kf\/H91787ade88614300832a36dbe28d06a6O\/Mochila-t-ctica-militar-de-70L-bolsa-de-Rifle-Airsoft-impermeable-para-viajes-al-aire-libre.jpg,https:\/\/ae01.alicdn.com\/kf\/H38e6b8fd4a6f440a932bdb05cf8b626dM\/Mochila-t-ctica-militar-de-70L-bolsa-de-Rifle-Airsoft-impermeable-para-viajes-al-aire-libre.jpg,https:\/\/ae01.alicdn.com\/kf\/H7c129f0e80de4b238ee454c5bb1d288bQ\/Mochila-t-ctica-militar-de-70L-bolsa-de-Rifle-Airsoft-impermeable-para-viajes-al-aire-libre.jpg,https:\/\/ae01.alicdn.com\/kf\/H926fbfaa02cd4270bb5ab663fd382f08n\/Mochila-t-ctica-militar-de-70L-bolsa-de-Rifle-Airsoft-impermeable-para-viajes-al-aire-libre.jpg\" preload=\"auto\" controls=\"controls\" width=\"100%\" height=\"100%\"><\/video><\/p>\n<div>\n<p style=\"text-align: center;\"><span style=\"color: #ff0000;\"><strong><span style=\"font-size: 16.0px;\">Mochila t\u00e1ctica militar de 70L, bolsa de Rifle Airsoft, mochila impermeable, viaje al aire libre, Trekking, escalada, Camping, mochila de asalto<\/span><\/strong><\/span><\/p>\n<p>&nbsp;<\/p>\n<div><\/div>\n<div>\n<p><span style=\"color: #ff0000;\"><span style=\"font-size: 16.0px;\"><strong>Caracter\u00edsticas:<\/strong><\/span><\/span><br \/>\n<span style=\"color: #000000;\"><span style=\"font-size: 16.0px;\">* Mochila t\u00e1ctica de Rifle Dual Molle<br \/>\n* Colores: verde, Camuflaje<br \/>\n* Material: nailon de alta densidad 800D<br \/>\n* Peso neto: 3lb 13oz<br \/>\n* Dimensiones:<br \/>\n&#8212; Paquete principal: 22x10x6 pulgadas (largo-ancho-grosor)<br \/>\n&#8212; Estuche para Rifle\/e-tool: 35x10x2 pulgadas (largo-ancho-grosor).<\/span><\/span><\/p>\n<p><span style=\"color: #ff0000;\"><span style=\"font-size: 16.0px;\"><strong>Descripciones de bolsillos en detalles:<\/strong><\/span><\/span><br \/>\n<span style=\"color: #000000;\"><span style=\"font-size: 16.0px;\">* La bolsa frontal con cierre de cremallera doble completo que podr\u00eda contener su tipo de equipo de combate. Y el tama\u00f1o de<\/span><\/span><\/p>\n<p><span style=\"color: #000000;\"><span style=\"font-size: 16.0px;\">La bolsa mide 55cm(L) x 26cm(W)<br \/>\n* Hay una bolsa con Velcro en la superficie de la bolsa frontal. Y el tama\u00f1o de la bolsa es de 32cm(L) x 25cm(W).<br \/>\n* Dos bolsas dise\u00f1adas Molle en el lado de la bolsa con el tama\u00f1o 24cm(L) x 13cm(W), para sostener botellas de agua<\/span><\/span><\/p>\n<p><span style=\"color: #000000;\"><span style=\"font-size: 16.0px;\">Y otras piezas de repuesto.<br \/>\n* Dos bolsas peque\u00f1as con cierre de cintur\u00f3n el\u00e1stico en el lado de la bolsa, con el tama\u00f1o 13cm(L) x 14cm(W)<br \/>\n* La carga principal se ha separado en dos compartimentos mediante una bolsa acolchada desmontable para sostener dos rifles.<\/span><\/span><\/p>\n<p><span style=\"color: #000000;\"><span style=\"font-size: 16.0px;\">Y el tama\u00f1o completo de la carga principal es de 35x10x2 pulgadas o 86cm(L) x 24cm(W).<\/span><\/span><\/p>\n<p><span style=\"color: #ff0000;\"><span style=\"font-size: 16.0px;\"><strong>Otras caracter\u00edsticas incluyen:<\/strong><\/span><\/span><br \/>\n<span style=\"color: #000000;\"><span style=\"font-size: 16.0px;\">* Molle dise\u00f1ado para unir m\u00e1s bolsas peque\u00f1as o sistemas molle para diferentes usos.<br \/>\n* Una pieza del accesorio de Velcro en la parte delantera de esta bolsa para unir parches o logotipos.<br \/>\n* Los compartimentos para sostener rifles est\u00e1n acolchados con espuma suave gruesa, protectora y \u00fatil<br \/>\n* Las correas de los hombros y la parte de la cintura tambi\u00e9n est\u00e1n acolchadas con espuma suave gruesa, protectora y funcional.<br \/>\n* La bolsa se puede alargar con la bolsa acolchada desmontable seg\u00fan sus necesidades. La longitud podr\u00eda ser de hasta 115cm.<br \/>\n* Con hebilla QD de alta calidad<br \/>\n* Mango dise\u00f1ado especial de alta calidad<br \/>\n* Correas Molle en toda la mochila<br \/>\n* Correas ajustables para hombro, pecho y cintura<br \/>\n* &#8220;Duradero&#8221; puede soportar condiciones de combate duras.<br \/>\n* Se ve genial, perfecto para actividades al aire libre, como caza, senderismo, etc.<\/span><\/span><\/p>\n<p><span style=\"color: #ff0000;\"><span style=\"font-size: 16.0px;\"><strong>El paquete incluye:<\/strong><\/span><\/span><br \/>\n<span style=\"color: #000000;\"><span style=\"font-size: 16.0px;\">* 1x mochila bolsa<\/span><\/span><\/p>\n<div>\n<div style=\"text-align: center;\"><img decoding=\"async\" title=\"Mochila t\u00e1ctica militar de 70L, bolsa de Rifle Airsoft, impermeable, para viajes al aire libre, Trekking, escalada, Camping, mochila de asalto\" src=\"https:\/\/bodegaoutdoor.cl\/store\/wp-content\/uploads\/2023\/03\/68394-fbqhsi-scaled.jpg\" alt=\"Mochila t\u00e1ctica militar de 70L, bolsa de Rifle Airsoft, impermeable, para viajes al aire libre, Trekking, escalada, Camping, mochila de asalto\" \/><img decoding=\"async\" title=\"Mochila t\u00e1ctica militar de 70L, bolsa de Rifle Airsoft, impermeable, para viajes al aire libre, Trekking, escalada, Camping, mochila de asalto\" src=\"https:\/\/bodegaoutdoor.cl\/store\/wp-content\/uploads\/2023\/03\/68394-mlqtw5.jpg\" alt=\"Mochila t\u00e1ctica militar de 70L, bolsa de Rifle Airsoft, impermeable, para viajes al aire libre, Trekking, escalada, Camping, mochila de asalto\" \/><img decoding=\"async\" title=\"Mochila t\u00e1ctica militar de 70L, bolsa de Rifle Airsoft, impermeable, para viajes al aire libre, Trekking, escalada, Camping, mochila de asalto\" src=\"https:\/\/bodegaoutdoor.cl\/store\/wp-content\/uploads\/2023\/03\/68394-ndiwpa.jpg\" alt=\"Mochila t\u00e1ctica militar de 70L, bolsa de Rifle Airsoft, impermeable, para viajes al aire libre, Trekking, escalada, Camping, mochila de asalto\" \/><img decoding=\"async\" title=\"Mochila t\u00e1ctica militar de 70L, bolsa de Rifle Airsoft, impermeable, para viajes al aire libre, Trekking, escalada, Camping, mochila de asalto\" src=\"https:\/\/bodegaoutdoor.cl\/store\/wp-content\/uploads\/2023\/03\/68394-iygsyr.jpg\" alt=\"Mochila t\u00e1ctica militar de 70L, bolsa de Rifle Airsoft, impermeable, para viajes al aire libre, Trekking, escalada, Camping, mochila de asalto\" \/><img decoding=\"async\" title=\"Mochila t\u00e1ctica militar de 70L, bolsa de Rifle Airsoft, impermeable, para viajes al aire libre, Trekking, escalada, Camping, mochila de asalto\" src=\"https:\/\/bodegaoutdoor.cl\/store\/wp-content\/uploads\/2023\/03\/68394-pj3lga.jpg\" alt=\"Mochila t\u00e1ctica militar de 70L, bolsa de Rifle Airsoft, impermeable, para viajes al aire libre, Trekking, escalada, Camping, mochila de asalto\" \/><img decoding=\"async\" title=\"Mochila t\u00e1ctica militar de 70L, bolsa de Rifle Airsoft, impermeable, para viajes al aire libre, Trekking, escalada, Camping, mochila de asalto\" src=\"https:\/\/bodegaoutdoor.cl\/store\/wp-content\/uploads\/2023\/03\/68394-njkwcr.jpg\" alt=\"Mochila t\u00e1ctica militar de 70L, bolsa de Rifle Airsoft, impermeable, para viajes al aire libre, Trekking, escalada, Camping, mochila de asalto\" \/><img decoding=\"async\" title=\"Mochila t\u00e1ctica militar de 70L, bolsa de Rifle Airsoft, impermeable, para viajes al aire libre, Trekking, escalada, Camping, mochila de asalto\" src=\"https:\/\/bodegaoutdoor.cl\/store\/wp-content\/uploads\/2023\/03\/68394-cbpn5o.jpg\" alt=\"Mochila t\u00e1ctica militar de 70L, bolsa de Rifle Airsoft, impermeable, para viajes al aire libre, Trekking, escalada, Camping, mochila de asalto\" \/><img decoding=\"async\" title=\"Mochila t\u00e1ctica militar de 70L, bolsa de Rifle Airsoft, impermeable, para viajes al aire libre, Trekking, escalada, Camping, mochila de asalto\" src=\"https:\/\/bodegaoutdoor.cl\/store\/wp-content\/uploads\/2023\/03\/68394-ux3ugm.jpg\" alt=\"Mochila t\u00e1ctica militar de 70L, bolsa de Rifle Airsoft, impermeable, para viajes al aire libre, Trekking, escalada, Camping, mochila de asalto\" \/><\/div>\n<p style=\"text-align: center;\"><img decoding=\"async\" title=\"Mochila t\u00e1ctica militar de 70L, bolsa de Rifle Airsoft, impermeable, para viajes al aire libre, Trekking, escalada, Camping, mochila de asalto\" src=\"https:\/\/bodegaoutdoor.cl\/store\/wp-content\/uploads\/2023\/03\/68394-xhwajx.jpg\" alt=\"Mochila t\u00e1ctica militar de 70L, bolsa de Rifle Airsoft, impermeable, para viajes al aire libre, Trekking, escalada, Camping, mochila de asalto\" \/><\/p>\n<div><\/div>\n<div style=\"text-align: center;\"><\/div>\n<\/div>\n<\/div>\n<p><span style=\"font-size: 16.0px;\"><span style=\"font-size: 18.0px;\"><span style=\"color: #ff0000;\"><strong>Caja de pago<\/strong><\/span><\/span><\/span><\/p>\n<p>&nbsp;<\/p>\n<\/div>\n\n    <div class=\"xs_social_share_widget xs_share_url after_content \t\tmain_content  wslu-style-1 wslu-share-box-shaped wslu-fill-colored wslu-none wslu-share-horizontal wslu-theme-font-no wslu-main_content\">\n\n\t\t\n        <ul>\n\t\t\t        <\/ul>\n    <\/div> \n","protected":false},"excerpt":{"rendered":"<p>Mochila t\u00e1ctica militar de 70L, bolsa de Rifle Airsoft, mochila impermeable, viaje al aire libre, Trekking, escalada, Camping, mochila de asalto &nbsp; Caracter\u00edsticas: * Mochila t\u00e1ctica de Rifle Dual Molle * Colores: verde, Camuflaje * Material: nailon de alta densidad 800D * Peso neto: 3lb 13oz * Dimensiones: &#8212; Paquete principal: 22x10x6 pulgadas (largo-ancho-grosor) &#8212; [&hellip;]<\/p>\n","protected":false},"featured_media":68400,"comment_status":"open","ping_status":"closed","template":"","meta":{"jetpack_publicize_message":"","jetpack_publicize_feature_enabled":true,"jetpack_social_post_already_shared":true,"jetpack_social_options":{"image_generator_settings":{"template":"highway","enabled":false},"version":2}},"product_brand":[],"product_cat":[195,196],"product_tag":[],"class_list":{"0":"post-68394","1":"product","2":"type-product","3":"status-publish","4":"has-post-thumbnail","6":"product_cat-mochilas","7":"product_cat-sobre-60-litros","9":"first","10":"instock","11":"sale","12":"taxable","13":"shipping-taxable","14":"purchasable","15":"product-type-variable"},"jetpack_publicize_connections":[],"jetpack_sharing_enabled":true,"_links":{"self":[{"href":"https:\/\/bodegaoutdoor.cl\/store\/wp-json\/wp\/v2\/product\/68394","targetHints":{"allow":["GET"]}}],"collection":[{"href":"https:\/\/bodegaoutdoor.cl\/store\/wp-json\/wp\/v2\/product"}],"about":[{"href":"https:\/\/bodegaoutdoor.cl\/store\/wp-json\/wp\/v2\/types\/product"}],"replies":[{"embeddable":true,"href":"https:\/\/bodegaoutdoor.cl\/store\/wp-json\/wp\/v2\/comments?post=68394"}],"version-history":[{"count":16,"href":"https:\/\/bodegaoutdoor.cl\/store\/wp-json\/wp\/v2\/product\/68394\/revisions"}],"predecessor-version":[{"id":68437,"href":"https:\/\/bodegaoutdoor.cl\/store\/wp-json\/wp\/v2\/product\/68394\/revisions\/68437"}],"wp:featuredmedia":[{"embeddable":true,"href":"https:\/\/bodegaoutdoor.cl\/store\/wp-json\/wp\/v2\/media\/68400"}],"wp:attachment":[{"href":"https:\/\/bodegaoutdoor.cl\/store\/wp-json\/wp\/v2\/media?parent=68394"}],"wp:term":[{"taxonomy":"product_brand","embeddable":true,"href":"https:\/\/bodegaoutdoor.cl\/store\/wp-json\/wp\/v2\/product_brand?post=68394"},{"taxonomy":"product_cat","embeddable":true,"href":"https:\/\/bodegaoutdoor.cl\/store\/wp-json\/wp\/v2\/product_cat?post=68394"},{"taxonomy":"product_tag","embeddable":true,"href":"https:\/\/bodegaoutdoor.cl\/store\/wp-json\/wp\/v2\/product_tag?post=68394"}],"curies":[{"name":"wp","href":"https:\/\/api.w.org\/{rel}","templated":true}]}}