{"id":68657,"date":"2023-03-16T14:26:12","date_gmt":"2023-03-16T17:26:12","guid":{"rendered":"https:\/\/bodegaoutdoor.cl\/store\/product\/polaina-de-cuello-para-ciclismo-proteccion-solar-con-agujeros-transpirables-impermeable-con-cordon-forro-polar-para-deportes\/"},"modified":"2023-05-04T19:18:32","modified_gmt":"2023-05-04T23:18:32","slug":"proteccion-de-cuello-para-ciclismo-proteccion-solar-con-agujeros-transpirables-impermeable-con-cordon-forro-polar-deportes","status":"publish","type":"product","link":"https:\/\/bodegaoutdoor.cl\/store\/product\/proteccion-de-cuello-para-ciclismo-proteccion-solar-con-agujeros-transpirables-impermeable-con-cordon-forro-polar-deportes\/","title":{"rendered":"Proteccion de cuello para ciclismo, protecci\u00f3n solar con agujeros transpirables, impermeable, con cord\u00f3n, forro polar, deportes"},"content":{"rendered":"<div>\n<div>\n<p>Protecci\u00f3n Solar agujeros transpirables cord\u00f3n impermeable cubierta facial de ciclismo forro polar motocicleta ciclismo cuello polaina para deportes de invierno<\/p>\n<p>Descripci\u00f3n:<br \/>\nLa cubierta facial para montar tiene un dise\u00f1o de agujeros transpirables, que tiene las caracter\u00edsticas de absorci\u00f3n de humedad y ventilaci\u00f3n, lo que puede brindarle comodidad durante todo el d\u00eda.<br \/>\nDebido al secado r\u00e1pido y la protecci\u00f3n solar, puede ser muy confiable y pr\u00e1ctico. Presenta una alta elasticidad que hace que se estire arbitrariamente y no se deforma f\u00e1cilmente.<br \/>\nEl pa\u00f1uelo para montar est\u00e1 hecho de poli\u00e9ster y forro polar de alta calidad, que le dan Una sensaci\u00f3n c\u00e1lida y c\u00f3moda.<br \/>\nLa longitud de este producto es de 31cm y el ancho es de 31cm.<br \/>\nEs adecuado para actividades al aire libre, como esqu\u00ed, correr, caminar, tenis, motocicleta, bicicleta, escalada de monta\u00f1a, pesca o decoraci\u00f3n diaria.<\/p>\n<p>Nombre del art\u00edculo: bufanda facial para ciclismo<br \/>\nMaterial: poli\u00e9ster, forro polar<br \/>\nG\u00e9nero: Unisex<br \/>\nCaracter\u00edsticas: forro polar, cord\u00f3n, agujeros transpirables<br \/>\nDetalles del tama\u00f1o:<br \/>\nTama\u00f1o: 31cm x 31cm\/12,21 &#8220;x 12,21&#8221; gruesos pesados doce constelaciones-Capricornio (La cabra) colgantes charms<\/p>\n<p>Notas:<br \/>\nDebido a la luz y a la diferencia de ajuste de la pantalla, el color del art\u00edculo puede ser ligeramente diferente al de las im\u00e1genes.<br \/>\nPermita una ligera diferencia de dimensi\u00f3n debido a las diferentes medidas manuales.<\/p>\n<p>El paquete incluye:<br \/>\n1 x bufanda de ciclismo<\/p>\n<\/div>\n<\/div>\n\n    <div class=\"xs_social_share_widget xs_share_url after_content \t\tmain_content  wslu-style-1 wslu-share-box-shaped wslu-fill-colored wslu-none wslu-share-horizontal wslu-theme-font-no wslu-main_content\">\n\n\t\t\n        <ul>\n\t\t\t        <\/ul>\n    <\/div> \n","protected":false},"excerpt":{"rendered":"<p>Protecci\u00f3n Solar agujeros transpirables cord\u00f3n impermeable cubierta facial de ciclismo forro polar motocicleta ciclismo cuello polaina para deportes de invierno Descripci\u00f3n: La cubierta facial para montar tiene un dise\u00f1o de agujeros transpirables, que tiene las caracter\u00edsticas de absorci\u00f3n de humedad y ventilaci\u00f3n, lo que puede brindarle comodidad durante todo el d\u00eda. Debido al secado r\u00e1pido [&hellip;]<\/p>\n","protected":false},"featured_media":68662,"comment_status":"open","ping_status":"closed","template":"","meta":{"jetpack_publicize_message":"","jetpack_publicize_feature_enabled":true,"jetpack_social_post_already_shared":true,"jetpack_social_options":{"image_generator_settings":{"template":"highway","enabled":false},"version":2}},"product_brand":[],"product_cat":[1295,304],"product_tag":[],"class_list":{"0":"post-68657","1":"product","2":"type-product","3":"status-publish","4":"has-post-thumbnail","6":"product_cat-ciclismo","7":"product_cat-trekking","9":"first","10":"instock","11":"sale","12":"taxable","13":"shipping-taxable","14":"purchasable","15":"product-type-variable"},"jetpack_publicize_connections":[],"jetpack_sharing_enabled":true,"_links":{"self":[{"href":"https:\/\/bodegaoutdoor.cl\/store\/wp-json\/wp\/v2\/product\/68657","targetHints":{"allow":["GET"]}}],"collection":[{"href":"https:\/\/bodegaoutdoor.cl\/store\/wp-json\/wp\/v2\/product"}],"about":[{"href":"https:\/\/bodegaoutdoor.cl\/store\/wp-json\/wp\/v2\/types\/product"}],"replies":[{"embeddable":true,"href":"https:\/\/bodegaoutdoor.cl\/store\/wp-json\/wp\/v2\/comments?post=68657"}],"version-history":[{"count":16,"href":"https:\/\/bodegaoutdoor.cl\/store\/wp-json\/wp\/v2\/product\/68657\/revisions"}],"predecessor-version":[{"id":68811,"href":"https:\/\/bodegaoutdoor.cl\/store\/wp-json\/wp\/v2\/product\/68657\/revisions\/68811"}],"wp:featuredmedia":[{"embeddable":true,"href":"https:\/\/bodegaoutdoor.cl\/store\/wp-json\/wp\/v2\/media\/68662"}],"wp:attachment":[{"href":"https:\/\/bodegaoutdoor.cl\/store\/wp-json\/wp\/v2\/media?parent=68657"}],"wp:term":[{"taxonomy":"product_brand","embeddable":true,"href":"https:\/\/bodegaoutdoor.cl\/store\/wp-json\/wp\/v2\/product_brand?post=68657"},{"taxonomy":"product_cat","embeddable":true,"href":"https:\/\/bodegaoutdoor.cl\/store\/wp-json\/wp\/v2\/product_cat?post=68657"},{"taxonomy":"product_tag","embeddable":true,"href":"https:\/\/bodegaoutdoor.cl\/store\/wp-json\/wp\/v2\/product_tag?post=68657"}],"curies":[{"name":"wp","href":"https:\/\/api.w.org\/{rel}","templated":true}]}}