{"id":68769,"date":"2023-03-16T15:07:46","date_gmt":"2023-03-16T18:07:46","guid":{"rendered":"https:\/\/bodegaoutdoor.cl\/store\/product\/rockbros-mallas-para-viaje-al-aire-libre-calentadores-de-piernas-senderismo-esqui-impermeables-cubierta-de-zapatos-de-invierno-proteccion-de-pies-para-turismo\/"},"modified":"2023-05-04T19:18:31","modified_gmt":"2023-05-04T23:18:31","slug":"polainas-rockbros-senderismo-esqui-impermeables-cubierta-de-zapatos-de-invierno-senderismo-trekking","status":"publish","type":"product","link":"https:\/\/bodegaoutdoor.cl\/store\/product\/polainas-rockbros-senderismo-esqui-impermeables-cubierta-de-zapatos-de-invierno-senderismo-trekking\/","title":{"rendered":"Polainas ROCKBROS senderismo, esqu\u00ed, impermeables, cubierta de zapatos de invierno, Senderismo Trekking"},"content":{"rendered":"<div><\/div>\n<div>\n<div>\n<div>\n<p style=\"font-family: OpenSans; font-size: 20px; font-weight: 900; line-height: 28px; margin-bottom: 12px;\">Detalles del producto<\/p>\n<p style=\"font-family: OpenSans; font-size: 14px; font-weight: 300; line-height: 20px; margin-bottom: 12px;\">Material: 100% poli\u00e9ster<br \/>\nTama\u00f1o: S\/M\/L\/XL 2XL\/3XL<br \/>\nColor: Negro<br \/>\nPeso: aproximadamente G<br \/>\nAplicaci\u00f3n: Senderismo\/escalada\/correr\/esqu\u00ed<\/p>\n<\/div>\n<div>\n<p style=\"font-family: OpenSans; font-size: 20px; font-weight: 900; line-height: 28px; margin-bottom: 12px;\">Caracter\u00edsticas del producto<\/p>\n<p style=\"font-family: OpenSans; font-size: 14px; font-weight: 300; line-height: 20px; margin-bottom: 12px;\">Tela c\u00f3moda<br \/>\nLibertad de movimiento<br \/>\nTranspirable<br \/>\nTelas suaves<br \/>\nCord\u00f3n ajustable<br \/>\nCremallera impermeable mejorada<br \/>\nLogotipo reflectante<\/p>\n<\/div>\n<div><img decoding=\"async\" title=\"ROCKBROS-mallas para viaje al aire libre, calentadores de piernas, senderismo, esqu\u00ed, impermeables, cubierta de zapatos de invierno, protecci\u00f3n de pies para turismo\" src=\"https:\/\/bodegaoutdoor.cl\/store\/wp-content\/uploads\/2023\/03\/68769-xifs3a.jpg\" alt=\"ROCKBROS-mallas para viaje al aire libre, calentadores de piernas, senderismo, esqu\u00ed, impermeables, cubierta de zapatos de invierno, protecci\u00f3n de pies para turismo\" \/><\/div>\n<div><img decoding=\"async\" title=\"ROCKBROS-mallas para viaje al aire libre, calentadores de piernas, senderismo, esqu\u00ed, impermeables, cubierta de zapatos de invierno, protecci\u00f3n de pies para turismo\" src=\"https:\/\/bodegaoutdoor.cl\/store\/wp-content\/uploads\/2023\/03\/68769-rco5vq.jpg\" alt=\"ROCKBROS-mallas para viaje al aire libre, calentadores de piernas, senderismo, esqu\u00ed, impermeables, cubierta de zapatos de invierno, protecci\u00f3n de pies para turismo\" \/><br \/>\n<img decoding=\"async\" title=\"ROCKBROS-mallas para viaje al aire libre, calentadores de piernas, senderismo, esqu\u00ed, impermeables, cubierta de zapatos de invierno, protecci\u00f3n de pies para turismo\" src=\"https:\/\/bodegaoutdoor.cl\/store\/wp-content\/uploads\/2023\/03\/68769-kpjo4k.jpg\" alt=\"ROCKBROS-mallas para viaje al aire libre, calentadores de piernas, senderismo, esqu\u00ed, impermeables, cubierta de zapatos de invierno, protecci\u00f3n de pies para turismo\" \/><\/div>\n<div><img decoding=\"async\" title=\"ROCKBROS-mallas para viaje al aire libre, calentadores de piernas, senderismo, esqu\u00ed, impermeables, cubierta de zapatos de invierno, protecci\u00f3n de pies para turismo\" src=\"https:\/\/bodegaoutdoor.cl\/store\/wp-content\/uploads\/2023\/03\/68769-so4uzk.jpg\" alt=\"ROCKBROS-mallas para viaje al aire libre, calentadores de piernas, senderismo, esqu\u00ed, impermeables, cubierta de zapatos de invierno, protecci\u00f3n de pies para turismo\" \/><\/div>\n<div><img decoding=\"async\" title=\"ROCKBROS-mallas para viaje al aire libre, calentadores de piernas, senderismo, esqu\u00ed, impermeables, cubierta de zapatos de invierno, protecci\u00f3n de pies para turismo\" src=\"https:\/\/bodegaoutdoor.cl\/store\/wp-content\/uploads\/2023\/03\/68769-m8llvq.jpg\" alt=\"ROCKBROS-mallas para viaje al aire libre, calentadores de piernas, senderismo, esqu\u00ed, impermeables, cubierta de zapatos de invierno, protecci\u00f3n de pies para turismo\" \/><\/div>\n<div><img decoding=\"async\" title=\"ROCKBROS-mallas para viaje al aire libre, calentadores de piernas, senderismo, esqu\u00ed, impermeables, cubierta de zapatos de invierno, protecci\u00f3n de pies para turismo\" src=\"https:\/\/bodegaoutdoor.cl\/store\/wp-content\/uploads\/2023\/03\/68769-2aj7qo.jpg\" alt=\"ROCKBROS-mallas para viaje al aire libre, calentadores de piernas, senderismo, esqu\u00ed, impermeables, cubierta de zapatos de invierno, protecci\u00f3n de pies para turismo\" \/><\/div>\n<div><img decoding=\"async\" title=\"ROCKBROS-mallas para viaje al aire libre, calentadores de piernas, senderismo, esqu\u00ed, impermeables, cubierta de zapatos de invierno, protecci\u00f3n de pies para turismo\" src=\"https:\/\/bodegaoutdoor.cl\/store\/wp-content\/uploads\/2023\/03\/68769-fttalk.jpg\" alt=\"ROCKBROS-mallas para viaje al aire libre, calentadores de piernas, senderismo, esqu\u00ed, impermeables, cubierta de zapatos de invierno, protecci\u00f3n de pies para turismo\" \/><\/div>\n<div><img decoding=\"async\" title=\"ROCKBROS-mallas para viaje al aire libre, calentadores de piernas, senderismo, esqu\u00ed, impermeables, cubierta de zapatos de invierno, protecci\u00f3n de pies para turismo\" src=\"https:\/\/bodegaoutdoor.cl\/store\/wp-content\/uploads\/2023\/03\/68769-2lo1n4.jpg\" alt=\"ROCKBROS-mallas para viaje al aire libre, calentadores de piernas, senderismo, esqu\u00ed, impermeables, cubierta de zapatos de invierno, protecci\u00f3n de pies para turismo\" \/><\/div>\n<div><img decoding=\"async\" title=\"ROCKBROS-mallas para viaje al aire libre, calentadores de piernas, senderismo, esqu\u00ed, impermeables, cubierta de zapatos de invierno, protecci\u00f3n de pies para turismo\" src=\"https:\/\/bodegaoutdoor.cl\/store\/wp-content\/uploads\/2023\/03\/68769-uovnsl.jpg\" alt=\"ROCKBROS-mallas para viaje al aire libre, calentadores de piernas, senderismo, esqu\u00ed, impermeables, cubierta de zapatos de invierno, protecci\u00f3n de pies para turismo\" \/><\/div>\n<div><img decoding=\"async\" title=\"ROCKBROS-mallas para viaje al aire libre, calentadores de piernas, senderismo, esqu\u00ed, impermeables, cubierta de zapatos de invierno, protecci\u00f3n de pies para turismo\" src=\"https:\/\/bodegaoutdoor.cl\/store\/wp-content\/uploads\/2023\/03\/68769-nfnhbl.jpg\" alt=\"ROCKBROS-mallas para viaje al aire libre, calentadores de piernas, senderismo, esqu\u00ed, impermeables, cubierta de zapatos de invierno, protecci\u00f3n de pies para turismo\" \/><\/div>\n<div><img decoding=\"async\" title=\"ROCKBROS-mallas para viaje al aire libre, calentadores de piernas, senderismo, esqu\u00ed, impermeables, cubierta de zapatos de invierno, protecci\u00f3n de pies para turismo\" src=\"https:\/\/bodegaoutdoor.cl\/store\/wp-content\/uploads\/2023\/03\/68769-d9rpfl.jpg\" alt=\"ROCKBROS-mallas para viaje al aire libre, calentadores de piernas, senderismo, esqu\u00ed, impermeables, cubierta de zapatos de invierno, protecci\u00f3n de pies para turismo\" \/><\/div>\n<div><img decoding=\"async\" title=\"ROCKBROS-mallas para viaje al aire libre, calentadores de piernas, senderismo, esqu\u00ed, impermeables, cubierta de zapatos de invierno, protecci\u00f3n de pies para turismo\" src=\"https:\/\/bodegaoutdoor.cl\/store\/wp-content\/uploads\/2023\/03\/68769-mjwbgg.jpg\" alt=\"ROCKBROS-mallas para viaje al aire libre, calentadores de piernas, senderismo, esqu\u00ed, impermeables, cubierta de zapatos de invierno, protecci\u00f3n de pies para turismo\" \/><\/div>\n<div><img decoding=\"async\" title=\"ROCKBROS-mallas para viaje al aire libre, calentadores de piernas, senderismo, esqu\u00ed, impermeables, cubierta de zapatos de invierno, protecci\u00f3n de pies para turismo\" src=\"https:\/\/bodegaoutdoor.cl\/store\/wp-content\/uploads\/2023\/03\/68769-cprasz.jpg\" alt=\"ROCKBROS-mallas para viaje al aire libre, calentadores de piernas, senderismo, esqu\u00ed, impermeables, cubierta de zapatos de invierno, protecci\u00f3n de pies para turismo\" \/><\/div>\n<p>&nbsp;<\/p>\n<\/div>\n<\/div>\n\n    <div class=\"xs_social_share_widget xs_share_url after_content \t\tmain_content  wslu-style-1 wslu-share-box-shaped wslu-fill-colored wslu-none wslu-share-horizontal wslu-theme-font-no wslu-main_content\">\n\n\t\t\n        <ul>\n\t\t\t        <\/ul>\n    <\/div> \n","protected":false},"excerpt":{"rendered":"<p>Detalles del producto Material: 100% poli\u00e9ster Tama\u00f1o: S\/M\/L\/XL 2XL\/3XL Color: Negro Peso: aproximadamente G Aplicaci\u00f3n: Senderismo\/escalada\/correr\/esqu\u00ed Caracter\u00edsticas del producto Tela c\u00f3moda Libertad de movimiento Transpirable Telas suaves Cord\u00f3n ajustable Cremallera impermeable mejorada Logotipo reflectante &nbsp;<\/p>\n","protected":false},"featured_media":68773,"comment_status":"open","ping_status":"closed","template":"","meta":{"jetpack_publicize_message":"","jetpack_publicize_feature_enabled":true,"jetpack_social_post_already_shared":true,"jetpack_social_options":{"image_generator_settings":{"template":"highway","enabled":false},"version":2}},"product_brand":[],"product_cat":[304],"product_tag":[1481],"class_list":{"0":"post-68769","1":"product","2":"type-product","3":"status-publish","4":"has-post-thumbnail","6":"product_cat-trekking","7":"product_tag-polainas","9":"first","10":"instock","11":"sale","12":"taxable","13":"shipping-taxable","14":"purchasable","15":"product-type-variable"},"jetpack_publicize_connections":[],"jetpack_sharing_enabled":true,"_links":{"self":[{"href":"https:\/\/bodegaoutdoor.cl\/store\/wp-json\/wp\/v2\/product\/68769","targetHints":{"allow":["GET"]}}],"collection":[{"href":"https:\/\/bodegaoutdoor.cl\/store\/wp-json\/wp\/v2\/product"}],"about":[{"href":"https:\/\/bodegaoutdoor.cl\/store\/wp-json\/wp\/v2\/types\/product"}],"replies":[{"embeddable":true,"href":"https:\/\/bodegaoutdoor.cl\/store\/wp-json\/wp\/v2\/comments?post=68769"}],"version-history":[{"count":16,"href":"https:\/\/bodegaoutdoor.cl\/store\/wp-json\/wp\/v2\/product\/68769\/revisions"}],"predecessor-version":[{"id":68810,"href":"https:\/\/bodegaoutdoor.cl\/store\/wp-json\/wp\/v2\/product\/68769\/revisions\/68810"}],"wp:featuredmedia":[{"embeddable":true,"href":"https:\/\/bodegaoutdoor.cl\/store\/wp-json\/wp\/v2\/media\/68773"}],"wp:attachment":[{"href":"https:\/\/bodegaoutdoor.cl\/store\/wp-json\/wp\/v2\/media?parent=68769"}],"wp:term":[{"taxonomy":"product_brand","embeddable":true,"href":"https:\/\/bodegaoutdoor.cl\/store\/wp-json\/wp\/v2\/product_brand?post=68769"},{"taxonomy":"product_cat","embeddable":true,"href":"https:\/\/bodegaoutdoor.cl\/store\/wp-json\/wp\/v2\/product_cat?post=68769"},{"taxonomy":"product_tag","embeddable":true,"href":"https:\/\/bodegaoutdoor.cl\/store\/wp-json\/wp\/v2\/product_tag?post=68769"}],"curies":[{"name":"wp","href":"https:\/\/api.w.org\/{rel}","templated":true}]}}