{"id":69823,"date":"2023-03-30T18:53:40","date_gmt":"2023-03-30T21:53:40","guid":{"rendered":"https:\/\/bodegaoutdoor.cl\/store\/product\/rinonera-tactica-de-nailon-bolsa-de-telefono-para-senderismo-deportes-al-aire-libre-ejercito-caza-escalada-camping-cinturon-bolsas-airsoft-cs\/"},"modified":"2023-05-04T19:18:31","modified_gmt":"2023-05-04T23:18:31","slug":"banano-tactico-outdoor-ejercito-caza-escalada-camping-airsoft-cs","status":"publish","type":"product","link":"https:\/\/bodegaoutdoor.cl\/store\/product\/banano-tactico-outdoor-ejercito-caza-escalada-camping-airsoft-cs\/","title":{"rendered":"Banano tactico outdoor, ej\u00e9rcito, caza, escalada, Camping, Airsoft Cs"},"content":{"rendered":"<div>\n<div>\n<p><span style=\"font-size: 16px;\">Caracter\u00edsticas<\/span><\/p>\n<p><span style=\"font-size: 14px;\">\u00a11, material de nylon de alta calidad duradero y usable!<\/span><\/p>\n<p><span style=\"font-size: 14px;\">2 ajustable de la correa de la cintura traje tama\u00f1o de cintura 27,5-47,2 pulgadas<\/span><\/p>\n<p><span style=\"font-size: 14px;\">3 adecuado para casi cualquier tama\u00f1o no m\u00e1s de 7 pulgadas<\/span><\/p>\n<p><span style=\"font-size: 16px;\">Las especificaciones<\/span><\/p>\n<p><span style=\"font-size: 14px;\">1, Material: Nylon<\/span><\/p>\n<p><span style=\"font-size: 14px;\">2 tipo: Paquete de la cintura<\/span><\/p>\n<p><span style=\"font-size: 14px;\">3 Color: negro marr\u00f3n verde<\/span><\/p>\n<p><span style=\"font-size: 14px;\">4, peso: 0,3 kg<\/span><\/p>\n<p><span style=\"font-size: 14px;\">5, tama\u00f1o de la bolsa: 17*7,3*4,5 pulgadas<\/span><\/p>\n<p><span style=\"font-size: 14px;\">6 ocasi\u00f3n: ciclismo: correr viajando escalada senderismo pesca de caza<\/span><\/p>\n<p><span style=\"font-size: 16px;\">Lista de paquetes<\/span><\/p>\n<p><span style=\"font-size: 14px;\">1 x bolso de la cintura<\/span><\/p>\n<p><img decoding=\"async\" title=\"Ri\u00f1onera t\u00e1ctica de nailon, bolsa de tel\u00e9fono para senderismo, deportes al aire libre, ej\u00e9rcito, caza, escalada, Camping, cintur\u00f3n, bolsas Airsoft Cs\" src=\"https:\/\/bodegaoutdoor.cl\/store\/wp-content\/uploads\/2023\/03\/69823-n8rysh.jpg\" alt=\"Ri\u00f1onera t\u00e1ctica de nailon, bolsa de tel\u00e9fono para senderismo, deportes al aire libre, ej\u00e9rcito, caza, escalada, Camping, cintur\u00f3n, bolsas Airsoft Cs\" \/><img decoding=\"async\" title=\"Ri\u00f1onera t\u00e1ctica de nailon, bolsa de tel\u00e9fono para senderismo, deportes al aire libre, ej\u00e9rcito, caza, escalada, Camping, cintur\u00f3n, bolsas Airsoft Cs\" src=\"https:\/\/bodegaoutdoor.cl\/store\/wp-content\/uploads\/2023\/03\/69823-q5vgln.jpg\" alt=\"Ri\u00f1onera t\u00e1ctica de nailon, bolsa de tel\u00e9fono para senderismo, deportes al aire libre, ej\u00e9rcito, caza, escalada, Camping, cintur\u00f3n, bolsas Airsoft Cs\" \/><img decoding=\"async\" title=\"Ri\u00f1onera t\u00e1ctica de nailon, bolsa de tel\u00e9fono para senderismo, deportes al aire libre, ej\u00e9rcito, caza, escalada, Camping, cintur\u00f3n, bolsas Airsoft Cs\" src=\"https:\/\/bodegaoutdoor.cl\/store\/wp-content\/uploads\/2023\/03\/69823-gzkl8x.jpg\" alt=\"Ri\u00f1onera t\u00e1ctica de nailon, bolsa de tel\u00e9fono para senderismo, deportes al aire libre, ej\u00e9rcito, caza, escalada, Camping, cintur\u00f3n, bolsas Airsoft Cs\" \/><img decoding=\"async\" title=\"Ri\u00f1onera t\u00e1ctica de nailon, bolsa de tel\u00e9fono para senderismo, deportes al aire libre, ej\u00e9rcito, caza, escalada, Camping, cintur\u00f3n, bolsas Airsoft Cs\" src=\"https:\/\/bodegaoutdoor.cl\/store\/wp-content\/uploads\/2023\/03\/69823-sumfao.jpg\" alt=\"Ri\u00f1onera t\u00e1ctica de nailon, bolsa de tel\u00e9fono para senderismo, deportes al aire libre, ej\u00e9rcito, caza, escalada, Camping, cintur\u00f3n, bolsas Airsoft Cs\" \/><img decoding=\"async\" title=\"Ri\u00f1onera t\u00e1ctica de nailon, bolsa de tel\u00e9fono para senderismo, deportes al aire libre, ej\u00e9rcito, caza, escalada, Camping, cintur\u00f3n, bolsas Airsoft Cs\" src=\"https:\/\/bodegaoutdoor.cl\/store\/wp-content\/uploads\/2023\/03\/69823-sjs65l.jpg\" alt=\"Ri\u00f1onera t\u00e1ctica de nailon, bolsa de tel\u00e9fono para senderismo, deportes al aire libre, ej\u00e9rcito, caza, escalada, Camping, cintur\u00f3n, bolsas Airsoft Cs\" \/><img decoding=\"async\" title=\"Ri\u00f1onera t\u00e1ctica de nailon, bolsa de tel\u00e9fono para senderismo, deportes al aire libre, ej\u00e9rcito, caza, escalada, Camping, cintur\u00f3n, bolsas Airsoft Cs\" src=\"https:\/\/bodegaoutdoor.cl\/store\/wp-content\/uploads\/2023\/03\/69823-bvsaum.jpg\" alt=\"Ri\u00f1onera t\u00e1ctica de nailon, bolsa de tel\u00e9fono para senderismo, deportes al aire libre, ej\u00e9rcito, caza, escalada, Camping, cintur\u00f3n, bolsas Airsoft Cs\" \/><img decoding=\"async\" title=\"Ri\u00f1onera t\u00e1ctica de nailon, bolsa de tel\u00e9fono para senderismo, deportes al aire libre, ej\u00e9rcito, caza, escalada, Camping, cintur\u00f3n, bolsas Airsoft Cs\" src=\"https:\/\/bodegaoutdoor.cl\/store\/wp-content\/uploads\/2023\/03\/69823-gky3nz.jpg\" alt=\"Ri\u00f1onera t\u00e1ctica de nailon, bolsa de tel\u00e9fono para senderismo, deportes al aire libre, ej\u00e9rcito, caza, escalada, Camping, cintur\u00f3n, bolsas Airsoft Cs\" \/><img decoding=\"async\" title=\"Ri\u00f1onera t\u00e1ctica de nailon, bolsa de tel\u00e9fono para senderismo, deportes al aire libre, ej\u00e9rcito, caza, escalada, Camping, cintur\u00f3n, bolsas Airsoft Cs\" src=\"https:\/\/bodegaoutdoor.cl\/store\/wp-content\/uploads\/2023\/03\/69823-mzipbb.jpg\" alt=\"Ri\u00f1onera t\u00e1ctica de nailon, bolsa de tel\u00e9fono para senderismo, deportes al aire libre, ej\u00e9rcito, caza, escalada, Camping, cintur\u00f3n, bolsas Airsoft Cs\" \/><img decoding=\"async\" title=\"Ri\u00f1onera t\u00e1ctica de nailon, bolsa de tel\u00e9fono para senderismo, deportes al aire libre, ej\u00e9rcito, caza, escalada, Camping, cintur\u00f3n, bolsas Airsoft Cs\" src=\"https:\/\/bodegaoutdoor.cl\/store\/wp-content\/uploads\/2023\/03\/69823-lw3nkq.jpg\" alt=\"Ri\u00f1onera t\u00e1ctica de nailon, bolsa de tel\u00e9fono para senderismo, deportes al aire libre, ej\u00e9rcito, caza, escalada, Camping, cintur\u00f3n, bolsas Airsoft Cs\" \/><\/p>\n<\/div>\n<\/div>\n\n    <div class=\"xs_social_share_widget xs_share_url after_content \t\tmain_content  wslu-style-1 wslu-share-box-shaped wslu-fill-colored wslu-none wslu-share-horizontal wslu-theme-font-no wslu-main_content\">\n\n\t\t\n        <ul>\n\t\t\t        <\/ul>\n    <\/div> \n","protected":false},"excerpt":{"rendered":"<p>Caracter\u00edsticas \u00a11, material de nylon de alta calidad duradero y usable! 2 ajustable de la correa de la cintura traje tama\u00f1o de cintura 27,5-47,2 pulgadas 3 adecuado para casi cualquier tama\u00f1o no m\u00e1s de 7 pulgadas Las especificaciones 1, Material: Nylon 2 tipo: Paquete de la cintura 3 Color: negro marr\u00f3n verde 4, peso: 0,3 [&hellip;]<\/p>\n","protected":false},"featured_media":69827,"comment_status":"open","ping_status":"closed","template":"","meta":{"jetpack_publicize_message":"","jetpack_publicize_feature_enabled":true,"jetpack_social_post_already_shared":true,"jetpack_social_options":{"image_generator_settings":{"template":"highway","enabled":false},"version":2}},"product_brand":[],"product_cat":[274,195],"product_tag":[],"class_list":{"0":"post-69823","1":"product","2":"type-product","3":"status-publish","4":"has-post-thumbnail","6":"product_cat-bananos-otros","7":"product_cat-mochilas","9":"first","10":"instock","11":"sale","12":"taxable","13":"shipping-taxable","14":"purchasable","15":"product-type-variable"},"jetpack_publicize_connections":[],"jetpack_sharing_enabled":true,"_links":{"self":[{"href":"https:\/\/bodegaoutdoor.cl\/store\/wp-json\/wp\/v2\/product\/69823","targetHints":{"allow":["GET"]}}],"collection":[{"href":"https:\/\/bodegaoutdoor.cl\/store\/wp-json\/wp\/v2\/product"}],"about":[{"href":"https:\/\/bodegaoutdoor.cl\/store\/wp-json\/wp\/v2\/types\/product"}],"replies":[{"embeddable":true,"href":"https:\/\/bodegaoutdoor.cl\/store\/wp-json\/wp\/v2\/comments?post=69823"}],"version-history":[{"count":12,"href":"https:\/\/bodegaoutdoor.cl\/store\/wp-json\/wp\/v2\/product\/69823\/revisions"}],"predecessor-version":[{"id":69979,"href":"https:\/\/bodegaoutdoor.cl\/store\/wp-json\/wp\/v2\/product\/69823\/revisions\/69979"}],"wp:featuredmedia":[{"embeddable":true,"href":"https:\/\/bodegaoutdoor.cl\/store\/wp-json\/wp\/v2\/media\/69827"}],"wp:attachment":[{"href":"https:\/\/bodegaoutdoor.cl\/store\/wp-json\/wp\/v2\/media?parent=69823"}],"wp:term":[{"taxonomy":"product_brand","embeddable":true,"href":"https:\/\/bodegaoutdoor.cl\/store\/wp-json\/wp\/v2\/product_brand?post=69823"},{"taxonomy":"product_cat","embeddable":true,"href":"https:\/\/bodegaoutdoor.cl\/store\/wp-json\/wp\/v2\/product_cat?post=69823"},{"taxonomy":"product_tag","embeddable":true,"href":"https:\/\/bodegaoutdoor.cl\/store\/wp-json\/wp\/v2\/product_tag?post=69823"}],"curies":[{"name":"wp","href":"https:\/\/api.w.org\/{rel}","templated":true}]}}