{"id":69980,"date":"2023-04-01T16:02:59","date_gmt":"2023-04-01T19:02:59","guid":{"rendered":"https:\/\/bodegaoutdoor.cl\/store\/product\/lokmat-reloj-inteligente-con-bluetooth-para-hombre-pulsera-digital-con-recordatorio-de-telefono-podometro-deportivo-camara-remota-resistente-al-agua\/"},"modified":"2023-05-04T19:18:31","modified_gmt":"2023-05-04T23:18:31","slug":"lokmat-reloj-inteligente-con-bluetooth-para-hombre-pulsera-digital-con-recordatorio-de-telefono-podometro-deportivo-camara-remota-resistente-al-agua","status":"publish","type":"product","link":"https:\/\/bodegaoutdoor.cl\/store\/product\/lokmat-reloj-inteligente-con-bluetooth-para-hombre-pulsera-digital-con-recordatorio-de-telefono-podometro-deportivo-camara-remota-resistente-al-agua\/","title":{"rendered":"SMARTWATCH-reloj inteligente con Bluetooth, pod\u00f3metro deportivo, c\u00e1mara remota, resistente al agua"},"content":{"rendered":"<div><a href=\"\/\/www.aliexpress.com\/item\/4000866223538.html\"><img decoding=\"async\" style=\"margin-bottom: 10px;\" title=\"LOKMAT-reloj inteligente con Bluetooth para hombre, pulsera Digital con recordatorio de tel\u00e9fono, pod\u00f3metro deportivo, c\u00e1mara remota, resistente al agua\" src=\"https:\/\/bodegaoutdoor.cl\/store\/wp-content\/uploads\/2023\/04\/69980-9iapqd.jpg\" alt=\"LOKMAT-reloj inteligente con Bluetooth para hombre, pulsera Digital con recordatorio de tel\u00e9fono, pod\u00f3metro deportivo, c\u00e1mara remota, resistente al agua\" \/><\/a><\/div>\n<div>\n<div>\n<p><img decoding=\"async\" title=\"LOKMAT-reloj inteligente con Bluetooth para hombre, pulsera Digital con recordatorio de tel\u00e9fono, pod\u00f3metro deportivo, c\u00e1mara remota, resistente al agua\" src=\"https:\/\/bodegaoutdoor.cl\/store\/wp-content\/uploads\/2023\/04\/69980-v2077u.jpg\" alt=\"LOKMAT-reloj inteligente con Bluetooth para hombre, pulsera Digital con recordatorio de tel\u00e9fono, pod\u00f3metro deportivo, c\u00e1mara remota, resistente al agua\" \/><\/p>\n<div><\/div>\n<div><strong>Sistema de pantalla:<\/strong> La pantalla LCD muestra los pasos, la distancia y las calor\u00edas<\/div>\n<div><span style=\"font-size: 16px;\"><strong>Resistente al agua:<\/strong>IP68 (o 5ATM) est\u00e1ndar resistente al polvo y al agua<\/span><\/div>\n<div><span style=\"font-size: 16px;\"><strong>Pod\u00f3metro:<\/strong>Establece tu objetivo de salud y ve tus actividades diarias, revisa y analiza los datos en cualquier momento.<\/span><\/div>\n<div><span style=\"font-size: 16px;\"><strong>C\u00e1mara remota:<\/strong>C\u00e1mara remota dentro de 10m<\/span><\/div>\n<div><span style=\"font-size: 16px;\"><strong>Recordatorio:<\/strong>Llamadas telef\u00f3nicas, mensajes, etc.<\/span><\/div>\n<div><span style=\"font-size: 16px;\"><strong>Reloj despertador:<\/strong>3 grupos de alarma de sonido de zumbador, no te perder\u00e1s nada<\/span><\/div>\n<div><span style=\"font-size: 16px;\"><strong>Cron\u00f3metro profesional:<\/strong>Admite tiempo de subsecci\u00f3n<\/span><\/div>\n<div><span style=\"font-size: 16px;\"><strong>Sistema operativo Compatible:<\/strong>Android e ios<\/span><\/div>\n<div><span style=\"font-size: 16px;\"><strong>Compatibilidad:<\/strong>Sistema Android 4,4\/ios 9,0 y superior<\/span><\/div>\n<div><span style=\"font-size: 16px;\"><strong>Nombre de la aplicaci\u00f3n:<\/strong>Deportes<\/span><\/div>\n<div><span style=\"font-size: 16px;\"><strong>M\u00e9todo de conexi\u00f3n:<\/strong>Tel\u00e9fono Inteligente conectado con la aplicaci\u00f3n a trav\u00e9s de Bluetooth 4,0. Consumo estable, r\u00e1pido y s\u00faper bajo<\/span><\/div>\n<div><span style=\"font-size: 16px;\"><strong>Duraci\u00f3n de la bater\u00eda:<\/strong>(Ahorro de energ\u00eda) 12 meses. (sin necesidad de cargar).<\/span><\/div>\n<div><span style=\"font-size: 16px;\">(Normal) 8 meses<\/span><\/div>\n<div><span style=\"font-size: 16px;\"><strong>Garant\u00eda:<\/strong>1 a\u00f1o<\/span><\/div>\n<div><span style=\"font-size: 16px;\"><strong>Idiomas de la aplicaci\u00f3n:<\/strong>Ingl\u00e9s, ruso, franc\u00e9s, italiano, alem\u00e1n, espa\u00f1ol, portugu\u00e9s, japon\u00e9s y \u00e1rabe<\/span><\/div>\n<div><span style=\"font-size: 16px;\"><strong>Idiomas del reloj inteligente:<\/strong>Ingl\u00e9s<\/span><\/div>\n<div><\/div>\n<div><strong><span style=\"font-size: 16px;\">Nota:<\/span><\/strong><\/div>\n<div><span style=\"font-size: 16px;\">1) No presione ning\u00fan bot\u00f3n mientras est\u00e9 bajo el agua.<\/span><\/div>\n<div><span style=\"font-size: 16px;\">2) no separe la cubierta trasera usted mismo. (La cubierta trasera requiere un equipo profesional para desmontar e instalar).<\/span><\/div>\n<div><\/div>\n<div><\/div>\n<div><img decoding=\"async\" title=\"LOKMAT-reloj inteligente con Bluetooth para hombre, pulsera Digital con recordatorio de tel\u00e9fono, pod\u00f3metro deportivo, c\u00e1mara remota, resistente al agua\" src=\"https:\/\/bodegaoutdoor.cl\/store\/wp-content\/uploads\/2023\/04\/69980-zcg6ca.jpg\" alt=\"LOKMAT-reloj inteligente con Bluetooth para hombre, pulsera Digital con recordatorio de tel\u00e9fono, pod\u00f3metro deportivo, c\u00e1mara remota, resistente al agua\" \/><\/div>\n<div style=\"font-size: 13px; margin: 0px; line-height: 16.9px; font-family: arial, helvetica, sans-serif;\">\n<div style=\"margin: 0px; line-height: inherit;\">\n<div><span style=\"font-size: 16px;\"><img decoding=\"async\" title=\"LOKMAT-reloj inteligente con Bluetooth para hombre, pulsera Digital con recordatorio de tel\u00e9fono, pod\u00f3metro deportivo, c\u00e1mara remota, resistente al agua\" src=\"https:\/\/bodegaoutdoor.cl\/store\/wp-content\/uploads\/2023\/04\/69980-zalafb.jpg\" alt=\"LOKMAT-reloj inteligente con Bluetooth para hombre, pulsera Digital con recordatorio de tel\u00e9fono, pod\u00f3metro deportivo, c\u00e1mara remota, resistente al agua\" \/><\/span><\/div>\n<div><img decoding=\"async\" title=\"LOKMAT-reloj inteligente con Bluetooth para hombre, pulsera Digital con recordatorio de tel\u00e9fono, pod\u00f3metro deportivo, c\u00e1mara remota, resistente al agua\" src=\"https:\/\/bodegaoutdoor.cl\/store\/wp-content\/uploads\/2023\/04\/69980-m9hhkp.jpg\" alt=\"LOKMAT-reloj inteligente con Bluetooth para hombre, pulsera Digital con recordatorio de tel\u00e9fono, pod\u00f3metro deportivo, c\u00e1mara remota, resistente al agua\" \/><\/div>\n<div><\/div>\n<div><strong><span style=\"font-size: 22px;\">Cron\u00f3metro profesional<\/span><\/strong><\/div>\n<div><\/div>\n<div>\u00dasalo cuando practiques deportes para hacer un seguimiento de tu nivel de actividad.<\/div>\n<div><\/div>\n<div><span style=\"font-size: 16px;\"><img decoding=\"async\" title=\"LOKMAT-reloj inteligente con Bluetooth para hombre, pulsera Digital con recordatorio de tel\u00e9fono, pod\u00f3metro deportivo, c\u00e1mara remota, resistente al agua\" src=\"https:\/\/bodegaoutdoor.cl\/store\/wp-content\/uploads\/2023\/04\/69980-hamnjz.jpg\" alt=\"LOKMAT-reloj inteligente con Bluetooth para hombre, pulsera Digital con recordatorio de tel\u00e9fono, pod\u00f3metro deportivo, c\u00e1mara remota, resistente al agua\" \/><\/span><\/div>\n<div><\/div>\n<div><strong><span style=\"font-size: 22px;\">50M a prueba de agua<\/span><\/strong><\/div>\n<div>\n<div><\/div>\n<div><span style=\"font-size: 16px;\">Adecuado para uso diario como nataci\u00f3n, pesca, etc. (no apto para buceo y snorkel).<\/span><\/div>\n<div><\/div>\n<\/div>\n<div><span style=\"font-size: 16px;\"><img decoding=\"async\" title=\"LOKMAT-reloj inteligente con Bluetooth para hombre, pulsera Digital con recordatorio de tel\u00e9fono, pod\u00f3metro deportivo, c\u00e1mara remota, resistente al agua\" src=\"https:\/\/bodegaoutdoor.cl\/store\/wp-content\/uploads\/2023\/04\/69980-na7hnx.jpg\" alt=\"LOKMAT-reloj inteligente con Bluetooth para hombre, pulsera Digital con recordatorio de tel\u00e9fono, pod\u00f3metro deportivo, c\u00e1mara remota, resistente al agua\" \/><\/span><\/div>\n<div><\/div>\n<div>\n<div><strong><span style=\"font-size: 22px;\">No es necesario cargar<\/span><\/strong><\/div>\n<div><\/div>\n<div><span style=\"font-size: 16px;\">Utiliza bater\u00eda CR2430, 12 meses de duraci\u00f3n de la bater\u00eda bajo uso normal, 18 meses de duraci\u00f3n de la bater\u00eda bajo uso de ahorro de energ\u00eda.<\/span><\/div>\n<div><\/div>\n<div><span style=\"font-size: 16px;\"><img decoding=\"async\" title=\"LOKMAT-reloj inteligente con Bluetooth para hombre, pulsera Digital con recordatorio de tel\u00e9fono, pod\u00f3metro deportivo, c\u00e1mara remota, resistente al agua\" src=\"https:\/\/bodegaoutdoor.cl\/store\/wp-content\/uploads\/2023\/04\/69980-sezylj.jpg\" alt=\"LOKMAT-reloj inteligente con Bluetooth para hombre, pulsera Digital con recordatorio de tel\u00e9fono, pod\u00f3metro deportivo, c\u00e1mara remota, resistente al agua\" \/><\/span><\/div>\n<div><\/div>\n<div><strong><span style=\"font-size: 22px;\">Luz de fondo<\/span><\/strong><\/div>\n<div><\/div>\n<div><span style=\"font-size: 16px;\">Incluso en la oscuridad, puedes ver la hora.<\/span><\/div>\n<div><\/div>\n<div><span style=\"font-size: 16px;\"><img decoding=\"async\" title=\"LOKMAT-reloj inteligente con Bluetooth para hombre, pulsera Digital con recordatorio de tel\u00e9fono, pod\u00f3metro deportivo, c\u00e1mara remota, resistente al agua\" src=\"https:\/\/bodegaoutdoor.cl\/store\/wp-content\/uploads\/2023\/04\/69980-okdhaz.jpg\" alt=\"LOKMAT-reloj inteligente con Bluetooth para hombre, pulsera Digital con recordatorio de tel\u00e9fono, pod\u00f3metro deportivo, c\u00e1mara remota, resistente al agua\" \/><\/span><\/div>\n<div><\/div>\n<div>\n<div><strong><span style=\"font-size: 22px;\">Compatible con Android e iPhones<\/span><\/strong><\/div>\n<div><\/div>\n<div><span style=\"font-size: 16px;\">Conecta tu tel\u00e9fono para mostrar tu actividad o utilizar la aplicaci\u00f3n deportiva.<\/span><\/div>\n<div><\/div>\n<div><span style=\"font-size: 16px;\"><img decoding=\"async\" title=\"LOKMAT-reloj inteligente con Bluetooth para hombre, pulsera Digital con recordatorio de tel\u00e9fono, pod\u00f3metro deportivo, c\u00e1mara remota, resistente al agua\" src=\"https:\/\/bodegaoutdoor.cl\/store\/wp-content\/uploads\/2023\/04\/69980-ionnwl.jpg\" alt=\"LOKMAT-reloj inteligente con Bluetooth para hombre, pulsera Digital con recordatorio de tel\u00e9fono, pod\u00f3metro deportivo, c\u00e1mara remota, resistente al agua\" \/><\/span><\/div>\n<div><\/div>\n<div><strong><span style=\"font-size: 22px;\">Almacenamiento de datos en la nube<\/span><\/strong><\/div>\n<div><\/div>\n<div><span style=\"font-size: 16px;\">1) Los datos de movimiento se pueden mantener en el reloj durante 15 d\u00edas<\/span><\/div>\n<div><span style=\"font-size: 16px;\">2) cargar en el servidor en la nube y guardar permanentemente<\/span><\/div>\n<div><span style=\"font-size: 16px;\">3) accede desde tu tel\u00e9fono<\/span><\/div>\n<div><span style=\"font-size: 16px;\">4) comparte tus datos de ejercicio en las redes sociales<\/span><\/div>\n<div><span style=\"font-size: 16px;\">5) Las aplicaciones y los servidores de fondo admiten redes globales<\/span><\/div>\n<div><span style=\"font-size: 16px;\">6) puede compartir sus datos y clasificaciones deportivas con amigos de todo el mundo<\/span><\/div>\n<div><\/div>\n<div><span style=\"font-size: 16px;\"><img decoding=\"async\" title=\"LOKMAT-reloj inteligente con Bluetooth para hombre, pulsera Digital con recordatorio de tel\u00e9fono, pod\u00f3metro deportivo, c\u00e1mara remota, resistente al agua\" src=\"https:\/\/bodegaoutdoor.cl\/store\/wp-content\/uploads\/2023\/04\/69980-xihgd1.jpg\" alt=\"LOKMAT-reloj inteligente con Bluetooth para hombre, pulsera Digital con recordatorio de tel\u00e9fono, pod\u00f3metro deportivo, c\u00e1mara remota, resistente al agua\" \/><\/span><\/div>\n<div><\/div>\n<div><strong><span style=\"font-size: 22px;\">Recordatorio de informaci\u00f3n<\/span><\/strong><\/div>\n<div><\/div>\n<div><span style=\"font-size: 16px;\">Cuando tienes llamadas telef\u00f3nicas o mensajes, hace un sonido para recordarle.<\/span><\/div>\n<div><\/div>\n<div><span style=\"font-size: 16px;\"><img decoding=\"async\" title=\"LOKMAT-reloj inteligente con Bluetooth para hombre, pulsera Digital con recordatorio de tel\u00e9fono, pod\u00f3metro deportivo, c\u00e1mara remota, resistente al agua\" src=\"https:\/\/bodegaoutdoor.cl\/store\/wp-content\/uploads\/2023\/04\/69980-nfotit.jpg\" alt=\"LOKMAT-reloj inteligente con Bluetooth para hombre, pulsera Digital con recordatorio de tel\u00e9fono, pod\u00f3metro deportivo, c\u00e1mara remota, resistente al agua\" \/><\/span><\/div>\n<div><\/div>\n<\/div>\n<div>\n<div><strong><span style=\"font-size: 22px;\">Reloj despertador<\/span><\/strong><\/div>\n<div><\/div>\n<div><span style=\"font-size: 16px;\">Se pueden configurar 3 alarmas desde la aplicaci\u00f3n.<\/span><\/div>\n<div><\/div>\n<div><img decoding=\"async\" title=\"LOKMAT-reloj inteligente con Bluetooth para hombre, pulsera Digital con recordatorio de tel\u00e9fono, pod\u00f3metro deportivo, c\u00e1mara remota, resistente al agua\" src=\"https:\/\/bodegaoutdoor.cl\/store\/wp-content\/uploads\/2023\/04\/69980-r4dpck.jpg\" alt=\"LOKMAT-reloj inteligente con Bluetooth para hombre, pulsera Digital con recordatorio de tel\u00e9fono, pod\u00f3metro deportivo, c\u00e1mara remota, resistente al agua\" \/><\/div>\n<div><\/div>\n<\/div>\n<div><strong><span style=\"font-size: 22px;\">C\u00e1mara remota<\/span><\/strong><\/div>\n<div><\/div>\n<div><span style=\"font-size: 16px;\">Cuando el tel\u00e9fono est\u00e1 conectado al reloj, simplemente presiona el bot\u00f3n del reloj para completar la toma de una foto.<\/span><\/div>\n<div><\/div>\n<div><span style=\"font-size: 16px;\"><img decoding=\"async\" title=\"LOKMAT-reloj inteligente con Bluetooth para hombre, pulsera Digital con recordatorio de tel\u00e9fono, pod\u00f3metro deportivo, c\u00e1mara remota, resistente al agua\" src=\"https:\/\/bodegaoutdoor.cl\/store\/wp-content\/uploads\/2023\/04\/69980-xxw7m7.jpg\" alt=\"LOKMAT-reloj inteligente con Bluetooth para hombre, pulsera Digital con recordatorio de tel\u00e9fono, pod\u00f3metro deportivo, c\u00e1mara remota, resistente al agua\" \/><\/span><\/div>\n<div><span style=\"font-size: 16px;\"><img decoding=\"async\" title=\"LOKMAT-reloj inteligente con Bluetooth para hombre, pulsera Digital con recordatorio de tel\u00e9fono, pod\u00f3metro deportivo, c\u00e1mara remota, resistente al agua\" src=\"https:\/\/bodegaoutdoor.cl\/store\/wp-content\/uploads\/2023\/04\/69980-cxcbnt.jpg\" alt=\"LOKMAT-reloj inteligente con Bluetooth para hombre, pulsera Digital con recordatorio de tel\u00e9fono, pod\u00f3metro deportivo, c\u00e1mara remota, resistente al agua\" \/><img decoding=\"async\" title=\"LOKMAT-reloj inteligente con Bluetooth para hombre, pulsera Digital con recordatorio de tel\u00e9fono, pod\u00f3metro deportivo, c\u00e1mara remota, resistente al agua\" src=\"https:\/\/bodegaoutdoor.cl\/store\/wp-content\/uploads\/2023\/04\/69980-9ghkgy.jpg\" alt=\"LOKMAT-reloj inteligente con Bluetooth para hombre, pulsera Digital con recordatorio de tel\u00e9fono, pod\u00f3metro deportivo, c\u00e1mara remota, resistente al agua\" \/><\/span><\/div>\n<\/div>\n<\/div>\n<\/div>\n<\/div>\n<\/div>\n\n    <div class=\"xs_social_share_widget xs_share_url after_content \t\tmain_content  wslu-style-1 wslu-share-box-shaped wslu-fill-colored wslu-none wslu-share-horizontal wslu-theme-font-no wslu-main_content\">\n\n\t\t\n        <ul>\n\t\t\t        <\/ul>\n    <\/div> \n","protected":false},"excerpt":{"rendered":"<p>Sistema de pantalla: La pantalla LCD muestra los pasos, la distancia y las calor\u00edas Resistente al agua:IP68 (o 5ATM) est\u00e1ndar resistente al polvo y al agua Pod\u00f3metro:Establece tu objetivo de salud y ve tus actividades diarias, revisa y analiza los datos en cualquier momento. C\u00e1mara remota:C\u00e1mara remota dentro de 10m Recordatorio:Llamadas telef\u00f3nicas, mensajes, etc. Reloj [&hellip;]<\/p>\n","protected":false},"featured_media":69984,"comment_status":"open","ping_status":"closed","template":"","meta":{"jetpack_publicize_message":"","jetpack_publicize_feature_enabled":true,"jetpack_social_post_already_shared":true,"jetpack_social_options":{"image_generator_settings":{"template":"highway","enabled":false},"version":2}},"product_brand":[],"product_cat":[36],"product_tag":[],"class_list":{"0":"post-69980","1":"product","2":"type-product","3":"status-publish","4":"has-post-thumbnail","6":"product_cat-relojes","8":"first","9":"instock","10":"sale","11":"taxable","12":"shipping-taxable","13":"purchasable","14":"product-type-variable"},"jetpack_publicize_connections":[],"jetpack_sharing_enabled":true,"_links":{"self":[{"href":"https:\/\/bodegaoutdoor.cl\/store\/wp-json\/wp\/v2\/product\/69980","targetHints":{"allow":["GET"]}}],"collection":[{"href":"https:\/\/bodegaoutdoor.cl\/store\/wp-json\/wp\/v2\/product"}],"about":[{"href":"https:\/\/bodegaoutdoor.cl\/store\/wp-json\/wp\/v2\/types\/product"}],"replies":[{"embeddable":true,"href":"https:\/\/bodegaoutdoor.cl\/store\/wp-json\/wp\/v2\/comments?post=69980"}],"version-history":[{"count":19,"href":"https:\/\/bodegaoutdoor.cl\/store\/wp-json\/wp\/v2\/product\/69980\/revisions"}],"predecessor-version":[{"id":70133,"href":"https:\/\/bodegaoutdoor.cl\/store\/wp-json\/wp\/v2\/product\/69980\/revisions\/70133"}],"wp:featuredmedia":[{"embeddable":true,"href":"https:\/\/bodegaoutdoor.cl\/store\/wp-json\/wp\/v2\/media\/69984"}],"wp:attachment":[{"href":"https:\/\/bodegaoutdoor.cl\/store\/wp-json\/wp\/v2\/media?parent=69980"}],"wp:term":[{"taxonomy":"product_brand","embeddable":true,"href":"https:\/\/bodegaoutdoor.cl\/store\/wp-json\/wp\/v2\/product_brand?post=69980"},{"taxonomy":"product_cat","embeddable":true,"href":"https:\/\/bodegaoutdoor.cl\/store\/wp-json\/wp\/v2\/product_cat?post=69980"},{"taxonomy":"product_tag","embeddable":true,"href":"https:\/\/bodegaoutdoor.cl\/store\/wp-json\/wp\/v2\/product_tag?post=69980"}],"curies":[{"name":"wp","href":"https:\/\/api.w.org\/{rel}","templated":true}]}}