{"id":70072,"date":"2023-04-03T17:13:00","date_gmt":"2023-04-03T21:13:00","guid":{"rendered":"https:\/\/bodegaoutdoor.cl\/store\/product\/vision-nocturna-cy789-grabadora-de-video-1080p-8-aumentos-zoom-optico-mira-telescopica-monocular-wifi-app-rango-de-400m-alcance-nv-telescopio-de-940nm\/"},"modified":"2023-05-04T19:18:30","modified_gmt":"2023-05-04T23:18:30","slug":"mira-con-vision-nocturna-grabadora-de-video-1080p-8-aumentos-zoom-optico-wifi-medicion-alcance-nv-telescopio-de-940nm","status":"publish","type":"product","link":"https:\/\/bodegaoutdoor.cl\/store\/product\/mira-con-vision-nocturna-grabadora-de-video-1080p-8-aumentos-zoom-optico-wifi-medicion-alcance-nv-telescopio-de-940nm\/","title":{"rendered":"Mira con Visi\u00f3n Nocturna, grabadora de v\u00eddeo 1080P, 8 aumentos, zoom \u00f3ptico, Wifi, Medicion alcance NV, telescopio de 940nm"},"content":{"rendered":"<div><\/div>\n<div>\n<div><span style=\"font-family: Arial;\">CY789 visi\u00f3n nocturna 1080P Video grabadora 8 veces zoom \u00f3ptico Riflescope Monocular Wifi APP 400M Rango NV telescopio de alcance 940nm<\/span><\/div>\n<div>\n<div>\n<p><span style=\"font-size: 16px; font-family: Arial;\">Especificaciones:<\/span><span style=\"font-size: 16px; font-family: Arial;\">Modelo: cy789<\/span><span style=\"font-size: 16px; font-family: Arial;\">Frecuencia de la montura: 30fps<\/span><\/p>\n<p><span style=\"font-size: 16px; font-family: Arial;\">Pantalla: pantalla LCD de 3,1 pulgadas<\/span><\/p>\n<p><span style=\"font-size: 16px; font-family: Arial;\">Modo V\u00eddeo: MP4<\/span><\/p>\n<p><span style=\"font-size: 16px; font-family: Arial;\">Potencia infrarroja: 5W<\/span><\/p>\n<p><span style=\"font-size: 16px; font-family: Arial;\">Voltaje: 3,7 V<\/span><\/p>\n<p><span style=\"font-size: 16px; font-family: Arial;\">Longitud de uso:&gt;10H<\/span><\/p>\n<p><span style=\"font-size: 16px; font-family: Arial;\">Peso: 0,5 libras (y media)<\/span><\/p>\n<p><span style=\"font-size: 16px; font-family: Arial;\">Peso del: lbs (todos)<\/span><\/p>\n<p><span style=\"font-size: 16px; font-family: Arial;\">Tipo de almacenamiento: tarjeta TF<\/span><\/p>\n<p><span style=\"font-size: 16px; font-family: Arial;\">Zoom \u00f3ptico: 1-8X<\/span><\/p>\n<p><span style=\"font-size: 16px; font-family: Arial;\">Zoom Digital: 1-4X<\/span><\/p>\n<p><span style=\"font-size: 16px; font-family: Arial;\">Bater\u00eda: 21700 bater\u00eda de litio (extra\u00edble)<\/span><\/p>\n<p><span style=\"font-size: 16px; font-family: Arial;\">Capacidad de la bater\u00eda: 4800 mAh<\/span><\/p>\n<p><span style=\"font-size: 16px; font-family: Arial;\">Admite memry:128G (con tarjeta de memoria de 32G).<\/span><\/p>\n<p><span style=\"font-size: 16px; font-family: Arial;\">Ir: 850nm (principal)<\/span><\/p>\n<p><span style=\"font-size: 16px; font-family: Arial;\">IRs:940nm (vicio)<\/span><\/p>\n<p><span style=\"font-size: 16px; font-family: Arial;\">Rango de infrarrojos: 400M<\/span><\/p>\n<p><span style=\"font-size: 16px; font-family: Arial;\">Rango de enfoque: 3cm-\u221e<\/span><\/p>\n<p><span style=\"font-size: 16px; font-family: Arial;\">Resoluci\u00f3n del v\u00eddeo: 1920*1080<\/span><\/p>\n<p><span style=\"font-size: 16px; font-family: Arial;\">Resoluci\u00f3n de la foto: 3264*2448<\/span><\/p>\n<p><span style=\"font-size: 16px; font-family: Arial;\">Tama\u00f1o: 214*103*58mm\/125*103*58mm (excluyendo el ocular)<\/span><\/p>\n<p><span style=\"font-size: 16px; font-family: Arial;\">Paquete 2. 3,4: se puede conectar al telescopio y a la vista<\/span><\/p>\n<p><span style=\"font-size: 16px; font-family: Arial;\">Con cruzado ajustable<\/span><\/p>\n<\/div>\n<\/div>\n<div>\n<div>\n<p style=\"font-size: 14px;\"><span style=\"font-size: 16px; font-family: Arial;\">Caracter\u00edsticas:<\/span><\/p>\n<p style=\"font-size: 14px;\"><span style=\"font-size: 16px; font-family: Arial;\">1) Aumento 1-32x<\/span><\/p>\n<p style=\"font-size: 14px;\"><span style=\"font-size: 16px; font-family: Arial;\">2)<\/span><span style=\"font-size: 16px; font-family: Arial;\">850nm y 940nm IR (luz invisible)<\/span><\/p>\n<p style=\"font-size: 14px;\"><span style=\"font-size: 16px; font-family: Arial;\">3) rango infrarrojo de 500m<\/span><\/p>\n<p style=\"font-size: 14px;\"><span style=\"font-size: 16px; font-family: Arial;\">4) Resoluci\u00f3n de v\u00eddeo de 1920&#215;1080: 30FPS<\/span><\/p>\n<p style=\"font-size: 14px;\"><span style=\"font-size: 16px; font-family: Arial;\">5) y APP Wi-Fi (nombre de la aplicaci\u00f3n: VF Cam)<\/span><\/p>\n<p style=\"font-size: 14px;\"><span style=\"font-size: 16px; font-family: Arial;\">6) puntero de punto rojo<\/span><\/p>\n<p style=\"font-size: 14px;\"><span style=\"font-size: 16px; font-family: Arial;\">7)<\/span><span style=\"font-size: 16px; font-family: Arial;\">A prueba de golpes: 4000 joule<\/span><\/p>\n<p style=\"font-size: 14px;\"><span style=\"font-size: 16px; font-family: Arial;\">8) 2 a\u00f1os de garant\u00eda<\/span><\/p>\n<p style=\"font-size: 14px;\"><span style=\"font-size: 16px; font-family: Arial;\">9) adecuado para la visi\u00f3n normal, la presbicia y La miop\u00eda<\/span><\/p>\n<div><\/div>\n<\/div>\n<\/div>\n<div>\n<div>\n<p style=\"margin-left: 0px;\"><span style=\"font-size: 16px; font-family: Arial;\">Idioma:<\/span><\/p>\n<p style=\"margin-left: 0px;\"><span style=\"font-size: 16px; font-family: Arial;\">Ingl\u00e9s\/franc\u00e9s\/Espa\u00f1ol\/portugu\u00e9s\/alem\u00e1n\/Italiano\/chino simplificado\/chino tradicional\/p\u00f3.<\/span><\/p>\n<\/div>\n<\/div>\n<div>\n<div>\n<div>\n<p><strong><span style=\"font-size: 16px; font-family: Arial;\">Lista de embalaje<\/span><\/strong><\/p>\n<\/div>\n<p><span style=\"font-size: 16px; font-family: Arial;\">1 * CY789 visi\u00f3n nocturna<\/span><\/p>\n<p><img decoding=\"async\" title=\"Visi\u00f3n Nocturna CY789, grabadora de v\u00eddeo 1080P, 8 aumentos, zoom \u00f3ptico, mira telesc\u00f3pica Monocular, Wifi, APP, rango de 400M, alcance NV, telescopio de 940nm\" src=\"https:\/\/bodegaoutdoor.cl\/store\/wp-content\/uploads\/2023\/04\/70072-hkiwda.jpg\" alt=\"Visi\u00f3n Nocturna CY789, grabadora de v\u00eddeo 1080P, 8 aumentos, zoom \u00f3ptico, mira telesc\u00f3pica Monocular, Wifi, APP, rango de 400M, alcance NV, telescopio de 940nm\" width=\"auto\" height=\"auto\" \/><img decoding=\"async\" title=\"Visi\u00f3n Nocturna CY789, grabadora de v\u00eddeo 1080P, 8 aumentos, zoom \u00f3ptico, mira telesc\u00f3pica Monocular, Wifi, APP, rango de 400M, alcance NV, telescopio de 940nm\" src=\"https:\/\/bodegaoutdoor.cl\/store\/wp-content\/uploads\/2023\/04\/70072-yc4ec2.jpg\" alt=\"Visi\u00f3n Nocturna CY789, grabadora de v\u00eddeo 1080P, 8 aumentos, zoom \u00f3ptico, mira telesc\u00f3pica Monocular, Wifi, APP, rango de 400M, alcance NV, telescopio de 940nm\" width=\"auto\" height=\"auto\" \/><img decoding=\"async\" title=\"Visi\u00f3n Nocturna CY789, grabadora de v\u00eddeo 1080P, 8 aumentos, zoom \u00f3ptico, mira telesc\u00f3pica Monocular, Wifi, APP, rango de 400M, alcance NV, telescopio de 940nm\" src=\"https:\/\/bodegaoutdoor.cl\/store\/wp-content\/uploads\/2023\/04\/70072-rodezp.jpg\" alt=\"Visi\u00f3n Nocturna CY789, grabadora de v\u00eddeo 1080P, 8 aumentos, zoom \u00f3ptico, mira telesc\u00f3pica Monocular, Wifi, APP, rango de 400M, alcance NV, telescopio de 940nm\" width=\"auto\" height=\"auto\" \/><img decoding=\"async\" title=\"Visi\u00f3n Nocturna CY789, grabadora de v\u00eddeo 1080P, 8 aumentos, zoom \u00f3ptico, mira telesc\u00f3pica Monocular, Wifi, APP, rango de 400M, alcance NV, telescopio de 940nm\" src=\"https:\/\/bodegaoutdoor.cl\/store\/wp-content\/uploads\/2023\/04\/70072-fvbari.jpg\" alt=\"Visi\u00f3n Nocturna CY789, grabadora de v\u00eddeo 1080P, 8 aumentos, zoom \u00f3ptico, mira telesc\u00f3pica Monocular, Wifi, APP, rango de 400M, alcance NV, telescopio de 940nm\" width=\"auto\" height=\"auto\" \/><img decoding=\"async\" title=\"Visi\u00f3n Nocturna CY789, grabadora de v\u00eddeo 1080P, 8 aumentos, zoom \u00f3ptico, mira telesc\u00f3pica Monocular, Wifi, APP, rango de 400M, alcance NV, telescopio de 940nm\" src=\"https:\/\/bodegaoutdoor.cl\/store\/wp-content\/uploads\/2023\/04\/70072-zduv6u.jpg\" alt=\"Visi\u00f3n Nocturna CY789, grabadora de v\u00eddeo 1080P, 8 aumentos, zoom \u00f3ptico, mira telesc\u00f3pica Monocular, Wifi, APP, rango de 400M, alcance NV, telescopio de 940nm\" width=\"auto\" height=\"auto\" \/><img decoding=\"async\" title=\"Visi\u00f3n Nocturna CY789, grabadora de v\u00eddeo 1080P, 8 aumentos, zoom \u00f3ptico, mira telesc\u00f3pica Monocular, Wifi, APP, rango de 400M, alcance NV, telescopio de 940nm\" src=\"https:\/\/bodegaoutdoor.cl\/store\/wp-content\/uploads\/2023\/04\/70072-kscyoc.jpg\" alt=\"Visi\u00f3n Nocturna CY789, grabadora de v\u00eddeo 1080P, 8 aumentos, zoom \u00f3ptico, mira telesc\u00f3pica Monocular, Wifi, APP, rango de 400M, alcance NV, telescopio de 940nm\" width=\"auto\" height=\"auto\" \/><img decoding=\"async\" title=\"Visi\u00f3n Nocturna CY789, grabadora de v\u00eddeo 1080P, 8 aumentos, zoom \u00f3ptico, mira telesc\u00f3pica Monocular, Wifi, APP, rango de 400M, alcance NV, telescopio de 940nm\" src=\"https:\/\/bodegaoutdoor.cl\/store\/wp-content\/uploads\/2023\/04\/70072-nutzyq.jpg\" alt=\"Visi\u00f3n Nocturna CY789, grabadora de v\u00eddeo 1080P, 8 aumentos, zoom \u00f3ptico, mira telesc\u00f3pica Monocular, Wifi, APP, rango de 400M, alcance NV, telescopio de 940nm\" width=\"auto\" height=\"auto\" \/><img decoding=\"async\" title=\"Visi\u00f3n Nocturna CY789, grabadora de v\u00eddeo 1080P, 8 aumentos, zoom \u00f3ptico, mira telesc\u00f3pica Monocular, Wifi, APP, rango de 400M, alcance NV, telescopio de 940nm\" src=\"https:\/\/bodegaoutdoor.cl\/store\/wp-content\/uploads\/2023\/04\/70072-mv92xc.jpg\" alt=\"Visi\u00f3n Nocturna CY789, grabadora de v\u00eddeo 1080P, 8 aumentos, zoom \u00f3ptico, mira telesc\u00f3pica Monocular, Wifi, APP, rango de 400M, alcance NV, telescopio de 940nm\" width=\"auto\" height=\"auto\" \/><img decoding=\"async\" title=\"Visi\u00f3n Nocturna CY789, grabadora de v\u00eddeo 1080P, 8 aumentos, zoom \u00f3ptico, mira telesc\u00f3pica Monocular, Wifi, APP, rango de 400M, alcance NV, telescopio de 940nm\" src=\"https:\/\/bodegaoutdoor.cl\/store\/wp-content\/uploads\/2023\/04\/70072-eblctp.jpg\" alt=\"Visi\u00f3n Nocturna CY789, grabadora de v\u00eddeo 1080P, 8 aumentos, zoom \u00f3ptico, mira telesc\u00f3pica Monocular, Wifi, APP, rango de 400M, alcance NV, telescopio de 940nm\" width=\"auto\" height=\"auto\" \/><img decoding=\"async\" title=\"Visi\u00f3n Nocturna CY789, grabadora de v\u00eddeo 1080P, 8 aumentos, zoom \u00f3ptico, mira telesc\u00f3pica Monocular, Wifi, APP, rango de 400M, alcance NV, telescopio de 940nm\" src=\"https:\/\/bodegaoutdoor.cl\/store\/wp-content\/uploads\/2023\/04\/70072-hp14hl.jpg\" alt=\"Visi\u00f3n Nocturna CY789, grabadora de v\u00eddeo 1080P, 8 aumentos, zoom \u00f3ptico, mira telesc\u00f3pica Monocular, Wifi, APP, rango de 400M, alcance NV, telescopio de 940nm\" width=\"auto\" height=\"auto\" \/><img decoding=\"async\" title=\"Visi\u00f3n Nocturna CY789, grabadora de v\u00eddeo 1080P, 8 aumentos, zoom \u00f3ptico, mira telesc\u00f3pica Monocular, Wifi, APP, rango de 400M, alcance NV, telescopio de 940nm\" src=\"https:\/\/bodegaoutdoor.cl\/store\/wp-content\/uploads\/2023\/04\/70072-zsbhie.jpg\" alt=\"Visi\u00f3n Nocturna CY789, grabadora de v\u00eddeo 1080P, 8 aumentos, zoom \u00f3ptico, mira telesc\u00f3pica Monocular, Wifi, APP, rango de 400M, alcance NV, telescopio de 940nm\" width=\"auto\" height=\"auto\" \/><img decoding=\"async\" title=\"Visi\u00f3n Nocturna CY789, grabadora de v\u00eddeo 1080P, 8 aumentos, zoom \u00f3ptico, mira telesc\u00f3pica Monocular, Wifi, APP, rango de 400M, alcance NV, telescopio de 940nm\" src=\"https:\/\/bodegaoutdoor.cl\/store\/wp-content\/uploads\/2023\/04\/70072-iaqn7p.jpg\" alt=\"Visi\u00f3n Nocturna CY789, grabadora de v\u00eddeo 1080P, 8 aumentos, zoom \u00f3ptico, mira telesc\u00f3pica Monocular, Wifi, APP, rango de 400M, alcance NV, telescopio de 940nm\" width=\"auto\" height=\"auto\" \/><img decoding=\"async\" title=\"Visi\u00f3n Nocturna CY789, grabadora de v\u00eddeo 1080P, 8 aumentos, zoom \u00f3ptico, mira telesc\u00f3pica Monocular, Wifi, APP, rango de 400M, alcance NV, telescopio de 940nm\" src=\"https:\/\/bodegaoutdoor.cl\/store\/wp-content\/uploads\/2023\/04\/70072-c7mrkc.jpg\" alt=\"Visi\u00f3n Nocturna CY789, grabadora de v\u00eddeo 1080P, 8 aumentos, zoom \u00f3ptico, mira telesc\u00f3pica Monocular, Wifi, APP, rango de 400M, alcance NV, telescopio de 940nm\" width=\"auto\" height=\"auto\" \/><img decoding=\"async\" title=\"Visi\u00f3n Nocturna CY789, grabadora de v\u00eddeo 1080P, 8 aumentos, zoom \u00f3ptico, mira telesc\u00f3pica Monocular, Wifi, APP, rango de 400M, alcance NV, telescopio de 940nm\" src=\"https:\/\/bodegaoutdoor.cl\/store\/wp-content\/uploads\/2023\/04\/70072-vkfy2a.jpg\" alt=\"Visi\u00f3n Nocturna CY789, grabadora de v\u00eddeo 1080P, 8 aumentos, zoom \u00f3ptico, mira telesc\u00f3pica Monocular, Wifi, APP, rango de 400M, alcance NV, telescopio de 940nm\" width=\"auto\" height=\"auto\" \/><img decoding=\"async\" title=\"Visi\u00f3n Nocturna CY789, grabadora de v\u00eddeo 1080P, 8 aumentos, zoom \u00f3ptico, mira telesc\u00f3pica Monocular, Wifi, APP, rango de 400M, alcance NV, telescopio de 940nm\" src=\"https:\/\/bodegaoutdoor.cl\/store\/wp-content\/uploads\/2023\/04\/70072-ghyrqw.jpg\" alt=\"Visi\u00f3n Nocturna CY789, grabadora de v\u00eddeo 1080P, 8 aumentos, zoom \u00f3ptico, mira telesc\u00f3pica Monocular, Wifi, APP, rango de 400M, alcance NV, telescopio de 940nm\" width=\"auto\" height=\"auto\" \/><img decoding=\"async\" title=\"Visi\u00f3n Nocturna CY789, grabadora de v\u00eddeo 1080P, 8 aumentos, zoom \u00f3ptico, mira telesc\u00f3pica Monocular, Wifi, APP, rango de 400M, alcance NV, telescopio de 940nm\" src=\"https:\/\/bodegaoutdoor.cl\/store\/wp-content\/uploads\/2023\/04\/70072-9ny8qy.jpg\" alt=\"Visi\u00f3n Nocturna CY789, grabadora de v\u00eddeo 1080P, 8 aumentos, zoom \u00f3ptico, mira telesc\u00f3pica Monocular, Wifi, APP, rango de 400M, alcance NV, telescopio de 940nm\" width=\"auto\" height=\"auto\" \/><img decoding=\"async\" title=\"Visi\u00f3n Nocturna CY789, grabadora de v\u00eddeo 1080P, 8 aumentos, zoom \u00f3ptico, mira telesc\u00f3pica Monocular, Wifi, APP, rango de 400M, alcance NV, telescopio de 940nm\" src=\"https:\/\/bodegaoutdoor.cl\/store\/wp-content\/uploads\/2023\/04\/70072-huajgx.jpg\" alt=\"Visi\u00f3n Nocturna CY789, grabadora de v\u00eddeo 1080P, 8 aumentos, zoom \u00f3ptico, mira telesc\u00f3pica Monocular, Wifi, APP, rango de 400M, alcance NV, telescopio de 940nm\" width=\"auto\" height=\"auto\" \/><img decoding=\"async\" title=\"Visi\u00f3n Nocturna CY789, grabadora de v\u00eddeo 1080P, 8 aumentos, zoom \u00f3ptico, mira telesc\u00f3pica Monocular, Wifi, APP, rango de 400M, alcance NV, telescopio de 940nm\" src=\"https:\/\/bodegaoutdoor.cl\/store\/wp-content\/uploads\/2023\/04\/70072-5h4k68.jpg\" alt=\"Visi\u00f3n Nocturna CY789, grabadora de v\u00eddeo 1080P, 8 aumentos, zoom \u00f3ptico, mira telesc\u00f3pica Monocular, Wifi, APP, rango de 400M, alcance NV, telescopio de 940nm\" width=\"auto\" height=\"auto\" \/><img decoding=\"async\" title=\"Visi\u00f3n Nocturna CY789, grabadora de v\u00eddeo 1080P, 8 aumentos, zoom \u00f3ptico, mira telesc\u00f3pica Monocular, Wifi, APP, rango de 400M, alcance NV, telescopio de 940nm\" src=\"https:\/\/bodegaoutdoor.cl\/store\/wp-content\/uploads\/2023\/04\/70072-6bolcy.jpg\" alt=\"Visi\u00f3n Nocturna CY789, grabadora de v\u00eddeo 1080P, 8 aumentos, zoom \u00f3ptico, mira telesc\u00f3pica Monocular, Wifi, APP, rango de 400M, alcance NV, telescopio de 940nm\" width=\"auto\" height=\"auto\" \/><img decoding=\"async\" title=\"Visi\u00f3n Nocturna CY789, grabadora de v\u00eddeo 1080P, 8 aumentos, zoom \u00f3ptico, mira telesc\u00f3pica Monocular, Wifi, APP, rango de 400M, alcance NV, telescopio de 940nm\" src=\"https:\/\/bodegaoutdoor.cl\/store\/wp-content\/uploads\/2023\/04\/70072-bioibj.jpg\" alt=\"Visi\u00f3n Nocturna CY789, grabadora de v\u00eddeo 1080P, 8 aumentos, zoom \u00f3ptico, mira telesc\u00f3pica Monocular, Wifi, APP, rango de 400M, alcance NV, telescopio de 940nm\" width=\"auto\" height=\"auto\" \/><img decoding=\"async\" title=\"Visi\u00f3n Nocturna CY789, grabadora de v\u00eddeo 1080P, 8 aumentos, zoom \u00f3ptico, mira telesc\u00f3pica Monocular, Wifi, APP, rango de 400M, alcance NV, telescopio de 940nm\" src=\"https:\/\/bodegaoutdoor.cl\/store\/wp-content\/uploads\/2023\/04\/70072-jfsn0t.jpg\" alt=\"Visi\u00f3n Nocturna CY789, grabadora de v\u00eddeo 1080P, 8 aumentos, zoom \u00f3ptico, mira telesc\u00f3pica Monocular, Wifi, APP, rango de 400M, alcance NV, telescopio de 940nm\" width=\"auto\" height=\"auto\" \/><span style=\"font-size: 16px; font-family: Arial;\"><br \/>\n<\/span><\/p>\n<\/div>\n<\/div>\n<div>\n<div><\/div>\n<\/div>\n<p>&nbsp;<\/p>\n<\/div>\n\n    <div class=\"xs_social_share_widget xs_share_url after_content \t\tmain_content  wslu-style-1 wslu-share-box-shaped wslu-fill-colored wslu-none wslu-share-horizontal wslu-theme-font-no wslu-main_content\">\n\n\t\t\n        <ul>\n\t\t\t        <\/ul>\n    <\/div> \n","protected":false},"excerpt":{"rendered":"<p>CY789 visi\u00f3n nocturna 1080P Video grabadora 8 veces zoom \u00f3ptico Riflescope Monocular Wifi APP 400M Rango NV telescopio de alcance 940nm Especificaciones:Modelo: cy789Frecuencia de la montura: 30fps Pantalla: pantalla LCD de 3,1 pulgadas Modo V\u00eddeo: MP4 Potencia infrarroja: 5W Voltaje: 3,7 V Longitud de uso:&gt;10H Peso: 0,5 libras (y media) Peso del: lbs (todos) Tipo [&hellip;]<\/p>\n","protected":false},"featured_media":70073,"comment_status":"open","ping_status":"closed","template":"","meta":{"jetpack_publicize_message":"","jetpack_publicize_feature_enabled":true,"jetpack_social_post_already_shared":true,"jetpack_social_options":{"image_generator_settings":{"template":"highway","enabled":false},"version":2}},"product_brand":[],"product_cat":[15,1249],"product_tag":[],"class_list":{"0":"post-70072","1":"product","2":"type-product","3":"status-publish","4":"has-post-thumbnail","6":"product_cat-otros","7":"product_cat-binoculares","9":"first","10":"instock","11":"sale","12":"taxable","13":"shipping-taxable","14":"purchasable","15":"product-type-simple"},"jetpack_publicize_connections":[],"jetpack_sharing_enabled":true,"_links":{"self":[{"href":"https:\/\/bodegaoutdoor.cl\/store\/wp-json\/wp\/v2\/product\/70072","targetHints":{"allow":["GET"]}}],"collection":[{"href":"https:\/\/bodegaoutdoor.cl\/store\/wp-json\/wp\/v2\/product"}],"about":[{"href":"https:\/\/bodegaoutdoor.cl\/store\/wp-json\/wp\/v2\/types\/product"}],"replies":[{"embeddable":true,"href":"https:\/\/bodegaoutdoor.cl\/store\/wp-json\/wp\/v2\/comments?post=70072"}],"version-history":[{"count":27,"href":"https:\/\/bodegaoutdoor.cl\/store\/wp-json\/wp\/v2\/product\/70072\/revisions"}],"predecessor-version":[{"id":70128,"href":"https:\/\/bodegaoutdoor.cl\/store\/wp-json\/wp\/v2\/product\/70072\/revisions\/70128"}],"wp:featuredmedia":[{"embeddable":true,"href":"https:\/\/bodegaoutdoor.cl\/store\/wp-json\/wp\/v2\/media\/70073"}],"wp:attachment":[{"href":"https:\/\/bodegaoutdoor.cl\/store\/wp-json\/wp\/v2\/media?parent=70072"}],"wp:term":[{"taxonomy":"product_brand","embeddable":true,"href":"https:\/\/bodegaoutdoor.cl\/store\/wp-json\/wp\/v2\/product_brand?post=70072"},{"taxonomy":"product_cat","embeddable":true,"href":"https:\/\/bodegaoutdoor.cl\/store\/wp-json\/wp\/v2\/product_cat?post=70072"},{"taxonomy":"product_tag","embeddable":true,"href":"https:\/\/bodegaoutdoor.cl\/store\/wp-json\/wp\/v2\/product_tag?post=70072"}],"curies":[{"name":"wp","href":"https:\/\/api.w.org\/{rel}","templated":true}]}}