{"id":70141,"date":"2023-04-09T09:30:36","date_gmt":"2023-04-09T13:30:36","guid":{"rendered":"https:\/\/bodegaoutdoor.cl\/store\/product\/hombres-ciclismo-montar-bicicleta-dedo-completo-motos-guantes-de-carreras-pantalla-antideslizante-deportes-al-aire-libre-guantes-tacticos-militares-proteger-equipo\/"},"modified":"2023-05-04T19:18:30","modified_gmt":"2023-05-04T23:18:30","slug":"guantes-ciclismo-bicicleta-dedo-completo-antideslizante","status":"publish","type":"product","link":"https:\/\/bodegaoutdoor.cl\/store\/product\/guantes-ciclismo-bicicleta-dedo-completo-antideslizante\/","title":{"rendered":"Guantes Ciclismo  Bicicleta Dedo completo antideslizante"},"content":{"rendered":"<p style=\"text-align: center;\"><video style=\"max-width: 100%;\" src=\"\/\/video.aliexpress-media.com\/play\/u\/ae_sg_item\/17291128783\/p\/1\/e\/6\/t\/10301\/236958032558.mp4\" poster=\"https:\/\/ae01.alicdn.com\/kf\/Scca642466cf74c348c747f5baae1e348j\/Hombres-Ciclismo-Montar-Bicicleta-Dedo-completo-Motos-Guantes-de-carreras-Pantalla-antideslizante-Deportes-al-aire-libre.jpg,https:\/\/ae01.alicdn.com\/kf\/S8b6eabd26c2c412da1cdee8a3b7c85ef1\/Hombres-Ciclismo-Montar-Bicicleta-Dedo-completo-Motos-Guantes-de-carreras-Pantalla-antideslizante-Deportes-al-aire-libre.jpg,https:\/\/ae01.alicdn.com\/kf\/Scfef3c93e4584968b72f2b0a556682cdB\/Hombres-Ciclismo-Montar-Bicicleta-Dedo-completo-Motos-Guantes-de-carreras-Pantalla-antideslizante-Deportes-al-aire-libre.jpg,https:\/\/ae01.alicdn.com\/kf\/S3f81fc956ab943f28c8b59fd84d1f9921\/Hombres-Ciclismo-Montar-Bicicleta-Dedo-completo-Motos-Guantes-de-carreras-Pantalla-antideslizante-Deportes-al-aire-libre.jpg,https:\/\/ae01.alicdn.com\/kf\/S43b11afd3a2d4eb692f71e31a38ca585P\/Hombres-Ciclismo-Montar-Bicicleta-Dedo-completo-Motos-Guantes-de-carreras-Pantalla-antideslizante-Deportes-al-aire-libre.jpg,https:\/\/ae01.alicdn.com\/kf\/Sd90d30f530b14b50b08d5db3433fc603g\/Hombres-Ciclismo-Montar-Bicicleta-Dedo-completo-Motos-Guantes-de-carreras-Pantalla-antideslizante-Deportes-al-aire-libre.jpg\" preload=\"auto\" controls=\"controls\" width=\"100%\" height=\"100%\"><\/video><\/p>\n<div>\n<div>\n<div>\n<p style=\"font-family: OpenSans; font-size: 20px; font-weight: 900; line-height: 28px; margin-bottom: 12px;\">Guantes de ciclismo para hombre, guantes t\u00e1cticos de dedo completo para carreras de Motos, antideslizantes para pantalla t\u00e1ctil, para deportes al aire libre<\/p>\n<\/div>\n<div><img decoding=\"async\" style=\"margin-bottom: 10px;\" title=\"Hombres Ciclismo Montar Bicicleta Dedo completo Motos Guantes de carreras Pantalla antideslizante Deportes al aire libre Guantes t\u00e1cticos militares Proteger equipo\" src=\"https:\/\/bodegaoutdoor.cl\/store\/wp-content\/uploads\/2023\/04\/70141-5y3sq6.jpg\" alt=\"Hombres Ciclismo Montar Bicicleta Dedo completo Motos Guantes de carreras Pantalla antideslizante Deportes al aire libre Guantes t\u00e1cticos militares Proteger equipo\" \/><\/div>\n<div>\n<p style=\"font-family: OpenSans; font-size: 20px; font-weight: 900; line-height: 28px; margin-bottom: 12px;\">Detalles del producto<\/p>\n<\/div>\n<div>\n<p style=\"font-family: OpenSans; font-size: 14px; font-weight: 300; line-height: 20px; margin-bottom: 12px;\">Nombre del art\u00edculo: guantes de ciclismo<br \/>\nN\u00famero de modelo: HG012<br \/>\nG\u00e9nero: hombre<br \/>\nMaterial: nailon, poli\u00e9ster, microfibra<br \/>\nTipo: Dedo completo<br \/>\nTama\u00f1o: S \/ M \/ L \/ XL<br \/>\nColor: caqui\/Negro\/Verde\/camuflaje\/CP\/camuflaje de La Selva<br \/>\nTemporada: primavera\/Oto\u00f1o\/Invierno<br \/>\nLugar de origen: China (continental)<br \/>\nCaracter\u00edsticas: pantalla t\u00e1ctil, mantiene el calor, resistente al agua, resistente al viento, resistente al desgaste, resistente a los ara\u00f1azos, antideslizante<br \/>\nAdecuado para: motocicleta\/ciclismo\/equitaci\u00f3n\/senderismo\/Camping\/caza\/entrenamiento\/t\u00e1ctico<br \/>\nEl paquete incluye: \u00a1solo un par de guantes!<\/p>\n<\/div>\n<div>\n<p style=\"font-family: OpenSans; font-size: 20px; font-weight: 900; line-height: 28px; margin-bottom: 12px;\">Muestra del producto<\/p>\n<\/div>\n<div><img decoding=\"async\" title=\"Hombres Ciclismo Montar Bicicleta Dedo completo Motos Guantes de carreras Pantalla antideslizante Deportes al aire libre Guantes t\u00e1cticos militares Proteger equipo\" src=\"https:\/\/bodegaoutdoor.cl\/store\/wp-content\/uploads\/2023\/04\/70141-xclmgd.jpg\" alt=\"Hombres Ciclismo Montar Bicicleta Dedo completo Motos Guantes de carreras Pantalla antideslizante Deportes al aire libre Guantes t\u00e1cticos militares Proteger equipo\" \/><\/div>\n<div><img decoding=\"async\" title=\"Hombres Ciclismo Montar Bicicleta Dedo completo Motos Guantes de carreras Pantalla antideslizante Deportes al aire libre Guantes t\u00e1cticos militares Proteger equipo\" src=\"https:\/\/bodegaoutdoor.cl\/store\/wp-content\/uploads\/2023\/04\/70141-regbn9.jpg\" alt=\"Hombres Ciclismo Montar Bicicleta Dedo completo Motos Guantes de carreras Pantalla antideslizante Deportes al aire libre Guantes t\u00e1cticos militares Proteger equipo\" \/><\/div>\n<div><img decoding=\"async\" title=\"Hombres Ciclismo Montar Bicicleta Dedo completo Motos Guantes de carreras Pantalla antideslizante Deportes al aire libre Guantes t\u00e1cticos militares Proteger equipo\" src=\"https:\/\/bodegaoutdoor.cl\/store\/wp-content\/uploads\/2023\/04\/70141-v6k553.jpg\" alt=\"Hombres Ciclismo Montar Bicicleta Dedo completo Motos Guantes de carreras Pantalla antideslizante Deportes al aire libre Guantes t\u00e1cticos militares Proteger equipo\" \/><\/div>\n<div><img decoding=\"async\" title=\"Hombres Ciclismo Montar Bicicleta Dedo completo Motos Guantes de carreras Pantalla antideslizante Deportes al aire libre Guantes t\u00e1cticos militares Proteger equipo\" src=\"https:\/\/bodegaoutdoor.cl\/store\/wp-content\/uploads\/2023\/04\/70141-e9meox.jpg\" alt=\"Hombres Ciclismo Montar Bicicleta Dedo completo Motos Guantes de carreras Pantalla antideslizante Deportes al aire libre Guantes t\u00e1cticos militares Proteger equipo\" \/><\/div>\n<div><img decoding=\"async\" title=\"Hombres Ciclismo Montar Bicicleta Dedo completo Motos Guantes de carreras Pantalla antideslizante Deportes al aire libre Guantes t\u00e1cticos militares Proteger equipo\" src=\"https:\/\/bodegaoutdoor.cl\/store\/wp-content\/uploads\/2023\/04\/70141-bm0qh8.jpg\" alt=\"Hombres Ciclismo Montar Bicicleta Dedo completo Motos Guantes de carreras Pantalla antideslizante Deportes al aire libre Guantes t\u00e1cticos militares Proteger equipo\" \/><\/div>\n<div><img decoding=\"async\" title=\"Hombres Ciclismo Montar Bicicleta Dedo completo Motos Guantes de carreras Pantalla antideslizante Deportes al aire libre Guantes t\u00e1cticos militares Proteger equipo\" src=\"https:\/\/bodegaoutdoor.cl\/store\/wp-content\/uploads\/2023\/04\/70141-4uuzql.jpg\" alt=\"Hombres Ciclismo Montar Bicicleta Dedo completo Motos Guantes de carreras Pantalla antideslizante Deportes al aire libre Guantes t\u00e1cticos militares Proteger equipo\" \/><\/div>\n<div><img decoding=\"async\" title=\"Hombres Ciclismo Montar Bicicleta Dedo completo Motos Guantes de carreras Pantalla antideslizante Deportes al aire libre Guantes t\u00e1cticos militares Proteger equipo\" src=\"https:\/\/bodegaoutdoor.cl\/store\/wp-content\/uploads\/2023\/04\/70141-4n5fh8.jpg\" alt=\"Hombres Ciclismo Montar Bicicleta Dedo completo Motos Guantes de carreras Pantalla antideslizante Deportes al aire libre Guantes t\u00e1cticos militares Proteger equipo\" \/><\/div>\n<div><img decoding=\"async\" title=\"Hombres Ciclismo Montar Bicicleta Dedo completo Motos Guantes de carreras Pantalla antideslizante Deportes al aire libre Guantes t\u00e1cticos militares Proteger equipo\" src=\"https:\/\/bodegaoutdoor.cl\/store\/wp-content\/uploads\/2023\/04\/70141-atm6wm.jpg\" alt=\"Hombres Ciclismo Montar Bicicleta Dedo completo Motos Guantes de carreras Pantalla antideslizante Deportes al aire libre Guantes t\u00e1cticos militares Proteger equipo\" \/><\/div>\n<div><img decoding=\"async\" title=\"Hombres Ciclismo Montar Bicicleta Dedo completo Motos Guantes de carreras Pantalla antideslizante Deportes al aire libre Guantes t\u00e1cticos militares Proteger equipo\" src=\"https:\/\/bodegaoutdoor.cl\/store\/wp-content\/uploads\/2023\/04\/70141-swbnsi.jpg\" alt=\"Hombres Ciclismo Montar Bicicleta Dedo completo Motos Guantes de carreras Pantalla antideslizante Deportes al aire libre Guantes t\u00e1cticos militares Proteger equipo\" \/><img decoding=\"async\" title=\"Hombres Ciclismo Montar Bicicleta Dedo completo Motos Guantes de carreras Pantalla antideslizante Deportes al aire libre Guantes t\u00e1cticos militares Proteger equipo\" src=\"https:\/\/bodegaoutdoor.cl\/store\/wp-content\/uploads\/2023\/04\/70141-vfhptn.jpg\" alt=\"Hombres Ciclismo Montar Bicicleta Dedo completo Motos Guantes de carreras Pantalla antideslizante Deportes al aire libre Guantes t\u00e1cticos militares Proteger equipo\" \/><\/div>\n<div><img decoding=\"async\" title=\"Hombres Ciclismo Montar Bicicleta Dedo completo Motos Guantes de carreras Pantalla antideslizante Deportes al aire libre Guantes t\u00e1cticos militares Proteger equipo\" src=\"https:\/\/bodegaoutdoor.cl\/store\/wp-content\/uploads\/2023\/04\/70141-g9hchp.jpg\" alt=\"Hombres Ciclismo Montar Bicicleta Dedo completo Motos Guantes de carreras Pantalla antideslizante Deportes al aire libre Guantes t\u00e1cticos militares Proteger equipo\" \/><\/div>\n<div><img decoding=\"async\" title=\"Hombres Ciclismo Montar Bicicleta Dedo completo Motos Guantes de carreras Pantalla antideslizante Deportes al aire libre Guantes t\u00e1cticos militares Proteger equipo\" src=\"https:\/\/bodegaoutdoor.cl\/store\/wp-content\/uploads\/2023\/04\/70141-szv6ty.jpg\" alt=\"Hombres Ciclismo Montar Bicicleta Dedo completo Motos Guantes de carreras Pantalla antideslizante Deportes al aire libre Guantes t\u00e1cticos militares Proteger equipo\" \/><img decoding=\"async\" title=\"Hombres Ciclismo Montar Bicicleta Dedo completo Motos Guantes de carreras Pantalla antideslizante Deportes al aire libre Guantes t\u00e1cticos militares Proteger equipo\" src=\"https:\/\/bodegaoutdoor.cl\/store\/wp-content\/uploads\/2023\/04\/70141-8expmx.jpg\" alt=\"Hombres Ciclismo Montar Bicicleta Dedo completo Motos Guantes de carreras Pantalla antideslizante Deportes al aire libre Guantes t\u00e1cticos militares Proteger equipo\" \/><img decoding=\"async\" title=\"Hombres Ciclismo Montar Bicicleta Dedo completo Motos Guantes de carreras Pantalla antideslizante Deportes al aire libre Guantes t\u00e1cticos militares Proteger equipo\" src=\"https:\/\/bodegaoutdoor.cl\/store\/wp-content\/uploads\/2023\/04\/70141-g161l5.jpg\" alt=\"Hombres Ciclismo Montar Bicicleta Dedo completo Motos Guantes de carreras Pantalla antideslizante Deportes al aire libre Guantes t\u00e1cticos militares Proteger equipo\" \/><\/div>\n<p>&nbsp;<\/p>\n<\/div>\n<\/div>\n\n    <div class=\"xs_social_share_widget xs_share_url after_content \t\tmain_content  wslu-style-1 wslu-share-box-shaped wslu-fill-colored wslu-none wslu-share-horizontal wslu-theme-font-no wslu-main_content\">\n\n\t\t\n        <ul>\n\t\t\t        <\/ul>\n    <\/div> \n","protected":false},"excerpt":{"rendered":"<p>Guantes de ciclismo para hombre, guantes t\u00e1cticos de dedo completo para carreras de Motos, antideslizantes para pantalla t\u00e1ctil, para deportes al aire libre Detalles del producto Nombre del art\u00edculo: guantes de ciclismo N\u00famero de modelo: HG012 G\u00e9nero: hombre Material: nailon, poli\u00e9ster, microfibra Tipo: Dedo completo Tama\u00f1o: S \/ M \/ L \/ XL Color: caqui\/Negro\/Verde\/camuflaje\/CP\/camuflaje [&hellip;]<\/p>\n","protected":false},"featured_media":70158,"comment_status":"open","ping_status":"closed","template":"","meta":{"jetpack_publicize_message":"","jetpack_publicize_feature_enabled":true,"jetpack_social_post_already_shared":true,"jetpack_social_options":{"image_generator_settings":{"template":"highway","enabled":false},"version":2}},"product_brand":[],"product_cat":[490],"product_tag":[],"class_list":{"0":"post-70141","1":"product","2":"type-product","3":"status-publish","4":"has-post-thumbnail","6":"product_cat-guantes","8":"first","9":"instock","10":"sale","11":"taxable","12":"shipping-taxable","13":"purchasable","14":"product-type-variable"},"jetpack_publicize_connections":[],"jetpack_sharing_enabled":true,"_links":{"self":[{"href":"https:\/\/bodegaoutdoor.cl\/store\/wp-json\/wp\/v2\/product\/70141","targetHints":{"allow":["GET"]}}],"collection":[{"href":"https:\/\/bodegaoutdoor.cl\/store\/wp-json\/wp\/v2\/product"}],"about":[{"href":"https:\/\/bodegaoutdoor.cl\/store\/wp-json\/wp\/v2\/types\/product"}],"replies":[{"embeddable":true,"href":"https:\/\/bodegaoutdoor.cl\/store\/wp-json\/wp\/v2\/comments?post=70141"}],"version-history":[{"count":18,"href":"https:\/\/bodegaoutdoor.cl\/store\/wp-json\/wp\/v2\/product\/70141\/revisions"}],"predecessor-version":[{"id":70548,"href":"https:\/\/bodegaoutdoor.cl\/store\/wp-json\/wp\/v2\/product\/70141\/revisions\/70548"}],"wp:featuredmedia":[{"embeddable":true,"href":"https:\/\/bodegaoutdoor.cl\/store\/wp-json\/wp\/v2\/media\/70158"}],"wp:attachment":[{"href":"https:\/\/bodegaoutdoor.cl\/store\/wp-json\/wp\/v2\/media?parent=70141"}],"wp:term":[{"taxonomy":"product_brand","embeddable":true,"href":"https:\/\/bodegaoutdoor.cl\/store\/wp-json\/wp\/v2\/product_brand?post=70141"},{"taxonomy":"product_cat","embeddable":true,"href":"https:\/\/bodegaoutdoor.cl\/store\/wp-json\/wp\/v2\/product_cat?post=70141"},{"taxonomy":"product_tag","embeddable":true,"href":"https:\/\/bodegaoutdoor.cl\/store\/wp-json\/wp\/v2\/product_tag?post=70141"}],"curies":[{"name":"wp","href":"https:\/\/api.w.org\/{rel}","templated":true}]}}