{"id":70222,"date":"2023-04-09T09:57:10","date_gmt":"2023-04-09T13:57:10","guid":{"rendered":"https:\/\/bodegaoutdoor.cl\/store\/product\/shimano-gafas-polarizadas-deportivas-de-camuflaje-para-hombre-y-mujer-lentes-para-deportes-de-campo-traviesa-senderismo-pesca\/"},"modified":"2023-05-04T19:18:30","modified_gmt":"2023-05-04T23:18:30","slug":"shimano-gafas-polarizadas-deportivas-de-camuflaje-para-deportes-senderismo-pesca","status":"publish","type":"product","link":"https:\/\/bodegaoutdoor.cl\/store\/product\/shimano-gafas-polarizadas-deportivas-de-camuflaje-para-deportes-senderismo-pesca\/","title":{"rendered":"Shimano-Gafas polarizadas deportivas de camuflaje para deportes , senderismo, pesca"},"content":{"rendered":"<p style=\"text-align: center;\"><video style=\"max-width: 100%;\" src=\"\/\/video.aliexpress-media.com\/play\/u\/ae_sg_item\/2214729797093\/p\/1\/e\/6\/t\/10301\/1100114677216.mp4\" poster=\"https:\/\/ae01.alicdn.com\/kf\/S5f92c1771c4a430abf7bdcb247bee13au\/Shimano-gafas-polarizadas-deportivas-de-camuflaje-para-hombre-y-mujer-lentes-para-deportes-de-campo-traviesa.png,https:\/\/ae01.alicdn.com\/kf\/S205a834569f74ddd83349099037982828\/Shimano-gafas-polarizadas-deportivas-de-camuflaje-para-hombre-y-mujer-lentes-para-deportes-de-campo-traviesa.png,https:\/\/ae01.alicdn.com\/kf\/Sa6e07beffc3a4f80af4b2e81d98d1b29y\/Shimano-gafas-polarizadas-deportivas-de-camuflaje-para-hombre-y-mujer-lentes-para-deportes-de-campo-traviesa.png,https:\/\/ae01.alicdn.com\/kf\/S7454d9c0c1464535b877107d919a4001V\/Shimano-gafas-polarizadas-deportivas-de-camuflaje-para-hombre-y-mujer-lentes-para-deportes-de-campo-traviesa.png,https:\/\/ae01.alicdn.com\/kf\/S5c380d3e2e9149b0a65aa1390bd42353m\/Shimano-gafas-polarizadas-deportivas-de-camuflaje-para-hombre-y-mujer-lentes-para-deportes-de-campo-traviesa.png,https:\/\/ae01.alicdn.com\/kf\/Sbc13fb31f1964645aeebab0bd38148342\/Shimano-gafas-polarizadas-deportivas-de-camuflaje-para-hombre-y-mujer-lentes-para-deportes-de-campo-traviesa.png\" preload=\"auto\" controls=\"controls\" width=\"100%\" height=\"100%\"><\/video><\/p>\n<div>\n<div>\n<p>&nbsp;<\/p>\n<p>\u2605\u2605\u2605Nombre de la marca: SHIMANO<\/p>\n<p>&nbsp;<\/p>\n<p>\u2605\u2605\u2605Caracter\u00edsticas: polarizado<\/p>\n<p>&nbsp;<\/p>\n<p>Dise\u00f1o ergon\u00f3mico profesional, c\u00f3modo de llevar. Ideal para motocicletas, ciclismo, ciclismo, senderismo, esqu\u00ed, pesca, golf, conducci\u00f3n, viajes, etc. Ligero y port\u00e1til, protege perfectamente tus ojos del viento, los rayos UV y el polvo.<\/p>\n<p>&nbsp;<\/p>\n<p>\u2605\u2605\u2605Descripci\u00f3n:<\/p>\n<p>&nbsp;<\/p>\n<p>Color: C1,C2,C3,C4<\/p>\n<p>Cristales: polarizados<\/p>\n<p>G\u00e9nero: hombre y mujer<\/p>\n<p>&nbsp;<\/p>\n<p>\u2605\u2605\u2605Paquete: 1 gafas<\/p>\n<p>&nbsp;<\/p>\n<p>\u2605\u2605\u2605Notas:<\/p>\n<p>1: revisaremos cada par de gafas antes del embalaje, puede estar seguro de comprar,<\/p>\n<p>2: para ahorrar costos de transporte, las gafas se empaquetan en paquetes normales (sin cajas); Para aquellos a los que les gusta usar cajas de gafas, \u00a1elija la opci\u00f3n de caja!<\/p>\n<p>3: debido a los diferentes lotes de producci\u00f3n, las gafas pueden ser ligeramente diferentes de las im\u00e1genes, \u00a1Gracias por su comprensi\u00f3n!<\/p>\n<p>&nbsp;<\/p>\n<p>&nbsp;<\/p>\n<p><img decoding=\"async\" title=\"Shimano-gafas polarizadas deportivas de camuflaje para hombre y mujer, lentes para deportes de campo traviesa, senderismo, pesca\" src=\"https:\/\/bodegaoutdoor.cl\/store\/wp-content\/uploads\/2023\/04\/70222-xglgxc.png\" alt=\"Shimano-gafas polarizadas deportivas de camuflaje para hombre y mujer, lentes para deportes de campo traviesa, senderismo, pesca\" \/><\/p>\n<p><img decoding=\"async\" title=\"Shimano-gafas polarizadas deportivas de camuflaje para hombre y mujer, lentes para deportes de campo traviesa, senderismo, pesca\" src=\"https:\/\/bodegaoutdoor.cl\/store\/wp-content\/uploads\/2023\/04\/70222-skgjj2.png\" alt=\"Shimano-gafas polarizadas deportivas de camuflaje para hombre y mujer, lentes para deportes de campo traviesa, senderismo, pesca\" \/><img decoding=\"async\" title=\"Shimano-gafas polarizadas deportivas de camuflaje para hombre y mujer, lentes para deportes de campo traviesa, senderismo, pesca\" src=\"https:\/\/bodegaoutdoor.cl\/store\/wp-content\/uploads\/2023\/04\/70222-vgut0f.png\" alt=\"Shimano-gafas polarizadas deportivas de camuflaje para hombre y mujer, lentes para deportes de campo traviesa, senderismo, pesca\" \/><img decoding=\"async\" title=\"Shimano-gafas polarizadas deportivas de camuflaje para hombre y mujer, lentes para deportes de campo traviesa, senderismo, pesca\" src=\"https:\/\/bodegaoutdoor.cl\/store\/wp-content\/uploads\/2023\/04\/70222-6smnaq.png\" alt=\"Shimano-gafas polarizadas deportivas de camuflaje para hombre y mujer, lentes para deportes de campo traviesa, senderismo, pesca\" \/><img decoding=\"async\" title=\"Shimano-gafas polarizadas deportivas de camuflaje para hombre y mujer, lentes para deportes de campo traviesa, senderismo, pesca\" src=\"https:\/\/bodegaoutdoor.cl\/store\/wp-content\/uploads\/2023\/04\/70222-j6wyca.jpg\" alt=\"Shimano-gafas polarizadas deportivas de camuflaje para hombre y mujer, lentes para deportes de campo traviesa, senderismo, pesca\" \/><img decoding=\"async\" title=\"Shimano-gafas polarizadas deportivas de camuflaje para hombre y mujer, lentes para deportes de campo traviesa, senderismo, pesca\" src=\"https:\/\/bodegaoutdoor.cl\/store\/wp-content\/uploads\/2023\/04\/70222-en4cau.png\" alt=\"Shimano-gafas polarizadas deportivas de camuflaje para hombre y mujer, lentes para deportes de campo traviesa, senderismo, pesca\" \/><img decoding=\"async\" title=\"Shimano-gafas polarizadas deportivas de camuflaje para hombre y mujer, lentes para deportes de campo traviesa, senderismo, pesca\" src=\"https:\/\/bodegaoutdoor.cl\/store\/wp-content\/uploads\/2023\/04\/70222-qzku5x.png\" alt=\"Shimano-gafas polarizadas deportivas de camuflaje para hombre y mujer, lentes para deportes de campo traviesa, senderismo, pesca\" \/><img decoding=\"async\" title=\"Shimano-gafas polarizadas deportivas de camuflaje para hombre y mujer, lentes para deportes de campo traviesa, senderismo, pesca\" src=\"https:\/\/bodegaoutdoor.cl\/store\/wp-content\/uploads\/2023\/04\/70222-tovuw2.png\" alt=\"Shimano-gafas polarizadas deportivas de camuflaje para hombre y mujer, lentes para deportes de campo traviesa, senderismo, pesca\" \/><img decoding=\"async\" title=\"Shimano-gafas polarizadas deportivas de camuflaje para hombre y mujer, lentes para deportes de campo traviesa, senderismo, pesca\" src=\"https:\/\/bodegaoutdoor.cl\/store\/wp-content\/uploads\/2023\/04\/70222-fynreq.png\" alt=\"Shimano-gafas polarizadas deportivas de camuflaje para hombre y mujer, lentes para deportes de campo traviesa, senderismo, pesca\" \/><img decoding=\"async\" title=\"Shimano-gafas polarizadas deportivas de camuflaje para hombre y mujer, lentes para deportes de campo traviesa, senderismo, pesca\" src=\"https:\/\/bodegaoutdoor.cl\/store\/wp-content\/uploads\/2023\/04\/70222-55hkdp.png\" alt=\"Shimano-gafas polarizadas deportivas de camuflaje para hombre y mujer, lentes para deportes de campo traviesa, senderismo, pesca\" \/><img decoding=\"async\" title=\"Shimano-gafas polarizadas deportivas de camuflaje para hombre y mujer, lentes para deportes de campo traviesa, senderismo, pesca\" src=\"https:\/\/bodegaoutdoor.cl\/store\/wp-content\/uploads\/2023\/04\/70222-lrxudr.png\" alt=\"Shimano-gafas polarizadas deportivas de camuflaje para hombre y mujer, lentes para deportes de campo traviesa, senderismo, pesca\" \/><img decoding=\"async\" title=\"Shimano-gafas polarizadas deportivas de camuflaje para hombre y mujer, lentes para deportes de campo traviesa, senderismo, pesca\" src=\"https:\/\/bodegaoutdoor.cl\/store\/wp-content\/uploads\/2023\/04\/70222-ebsm5q.png\" alt=\"Shimano-gafas polarizadas deportivas de camuflaje para hombre y mujer, lentes para deportes de campo traviesa, senderismo, pesca\" \/><img decoding=\"async\" title=\"Shimano-gafas polarizadas deportivas de camuflaje para hombre y mujer, lentes para deportes de campo traviesa, senderismo, pesca\" src=\"https:\/\/bodegaoutdoor.cl\/store\/wp-content\/uploads\/2023\/04\/70222-aqg6it.png\" alt=\"Shimano-gafas polarizadas deportivas de camuflaje para hombre y mujer, lentes para deportes de campo traviesa, senderismo, pesca\" \/><img decoding=\"async\" title=\"Shimano-gafas polarizadas deportivas de camuflaje para hombre y mujer, lentes para deportes de campo traviesa, senderismo, pesca\" src=\"https:\/\/bodegaoutdoor.cl\/store\/wp-content\/uploads\/2023\/04\/70222-qlkyus.png\" alt=\"Shimano-gafas polarizadas deportivas de camuflaje para hombre y mujer, lentes para deportes de campo traviesa, senderismo, pesca\" \/><img decoding=\"async\" title=\"Shimano-gafas polarizadas deportivas de camuflaje para hombre y mujer, lentes para deportes de campo traviesa, senderismo, pesca\" src=\"https:\/\/bodegaoutdoor.cl\/store\/wp-content\/uploads\/2023\/04\/70222-jnqs8y.jpg\" alt=\"Shimano-gafas polarizadas deportivas de camuflaje para hombre y mujer, lentes para deportes de campo traviesa, senderismo, pesca\" \/><img decoding=\"async\" title=\"Shimano-gafas polarizadas deportivas de camuflaje para hombre y mujer, lentes para deportes de campo traviesa, senderismo, pesca\" src=\"https:\/\/bodegaoutdoor.cl\/store\/wp-content\/uploads\/2023\/04\/70222-tkgqls.png\" alt=\"Shimano-gafas polarizadas deportivas de camuflaje para hombre y mujer, lentes para deportes de campo traviesa, senderismo, pesca\" \/><img decoding=\"async\" title=\"Shimano-gafas polarizadas deportivas de camuflaje para hombre y mujer, lentes para deportes de campo traviesa, senderismo, pesca\" src=\"https:\/\/bodegaoutdoor.cl\/store\/wp-content\/uploads\/2023\/04\/70222-rjh0br.png\" alt=\"Shimano-gafas polarizadas deportivas de camuflaje para hombre y mujer, lentes para deportes de campo traviesa, senderismo, pesca\" \/><img decoding=\"async\" title=\"Shimano-gafas polarizadas deportivas de camuflaje para hombre y mujer, lentes para deportes de campo traviesa, senderismo, pesca\" src=\"https:\/\/bodegaoutdoor.cl\/store\/wp-content\/uploads\/2023\/04\/70222-0dl35l.jpg\" alt=\"Shimano-gafas polarizadas deportivas de camuflaje para hombre y mujer, lentes para deportes de campo traviesa, senderismo, pesca\" \/><img decoding=\"async\" title=\"Shimano-gafas polarizadas deportivas de camuflaje para hombre y mujer, lentes para deportes de campo traviesa, senderismo, pesca\" src=\"https:\/\/bodegaoutdoor.cl\/store\/wp-content\/uploads\/2023\/04\/70222-yatkge.png\" alt=\"Shimano-gafas polarizadas deportivas de camuflaje para hombre y mujer, lentes para deportes de campo traviesa, senderismo, pesca\" \/><img decoding=\"async\" title=\"Shimano-gafas polarizadas deportivas de camuflaje para hombre y mujer, lentes para deportes de campo traviesa, senderismo, pesca\" src=\"https:\/\/bodegaoutdoor.cl\/store\/wp-content\/uploads\/2023\/04\/70222-5saavh.png\" alt=\"Shimano-gafas polarizadas deportivas de camuflaje para hombre y mujer, lentes para deportes de campo traviesa, senderismo, pesca\" \/><img decoding=\"async\" title=\"Shimano-gafas polarizadas deportivas de camuflaje para hombre y mujer, lentes para deportes de campo traviesa, senderismo, pesca\" src=\"https:\/\/bodegaoutdoor.cl\/store\/wp-content\/uploads\/2023\/04\/70222-e45lkp.jpg\" alt=\"Shimano-gafas polarizadas deportivas de camuflaje para hombre y mujer, lentes para deportes de campo traviesa, senderismo, pesca\" \/><img decoding=\"async\" title=\"Shimano-gafas polarizadas deportivas de camuflaje para hombre y mujer, lentes para deportes de campo traviesa, senderismo, pesca\" src=\"https:\/\/bodegaoutdoor.cl\/store\/wp-content\/uploads\/2023\/04\/70222-sbbwhb.png\" alt=\"Shimano-gafas polarizadas deportivas de camuflaje para hombre y mujer, lentes para deportes de campo traviesa, senderismo, pesca\" \/><img decoding=\"async\" title=\"Shimano-gafas polarizadas deportivas de camuflaje para hombre y mujer, lentes para deportes de campo traviesa, senderismo, pesca\" src=\"https:\/\/bodegaoutdoor.cl\/store\/wp-content\/uploads\/2023\/04\/70222-3wthjz.png\" alt=\"Shimano-gafas polarizadas deportivas de camuflaje para hombre y mujer, lentes para deportes de campo traviesa, senderismo, pesca\" \/><img decoding=\"async\" title=\"Shimano-gafas polarizadas deportivas de camuflaje para hombre y mujer, lentes para deportes de campo traviesa, senderismo, pesca\" src=\"https:\/\/bodegaoutdoor.cl\/store\/wp-content\/uploads\/2023\/04\/70222-aaevzp.jpg\" alt=\"Shimano-gafas polarizadas deportivas de camuflaje para hombre y mujer, lentes para deportes de campo traviesa, senderismo, pesca\" \/><img decoding=\"async\" title=\"Shimano-gafas polarizadas deportivas de camuflaje para hombre y mujer, lentes para deportes de campo traviesa, senderismo, pesca\" src=\"https:\/\/bodegaoutdoor.cl\/store\/wp-content\/uploads\/2023\/04\/70222-f9xrxv.png\" alt=\"Shimano-gafas polarizadas deportivas de camuflaje para hombre y mujer, lentes para deportes de campo traviesa, senderismo, pesca\" \/><img decoding=\"async\" title=\"Shimano-gafas polarizadas deportivas de camuflaje para hombre y mujer, lentes para deportes de campo traviesa, senderismo, pesca\" src=\"https:\/\/bodegaoutdoor.cl\/store\/wp-content\/uploads\/2023\/04\/70222-qmryjc.png\" alt=\"Shimano-gafas polarizadas deportivas de camuflaje para hombre y mujer, lentes para deportes de campo traviesa, senderismo, pesca\" \/><\/p>\n<\/div>\n<\/div>\n\n    <div class=\"xs_social_share_widget xs_share_url after_content \t\tmain_content  wslu-style-1 wslu-share-box-shaped wslu-fill-colored wslu-none wslu-share-horizontal wslu-theme-font-no wslu-main_content\">\n\n\t\t\n        <ul>\n\t\t\t        <\/ul>\n    <\/div> \n","protected":false},"excerpt":{"rendered":"<p>&nbsp; \u2605\u2605\u2605Nombre de la marca: SHIMANO &nbsp; \u2605\u2605\u2605Caracter\u00edsticas: polarizado &nbsp; Dise\u00f1o ergon\u00f3mico profesional, c\u00f3modo de llevar. Ideal para motocicletas, ciclismo, ciclismo, senderismo, esqu\u00ed, pesca, golf, conducci\u00f3n, viajes, etc. Ligero y port\u00e1til, protege perfectamente tus ojos del viento, los rayos UV y el polvo. &nbsp; \u2605\u2605\u2605Descripci\u00f3n: &nbsp; Color: C1,C2,C3,C4 Cristales: polarizados G\u00e9nero: hombre y mujer &nbsp; [&hellip;]<\/p>\n","protected":false},"featured_media":70342,"comment_status":"open","ping_status":"closed","template":"","meta":{"jetpack_publicize_message":"","jetpack_publicize_feature_enabled":true,"jetpack_social_post_already_shared":true,"jetpack_social_options":{"image_generator_settings":{"template":"highway","enabled":false},"version":2}},"product_brand":[],"product_cat":[38],"product_tag":[2194,481],"class_list":{"0":"post-70222","1":"product","2":"type-product","3":"status-publish","4":"has-post-thumbnail","6":"product_cat-lentes","7":"product_tag-gafas","8":"product_tag-outdoor","10":"first","11":"instock","12":"sale","13":"taxable","14":"shipping-taxable","15":"purchasable","16":"product-type-variable"},"jetpack_publicize_connections":[],"jetpack_sharing_enabled":true,"_links":{"self":[{"href":"https:\/\/bodegaoutdoor.cl\/store\/wp-json\/wp\/v2\/product\/70222","targetHints":{"allow":["GET"]}}],"collection":[{"href":"https:\/\/bodegaoutdoor.cl\/store\/wp-json\/wp\/v2\/product"}],"about":[{"href":"https:\/\/bodegaoutdoor.cl\/store\/wp-json\/wp\/v2\/types\/product"}],"replies":[{"embeddable":true,"href":"https:\/\/bodegaoutdoor.cl\/store\/wp-json\/wp\/v2\/comments?post=70222"}],"version-history":[{"count":29,"href":"https:\/\/bodegaoutdoor.cl\/store\/wp-json\/wp\/v2\/product\/70222\/revisions"}],"predecessor-version":[{"id":70546,"href":"https:\/\/bodegaoutdoor.cl\/store\/wp-json\/wp\/v2\/product\/70222\/revisions\/70546"}],"wp:featuredmedia":[{"embeddable":true,"href":"https:\/\/bodegaoutdoor.cl\/store\/wp-json\/wp\/v2\/media\/70342"}],"wp:attachment":[{"href":"https:\/\/bodegaoutdoor.cl\/store\/wp-json\/wp\/v2\/media?parent=70222"}],"wp:term":[{"taxonomy":"product_brand","embeddable":true,"href":"https:\/\/bodegaoutdoor.cl\/store\/wp-json\/wp\/v2\/product_brand?post=70222"},{"taxonomy":"product_cat","embeddable":true,"href":"https:\/\/bodegaoutdoor.cl\/store\/wp-json\/wp\/v2\/product_cat?post=70222"},{"taxonomy":"product_tag","embeddable":true,"href":"https:\/\/bodegaoutdoor.cl\/store\/wp-json\/wp\/v2\/product_tag?post=70222"}],"curies":[{"name":"wp","href":"https:\/\/api.w.org\/{rel}","templated":true}]}}