{"id":70787,"date":"2023-05-03T18:14:10","date_gmt":"2023-05-03T22:14:10","guid":{"rendered":"https:\/\/bodegaoutdoor.cl\/store\/product\/bassdash-botas-para-hombre-botas-de-alta-resistencia-de-nailon-pvc-negro-a-cuadros-pesca-caza-pecho-talla-grande\/"},"modified":"2023-05-04T19:18:29","modified_gmt":"2023-05-04T23:18:29","slug":"waders-ultra-alta-resistencia-pvc-negro-pesca-caza-pecho-talla-grande","status":"publish","type":"product","link":"https:\/\/bodegaoutdoor.cl\/store\/product\/waders-ultra-alta-resistencia-pvc-negro-pesca-caza-pecho-talla-grande\/","title":{"rendered":"\u00a0Waders Ultra alta resistencia  PVC, negro, pesca, caza, pecho, talla grande"},"content":{"rendered":"<div>\n<div>\n<div><\/div>\n<div>\n<div>\n<div><span style=\"font-size: 12px; font-family: verdana, geneva, sans-serif;\">\u00a0Waders Ultra alta resistencia negro TELA ESCOCESA Nylon PVC pesca pecho de caza Waders tama\u00f1o grande<\/span><\/div>\n<div>\n<div>\n<p><span style=\"font-size: 16px; font-family: verdana, geneva, sans-serif;\"><strong>Descripci\u00f3n:<\/strong><\/span><\/p>\n<p>&nbsp;<\/p>\n<p><span style=\"font-size: 14px; font-family: verdana, geneva, sans-serif;\">Modelo resistente construido con tela de nailon de 600 denier, la capa exterior resiste las espinas y la abrasi\u00f3n, mientras que el revestimiento interior de PVC garantiza que se mantengan 100% herm\u00e9ticos<\/span><\/p>\n<p>&nbsp;<\/p>\n<p><span style=\"font-size: 14px; font-family: verdana, geneva, sans-serif;\">TELA ESCOCESA flexible, de alta resistencia y m\u00e1s resistente a la humedad cuya durabilidad se ha mejorado notablemente que la de las waders de PVC comunes; Para mayor resistencia, las costuras est\u00e1n doblemente cosidas y selladas con calor en el interior; Para usuarios pesados que usan waders todos los d\u00edas y lo pierden en una temporada, Este modelo con excelente durabilidad es altamente recomendado incluso a expensas de &#8220;sin congesti\u00f3n&#8221;<\/span><\/p>\n<p>&nbsp;<\/p>\n<p><span style=\"font-size: 14px; font-family: verdana, geneva, sans-serif;\">El forro de malla evita la adherencia del revestimiento interior de PVC y facilita la extracci\u00f3n del wader<\/span><\/p>\n<p>&nbsp;<\/p>\n<p><span style=\"font-size: 14px; font-family: verdana, geneva, sans-serif;\">El corte tridimensional facilita la flexi\u00f3n de la rodilla, mientras tanto las costuras de la pierna delantera permiten una movilidad sin precedentes y eliminan las costuras en las zonas de desgaste internas cr\u00edticas de las piernas<\/span><\/p>\n<p>&nbsp;<\/p>\n<p><span style=\"font-size: 14px; font-family: verdana, geneva, sans-serif;\">Otras caracter\u00edsticas incluyen tirantes el\u00e1sticos ajustables para m\u00e1xima comodidad; Cintur\u00f3n ajustable de 1,5 pulgadas de ancho con hebilla de liberaci\u00f3n r\u00e1pida; Accesorios de engranaje de anillo D en las pesta\u00f1as de la cintura; Bolsillo de almacenamiento en el pecho con cierre de cremallera impermeable YKK; El bolsillo Interior con cremallera en el pecho se abre para un f\u00e1cil acceso; Pies de bota de PVC de ingenier\u00eda anat\u00f3mica con patr\u00f3n de banda de rodadura profunda para un m\u00e1ximo agarre y la suela dura protege sus pies si accidentalmente pise un afilado Objeto<\/span><\/p>\n<p>&nbsp;<\/p>\n<p><span style=\"font-size: 14px; font-family: verdana, geneva, sans-serif;\">Cada par de waders es un tanque probado para obtener el m\u00e1ximo rendimiento; Dise\u00f1ado no solo para protegerse del agua en el mar, en lagos, r\u00edos, marismas, sino tambi\u00e9n de arbustos de blackberry, rocas,. Y m\u00e1s<\/span><img decoding=\"async\" title=\"Bassdash-botas para hombre, botas de alta resistencia, de nailon, PVC, negro, a cuadros, pesca, caza, pecho, talla grande\" src=\"https:\/\/bodegaoutdoor.cl\/store\/wp-content\/uploads\/2023\/05\/70787-x6w72b.jpg\" alt=\"Bassdash-botas para hombre, botas de alta resistencia, de nailon, PVC, negro, a cuadros, pesca, caza, pecho, talla grande\" \/><img decoding=\"async\" title=\"Bassdash-botas para hombre, botas de alta resistencia, de nailon, PVC, negro, a cuadros, pesca, caza, pecho, talla grande\" src=\"https:\/\/bodegaoutdoor.cl\/store\/wp-content\/uploads\/2023\/05\/70787-hlpjni.jpg\" alt=\"Bassdash-botas para hombre, botas de alta resistencia, de nailon, PVC, negro, a cuadros, pesca, caza, pecho, talla grande\" \/><img decoding=\"async\" title=\"Bassdash-botas para hombre, botas de alta resistencia, de nailon, PVC, negro, a cuadros, pesca, caza, pecho, talla grande\" src=\"https:\/\/bodegaoutdoor.cl\/store\/wp-content\/uploads\/2023\/05\/70787-ulm2u1.jpg\" alt=\"Bassdash-botas para hombre, botas de alta resistencia, de nailon, PVC, negro, a cuadros, pesca, caza, pecho, talla grande\" \/><img decoding=\"async\" title=\"Bassdash-botas para hombre, botas de alta resistencia, de nailon, PVC, negro, a cuadros, pesca, caza, pecho, talla grande\" src=\"https:\/\/bodegaoutdoor.cl\/store\/wp-content\/uploads\/2023\/05\/70787-rark2v.jpg\" alt=\"Bassdash-botas para hombre, botas de alta resistencia, de nailon, PVC, negro, a cuadros, pesca, caza, pecho, talla grande\" \/><img decoding=\"async\" title=\"Bassdash-botas para hombre, botas de alta resistencia, de nailon, PVC, negro, a cuadros, pesca, caza, pecho, talla grande\" src=\"https:\/\/bodegaoutdoor.cl\/store\/wp-content\/uploads\/2023\/05\/70787-iwrwcx.jpg\" alt=\"Bassdash-botas para hombre, botas de alta resistencia, de nailon, PVC, negro, a cuadros, pesca, caza, pecho, talla grande\" \/><img decoding=\"async\" title=\"Bassdash-botas para hombre, botas de alta resistencia, de nailon, PVC, negro, a cuadros, pesca, caza, pecho, talla grande\" src=\"https:\/\/bodegaoutdoor.cl\/store\/wp-content\/uploads\/2023\/05\/70787-6qwd5k.jpg\" alt=\"Bassdash-botas para hombre, botas de alta resistencia, de nailon, PVC, negro, a cuadros, pesca, caza, pecho, talla grande\" \/><img decoding=\"async\" title=\"Bassdash-botas para hombre, botas de alta resistencia, de nailon, PVC, negro, a cuadros, pesca, caza, pecho, talla grande\" src=\"https:\/\/bodegaoutdoor.cl\/store\/wp-content\/uploads\/2023\/05\/70787-7hohls.jpg\" alt=\"Bassdash-botas para hombre, botas de alta resistencia, de nailon, PVC, negro, a cuadros, pesca, caza, pecho, talla grande\" \/><img decoding=\"async\" title=\"Bassdash-botas para hombre, botas de alta resistencia, de nailon, PVC, negro, a cuadros, pesca, caza, pecho, talla grande\" src=\"https:\/\/bodegaoutdoor.cl\/store\/wp-content\/uploads\/2023\/05\/70787-wt5a2c.jpg\" alt=\"Bassdash-botas para hombre, botas de alta resistencia, de nailon, PVC, negro, a cuadros, pesca, caza, pecho, talla grande\" \/><img decoding=\"async\" title=\"Bassdash-botas para hombre, botas de alta resistencia, de nailon, PVC, negro, a cuadros, pesca, caza, pecho, talla grande\" src=\"https:\/\/bodegaoutdoor.cl\/store\/wp-content\/uploads\/2023\/05\/70787-ef9zt1.jpg\" alt=\"Bassdash-botas para hombre, botas de alta resistencia, de nailon, PVC, negro, a cuadros, pesca, caza, pecho, talla grande\" \/><img decoding=\"async\" title=\"Bassdash-botas para hombre, botas de alta resistencia, de nailon, PVC, negro, a cuadros, pesca, caza, pecho, talla grande\" src=\"https:\/\/bodegaoutdoor.cl\/store\/wp-content\/uploads\/2023\/05\/70787-vvat3b.jpg\" alt=\"Bassdash-botas para hombre, botas de alta resistencia, de nailon, PVC, negro, a cuadros, pesca, caza, pecho, talla grande\" \/><\/p>\n<p>&nbsp;<\/p>\n<\/div>\n<\/div>\n<p>&nbsp;<\/p>\n<\/div>\n<\/div>\n<div><\/div>\n<p>&nbsp;<\/p>\n<\/div>\n<\/div>\n\n    <div class=\"xs_social_share_widget xs_share_url after_content \t\tmain_content  wslu-style-1 wslu-share-box-shaped wslu-fill-colored wslu-none wslu-share-horizontal wslu-theme-font-no wslu-main_content\">\n\n\t\t\n        <ul>\n\t\t\t        <\/ul>\n    <\/div> \n","protected":false},"excerpt":{"rendered":"<p>\u00a0Waders Ultra alta resistencia negro TELA ESCOCESA Nylon PVC pesca pecho de caza Waders tama\u00f1o grande Descripci\u00f3n: &nbsp; Modelo resistente construido con tela de nailon de 600 denier, la capa exterior resiste las espinas y la abrasi\u00f3n, mientras que el revestimiento interior de PVC garantiza que se mantengan 100% herm\u00e9ticos &nbsp; TELA ESCOCESA flexible, de [&hellip;]<\/p>\n","protected":false},"featured_media":70805,"comment_status":"open","ping_status":"closed","template":"","meta":{"jetpack_publicize_message":"","jetpack_publicize_feature_enabled":true,"jetpack_social_post_already_shared":true,"jetpack_social_options":{"image_generator_settings":{"template":"highway","enabled":false},"version":2}},"product_brand":[],"product_cat":[937],"product_tag":[],"class_list":{"0":"post-70787","1":"product","2":"type-product","3":"status-publish","4":"has-post-thumbnail","6":"product_cat-waders-pesca","8":"first","9":"instock","10":"sale","11":"taxable","12":"shipping-taxable","13":"purchasable","14":"product-type-variable"},"jetpack_publicize_connections":[],"jetpack_sharing_enabled":true,"_links":{"self":[{"href":"https:\/\/bodegaoutdoor.cl\/store\/wp-json\/wp\/v2\/product\/70787","targetHints":{"allow":["GET"]}}],"collection":[{"href":"https:\/\/bodegaoutdoor.cl\/store\/wp-json\/wp\/v2\/product"}],"about":[{"href":"https:\/\/bodegaoutdoor.cl\/store\/wp-json\/wp\/v2\/types\/product"}],"replies":[{"embeddable":true,"href":"https:\/\/bodegaoutdoor.cl\/store\/wp-json\/wp\/v2\/comments?post=70787"}],"version-history":[{"count":13,"href":"https:\/\/bodegaoutdoor.cl\/store\/wp-json\/wp\/v2\/product\/70787\/revisions"}],"predecessor-version":[{"id":70838,"href":"https:\/\/bodegaoutdoor.cl\/store\/wp-json\/wp\/v2\/product\/70787\/revisions\/70838"}],"wp:featuredmedia":[{"embeddable":true,"href":"https:\/\/bodegaoutdoor.cl\/store\/wp-json\/wp\/v2\/media\/70805"}],"wp:attachment":[{"href":"https:\/\/bodegaoutdoor.cl\/store\/wp-json\/wp\/v2\/media?parent=70787"}],"wp:term":[{"taxonomy":"product_brand","embeddable":true,"href":"https:\/\/bodegaoutdoor.cl\/store\/wp-json\/wp\/v2\/product_brand?post=70787"},{"taxonomy":"product_cat","embeddable":true,"href":"https:\/\/bodegaoutdoor.cl\/store\/wp-json\/wp\/v2\/product_cat?post=70787"},{"taxonomy":"product_tag","embeddable":true,"href":"https:\/\/bodegaoutdoor.cl\/store\/wp-json\/wp\/v2\/product_tag?post=70787"}],"curies":[{"name":"wp","href":"https:\/\/api.w.org\/{rel}","templated":true}]}}