{"id":71762,"date":"2023-05-05T19:09:39","date_gmt":"2023-05-05T23:09:39","guid":{"rendered":"https:\/\/bodegaoutdoor.cl\/store\/product\/pasamontanas-tactico-para-airsoft-paintball-mascara-de-media-cara-para-caza-al-aire-libre-mascara-protectora-de-malla-metalica\/"},"modified":"2023-05-05T19:15:41","modified_gmt":"2023-05-05T23:15:41","slug":"pasamontanas-tactico-para-airsoft-paintball-mascara-de-media-cara-para-caza-al-aire-libre-mascara-protectora-de-malla-metalica","status":"publish","type":"product","link":"https:\/\/bodegaoutdoor.cl\/store\/product\/pasamontanas-tactico-para-airsoft-paintball-mascara-de-media-cara-para-caza-al-aire-libre-mascara-protectora-de-malla-metalica\/","title":{"rendered":"Pasamonta\u00f1as t\u00e1ctico para Airsoft Paintball, m\u00e1scara de media cara para caza al aire libre, M\u00e1scara protectora de malla met\u00e1lica"},"content":{"rendered":"<div><\/div>\n<div>\n<div>\n<div>\n<div>\n<div>\n<div>\n<div>\n<div>\n<div>\n<div>\n<div>\n<div>\n<div>\n<div>\n<div>\n<div>\n<div>\n<div>\n<div>\n<div>\n<div>\n<div>\n<div><\/div>\n<\/div>\n<\/div>\n<\/div>\n<\/div>\n<\/div>\n<\/div>\n<\/div>\n<\/div>\n<\/div>\n<\/div>\n<\/div>\n<\/div>\n<\/div>\n<\/div>\n<\/div>\n<\/div>\n<\/div>\n<\/div>\n<\/div>\n<\/div>\n<\/div>\n<div>\n<div><strong>Pasamonta\u00f1as t\u00e1ctico para la cabeza Airsoft Paintball M\u00e1scara de media cara Caza al aire libre M\u00e1scara protectora de malla met\u00e1lica Sombrero<\/strong><br \/>\n<span style=\"font-family: Comic Sans MS,cursive;\"><span style=\"font-size: 18px;\"><span style=\"font-family: Georgia,serif;\">Descripci\u00f3n:<br \/>\nNombre: m\u00e1scara t\u00e1ctica para la cabeza<br \/>\nMaterial: POLI\u00c9STER + malla de acero<br \/>\nTama\u00f1o: 27*32cm<br \/>\nColor: negro\/Verde\/bronceado<br \/>\nPeso: 90g<br \/>\nAplicable: Tiro de caza al aire libre\/juego de guerra CS\/deportes t\u00e1cticos militares airsoft.<\/span><\/span><\/span>Caracter\u00edsticas:<br \/>\n1. Malla protectora de acero. Transpirable y seguro.<br \/>\n2. Tejido de poli\u00e9ster ligero y transpirable.<br \/>\n3. Duradero y resistente al desgaste.<\/p>\n<p>El paquete incluye: 1 * m\u00e1scara t\u00e1ctica<\/p>\n<p style=\"text-align: left; margin: 0;\">\n<p>&nbsp;<\/p>\n<p style=\"text-align: left; margin: 0;\"><img decoding=\"async\" style=\"width: 800px;\" title=\"Pasamonta\u00f1as t\u00e1ctico para Airsoft Paintball, m\u00e1scara de media cara para caza al aire libre, M\u00e1scara protectora de malla met\u00e1lica\" src=\"https:\/\/bodegaoutdoor.cl\/store\/wp-content\/uploads\/2023\/05\/71762-cs0hrx.jpg\" alt=\"Pasamonta\u00f1as t\u00e1ctico para Airsoft Paintball, m\u00e1scara de media cara para caza al aire libre, M\u00e1scara protectora de malla met\u00e1lica\" \/><img decoding=\"async\" style=\"width: 800px;\" title=\"Pasamonta\u00f1as t\u00e1ctico para Airsoft Paintball, m\u00e1scara de media cara para caza al aire libre, M\u00e1scara protectora de malla met\u00e1lica\" src=\"https:\/\/bodegaoutdoor.cl\/store\/wp-content\/uploads\/2023\/05\/71762-v68mak.jpg\" alt=\"Pasamonta\u00f1as t\u00e1ctico para Airsoft Paintball, m\u00e1scara de media cara para caza al aire libre, M\u00e1scara protectora de malla met\u00e1lica\" \/><img decoding=\"async\" style=\"width: 800px;\" title=\"Pasamonta\u00f1as t\u00e1ctico para Airsoft Paintball, m\u00e1scara de media cara para caza al aire libre, M\u00e1scara protectora de malla met\u00e1lica\" src=\"https:\/\/bodegaoutdoor.cl\/store\/wp-content\/uploads\/2023\/05\/71762-rxadrc.jpg\" alt=\"Pasamonta\u00f1as t\u00e1ctico para Airsoft Paintball, m\u00e1scara de media cara para caza al aire libre, M\u00e1scara protectora de malla met\u00e1lica\" \/><img decoding=\"async\" style=\"width: 800px;\" title=\"Pasamonta\u00f1as t\u00e1ctico para Airsoft Paintball, m\u00e1scara de media cara para caza al aire libre, M\u00e1scara protectora de malla met\u00e1lica\" src=\"https:\/\/bodegaoutdoor.cl\/store\/wp-content\/uploads\/2023\/05\/71762-7fakwv.jpg\" alt=\"Pasamonta\u00f1as t\u00e1ctico para Airsoft Paintball, m\u00e1scara de media cara para caza al aire libre, M\u00e1scara protectora de malla met\u00e1lica\" \/><img decoding=\"async\" style=\"width: 800px;\" title=\"Pasamonta\u00f1as t\u00e1ctico para Airsoft Paintball, m\u00e1scara de media cara para caza al aire libre, M\u00e1scara protectora de malla met\u00e1lica\" src=\"https:\/\/bodegaoutdoor.cl\/store\/wp-content\/uploads\/2023\/05\/71762-76sgl6.jpg\" alt=\"Pasamonta\u00f1as t\u00e1ctico para Airsoft Paintball, m\u00e1scara de media cara para caza al aire libre, M\u00e1scara protectora de malla met\u00e1lica\" \/><img decoding=\"async\" style=\"width: 800px;\" title=\"Pasamonta\u00f1as t\u00e1ctico para Airsoft Paintball, m\u00e1scara de media cara para caza al aire libre, M\u00e1scara protectora de malla met\u00e1lica\" src=\"https:\/\/bodegaoutdoor.cl\/store\/wp-content\/uploads\/2023\/05\/71762-wqdmqk.jpg\" alt=\"Pasamonta\u00f1as t\u00e1ctico para Airsoft Paintball, m\u00e1scara de media cara para caza al aire libre, M\u00e1scara protectora de malla met\u00e1lica\" \/><img decoding=\"async\" style=\"width: 800px;\" title=\"Pasamonta\u00f1as t\u00e1ctico para Airsoft Paintball, m\u00e1scara de media cara para caza al aire libre, M\u00e1scara protectora de malla met\u00e1lica\" src=\"https:\/\/bodegaoutdoor.cl\/store\/wp-content\/uploads\/2023\/05\/71762-ggq5wx.jpg\" alt=\"Pasamonta\u00f1as t\u00e1ctico para Airsoft Paintball, m\u00e1scara de media cara para caza al aire libre, M\u00e1scara protectora de malla met\u00e1lica\" \/><img decoding=\"async\" style=\"width: 800px;\" title=\"Pasamonta\u00f1as t\u00e1ctico para Airsoft Paintball, m\u00e1scara de media cara para caza al aire libre, M\u00e1scara protectora de malla met\u00e1lica\" src=\"https:\/\/bodegaoutdoor.cl\/store\/wp-content\/uploads\/2023\/05\/71762-km2wrd.jpg\" alt=\"Pasamonta\u00f1as t\u00e1ctico para Airsoft Paintball, m\u00e1scara de media cara para caza al aire libre, M\u00e1scara protectora de malla met\u00e1lica\" \/><img decoding=\"async\" style=\"width: 800px;\" title=\"Pasamonta\u00f1as t\u00e1ctico para Airsoft Paintball, m\u00e1scara de media cara para caza al aire libre, M\u00e1scara protectora de malla met\u00e1lica\" src=\"https:\/\/bodegaoutdoor.cl\/store\/wp-content\/uploads\/2023\/05\/71762-q7plzr.jpg\" alt=\"Pasamonta\u00f1as t\u00e1ctico para Airsoft Paintball, m\u00e1scara de media cara para caza al aire libre, M\u00e1scara protectora de malla met\u00e1lica\" \/><img decoding=\"async\" style=\"width: 800px;\" title=\"Pasamonta\u00f1as t\u00e1ctico para Airsoft Paintball, m\u00e1scara de media cara para caza al aire libre, M\u00e1scara protectora de malla met\u00e1lica\" src=\"https:\/\/bodegaoutdoor.cl\/store\/wp-content\/uploads\/2023\/05\/71762-6wy00o.jpg\" alt=\"Pasamonta\u00f1as t\u00e1ctico para Airsoft Paintball, m\u00e1scara de media cara para caza al aire libre, M\u00e1scara protectora de malla met\u00e1lica\" \/><img decoding=\"async\" style=\"width: 800px;\" title=\"Pasamonta\u00f1as t\u00e1ctico para Airsoft Paintball, m\u00e1scara de media cara para caza al aire libre, M\u00e1scara protectora de malla met\u00e1lica\" src=\"https:\/\/bodegaoutdoor.cl\/store\/wp-content\/uploads\/2023\/05\/71762-awzwvi.jpg\" alt=\"Pasamonta\u00f1as t\u00e1ctico para Airsoft Paintball, m\u00e1scara de media cara para caza al aire libre, M\u00e1scara protectora de malla met\u00e1lica\" \/><img decoding=\"async\" style=\"width: 800px;\" title=\"Pasamonta\u00f1as t\u00e1ctico para Airsoft Paintball, m\u00e1scara de media cara para caza al aire libre, M\u00e1scara protectora de malla met\u00e1lica\" src=\"https:\/\/bodegaoutdoor.cl\/store\/wp-content\/uploads\/2023\/05\/71762-uv1jmy.jpg\" alt=\"Pasamonta\u00f1as t\u00e1ctico para Airsoft Paintball, m\u00e1scara de media cara para caza al aire libre, M\u00e1scara protectora de malla met\u00e1lica\" \/><img decoding=\"async\" style=\"width: 800px;\" title=\"Pasamonta\u00f1as t\u00e1ctico para Airsoft Paintball, m\u00e1scara de media cara para caza al aire libre, M\u00e1scara protectora de malla met\u00e1lica\" src=\"https:\/\/bodegaoutdoor.cl\/store\/wp-content\/uploads\/2023\/05\/71762-ikntoh.jpg\" alt=\"Pasamonta\u00f1as t\u00e1ctico para Airsoft Paintball, m\u00e1scara de media cara para caza al aire libre, M\u00e1scara protectora de malla met\u00e1lica\" \/><img decoding=\"async\" style=\"width: 800px;\" title=\"Pasamonta\u00f1as t\u00e1ctico para Airsoft Paintball, m\u00e1scara de media cara para caza al aire libre, M\u00e1scara protectora de malla met\u00e1lica\" src=\"https:\/\/bodegaoutdoor.cl\/store\/wp-content\/uploads\/2023\/05\/71762-3o7umm.jpg\" alt=\"Pasamonta\u00f1as t\u00e1ctico para Airsoft Paintball, m\u00e1scara de media cara para caza al aire libre, M\u00e1scara protectora de malla met\u00e1lica\" \/><img decoding=\"async\" style=\"width: 800px;\" title=\"Pasamonta\u00f1as t\u00e1ctico para Airsoft Paintball, m\u00e1scara de media cara para caza al aire libre, M\u00e1scara protectora de malla met\u00e1lica\" src=\"https:\/\/bodegaoutdoor.cl\/store\/wp-content\/uploads\/2023\/05\/71762-gibzgc.jpg\" alt=\"Pasamonta\u00f1as t\u00e1ctico para Airsoft Paintball, m\u00e1scara de media cara para caza al aire libre, M\u00e1scara protectora de malla met\u00e1lica\" \/><img decoding=\"async\" style=\"width: 800px;\" title=\"Pasamonta\u00f1as t\u00e1ctico para Airsoft Paintball, m\u00e1scara de media cara para caza al aire libre, M\u00e1scara protectora de malla met\u00e1lica\" src=\"https:\/\/bodegaoutdoor.cl\/store\/wp-content\/uploads\/2023\/05\/71762-nchp9p.jpg\" alt=\"Pasamonta\u00f1as t\u00e1ctico para Airsoft Paintball, m\u00e1scara de media cara para caza al aire libre, M\u00e1scara protectora de malla met\u00e1lica\" \/><img decoding=\"async\" style=\"width: 800px;\" title=\"Pasamonta\u00f1as t\u00e1ctico para Airsoft Paintball, m\u00e1scara de media cara para caza al aire libre, M\u00e1scara protectora de malla met\u00e1lica\" src=\"https:\/\/bodegaoutdoor.cl\/store\/wp-content\/uploads\/2023\/05\/71762-noeqay.jpg\" alt=\"Pasamonta\u00f1as t\u00e1ctico para Airsoft Paintball, m\u00e1scara de media cara para caza al aire libre, M\u00e1scara protectora de malla met\u00e1lica\" \/><img decoding=\"async\" style=\"width: 800px;\" title=\"Pasamonta\u00f1as t\u00e1ctico para Airsoft Paintball, m\u00e1scara de media cara para caza al aire libre, M\u00e1scara protectora de malla met\u00e1lica\" src=\"https:\/\/bodegaoutdoor.cl\/store\/wp-content\/uploads\/2023\/05\/71762-rqqnut.jpg\" alt=\"Pasamonta\u00f1as t\u00e1ctico para Airsoft Paintball, m\u00e1scara de media cara para caza al aire libre, M\u00e1scara protectora de malla met\u00e1lica\" \/><img decoding=\"async\" style=\"width: 800px;\" title=\"Pasamonta\u00f1as t\u00e1ctico para Airsoft Paintball, m\u00e1scara de media cara para caza al aire libre, M\u00e1scara protectora de malla met\u00e1lica\" src=\"https:\/\/bodegaoutdoor.cl\/store\/wp-content\/uploads\/2023\/05\/71762-c7xvc5.jpg\" alt=\"Pasamonta\u00f1as t\u00e1ctico para Airsoft Paintball, m\u00e1scara de media cara para caza al aire libre, M\u00e1scara protectora de malla met\u00e1lica\" \/><img decoding=\"async\" style=\"width: 800px;\" title=\"Pasamonta\u00f1as t\u00e1ctico para Airsoft Paintball, m\u00e1scara de media cara para caza al aire libre, M\u00e1scara protectora de malla met\u00e1lica\" src=\"https:\/\/bodegaoutdoor.cl\/store\/wp-content\/uploads\/2023\/05\/71762-502kmr.jpg\" alt=\"Pasamonta\u00f1as t\u00e1ctico para Airsoft Paintball, m\u00e1scara de media cara para caza al aire libre, M\u00e1scara protectora de malla met\u00e1lica\" \/><img decoding=\"async\" style=\"width: 800px;\" title=\"Pasamonta\u00f1as t\u00e1ctico para Airsoft Paintball, m\u00e1scara de media cara para caza al aire libre, M\u00e1scara protectora de malla met\u00e1lica\" src=\"https:\/\/bodegaoutdoor.cl\/store\/wp-content\/uploads\/2023\/05\/71762-kg4gx7.jpg\" alt=\"Pasamonta\u00f1as t\u00e1ctico para Airsoft Paintball, m\u00e1scara de media cara para caza al aire libre, M\u00e1scara protectora de malla met\u00e1lica\" \/><img decoding=\"async\" style=\"width: 800px;\" title=\"Pasamonta\u00f1as t\u00e1ctico para Airsoft Paintball, m\u00e1scara de media cara para caza al aire libre, M\u00e1scara protectora de malla met\u00e1lica\" src=\"https:\/\/bodegaoutdoor.cl\/store\/wp-content\/uploads\/2023\/05\/71762-btv9ml.jpg\" alt=\"Pasamonta\u00f1as t\u00e1ctico para Airsoft Paintball, m\u00e1scara de media cara para caza al aire libre, M\u00e1scara protectora de malla met\u00e1lica\" \/><img decoding=\"async\" style=\"width: 800px;\" title=\"Pasamonta\u00f1as t\u00e1ctico para Airsoft Paintball, m\u00e1scara de media cara para caza al aire libre, M\u00e1scara protectora de malla met\u00e1lica\" src=\"https:\/\/bodegaoutdoor.cl\/store\/wp-content\/uploads\/2023\/05\/71762-10jxm4.jpg\" alt=\"Pasamonta\u00f1as t\u00e1ctico para Airsoft Paintball, m\u00e1scara de media cara para caza al aire libre, M\u00e1scara protectora de malla met\u00e1lica\" \/><img decoding=\"async\" style=\"width: 800px;\" title=\"Pasamonta\u00f1as t\u00e1ctico para Airsoft Paintball, m\u00e1scara de media cara para caza al aire libre, M\u00e1scara protectora de malla met\u00e1lica\" src=\"https:\/\/bodegaoutdoor.cl\/store\/wp-content\/uploads\/2023\/05\/71762-jiq4gq.jpg\" alt=\"Pasamonta\u00f1as t\u00e1ctico para Airsoft Paintball, m\u00e1scara de media cara para caza al aire libre, M\u00e1scara protectora de malla met\u00e1lica\" \/><img decoding=\"async\" style=\"width: 800px;\" title=\"Pasamonta\u00f1as t\u00e1ctico para Airsoft Paintball, m\u00e1scara de media cara para caza al aire libre, M\u00e1scara protectora de malla met\u00e1lica\" src=\"https:\/\/bodegaoutdoor.cl\/store\/wp-content\/uploads\/2023\/05\/71762-avwfa3.jpg\" alt=\"Pasamonta\u00f1as t\u00e1ctico para Airsoft Paintball, m\u00e1scara de media cara para caza al aire libre, M\u00e1scara protectora de malla met\u00e1lica\" \/><img decoding=\"async\" style=\"width: 800px;\" title=\"Pasamonta\u00f1as t\u00e1ctico para Airsoft Paintball, m\u00e1scara de media cara para caza al aire libre, M\u00e1scara protectora de malla met\u00e1lica\" src=\"https:\/\/bodegaoutdoor.cl\/store\/wp-content\/uploads\/2023\/05\/71762-qv6ymr.jpg\" alt=\"Pasamonta\u00f1as t\u00e1ctico para Airsoft Paintball, m\u00e1scara de media cara para caza al aire libre, M\u00e1scara protectora de malla met\u00e1lica\" \/><img decoding=\"async\" style=\"width: 800px;\" title=\"Pasamonta\u00f1as t\u00e1ctico para Airsoft Paintball, m\u00e1scara de media cara para caza al aire libre, M\u00e1scara protectora de malla met\u00e1lica\" src=\"https:\/\/bodegaoutdoor.cl\/store\/wp-content\/uploads\/2023\/05\/71762-s0gu0r.jpg\" alt=\"Pasamonta\u00f1as t\u00e1ctico para Airsoft Paintball, m\u00e1scara de media cara para caza al aire libre, M\u00e1scara protectora de malla met\u00e1lica\" \/><img decoding=\"async\" style=\"width: 800px;\" title=\"Pasamonta\u00f1as t\u00e1ctico para Airsoft Paintball, m\u00e1scara de media cara para caza al aire libre, M\u00e1scara protectora de malla met\u00e1lica\" src=\"https:\/\/bodegaoutdoor.cl\/store\/wp-content\/uploads\/2023\/05\/71762-ffxifa.jpg\" alt=\"Pasamonta\u00f1as t\u00e1ctico para Airsoft Paintball, m\u00e1scara de media cara para caza al aire libre, M\u00e1scara protectora de malla met\u00e1lica\" \/><\/p>\n<div style=\"text-align: left;\"><\/div>\n<\/div>\n<\/div>\n<\/div>\n\n    <div class=\"xs_social_share_widget xs_share_url after_content \t\tmain_content  wslu-style-1 wslu-share-box-shaped wslu-fill-colored wslu-none wslu-share-horizontal wslu-theme-font-no wslu-main_content\">\n\n\t\t\n        <ul>\n\t\t\t        <\/ul>\n    <\/div> \n","protected":false},"excerpt":{"rendered":"<p>Pasamonta\u00f1as t\u00e1ctico para la cabeza Airsoft Paintball M\u00e1scara de media cara Caza al aire libre M\u00e1scara protectora de malla met\u00e1lica Sombrero Descripci\u00f3n: Nombre: m\u00e1scara t\u00e1ctica para la cabeza Material: POLI\u00c9STER + malla de acero Tama\u00f1o: 27*32cm Color: negro\/Verde\/bronceado Peso: 90g Aplicable: Tiro de caza al aire libre\/juego de guerra CS\/deportes t\u00e1cticos militares airsoft.Caracter\u00edsticas: 1. Malla [&hellip;]<\/p>\n","protected":false},"featured_media":71772,"comment_status":"open","ping_status":"closed","template":"","meta":{"jetpack_publicize_message":"","jetpack_publicize_feature_enabled":true,"jetpack_social_post_already_shared":true,"jetpack_social_options":{"image_generator_settings":{"template":"highway","enabled":false},"version":2}},"product_brand":[],"product_cat":[487],"product_tag":[],"class_list":{"0":"post-71762","1":"product","2":"type-product","3":"status-publish","4":"has-post-thumbnail","6":"product_cat-airsoft","8":"first","9":"instock","10":"sale","11":"taxable","12":"shipping-taxable","13":"purchasable","14":"product-type-variable"},"jetpack_publicize_connections":[],"jetpack_sharing_enabled":true,"_links":{"self":[{"href":"https:\/\/bodegaoutdoor.cl\/store\/wp-json\/wp\/v2\/product\/71762","targetHints":{"allow":["GET"]}}],"collection":[{"href":"https:\/\/bodegaoutdoor.cl\/store\/wp-json\/wp\/v2\/product"}],"about":[{"href":"https:\/\/bodegaoutdoor.cl\/store\/wp-json\/wp\/v2\/types\/product"}],"replies":[{"embeddable":true,"href":"https:\/\/bodegaoutdoor.cl\/store\/wp-json\/wp\/v2\/comments?post=71762"}],"version-history":[{"count":43,"href":"https:\/\/bodegaoutdoor.cl\/store\/wp-json\/wp\/v2\/product\/71762\/revisions"}],"predecessor-version":[{"id":71867,"href":"https:\/\/bodegaoutdoor.cl\/store\/wp-json\/wp\/v2\/product\/71762\/revisions\/71867"}],"wp:featuredmedia":[{"embeddable":true,"href":"https:\/\/bodegaoutdoor.cl\/store\/wp-json\/wp\/v2\/media\/71772"}],"wp:attachment":[{"href":"https:\/\/bodegaoutdoor.cl\/store\/wp-json\/wp\/v2\/media?parent=71762"}],"wp:term":[{"taxonomy":"product_brand","embeddable":true,"href":"https:\/\/bodegaoutdoor.cl\/store\/wp-json\/wp\/v2\/product_brand?post=71762"},{"taxonomy":"product_cat","embeddable":true,"href":"https:\/\/bodegaoutdoor.cl\/store\/wp-json\/wp\/v2\/product_cat?post=71762"},{"taxonomy":"product_tag","embeddable":true,"href":"https:\/\/bodegaoutdoor.cl\/store\/wp-json\/wp\/v2\/product_tag?post=71762"}],"curies":[{"name":"wp","href":"https:\/\/api.w.org\/{rel}","templated":true}]}}