{"id":71868,"date":"2023-05-05T19:34:06","date_gmt":"2023-05-05T23:34:06","guid":{"rendered":"https:\/\/bodegaoutdoor.cl\/store\/product\/juego-de-utensilios-de-cocina-para-acampar-juego-de-utensilios-de-cocina-para-exteriores-sarten-tetera-tenedor-cuchara-taza-de-agua-tabla-de-cortar-para-acampar-12-piezas\/"},"modified":"2023-05-06T17:49:28","modified_gmt":"2023-05-06T21:49:28","slug":"juego-de-utensilios-de-cocina-para-acamparset-camping-sarten-tetera-tenedor-cuchara-taza-de-agua-tabla-de-cortar-para-acampar","status":"publish","type":"product","link":"https:\/\/bodegaoutdoor.cl\/store\/product\/juego-de-utensilios-de-cocina-para-acamparset-camping-sarten-tetera-tenedor-cuchara-taza-de-agua-tabla-de-cortar-para-acampar\/","title":{"rendered":"Juego de utensilios de cocina para acampar,Set Camping sart\u00e9n, tetera, tenedor, cuchara, taza de agua, tabla de cortar para acampar"},"content":{"rendered":"<div>\n<p><strong>ESPECIFICACIONES &#8211; LOS KITS NO INCLUYEN EL BOLSO TRTANSPORTADOR , SE VENDE POR SEPARADO<\/strong><\/p>\n<table border=\"0\" width=\"100%\" cellspacing=\"0\" cellpadding=\"0\">\n<tbody>\n<tr>\n<td>\n<div style=\"padding: 15px; border: 1px solid #AEAEAE;\">Utensilios de cocina para acampar al aire libre, utensilios de cocina para Picnic, sart\u00e9n, tetera, tenedor, cuchara, taza de agua, Kit de tabla de cortar, herramientas de Picnic para acampar<br \/>\nCaracter\u00edsticas:<br \/>\n1. Los utensilios de cocina est\u00e1n hechos de aleaci\u00f3n de aluminio, que se trata con calor duro de alta calidad y es resistente a altas temperaturas y fricci\u00f3n.<br \/>\n2. La cocinilla, el cuchillo de mesa, el tenedor y la cuchara est\u00e1n hechos de acero inoxidable, que es resistente a altas temperaturas y alta resistencia.Especificaciones:<br \/>\nMaterial del producto: al\u00famina dura avanzada<br \/>\nOlla de cocci\u00f3n: 1 pieza, di\u00e1metro exterior 175mm\/6,89 &#8220;, altura 90mm\/3,54&#8221;<br \/>\nSart\u00e9n: 1 pieza, di\u00e1metro 180mm\/7,09 &#8220;, altura 45mm\/1,77&#8243;, mango 100mm\/3,94&#8221;<br \/>\nHervidor: 1 pieza, 0,8 L, di\u00e1metro 1380mm\/54,33 &#8220;, altura 80mm\/3,15&#8243;<br \/>\nTama\u00f1o de la cuchara: 160*40mm\/6,30*1,57&#8243;<br \/>\nCuchillo de mesa tama\u00f1o: 165*12mm\/6,50*0,47&#8243;<br \/>\nTama\u00f1o de la horquilla: 160*12mm\/6,30*0,47&#8243;<br \/>\nCerradura: 70*81mm\/2,76*3,19&#8221;<br \/>\nTaza de agua de acero inoxidable 304: 2 piezas, 70*78mm\/2,76*3,07 &#8220;, 200ml<br \/>\ncocinilla: 1 pieza, 110*78mm\/4,33*3,07&#8243;<br \/>\nPeso: 1050g<br \/>\nEmbalaje: Bolsa de Red + caja colorida<br \/>\nTama\u00f1o del embalaje: 188*127*185mm\/7,40*5,00*7,28&#8221;<br \/>\nColor: negro, naranja<br \/>\nAdecuado para: 2-3 personas, incluyendo 1 olla de cocci\u00f3n, 1 sart\u00e9n, 1 tetera, 2 tazas de acero inoxidable, 1 tenedor, 1 cuchara, 1 cuchillo de mesa, 1 cerradura, 1 tabla de cortar.Notas:<br \/>\n1. Puede haber ligeras desviaciones de tama\u00f1o debido a la medici\u00f3n manual, diferentes m\u00e9todos de medici\u00f3n y herramientas.<br \/>\n2. Es posible que la imagen no muestre el color real del art\u00edculo debido a diferentes luces de fotograf\u00eda, \u00e1ngulo y monitor de pantalla.<\/div>\n<p>&nbsp;<\/p>\n<div style=\"padding: 15px; border: 1px solid #AEAEAE;\"><\/div>\n<p>&nbsp;<\/p>\n<div style=\"text-align: center;\"><img decoding=\"async\" title=\"Juego de utensilios de cocina para acampar, juego de utensilios de cocina para exteriores, sart\u00e9n, tetera, tenedor, cuchara, taza de agua, tabla de cortar para acampar, 12 piezas\" src=\"https:\/\/bodegaoutdoor.cl\/store\/wp-content\/uploads\/2023\/05\/71868-fmcvhv.jpg\" alt=\"Juego de utensilios de cocina para acampar, juego de utensilios de cocina para exteriores, sart\u00e9n, tetera, tenedor, cuchara, taza de agua, tabla de cortar para acampar, 12 piezas\" width=\"798px\" \/><img decoding=\"async\" title=\"Juego de utensilios de cocina para acampar, juego de utensilios de cocina para exteriores, sart\u00e9n, tetera, tenedor, cuchara, taza de agua, tabla de cortar para acampar, 12 piezas\" src=\"https:\/\/bodegaoutdoor.cl\/store\/wp-content\/uploads\/2023\/05\/71868-hm4x2b.jpg\" alt=\"Juego de utensilios de cocina para acampar, juego de utensilios de cocina para exteriores, sart\u00e9n, tetera, tenedor, cuchara, taza de agua, tabla de cortar para acampar, 12 piezas\" width=\"798px\" \/><img decoding=\"async\" title=\"Juego de utensilios de cocina para acampar, juego de utensilios de cocina para exteriores, sart\u00e9n, tetera, tenedor, cuchara, taza de agua, tabla de cortar para acampar, 12 piezas\" src=\"https:\/\/bodegaoutdoor.cl\/store\/wp-content\/uploads\/2023\/05\/71868-oqxmnb.jpg\" alt=\"Juego de utensilios de cocina para acampar, juego de utensilios de cocina para exteriores, sart\u00e9n, tetera, tenedor, cuchara, taza de agua, tabla de cortar para acampar, 12 piezas\" width=\"798px\" \/><img decoding=\"async\" title=\"Juego de utensilios de cocina para acampar, juego de utensilios de cocina para exteriores, sart\u00e9n, tetera, tenedor, cuchara, taza de agua, tabla de cortar para acampar, 12 piezas\" src=\"https:\/\/bodegaoutdoor.cl\/store\/wp-content\/uploads\/2023\/05\/71868-h2qxg5.jpg\" alt=\"Juego de utensilios de cocina para acampar, juego de utensilios de cocina para exteriores, sart\u00e9n, tetera, tenedor, cuchara, taza de agua, tabla de cortar para acampar, 12 piezas\" width=\"798px\" \/><img decoding=\"async\" title=\"Juego de utensilios de cocina para acampar, juego de utensilios de cocina para exteriores, sart\u00e9n, tetera, tenedor, cuchara, taza de agua, tabla de cortar para acampar, 12 piezas\" src=\"https:\/\/bodegaoutdoor.cl\/store\/wp-content\/uploads\/2023\/05\/71868-ewjwy5.jpg\" alt=\"Juego de utensilios de cocina para acampar, juego de utensilios de cocina para exteriores, sart\u00e9n, tetera, tenedor, cuchara, taza de agua, tabla de cortar para acampar, 12 piezas\" width=\"798px\" \/><img decoding=\"async\" title=\"Juego de utensilios de cocina para acampar, juego de utensilios de cocina para exteriores, sart\u00e9n, tetera, tenedor, cuchara, taza de agua, tabla de cortar para acampar, 12 piezas\" src=\"https:\/\/bodegaoutdoor.cl\/store\/wp-content\/uploads\/2023\/05\/71868-vlidgy.jpg\" alt=\"Juego de utensilios de cocina para acampar, juego de utensilios de cocina para exteriores, sart\u00e9n, tetera, tenedor, cuchara, taza de agua, tabla de cortar para acampar, 12 piezas\" width=\"798px\" \/><img decoding=\"async\" title=\"Juego de utensilios de cocina para acampar, juego de utensilios de cocina para exteriores, sart\u00e9n, tetera, tenedor, cuchara, taza de agua, tabla de cortar para acampar, 12 piezas\" src=\"https:\/\/bodegaoutdoor.cl\/store\/wp-content\/uploads\/2023\/05\/71868-o1djyg.jpg\" alt=\"Juego de utensilios de cocina para acampar, juego de utensilios de cocina para exteriores, sart\u00e9n, tetera, tenedor, cuchara, taza de agua, tabla de cortar para acampar, 12 piezas\" width=\"798px\" \/><img decoding=\"async\" title=\"Juego de utensilios de cocina para acampar, juego de utensilios de cocina para exteriores, sart\u00e9n, tetera, tenedor, cuchara, taza de agua, tabla de cortar para acampar, 12 piezas\" src=\"https:\/\/bodegaoutdoor.cl\/store\/wp-content\/uploads\/2023\/05\/71868-190lrl.jpg\" alt=\"Juego de utensilios de cocina para acampar, juego de utensilios de cocina para exteriores, sart\u00e9n, tetera, tenedor, cuchara, taza de agua, tabla de cortar para acampar, 12 piezas\" width=\"798px\" \/><img decoding=\"async\" title=\"Juego de utensilios de cocina para acampar, juego de utensilios de cocina para exteriores, sart\u00e9n, tetera, tenedor, cuchara, taza de agua, tabla de cortar para acampar, 12 piezas\" src=\"https:\/\/bodegaoutdoor.cl\/store\/wp-content\/uploads\/2023\/05\/71868-quqtd5.jpg\" alt=\"Juego de utensilios de cocina para acampar, juego de utensilios de cocina para exteriores, sart\u00e9n, tetera, tenedor, cuchara, taza de agua, tabla de cortar para acampar, 12 piezas\" width=\"798px\" \/><img decoding=\"async\" title=\"Juego de utensilios de cocina para acampar, juego de utensilios de cocina para exteriores, sart\u00e9n, tetera, tenedor, cuchara, taza de agua, tabla de cortar para acampar, 12 piezas\" src=\"https:\/\/bodegaoutdoor.cl\/store\/wp-content\/uploads\/2023\/05\/71868-pal2jz.jpg\" alt=\"Juego de utensilios de cocina para acampar, juego de utensilios de cocina para exteriores, sart\u00e9n, tetera, tenedor, cuchara, taza de agua, tabla de cortar para acampar, 12 piezas\" width=\"798px\" \/><img decoding=\"async\" title=\"Juego de utensilios de cocina para acampar, juego de utensilios de cocina para exteriores, sart\u00e9n, tetera, tenedor, cuchara, taza de agua, tabla de cortar para acampar, 12 piezas\" src=\"https:\/\/bodegaoutdoor.cl\/store\/wp-content\/uploads\/2023\/05\/71868-la3yh0.jpg\" alt=\"Juego de utensilios de cocina para acampar, juego de utensilios de cocina para exteriores, sart\u00e9n, tetera, tenedor, cuchara, taza de agua, tabla de cortar para acampar, 12 piezas\" width=\"798px\" \/><img decoding=\"async\" title=\"Juego de utensilios de cocina para acampar, juego de utensilios de cocina para exteriores, sart\u00e9n, tetera, tenedor, cuchara, taza de agua, tabla de cortar para acampar, 12 piezas\" src=\"https:\/\/bodegaoutdoor.cl\/store\/wp-content\/uploads\/2023\/05\/71868-ifc7ps.jpg\" alt=\"Juego de utensilios de cocina para acampar, juego de utensilios de cocina para exteriores, sart\u00e9n, tetera, tenedor, cuchara, taza de agua, tabla de cortar para acampar, 12 piezas\" width=\"798px\" \/><img decoding=\"async\" title=\"Juego de utensilios de cocina para acampar, juego de utensilios de cocina para exteriores, sart\u00e9n, tetera, tenedor, cuchara, taza de agua, tabla de cortar para acampar, 12 piezas\" src=\"https:\/\/bodegaoutdoor.cl\/store\/wp-content\/uploads\/2023\/05\/71868-xtmxug.jpg\" alt=\"Juego de utensilios de cocina para acampar, juego de utensilios de cocina para exteriores, sart\u00e9n, tetera, tenedor, cuchara, taza de agua, tabla de cortar para acampar, 12 piezas\" width=\"798px\" \/><\/div>\n<p>&nbsp;<\/p>\n<div><img decoding=\"async\" title=\"Juego de utensilios de cocina para acampar, juego de utensilios de cocina para exteriores, sart\u00e9n, tetera, tenedor, cuchara, taza de agua, tabla de cortar para acampar, 12 piezas\" src=\"https:\/\/bodegaoutdoor.cl\/store\/wp-content\/uploads\/2023\/05\/71868-hp9hfq.jpg\" alt=\"Juego de utensilios de cocina para acampar, juego de utensilios de cocina para exteriores, sart\u00e9n, tetera, tenedor, cuchara, taza de agua, tabla de cortar para acampar, 12 piezas\" \/><\/div>\n<div style=\"padding: 15px; border: 1px solid #AEAEAE;\"><\/div>\n<\/td>\n<\/tr>\n<\/tbody>\n<\/table>\n<\/div>\n\n    <div class=\"xs_social_share_widget xs_share_url after_content \t\tmain_content  wslu-style-1 wslu-share-box-shaped wslu-fill-colored wslu-none wslu-share-horizontal wslu-theme-font-no wslu-main_content\">\n\n\t\t\n        <ul>\n\t\t\t        <\/ul>\n    <\/div> \n","protected":false},"excerpt":{"rendered":"<p>ESPECIFICACIONES &#8211; LOS KITS NO INCLUYEN EL BOLSO TRTANSPORTADOR , SE VENDE POR SEPARADO Utensilios de cocina para acampar al aire libre, utensilios de cocina para Picnic, sart\u00e9n, tetera, tenedor, cuchara, taza de agua, Kit de tabla de cortar, herramientas de Picnic para acampar Caracter\u00edsticas: 1. Los utensilios de cocina est\u00e1n hechos de aleaci\u00f3n de [&hellip;]<\/p>\n","protected":false},"featured_media":71974,"comment_status":"open","ping_status":"closed","template":"","meta":{"jetpack_publicize_message":"","jetpack_publicize_feature_enabled":true,"jetpack_social_post_already_shared":true,"jetpack_social_options":{"image_generator_settings":{"template":"highway","enabled":false},"version":2}},"product_brand":[],"product_cat":[2814],"product_tag":[],"class_list":{"0":"post-71868","1":"product","2":"type-product","3":"status-publish","4":"has-post-thumbnail","6":"product_cat-camping","8":"first","9":"instock","10":"sale","11":"taxable","12":"shipping-taxable","13":"purchasable","14":"product-type-variable"},"jetpack_publicize_connections":[],"jetpack_sharing_enabled":true,"_links":{"self":[{"href":"https:\/\/bodegaoutdoor.cl\/store\/wp-json\/wp\/v2\/product\/71868","targetHints":{"allow":["GET"]}}],"collection":[{"href":"https:\/\/bodegaoutdoor.cl\/store\/wp-json\/wp\/v2\/product"}],"about":[{"href":"https:\/\/bodegaoutdoor.cl\/store\/wp-json\/wp\/v2\/types\/product"}],"replies":[{"embeddable":true,"href":"https:\/\/bodegaoutdoor.cl\/store\/wp-json\/wp\/v2\/comments?post=71868"}],"version-history":[{"count":32,"href":"https:\/\/bodegaoutdoor.cl\/store\/wp-json\/wp\/v2\/product\/71868\/revisions"}],"predecessor-version":[{"id":72419,"href":"https:\/\/bodegaoutdoor.cl\/store\/wp-json\/wp\/v2\/product\/71868\/revisions\/72419"}],"wp:featuredmedia":[{"embeddable":true,"href":"https:\/\/bodegaoutdoor.cl\/store\/wp-json\/wp\/v2\/media\/71974"}],"wp:attachment":[{"href":"https:\/\/bodegaoutdoor.cl\/store\/wp-json\/wp\/v2\/media?parent=71868"}],"wp:term":[{"taxonomy":"product_brand","embeddable":true,"href":"https:\/\/bodegaoutdoor.cl\/store\/wp-json\/wp\/v2\/product_brand?post=71868"},{"taxonomy":"product_cat","embeddable":true,"href":"https:\/\/bodegaoutdoor.cl\/store\/wp-json\/wp\/v2\/product_cat?post=71868"},{"taxonomy":"product_tag","embeddable":true,"href":"https:\/\/bodegaoutdoor.cl\/store\/wp-json\/wp\/v2\/product_tag?post=71868"}],"curies":[{"name":"wp","href":"https:\/\/api.w.org\/{rel}","templated":true}]}}