{"id":7197,"date":"2020-07-21T10:47:07","date_gmt":"2020-07-21T10:47:07","guid":{"rendered":"https:\/\/bodegaoutdoor.cl\/store\/product\/6-unids-lote-mosqueton-kit-de-viaje-de-camping-de-aleacion-de-aluminio-equipo-de-supervivencia-campamento-montanismo-gancho-mosqueton-mosqueton\/"},"modified":"2023-05-04T19:19:36","modified_gmt":"2023-05-04T23:19:36","slug":"6-unids-lote-mosqueton-kit-de-viaje-de-camping-de-aleacion-de-aluminio-equipo-de-supervivencia-campamento-montanismo-gancho-mosqueton-mosqueton","status":"publish","type":"product","link":"https:\/\/bodegaoutdoor.cl\/store\/product\/6-unids-lote-mosqueton-kit-de-viaje-de-camping-de-aleacion-de-aluminio-equipo-de-supervivencia-campamento-montanismo-gancho-mosqueton-mosqueton\/","title":{"rendered":"Lote 6 \/ Mosquet\u00f3n de aluminio equipo de supervivencia campamento monta\u00f1ismo"},"content":{"rendered":"<div><a href=\"\/\/www.aliexpress.com\/store\/1873858\/pages\/bundle-deals.html?spm=a2g1y.12024536.fullPieceDiscountPromo_1000002321608.0\" target=\"_blank\" rel=\"noopener noreferrer\"><img fetchpriority=\"high\" decoding=\"async\" title=\"6 unids\/lote mosquet\u00f3n Kit de viaje de Camping de aleaci\u00f3n de aluminio equipo de supervivencia campamento monta\u00f1ismo gancho Mosqueton mosquet\u00f3n\" src=\"https:\/\/bodegaoutdoor.cl\/store\/wp-content\/uploads\/2020\/07\/7197-y6jlch.jpg\" alt=\"6 unids\/lote mosquet\u00f3n Kit de viaje de Camping de aleaci\u00f3n de aluminio equipo de supervivencia campamento monta\u00f1ismo gancho Mosqueton mosquet\u00f3n\" width=\"960\" height=\"340\" \/><\/a><\/div>\n<div style=\"margin-left: auto; margin-right: auto;\">\n<div style=\"padding-top: 14px; padding-bottom: 14px;\">\n<p>&nbsp;<\/p>\n<div style=\"margin-left: auto; margin-right: auto;\">\n<div>\n<div><img decoding=\"async\" title=\"6 unids\/lote mosquet\u00f3n Kit de viaje de Camping de aleaci\u00f3n de aluminio equipo de supervivencia campamento monta\u00f1ismo gancho Mosqueton mosquet\u00f3n\" src=\"https:\/\/bodegaoutdoor.cl\/store\/wp-content\/uploads\/2020\/07\/7197-kobils.jpg\" alt=\"6 unids\/lote mosquet\u00f3n Kit de viaje de Camping de aleaci\u00f3n de aluminio equipo de supervivencia campamento monta\u00f1ismo gancho Mosqueton mosquet\u00f3n\" width=\"800\" height=\"58\" \/>&nbsp;<\/p>\n<p><span style=\"font-size: 16px;\">Caracter\u00edsticas:<\/span><\/p>\n<p><span style=\"font-size: 16px;\">Fabricaci\u00f3n de aleaci\u00f3n de aluminio duro, incomparable.<\/span><\/p>\n<p><span style=\"font-size: 16px;\">Uso de tratamiento de pulido de aleaci\u00f3n de aluminio tipo D, resistente al agua, resistente al desgaste, alta resistencia, duradero.<\/span><\/p>\n<p><span style=\"font-size: 16px;\">Puede colgar en la mochila, llavero, tetera y todo y en el lugar donde la necesite, y puede usarse para tiendas de campa\u00f1a, cuerdas, etc. Elegante y pr\u00e1ctico.<\/span><\/p>\n<p><span style=\"font-size: 16px;\">\u00a0<\/span><\/p>\n<p><span style=\"font-size: 16px;\">Tipo de art\u00edculo: Gancho de alpinismo de aleaci\u00f3n de aluminio<\/span><\/p>\n<p><span style=\"font-size: 16px;\">Material: aleaci\u00f3n de aluminio<\/span><\/p>\n<p><span style=\"font-size: 16px;\">ESTILO: moda<\/span><\/p>\n<p><span style=\"font-size: 16px;\">Color: plata<\/span><\/p>\n<p><span style=\"font-size: 16px;\">Longitud: 80mm\/3,15 pulgadas<\/span><\/p>\n<p><span style=\"font-size: 16px;\">Ancho (el punto m\u00e1s ancho):42mm\/1,65&#8243;<\/span><\/p>\n<p><span style=\"font-size: 16px;\">Peso: 22g\/0.049 lb<\/span><\/p>\n<p><span style=\"font-size: 16px;\">Di\u00e1metro: 7mm\/0,28 pulgadas<\/span><\/p>\n<p><span style=\"font-size: 16px;\">\u00a0<\/span><\/p>\n<p><span style=\"font-size: 16px;\">Crisol de grafito mini horno de oro de la antorcha de fusi\u00f3n del metal:<\/span><br \/>\n<span style=\"font-size: 16px;\">6x monta\u00f1ismo gancho<\/span><\/p>\n<p><span style=\"font-size: 16px;\">\u00a0<\/span><\/p>\n<p>&nbsp;<\/p>\n<p><span style=\"font-family: Times New Roman;\"><img decoding=\"async\" title=\"6 unids\/lote mosquet\u00f3n Kit de viaje de Camping de aleaci\u00f3n de aluminio equipo de supervivencia campamento monta\u00f1ismo gancho Mosqueton mosquet\u00f3n\" src=\"https:\/\/bodegaoutdoor.cl\/store\/wp-content\/uploads\/2020\/07\/7197-eysiaa.jpg\" alt=\"6 unids\/lote mosquet\u00f3n Kit de viaje de Camping de aleaci\u00f3n de aluminio equipo de supervivencia campamento monta\u00f1ismo gancho Mosqueton mosquet\u00f3n\" width=\"800\" height=\"58\" \/><br \/>\n<\/span><\/p>\n<p>&nbsp;<\/p>\n<\/div>\n<div>\n<p><span style=\"font-family: Times New Roman;\"><img decoding=\"async\" title=\"6 unids\/lote mosquet\u00f3n Kit de viaje de Camping de aleaci\u00f3n de aluminio equipo de supervivencia campamento monta\u00f1ismo gancho Mosqueton mosquet\u00f3n\" src=\"https:\/\/bodegaoutdoor.cl\/store\/wp-content\/uploads\/2020\/07\/7197-uqewim.jpg\" alt=\"6 unids\/lote mosquet\u00f3n Kit de viaje de Camping de aleaci\u00f3n de aluminio equipo de supervivencia campamento monta\u00f1ismo gancho Mosqueton mosquet\u00f3n\" \/><img decoding=\"async\" title=\"6 unids\/lote mosquet\u00f3n Kit de viaje de Camping de aleaci\u00f3n de aluminio equipo de supervivencia campamento monta\u00f1ismo gancho Mosqueton mosquet\u00f3n\" src=\"https:\/\/bodegaoutdoor.cl\/store\/wp-content\/uploads\/2020\/07\/7197-jua1j6.jpeg\" alt=\"6 unids\/lote mosquet\u00f3n Kit de viaje de Camping de aleaci\u00f3n de aluminio equipo de supervivencia campamento monta\u00f1ismo gancho Mosqueton mosquet\u00f3n\" \/><img decoding=\"async\" title=\"6 unids\/lote mosquet\u00f3n Kit de viaje de Camping de aleaci\u00f3n de aluminio equipo de supervivencia campamento monta\u00f1ismo gancho Mosqueton mosquet\u00f3n\" src=\"https:\/\/bodegaoutdoor.cl\/store\/wp-content\/uploads\/2020\/07\/7197-lmmb8v.jpeg\" alt=\"6 unids\/lote mosquet\u00f3n Kit de viaje de Camping de aleaci\u00f3n de aluminio equipo de supervivencia campamento monta\u00f1ismo gancho Mosqueton mosquet\u00f3n\" \/><img decoding=\"async\" title=\"6 unids\/lote mosquet\u00f3n Kit de viaje de Camping de aleaci\u00f3n de aluminio equipo de supervivencia campamento monta\u00f1ismo gancho Mosqueton mosquet\u00f3n\" src=\"https:\/\/bodegaoutdoor.cl\/store\/wp-content\/uploads\/2020\/07\/7197-vl1ywd.jpg\" alt=\"6 unids\/lote mosquet\u00f3n Kit de viaje de Camping de aleaci\u00f3n de aluminio equipo de supervivencia campamento monta\u00f1ismo gancho Mosqueton mosquet\u00f3n\" \/><img decoding=\"async\" title=\"6 unids\/lote mosquet\u00f3n Kit de viaje de Camping de aleaci\u00f3n de aluminio equipo de supervivencia campamento monta\u00f1ismo gancho Mosqueton mosquet\u00f3n\" src=\"https:\/\/bodegaoutdoor.cl\/store\/wp-content\/uploads\/2020\/07\/7197-w6sxkv.jpeg\" alt=\"6 unids\/lote mosquet\u00f3n Kit de viaje de Camping de aleaci\u00f3n de aluminio equipo de supervivencia campamento monta\u00f1ismo gancho Mosqueton mosquet\u00f3n\" \/><img decoding=\"async\" title=\"6 unids\/lote mosquet\u00f3n Kit de viaje de Camping de aleaci\u00f3n de aluminio equipo de supervivencia campamento monta\u00f1ismo gancho Mosqueton mosquet\u00f3n\" src=\"https:\/\/bodegaoutdoor.cl\/store\/wp-content\/uploads\/2020\/07\/7197-tyw6r7.jpeg\" alt=\"6 unids\/lote mosquet\u00f3n Kit de viaje de Camping de aleaci\u00f3n de aluminio equipo de supervivencia campamento monta\u00f1ismo gancho Mosqueton mosquet\u00f3n\" \/><img decoding=\"async\" title=\"6 unids\/lote mosquet\u00f3n Kit de viaje de Camping de aleaci\u00f3n de aluminio equipo de supervivencia campamento monta\u00f1ismo gancho Mosqueton mosquet\u00f3n\" src=\"https:\/\/bodegaoutdoor.cl\/store\/wp-content\/uploads\/2020\/07\/7197-rdknez.jpeg\" alt=\"6 unids\/lote mosquet\u00f3n Kit de viaje de Camping de aleaci\u00f3n de aluminio equipo de supervivencia campamento monta\u00f1ismo gancho Mosqueton mosquet\u00f3n\" \/><img decoding=\"async\" title=\"6 unids\/lote mosquet\u00f3n Kit de viaje de Camping de aleaci\u00f3n de aluminio equipo de supervivencia campamento monta\u00f1ismo gancho Mosqueton mosquet\u00f3n\" src=\"https:\/\/bodegaoutdoor.cl\/store\/wp-content\/uploads\/2020\/07\/7197-kos6ob.jpg\" alt=\"6 unids\/lote mosquet\u00f3n Kit de viaje de Camping de aleaci\u00f3n de aluminio equipo de supervivencia campamento monta\u00f1ismo gancho Mosqueton mosquet\u00f3n\" \/><img decoding=\"async\" title=\"6 unids\/lote mosquet\u00f3n Kit de viaje de Camping de aleaci\u00f3n de aluminio equipo de supervivencia campamento monta\u00f1ismo gancho Mosqueton mosquet\u00f3n\" src=\"https:\/\/bodegaoutdoor.cl\/store\/wp-content\/uploads\/2020\/07\/7197-bxehdj.jpeg\" alt=\"6 unids\/lote mosquet\u00f3n Kit de viaje de Camping de aleaci\u00f3n de aluminio equipo de supervivencia campamento monta\u00f1ismo gancho Mosqueton mosquet\u00f3n\" \/><img decoding=\"async\" title=\"6 unids\/lote mosquet\u00f3n Kit de viaje de Camping de aleaci\u00f3n de aluminio equipo de supervivencia campamento monta\u00f1ismo gancho Mosqueton mosquet\u00f3n\" src=\"https:\/\/bodegaoutdoor.cl\/store\/wp-content\/uploads\/2020\/07\/7197-ucdnpg.jpeg\" alt=\"6 unids\/lote mosquet\u00f3n Kit de viaje de Camping de aleaci\u00f3n de aluminio equipo de supervivencia campamento monta\u00f1ismo gancho Mosqueton mosquet\u00f3n\" \/><\/span><\/p>\n<p>&nbsp;<\/p>\n<\/div>\n<div><img loading=\"lazy\" decoding=\"async\" title=\"6 unids\/lote mosquet\u00f3n Kit de viaje de Camping de aleaci\u00f3n de aluminio equipo de supervivencia campamento monta\u00f1ismo gancho Mosqueton mosquet\u00f3n\" src=\"https:\/\/bodegaoutdoor.cl\/store\/wp-content\/uploads\/2020\/07\/7197-dbqzpq.jpg\" alt=\"6 unids\/lote mosquet\u00f3n Kit de viaje de Camping de aleaci\u00f3n de aluminio equipo de supervivencia campamento monta\u00f1ismo gancho Mosqueton mosquet\u00f3n\" width=\"800\" height=\"58\" \/><\/div>\n<\/div>\n<\/div>\n<\/div>\n<\/div>\n\n    <div class=\"xs_social_share_widget xs_share_url after_content \t\tmain_content  wslu-style-1 wslu-share-box-shaped wslu-fill-colored wslu-none wslu-share-horizontal wslu-theme-font-no wslu-main_content\">\n\n\t\t\n        <ul>\n\t\t\t        <\/ul>\n    <\/div> \n","protected":false},"excerpt":{"rendered":"<p>&nbsp; &nbsp; Caracter\u00edsticas: Fabricaci\u00f3n de aleaci\u00f3n de aluminio duro, incomparable. Uso de tratamiento de pulido de aleaci\u00f3n de aluminio tipo D, resistente al agua, resistente al desgaste, alta resistencia, duradero. Puede colgar en la mochila, llavero, tetera y todo y en el lugar donde la necesite, y puede usarse para tiendas de campa\u00f1a, cuerdas, etc. [&hellip;]<\/p>\n","protected":false},"featured_media":7200,"comment_status":"open","ping_status":"closed","template":"","meta":{"jetpack_publicize_message":"","jetpack_publicize_feature_enabled":true,"jetpack_social_post_already_shared":true,"jetpack_social_options":{"image_generator_settings":{"template":"highway","enabled":false},"version":2}},"product_brand":[],"product_cat":[64,487,331],"product_tag":[],"class_list":{"0":"post-7197","1":"product","2":"type-product","3":"status-publish","4":"has-post-thumbnail","6":"product_cat-accessories","7":"product_cat-airsoft","8":"product_cat-lotes-x-mayor","10":"first","11":"instock","12":"sale","13":"taxable","14":"shipping-taxable","15":"purchasable","16":"product-type-variable"},"jetpack_publicize_connections":[],"jetpack_sharing_enabled":true,"_links":{"self":[{"href":"https:\/\/bodegaoutdoor.cl\/store\/wp-json\/wp\/v2\/product\/7197","targetHints":{"allow":["GET"]}}],"collection":[{"href":"https:\/\/bodegaoutdoor.cl\/store\/wp-json\/wp\/v2\/product"}],"about":[{"href":"https:\/\/bodegaoutdoor.cl\/store\/wp-json\/wp\/v2\/types\/product"}],"replies":[{"embeddable":true,"href":"https:\/\/bodegaoutdoor.cl\/store\/wp-json\/wp\/v2\/comments?post=7197"}],"version-history":[{"count":2,"href":"https:\/\/bodegaoutdoor.cl\/store\/wp-json\/wp\/v2\/product\/7197\/revisions"}],"predecessor-version":[{"id":71334,"href":"https:\/\/bodegaoutdoor.cl\/store\/wp-json\/wp\/v2\/product\/7197\/revisions\/71334"}],"wp:featuredmedia":[{"embeddable":true,"href":"https:\/\/bodegaoutdoor.cl\/store\/wp-json\/wp\/v2\/media\/7200"}],"wp:attachment":[{"href":"https:\/\/bodegaoutdoor.cl\/store\/wp-json\/wp\/v2\/media?parent=7197"}],"wp:term":[{"taxonomy":"product_brand","embeddable":true,"href":"https:\/\/bodegaoutdoor.cl\/store\/wp-json\/wp\/v2\/product_brand?post=7197"},{"taxonomy":"product_cat","embeddable":true,"href":"https:\/\/bodegaoutdoor.cl\/store\/wp-json\/wp\/v2\/product_cat?post=7197"},{"taxonomy":"product_tag","embeddable":true,"href":"https:\/\/bodegaoutdoor.cl\/store\/wp-json\/wp\/v2\/product_tag?post=7197"}],"curies":[{"name":"wp","href":"https:\/\/api.w.org\/{rel}","templated":true}]}}