{"id":7205,"date":"2020-07-21T10:49:53","date_gmt":"2020-07-21T10:49:53","guid":{"rendered":"https:\/\/bodegaoutdoor.cl\/store\/product\/5-en-1-multi-funcional-cuchillo-actualizado-mosqueton-llavero-camping-supervivencia\/"},"modified":"2023-05-04T19:19:36","modified_gmt":"2023-05-04T23:19:36","slug":"5-en-1-multi-funcional-cuchillo-actualizado-mosqueton-llavero-camping-supervivencia","status":"publish","type":"product","link":"https:\/\/bodegaoutdoor.cl\/store\/product\/5-en-1-multi-funcional-cuchillo-actualizado-mosqueton-llavero-camping-supervivencia\/","title":{"rendered":"Mosquet\u00f3n Cuchillo llavero Camping Supervivencia"},"content":{"rendered":"<div style=\"margin-left: auto;\">\n<ul>\n<li><\/li>\n<li><span style=\"font-family: Arial; font-size: large;\"><span style=\"font-family: Arial; font-size: large;\"><span style=\"font-family: Arial; font-size: large;\"><span style=\"font-family: Arial; font-size: large;\"><span style=\"font-family: Arial; font-size: large;\"><span style=\"font-family: Arial; font-size: large;\"><span style=\"font-size: small;\"><span style=\"font-weight: normal; font-family: Arial; font-size: small;\"><b>7 En 1 vers\u00e1til herramienta de supervivencia<\/b>: Multi-prop\u00f3sito herramienta puede ser utilizado como un cuchillo un LED de luz y un colgante mosquet\u00f3n un destornillador Phillips un destornillador un vaso interruptor un abrebotellas y un llavero edc.<\/span> <\/span><\/span><\/span><\/span><\/span><\/span><\/span><\/li>\n<li><span style=\"font-family: Arial; font-size: large;\"><span style=\"font-family: Arial; font-size: large;\"><span style=\"font-family: Arial; font-size: large;\"><span style=\"font-family: Arial; font-size: large;\"><span style=\"font-family: Arial; font-size: large;\"><span style=\"font-family: Arial; font-size: large;\"><span style=\"font-size: small;\"><span style=\"font-weight: normal; font-family: Arial; font-size: small;\"><b>Calidad garant\u00eda COMBO herramienta<\/b>: Completamente de acero inoxidable y aleaci\u00f3n de aluminio actualizado dise\u00f1o para evitar muchas de las limitaciones de viejo como mejor abrelatas de botella y tightenable remache La hoja de acero inoxidable es m\u00e1s afilada y m\u00e1s duradera. Viene con un hex para ajustar el pivote del cuchillo<\/span> <\/span><\/span><\/span><\/span><\/span><\/span><\/span><\/li>\n<li><span style=\"font-family: Arial; font-size: large;\"><span style=\"font-family: Arial; font-size: large;\"><span style=\"font-family: Arial; font-size: large;\"><span style=\"font-family: Arial; font-size: large;\"><span style=\"font-family: Arial; font-size: large;\"><span style=\"font-family: Arial; font-size: large;\"><span style=\"font-size: small;\"><span style=\"font-weight: normal; font-family: Arial; font-size: small;\"><b>Pr\u00e1ctico y ligero<\/b>: Dise\u00f1ado con (4,3 &#8220;L X 2,5&#8221; W, &#8220;&#8230;&#8221; &#8216;w, &#8216;\u00bfSabes cu\u00e1l es el precio de la gasolina 3,8 OZ) tama\u00f1o ideal peso y forma para llevar a diario y uso Puedes usarlo como llavero edc, o como mosquet\u00f3n colgante para cuerda de tirar de perro mascota o una hamaca.<\/span> <\/span><\/span><\/span><\/span><\/span><\/span><\/span><\/li>\n<li><span style=\"font-family: Arial; font-size: large;\"><span style=\"font-family: Arial; font-size: large;\"><span style=\"font-family: Arial; font-size: large;\"><span style=\"font-family: Arial; font-size: large;\"><span style=\"font-family: Arial; font-size: large;\"><span style=\"font-family: Arial; font-size: large;\"><span style=\"font-size: small;\"><span style=\"font-family: Arial; font-size: small;\"><span style=\"font-weight: normal;\"><b>Garant\u00eda f\u00e1cil de usar y segura<\/b>: Todas las herramientas son de liberaci\u00f3n r\u00e1pida para usar f\u00e1cilmente y convenientemente concede a mochilas clave anillos correas o m\u00e1s El mecanismo de bloqueo del mosquet\u00f3n para la cuchilla es un buen dise\u00f1o de seguridad. Viene con destornillador hexagonal y anillos de goma gratis para una m\u00e1xima seguridad de la hoja<\/span><\/span><\/span> <\/span><\/span><\/span><\/span><\/span><\/span><\/li>\n<li><span style=\"font-family: Arial; font-size: large;\"><span style=\"font-family: Arial; font-size: large;\"><span style=\"font-family: Arial; font-size: large;\"><span style=\"font-family: Arial; font-size: large;\"><span style=\"font-family: Arial; font-size: large;\"><span style=\"font-family: Arial; font-size: large;\"><span style=\"font-family: Arial;\"><span style=\"color: \/111111; font-weight: normal;\"><span style=\"font-size: small;\"><b>Multifunci\u00f3n en muchas actividades<\/b>\u00a1: Este mosquet\u00f3n es el accesorio perfecto ya que combina utilidad y conveniencia que es un deber-tener para camping mochila senderismo caza y otras actividades al aire libre!<\/span> <\/span><\/span><\/span><\/span><\/span><\/span><\/span><\/span><span style=\"font-family: Arial; font-size: large;\"><span style=\"font-family: Arial; font-size: large;\"><span style=\"font-family: Arial; font-size: large;\"><span style=\"font-family: Arial; font-size: large;\"><span style=\"font-family: Arial; font-size: large;\"><span style=\"font-family: Arial; font-size: large;\"><span style=\"font-family: Arial;\"><span style=\"color: \/111111; font-weight: normal;\"><img fetchpriority=\"high\" decoding=\"async\" title=\"5 En 1 Multi-funcional cuchillo actualizado mosquet\u00f3n llavero Camping Supervivencia\" src=\"https:\/\/bodegaoutdoor.cl\/store\/wp-content\/uploads\/2020\/07\/7205-yglrez.jpg\" alt=\"5 En 1 Multi-funcional cuchillo actualizado mosquet\u00f3n llavero Camping Supervivencia\" width=\"1000\" height=\"1000\" align=\"\" \/><img decoding=\"async\" title=\"5 En 1 Multi-funcional cuchillo actualizado mosquet\u00f3n llavero Camping Supervivencia\" src=\"https:\/\/bodegaoutdoor.cl\/store\/wp-content\/uploads\/2020\/07\/7205-xhbcep.jpg\" alt=\"5 En 1 Multi-funcional cuchillo actualizado mosquet\u00f3n llavero Camping Supervivencia\" width=\"1000\" height=\"1000\" align=\"\" \/><img decoding=\"async\" title=\"5 En 1 Multi-funcional cuchillo actualizado mosquet\u00f3n llavero Camping Supervivencia\" src=\"https:\/\/bodegaoutdoor.cl\/store\/wp-content\/uploads\/2020\/07\/7205-pdx9x8.jpg\" alt=\"5 En 1 Multi-funcional cuchillo actualizado mosquet\u00f3n llavero Camping Supervivencia\" width=\"1000\" height=\"1000\" align=\"\" \/><img loading=\"lazy\" decoding=\"async\" title=\"5 En 1 Multi-funcional cuchillo actualizado mosquet\u00f3n llavero Camping Supervivencia\" src=\"https:\/\/bodegaoutdoor.cl\/store\/wp-content\/uploads\/2020\/07\/7205-8ehpju.jpg\" alt=\"5 En 1 Multi-funcional cuchillo actualizado mosquet\u00f3n llavero Camping Supervivencia\" width=\"1000\" height=\"1000\" align=\"\" \/><img loading=\"lazy\" decoding=\"async\" title=\"5 En 1 Multi-funcional cuchillo actualizado mosquet\u00f3n llavero Camping Supervivencia\" src=\"https:\/\/bodegaoutdoor.cl\/store\/wp-content\/uploads\/2020\/07\/7205-pztdwv.jpg\" alt=\"5 En 1 Multi-funcional cuchillo actualizado mosquet\u00f3n llavero Camping Supervivencia\" width=\"1000\" height=\"1000\" align=\"\" \/><img decoding=\"async\" title=\"5 En 1 Multi-funcional cuchillo actualizado mosquet\u00f3n llavero Camping Supervivencia\" src=\"https:\/\/bodegaoutdoor.cl\/store\/wp-content\/uploads\/2020\/07\/7205-6b22jv.jpg\" alt=\"5 En 1 Multi-funcional cuchillo actualizado mosquet\u00f3n llavero Camping Supervivencia\" \/><img decoding=\"async\" title=\"5 En 1 Multi-funcional cuchillo actualizado mosquet\u00f3n llavero Camping Supervivencia\" src=\"https:\/\/bodegaoutdoor.cl\/store\/wp-content\/uploads\/2020\/07\/7205-0btbku.jpg\" alt=\"5 En 1 Multi-funcional cuchillo actualizado mosquet\u00f3n llavero Camping Supervivencia\" \/><img decoding=\"async\" title=\"5 En 1 Multi-funcional cuchillo actualizado mosquet\u00f3n llavero Camping Supervivencia\" src=\"https:\/\/bodegaoutdoor.cl\/store\/wp-content\/uploads\/2020\/07\/7205-hgrx90.jpg\" alt=\"5 En 1 Multi-funcional cuchillo actualizado mosquet\u00f3n llavero Camping Supervivencia\" \/><img decoding=\"async\" title=\"5 En 1 Multi-funcional cuchillo actualizado mosquet\u00f3n llavero Camping Supervivencia\" src=\"https:\/\/bodegaoutdoor.cl\/store\/wp-content\/uploads\/2020\/07\/7205-bj6bhx.jpg\" alt=\"5 En 1 Multi-funcional cuchillo actualizado mosquet\u00f3n llavero Camping Supervivencia\" \/> <\/span><\/span><\/span><\/span><\/span><\/span><\/span><\/span><\/li>\n<\/ul>\n<\/div>\n<p><!--[Datacaciques code start,code,don't modify it]--><\/p>\n<div style=\"text-align: center;\"><\/div>\n<p><!--[Datacaciques code end]--><\/p>\n\n    <div class=\"xs_social_share_widget xs_share_url after_content \t\tmain_content  wslu-style-1 wslu-share-box-shaped wslu-fill-colored wslu-none wslu-share-horizontal wslu-theme-font-no wslu-main_content\">\n\n\t\t\n        <ul>\n\t\t\t        <\/ul>\n    <\/div> \n","protected":false},"excerpt":{"rendered":"<p>7 En 1 vers\u00e1til herramienta de supervivencia: Multi-prop\u00f3sito herramienta puede ser utilizado como un cuchillo un LED de luz y un colgante mosquet\u00f3n un destornillador Phillips un destornillador un vaso interruptor un abrebotellas y un llavero edc. Calidad garant\u00eda COMBO herramienta: Completamente de acero inoxidable y aleaci\u00f3n de aluminio actualizado dise\u00f1o para evitar muchas de [&hellip;]<\/p>\n","protected":false},"featured_media":7222,"comment_status":"open","ping_status":"closed","template":"","meta":{"jetpack_publicize_message":"","jetpack_publicize_feature_enabled":true,"jetpack_social_post_already_shared":true,"jetpack_social_options":{"image_generator_settings":{"template":"highway","enabled":false},"version":2}},"product_brand":[],"product_cat":[64],"product_tag":[],"class_list":{"0":"post-7205","1":"product","2":"type-product","3":"status-publish","4":"has-post-thumbnail","6":"product_cat-accessories","8":"first","9":"instock","10":"sale","11":"taxable","12":"shipping-taxable","13":"purchasable","14":"product-type-simple"},"jetpack_publicize_connections":[],"jetpack_sharing_enabled":true,"_links":{"self":[{"href":"https:\/\/bodegaoutdoor.cl\/store\/wp-json\/wp\/v2\/product\/7205","targetHints":{"allow":["GET"]}}],"collection":[{"href":"https:\/\/bodegaoutdoor.cl\/store\/wp-json\/wp\/v2\/product"}],"about":[{"href":"https:\/\/bodegaoutdoor.cl\/store\/wp-json\/wp\/v2\/types\/product"}],"replies":[{"embeddable":true,"href":"https:\/\/bodegaoutdoor.cl\/store\/wp-json\/wp\/v2\/comments?post=7205"}],"version-history":[{"count":2,"href":"https:\/\/bodegaoutdoor.cl\/store\/wp-json\/wp\/v2\/product\/7205\/revisions"}],"predecessor-version":[{"id":71333,"href":"https:\/\/bodegaoutdoor.cl\/store\/wp-json\/wp\/v2\/product\/7205\/revisions\/71333"}],"wp:featuredmedia":[{"embeddable":true,"href":"https:\/\/bodegaoutdoor.cl\/store\/wp-json\/wp\/v2\/media\/7222"}],"wp:attachment":[{"href":"https:\/\/bodegaoutdoor.cl\/store\/wp-json\/wp\/v2\/media?parent=7205"}],"wp:term":[{"taxonomy":"product_brand","embeddable":true,"href":"https:\/\/bodegaoutdoor.cl\/store\/wp-json\/wp\/v2\/product_brand?post=7205"},{"taxonomy":"product_cat","embeddable":true,"href":"https:\/\/bodegaoutdoor.cl\/store\/wp-json\/wp\/v2\/product_cat?post=7205"},{"taxonomy":"product_tag","embeddable":true,"href":"https:\/\/bodegaoutdoor.cl\/store\/wp-json\/wp\/v2\/product_tag?post=7205"}],"curies":[{"name":"wp","href":"https:\/\/api.w.org\/{rel}","templated":true}]}}