{"id":7244,"date":"2020-07-23T01:47:14","date_gmt":"2020-07-23T01:47:14","guid":{"rendered":"https:\/\/bodegaoutdoor.cl\/store\/product\/ix9-city-pantalones-de-camuflaje-tacticos-hombres-combate-swat-ejercito-militar-pantalones-de-algodon-muchos-bolsillos-stretch-flexible-hombre-pantalones-xxxl\/"},"modified":"2025-12-22T18:30:56","modified_gmt":"2025-12-22T21:30:56","slug":"ix9-city-pantalones-de-camuflaje-tacticos-hombres-combate-swat-ejercito-militar-pantalones-de-algodon-muchos-bolsillos-stretch-flexible-hombre-pantalones-xxxl","status":"publish","type":"product","link":"https:\/\/bodegaoutdoor.cl\/store\/product\/ix9-city-pantalones-de-camuflaje-tacticos-hombres-combate-swat-ejercito-militar-pantalones-de-algodon-muchos-bolsillos-stretch-flexible-hombre-pantalones-xxxl\/","title":{"rendered":"Pantalones t\u00e1cticos Repelentes y Flexibles Hombre IX7"},"content":{"rendered":"<p><span style=\"font-size: 14.0px;\"><span style=\"color: #ff0000;\"><strong>Caracter\u00edsticas:<\/strong><\/span><br \/>\nMaterial: 35% algod\u00f3n +<span style=\"font-size: 14.0px;\" data-spm-anchor-id=\"a2g0o.detail.1000023.i0.7c5724916beKSJ\">65% poli\u00e9ster<\/span><br \/>\nCaracter\u00edsticas: resistente al viento, transpirable, militar, t\u00e1ctico, Cargo Outdoor.<br \/>\nPara: exteriores, deportes, senderismo, caza, monta\u00f1ismo, pesca, ciclismo, viajes de aventura, de entrenamiento,<\/span><\/p>\n<p><img fetchpriority=\"high\" decoding=\"async\" class=\"alignnone wp-image-78070 size-full\" src=\"https:\/\/bodegaoutdoor.cl\/store\/wp-content\/uploads\/2023\/07\/77921-0xhtpn.jpg\" alt=\"\" width=\"997\" height=\"1145\" srcset=\"https:\/\/bodegaoutdoor.cl\/store\/wp-content\/uploads\/2023\/07\/77921-0xhtpn.jpg 997w, https:\/\/bodegaoutdoor.cl\/store\/wp-content\/uploads\/2023\/07\/77921-0xhtpn-261x300.jpg 261w, https:\/\/bodegaoutdoor.cl\/store\/wp-content\/uploads\/2023\/07\/77921-0xhtpn-892x1024.jpg 892w, https:\/\/bodegaoutdoor.cl\/store\/wp-content\/uploads\/2023\/07\/77921-0xhtpn-768x882.jpg 768w, https:\/\/bodegaoutdoor.cl\/store\/wp-content\/uploads\/2023\/07\/77921-0xhtpn-600x689.jpg 600w\" sizes=\"(max-width: 997px) 100vw, 997px\" \/><\/p>\n<div style=\"text-align: center;\">\n<p style=\"text-align: center; margin: 0;\"><span style=\"font-size: 20.0px;\"><img decoding=\"async\" title=\"IX9 City pantalones de camuflaje t\u00e1cticos hombres combate SWAT ej\u00e9rcito militar pantalones de algod\u00f3n muchos bolsillos Stretch Flexible Hombre Pantalones XXXL\" src=\"https:\/\/bodegaoutdoor.cl\/store\/wp-content\/uploads\/2020\/07\/7244-q4izi8.jpg\" alt=\"IX9 City pantalones de camuflaje t\u00e1cticos hombres combate SWAT ej\u00e9rcito militar pantalones de algod\u00f3n muchos bolsillos Stretch Flexible Hombre Pantalones XXXL\" \/><img decoding=\"async\" title=\"IX9 City pantalones de camuflaje t\u00e1cticos hombres combate SWAT ej\u00e9rcito militar pantalones de algod\u00f3n muchos bolsillos Stretch Flexible Hombre Pantalones XXXL\" src=\"https:\/\/bodegaoutdoor.cl\/store\/wp-content\/uploads\/2020\/07\/7244-sj6eji.jpg\" alt=\"IX9 City pantalones de camuflaje t\u00e1cticos hombres combate SWAT ej\u00e9rcito militar pantalones de algod\u00f3n muchos bolsillos Stretch Flexible Hombre Pantalones XXXL\" \/><\/span><\/p>\n<\/div>\n<div style=\"text-align: center;\"><\/div>\n<div style=\"text-align: center;\">\n<div style=\"text-align: center;\"><span style=\"font-size: 20.0px;\"><img decoding=\"async\" title=\"IX9 City pantalones de camuflaje t\u00e1cticos hombres combate SWAT ej\u00e9rcito militar pantalones de algod\u00f3n muchos bolsillos Stretch Flexible Hombre Pantalones XXXL\" src=\"https:\/\/bodegaoutdoor.cl\/store\/wp-content\/uploads\/2020\/07\/7244-ecfcmg.jpg\" alt=\"IX9 City pantalones de camuflaje t\u00e1cticos hombres combate SWAT ej\u00e9rcito militar pantalones de algod\u00f3n muchos bolsillos Stretch Flexible Hombre Pantalones XXXL\" \/><img decoding=\"async\" title=\"IX9 City pantalones de camuflaje t\u00e1cticos hombres combate SWAT ej\u00e9rcito militar pantalones de algod\u00f3n muchos bolsillos Stretch Flexible Hombre Pantalones XXXL\" src=\"https:\/\/bodegaoutdoor.cl\/store\/wp-content\/uploads\/2020\/07\/7244-nmlfom.jpg\" alt=\"IX9 City pantalones de camuflaje t\u00e1cticos hombres combate SWAT ej\u00e9rcito militar pantalones de algod\u00f3n muchos bolsillos Stretch Flexible Hombre Pantalones XXXL\" \/><img decoding=\"async\" title=\"IX9 City pantalones de camuflaje t\u00e1cticos hombres combate SWAT ej\u00e9rcito militar pantalones de algod\u00f3n muchos bolsillos Stretch Flexible Hombre Pantalones XXXL\" src=\"https:\/\/bodegaoutdoor.cl\/store\/wp-content\/uploads\/2020\/07\/7244-hbcobo.jpg\" alt=\"IX9 City pantalones de camuflaje t\u00e1cticos hombres combate SWAT ej\u00e9rcito militar pantalones de algod\u00f3n muchos bolsillos Stretch Flexible Hombre Pantalones XXXL\" \/><img decoding=\"async\" title=\"IX9 City pantalones de camuflaje t\u00e1cticos hombres combate SWAT ej\u00e9rcito militar pantalones de algod\u00f3n muchos bolsillos Stretch Flexible Hombre Pantalones XXXL\" src=\"https:\/\/bodegaoutdoor.cl\/store\/wp-content\/uploads\/2020\/07\/7244-ear2er.jpg\" alt=\"IX9 City pantalones de camuflaje t\u00e1cticos hombres combate SWAT ej\u00e9rcito militar pantalones de algod\u00f3n muchos bolsillos Stretch Flexible Hombre Pantalones XXXL\" \/><\/span><\/div>\n<div style=\"text-align: center;\"><span style=\"font-size: 20.0px;\"><img decoding=\"async\" title=\"IX9 City pantalones de camuflaje t\u00e1cticos hombres combate SWAT ej\u00e9rcito militar pantalones de algod\u00f3n muchos bolsillos Stretch Flexible Hombre Pantalones XXXL\" src=\"https:\/\/bodegaoutdoor.cl\/store\/wp-content\/uploads\/2020\/07\/7244-id8gzk.jpg\" alt=\"IX9 City pantalones de camuflaje t\u00e1cticos hombres combate SWAT ej\u00e9rcito militar pantalones de algod\u00f3n muchos bolsillos Stretch Flexible Hombre Pantalones XXXL\" \/><img decoding=\"async\" title=\"IX9 City pantalones de camuflaje t\u00e1cticos hombres combate SWAT ej\u00e9rcito militar pantalones de algod\u00f3n muchos bolsillos Stretch Flexible Hombre Pantalones XXXL\" src=\"https:\/\/bodegaoutdoor.cl\/store\/wp-content\/uploads\/2020\/07\/7244-qwgreb.jpg\" alt=\"IX9 City pantalones de camuflaje t\u00e1cticos hombres combate SWAT ej\u00e9rcito militar pantalones de algod\u00f3n muchos bolsillos Stretch Flexible Hombre Pantalones XXXL\" \/><img decoding=\"async\" title=\"IX9 City pantalones de camuflaje t\u00e1cticos hombres combate SWAT ej\u00e9rcito militar pantalones de algod\u00f3n muchos bolsillos Stretch Flexible Hombre Pantalones XXXL\" src=\"https:\/\/bodegaoutdoor.cl\/store\/wp-content\/uploads\/2020\/07\/7244-r6nrug.jpg\" alt=\"IX9 City pantalones de camuflaje t\u00e1cticos hombres combate SWAT ej\u00e9rcito militar pantalones de algod\u00f3n muchos bolsillos Stretch Flexible Hombre Pantalones XXXL\" \/><img decoding=\"async\" title=\"IX9 City pantalones de camuflaje t\u00e1cticos hombres combate SWAT ej\u00e9rcito militar pantalones de algod\u00f3n muchos bolsillos Stretch Flexible Hombre Pantalones XXXL\" src=\"https:\/\/bodegaoutdoor.cl\/store\/wp-content\/uploads\/2020\/07\/7244-axt0kf.jpg\" alt=\"IX9 City pantalones de camuflaje t\u00e1cticos hombres combate SWAT ej\u00e9rcito militar pantalones de algod\u00f3n muchos bolsillos Stretch Flexible Hombre Pantalones XXXL\" \/><\/span><\/div>\n<div style=\"text-align: center;\"><span style=\"font-size: 20.0px;\"><img decoding=\"async\" title=\"IX9 City pantalones de camuflaje t\u00e1cticos hombres combate SWAT ej\u00e9rcito militar pantalones de algod\u00f3n muchos bolsillos Stretch Flexible Hombre Pantalones XXXL\" src=\"https:\/\/bodegaoutdoor.cl\/store\/wp-content\/uploads\/2020\/07\/7244-seh0m1.jpg\" alt=\"IX9 City pantalones de camuflaje t\u00e1cticos hombres combate SWAT ej\u00e9rcito militar pantalones de algod\u00f3n muchos bolsillos Stretch Flexible Hombre Pantalones XXXL\" \/><img decoding=\"async\" title=\"IX9 City pantalones de camuflaje t\u00e1cticos hombres combate SWAT ej\u00e9rcito militar pantalones de algod\u00f3n muchos bolsillos Stretch Flexible Hombre Pantalones XXXL\" src=\"https:\/\/bodegaoutdoor.cl\/store\/wp-content\/uploads\/2020\/07\/7244-lgtgdp.jpg\" alt=\"IX9 City pantalones de camuflaje t\u00e1cticos hombres combate SWAT ej\u00e9rcito militar pantalones de algod\u00f3n muchos bolsillos Stretch Flexible Hombre Pantalones XXXL\" \/><\/span><\/div>\n<\/div>\n<div style=\"text-align: center;\"><\/div>\n<div style=\"text-align: center;\">\n<p style=\"text-align: left;\">\n<\/div>\n\n    <div class=\"xs_social_share_widget xs_share_url after_content \t\tmain_content  wslu-style-1 wslu-share-box-shaped wslu-fill-colored wslu-none wslu-share-horizontal wslu-theme-font-no wslu-main_content\">\n\n\t\t\n        <ul>\n\t\t\t        <\/ul>\n    <\/div> \n","protected":false},"excerpt":{"rendered":"<div class=\"woocommerce-product-details__short-description\">\n<div class=\"woocommerce-product-details__short-description\">\n<div class=\"woocommerce-product-details__short-description\">\n<div class=\"woocommerce-product-details__short-description\">\n<div class=\"woocommerce-product-details__short-description\">\n<div class=\"woocommerce-product-details__short-description\">\n<div class=\"woocommerce-product-details__short-description\">\n<div class=\"woocommerce-product-details__short-description\">\n<div class=\"woocommerce-product-details__short-description\">\n<p><span style=\"color: #ff0000;\">PRECIO MAYOR $ 20.000 c\/u<\/span><\/p>\n<\/div>\n<\/div>\n<\/div>\n<\/div>\n<\/div>\n<\/div>\n<\/div>\n<\/div>\n<\/div>\n","protected":false},"featured_media":7269,"comment_status":"open","ping_status":"closed","template":"","meta":{"jetpack_publicize_message":"","jetpack_publicize_feature_enabled":true,"jetpack_social_post_already_shared":true,"jetpack_social_options":{"image_generator_settings":{"template":"highway","enabled":false},"version":2}},"product_brand":[],"product_cat":[190,62],"product_tag":[2780,1461,2558,1457,2781,2044],"class_list":{"0":"post-7244","1":"product","2":"type-product","3":"status-publish","4":"has-post-thumbnail","6":"product_cat-pantalones-hombre","7":"product_cat-vestuario-hombre","8":"product_tag-anticorte","9":"product_tag-facil-secado","10":"product_tag-pantalon","11":"product_tag-respirable","12":"product_tag-ripstop","13":"product_tag-tactico","15":"first","16":"instock","17":"sale","18":"taxable","19":"shipping-taxable","20":"purchasable","21":"product-type-variable","22":"has-default-attributes"},"jetpack_publicize_connections":[],"jetpack_sharing_enabled":true,"_links":{"self":[{"href":"https:\/\/bodegaoutdoor.cl\/store\/wp-json\/wp\/v2\/product\/7244","targetHints":{"allow":["GET"]}}],"collection":[{"href":"https:\/\/bodegaoutdoor.cl\/store\/wp-json\/wp\/v2\/product"}],"about":[{"href":"https:\/\/bodegaoutdoor.cl\/store\/wp-json\/wp\/v2\/types\/product"}],"replies":[{"embeddable":true,"href":"https:\/\/bodegaoutdoor.cl\/store\/wp-json\/wp\/v2\/comments?post=7244"}],"version-history":[{"count":6,"href":"https:\/\/bodegaoutdoor.cl\/store\/wp-json\/wp\/v2\/product\/7244\/revisions"}],"predecessor-version":[{"id":88498,"href":"https:\/\/bodegaoutdoor.cl\/store\/wp-json\/wp\/v2\/product\/7244\/revisions\/88498"}],"wp:featuredmedia":[{"embeddable":true,"href":"https:\/\/bodegaoutdoor.cl\/store\/wp-json\/wp\/v2\/media\/7269"}],"wp:attachment":[{"href":"https:\/\/bodegaoutdoor.cl\/store\/wp-json\/wp\/v2\/media?parent=7244"}],"wp:term":[{"taxonomy":"product_brand","embeddable":true,"href":"https:\/\/bodegaoutdoor.cl\/store\/wp-json\/wp\/v2\/product_brand?post=7244"},{"taxonomy":"product_cat","embeddable":true,"href":"https:\/\/bodegaoutdoor.cl\/store\/wp-json\/wp\/v2\/product_cat?post=7244"},{"taxonomy":"product_tag","embeddable":true,"href":"https:\/\/bodegaoutdoor.cl\/store\/wp-json\/wp\/v2\/product_tag?post=7244"}],"curies":[{"name":"wp","href":"https:\/\/api.w.org\/{rel}","templated":true}]}}