{"id":72592,"date":"2023-05-08T12:22:46","date_gmt":"2023-05-08T16:22:46","guid":{"rendered":"https:\/\/bodegaoutdoor.cl\/store\/product\/chaqueta-de-forro-polar-para-hombre-sueter-tactico-de-caza-calido-con-cremalleras-a-prueba-de-viento-para-exteriores-novedad-de-invierno\/"},"modified":"2023-05-08T19:45:48","modified_gmt":"2023-05-08T23:45:48","slug":"poleron-tactico-polar-a-prueba-de-viento-invierno-montana","status":"publish","type":"product","link":"https:\/\/bodegaoutdoor.cl\/store\/product\/poleron-tactico-polar-a-prueba-de-viento-invierno-montana\/","title":{"rendered":"Poleron tactico Polar a prueba de viento, invierno, Monta\u00f1a"},"content":{"rendered":"<div>\n<div>\n<p>&nbsp;<\/p>\n<p style=\"text-align: center;\" align=\"center\"><strong><span style=\"font-size: 26px;\">Nueva chaqueta de lana de invierno para hombre, caza t\u00e1ctica, cremalleras c\u00e1lidas, jersey de lana, su\u00e9ter c\u00e1lido grueso a prueba de viento para exteriores<\/span><\/strong><\/p>\n<p><img decoding=\"async\" title=\"Chaqueta de forro polar para hombre, su\u00e9ter t\u00e1ctico de caza, c\u00e1lido, con cremalleras, a prueba de viento, para exteriores, novedad de invierno\" src=\"https:\/\/bodegaoutdoor.cl\/store\/wp-content\/uploads\/2023\/05\/72592-oa25ja.jpg\" alt=\"Chaqueta de forro polar para hombre, su\u00e9ter t\u00e1ctico de caza, c\u00e1lido, con cremalleras, a prueba de viento, para exteriores, novedad de invierno\" \/><img decoding=\"async\" title=\"Chaqueta de forro polar para hombre, su\u00e9ter t\u00e1ctico de caza, c\u00e1lido, con cremalleras, a prueba de viento, para exteriores, novedad de invierno\" src=\"https:\/\/bodegaoutdoor.cl\/store\/wp-content\/uploads\/2023\/05\/72592-9wcou0.jpg\" alt=\"Chaqueta de forro polar para hombre, su\u00e9ter t\u00e1ctico de caza, c\u00e1lido, con cremalleras, a prueba de viento, para exteriores, novedad de invierno\" \/><img decoding=\"async\" title=\"Chaqueta de forro polar para hombre, su\u00e9ter t\u00e1ctico de caza, c\u00e1lido, con cremalleras, a prueba de viento, para exteriores, novedad de invierno\" src=\"https:\/\/bodegaoutdoor.cl\/store\/wp-content\/uploads\/2023\/05\/72592-yvxupt.jpg\" alt=\"Chaqueta de forro polar para hombre, su\u00e9ter t\u00e1ctico de caza, c\u00e1lido, con cremalleras, a prueba de viento, para exteriores, novedad de invierno\" \/><img decoding=\"async\" title=\"Chaqueta de forro polar para hombre, su\u00e9ter t\u00e1ctico de caza, c\u00e1lido, con cremalleras, a prueba de viento, para exteriores, novedad de invierno\" src=\"https:\/\/bodegaoutdoor.cl\/store\/wp-content\/uploads\/2023\/05\/72592-h6nh8s.jpg\" alt=\"Chaqueta de forro polar para hombre, su\u00e9ter t\u00e1ctico de caza, c\u00e1lido, con cremalleras, a prueba de viento, para exteriores, novedad de invierno\" \/><img decoding=\"async\" title=\"Chaqueta de forro polar para hombre, su\u00e9ter t\u00e1ctico de caza, c\u00e1lido, con cremalleras, a prueba de viento, para exteriores, novedad de invierno\" src=\"https:\/\/bodegaoutdoor.cl\/store\/wp-content\/uploads\/2023\/05\/72592-hnzytb.jpg\" alt=\"Chaqueta de forro polar para hombre, su\u00e9ter t\u00e1ctico de caza, c\u00e1lido, con cremalleras, a prueba de viento, para exteriores, novedad de invierno\" \/><img decoding=\"async\" title=\"Chaqueta de forro polar para hombre, su\u00e9ter t\u00e1ctico de caza, c\u00e1lido, con cremalleras, a prueba de viento, para exteriores, novedad de invierno\" src=\"https:\/\/bodegaoutdoor.cl\/store\/wp-content\/uploads\/2023\/05\/72592-kouxkq.jpg\" alt=\"Chaqueta de forro polar para hombre, su\u00e9ter t\u00e1ctico de caza, c\u00e1lido, con cremalleras, a prueba de viento, para exteriores, novedad de invierno\" \/><img decoding=\"async\" title=\"Chaqueta de forro polar para hombre, su\u00e9ter t\u00e1ctico de caza, c\u00e1lido, con cremalleras, a prueba de viento, para exteriores, novedad de invierno\" src=\"https:\/\/bodegaoutdoor.cl\/store\/wp-content\/uploads\/2023\/05\/72592-fvttfz.jpg\" alt=\"Chaqueta de forro polar para hombre, su\u00e9ter t\u00e1ctico de caza, c\u00e1lido, con cremalleras, a prueba de viento, para exteriores, novedad de invierno\" \/><img decoding=\"async\" title=\"Chaqueta de forro polar para hombre, su\u00e9ter t\u00e1ctico de caza, c\u00e1lido, con cremalleras, a prueba de viento, para exteriores, novedad de invierno\" src=\"https:\/\/bodegaoutdoor.cl\/store\/wp-content\/uploads\/2023\/05\/72592-clkgww.jpg\" alt=\"Chaqueta de forro polar para hombre, su\u00e9ter t\u00e1ctico de caza, c\u00e1lido, con cremalleras, a prueba de viento, para exteriores, novedad de invierno\" \/><img decoding=\"async\" title=\"Chaqueta de forro polar para hombre, su\u00e9ter t\u00e1ctico de caza, c\u00e1lido, con cremalleras, a prueba de viento, para exteriores, novedad de invierno\" src=\"https:\/\/bodegaoutdoor.cl\/store\/wp-content\/uploads\/2023\/05\/72592-cwnqtk.jpg\" alt=\"Chaqueta de forro polar para hombre, su\u00e9ter t\u00e1ctico de caza, c\u00e1lido, con cremalleras, a prueba de viento, para exteriores, novedad de invierno\" \/><\/p>\n<\/div>\n<\/div>\n\n    <div class=\"xs_social_share_widget xs_share_url after_content \t\tmain_content  wslu-style-1 wslu-share-box-shaped wslu-fill-colored wslu-none wslu-share-horizontal wslu-theme-font-no wslu-main_content\">\n\n\t\t\n        <ul>\n\t\t\t        <\/ul>\n    <\/div> \n","protected":false},"excerpt":{"rendered":"<p>&nbsp; Nueva chaqueta de lana de invierno para hombre, caza t\u00e1ctica, cremalleras c\u00e1lidas, jersey de lana, su\u00e9ter c\u00e1lido grueso a prueba de viento para exteriores<\/p>\n","protected":false},"featured_media":72735,"comment_status":"open","ping_status":"closed","template":"","meta":{"jetpack_publicize_message":"","jetpack_publicize_feature_enabled":true,"jetpack_social_post_already_shared":true,"jetpack_social_options":{"image_generator_settings":{"template":"highway","enabled":false},"version":2}},"product_brand":[],"product_cat":[62],"product_tag":[],"class_list":{"0":"post-72592","1":"product","2":"type-product","3":"status-publish","4":"has-post-thumbnail","6":"product_cat-vestuario-hombre","8":"first","9":"instock","10":"sale","11":"taxable","12":"shipping-taxable","13":"purchasable","14":"product-type-variable"},"jetpack_publicize_connections":[],"jetpack_sharing_enabled":true,"_links":{"self":[{"href":"https:\/\/bodegaoutdoor.cl\/store\/wp-json\/wp\/v2\/product\/72592","targetHints":{"allow":["GET"]}}],"collection":[{"href":"https:\/\/bodegaoutdoor.cl\/store\/wp-json\/wp\/v2\/product"}],"about":[{"href":"https:\/\/bodegaoutdoor.cl\/store\/wp-json\/wp\/v2\/types\/product"}],"replies":[{"embeddable":true,"href":"https:\/\/bodegaoutdoor.cl\/store\/wp-json\/wp\/v2\/comments?post=72592"}],"version-history":[{"count":12,"href":"https:\/\/bodegaoutdoor.cl\/store\/wp-json\/wp\/v2\/product\/72592\/revisions"}],"predecessor-version":[{"id":74309,"href":"https:\/\/bodegaoutdoor.cl\/store\/wp-json\/wp\/v2\/product\/72592\/revisions\/74309"}],"wp:featuredmedia":[{"embeddable":true,"href":"https:\/\/bodegaoutdoor.cl\/store\/wp-json\/wp\/v2\/media\/72735"}],"wp:attachment":[{"href":"https:\/\/bodegaoutdoor.cl\/store\/wp-json\/wp\/v2\/media?parent=72592"}],"wp:term":[{"taxonomy":"product_brand","embeddable":true,"href":"https:\/\/bodegaoutdoor.cl\/store\/wp-json\/wp\/v2\/product_brand?post=72592"},{"taxonomy":"product_cat","embeddable":true,"href":"https:\/\/bodegaoutdoor.cl\/store\/wp-json\/wp\/v2\/product_cat?post=72592"},{"taxonomy":"product_tag","embeddable":true,"href":"https:\/\/bodegaoutdoor.cl\/store\/wp-json\/wp\/v2\/product_tag?post=72592"}],"curies":[{"name":"wp","href":"https:\/\/api.w.org\/{rel}","templated":true}]}}