{"id":73447,"date":"2023-05-08T13:14:54","date_gmt":"2023-05-08T17:14:54","guid":{"rendered":"https:\/\/bodegaoutdoor.cl\/store\/product\/conjunto-de-ropa-interior-termica-para-correr-para-hombre-ropa-interior-de-compresion-de-segunda-piel-para-gimnasio-traje-de-chandal-de-secado-rapido-mma-rashgard-xxxxl\/"},"modified":"2023-05-08T14:11:36","modified_gmt":"2023-05-08T18:11:36","slug":"conjunto-de-ropa-interior-termica-compresion-de-secado-rapido-mma-rashgard","status":"publish","type":"product","link":"https:\/\/bodegaoutdoor.cl\/store\/product\/conjunto-de-ropa-interior-termica-compresion-de-secado-rapido-mma-rashgard\/","title":{"rendered":"Conjunto de ropa interior t\u00e9rmica compresi\u00f3n de secado r\u00e1pido, MMA rashgard"},"content":{"rendered":"<div>\n<p style=\"font-family: OpenSans; font-size: 20px; font-weight: 900; line-height: 28px; margin-bottom: 12px;\">Ropa interior t\u00e9rmica para hombre xxxxl, traje deportivo de compresi\u00f3n, camiseta de entrenamiento para gimnasio + Pantalones, Fitness MMA rashgard, ropa de jogging, ch\u00e1ndal para hombre<\/p>\n<p style=\"font-family: OpenSans; font-size: 14px; font-weight: 300; line-height: 20px; margin-bottom: 12px;\">Conjunto deportivo de ch\u00e1ndal para hombre<\/p>\n<p>Escena aplicable: ropa interior t\u00e9rmica de invierno capa base de forro polar\/ropa de entrenamiento de gimnasio, ropa interior de ciclismo, traje de correr, deportes al aire libre de Fitness, protector de erupci\u00f3n masculino MMA, etc.<br \/>\nTejido: 94% poli\u00e9ster-tejido deportivo de uso com\u00fan<br \/>\nLYCRA 6%-fibras el\u00e1sticas<br \/>\nFunci\u00f3n: Ajuste seco, transpirable, absorbe el sudor, alta elasticidad;<br \/>\nA) : La camisa altamente el\u00e1stica muestra un cuerpo fuerte, proporciona una comodidad cercana,<br \/>\nMejora la eficiencia muscular y reduce la vibraci\u00f3n y el temblor muscular.<br \/>\nB) : esta es una camisa de secado r\u00e1pido transpirable y que absorbe la humedad. Primero,<br \/>\nEl sudor penetrar\u00e1 la tela y luego se volatilizar\u00e1 lentamente durante el proceso de ejercicio.<br \/>\nLa camisa se secar\u00e1 r\u00e1pidamente gracias al tejido de poli\u00e9ster de secado r\u00e1pido.<br \/>\nEsta serie de funciones que no est\u00e1n disponibles en telas de algod\u00f3n puede aliviar el dolor causado por el sudor.<br \/>\n\u00a1La tela absorbente de sudor y de secado r\u00e1pido es la tendencia de la ropa de fitness ahora!<br \/>\nC) : solidez del Color: Nivel 4, empapado en detergente con agua caliente 24 horas, no se decolora;<br \/>\nEsta camisa colorida, c\u00f3moda y suave se siente muy bien sin problemas de pilling.<br \/>\nD) sobre la impresi\u00f3n: serigraf\u00eda, alta elasticidad impermeable, sin grietas, sin ca\u00eddas, sin oxidaci\u00f3n;.<br \/>\nE) : sobre el dise\u00f1o: las l\u00edneas de la ropa est\u00e1n especialmente dise\u00f1adas en funci\u00f3n de la necesidad de ejercicio.<br \/>\n1. Las l\u00edneas a\u00f1adidas pueden fijar la l\u00ednea de pliegue de la solapa y protegerlo de que se rasgue en cualquier ejercicio de alta intensidad;<br \/>\n2. El dise\u00f1o de l\u00edneas juega un papel de fijaci\u00f3n para asegurar una camisa sin deformaci\u00f3n;.<br \/>\n3. El dise\u00f1o de las l\u00edneas es consistente con la suavidad del ejercicio, \u00a1mejorando as\u00ed la comodidad del ejercicio!<br \/>\nF) : sobre la apariencia: el dise\u00f1o de las l\u00edneas te hace lucir delgada y mejora el rendimiento muscular y las curvas del cuerpo.<\/p>\n<\/div>\n<div><img decoding=\"async\" style=\"margin-bottom: 10px;\" title=\"Conjunto de ropa interior t\u00e9rmica para correr para hombre, ropa interior de compresi\u00f3n de segunda piel para gimnasio, traje de ch\u00e1ndal de secado r\u00e1pido, MMA rashgard, xxxxl\" src=\"https:\/\/bodegaoutdoor.cl\/store\/wp-content\/uploads\/2023\/05\/73447-apsup2.jpg\" alt=\"Conjunto de ropa interior t\u00e9rmica para correr para hombre, ropa interior de compresi\u00f3n de segunda piel para gimnasio, traje de ch\u00e1ndal de secado r\u00e1pido, MMA rashgard, xxxxl\" \/><\/div>\n<div>\n<p style=\"font-family: OpenSans; font-size: 20px; font-weight: 900; line-height: 28px; margin-bottom: 12px;\">Tama\u00f1o recomendado<\/p>\n<p style=\"font-size: 13px;\">Sugerimos tama\u00f1o, si es de hecho su propio tama\u00f1o, comun\u00edquese con nosotros. Gracias.<\/p>\n<p>S: altura adecuada 165cm-175cm, peso 55-65kg<\/p>\n<p>M: altura adecuada 165cm-185cm, peso 55-75kg<\/p>\n<p>L: altura adecuada 165cm-190cm, peso 65-80kg<\/p>\n<p>XL: altura adecuada 165cm-195cm, peso 75-90kg<\/p>\n<p>XXL: 170cm-200cm altura adecuada, peso 85-100kg<\/p>\n<p>3XL: altura adecuada 170cm-200cm, peso 95-105kg<\/p>\n<p>4XL: altura adecuada 175cm-200cm, peso 105-110kg<\/p>\n<p>Cuando realice el pedido, aseg\u00farese de ello, si desea cambiar otro tama\u00f1o del cliente, por favor env\u00edeme un mensaje diciendo sobre su peso y altura, Y el tama\u00f1o deseado que necesita, as\u00ed que puedo enviarle el tama\u00f1o correcto, \u00a1Gracias!<\/p>\n<\/div>\n<div><img decoding=\"async\" style=\"margin-bottom: 10px;\" title=\"Conjunto de ropa interior t\u00e9rmica para correr para hombre, ropa interior de compresi\u00f3n de segunda piel para gimnasio, traje de ch\u00e1ndal de secado r\u00e1pido, MMA rashgard, xxxxl\" src=\"https:\/\/bodegaoutdoor.cl\/store\/wp-content\/uploads\/2023\/05\/73447-qekqds.jpg\" alt=\"Conjunto de ropa interior t\u00e9rmica para correr para hombre, ropa interior de compresi\u00f3n de segunda piel para gimnasio, traje de ch\u00e1ndal de secado r\u00e1pido, MMA rashgard, xxxxl\" \/><\/div>\n<div><img fetchpriority=\"high\" decoding=\"async\" class=\"alignnone size-medium wp-image-74085\" src=\"https:\/\/bodegaoutdoor.cl\/store\/wp-content\/uploads\/2023\/05\/345204727_627118912613222_1806546328350212979_n-300x291.jpg\" alt=\"\" width=\"300\" height=\"291\" srcset=\"https:\/\/bodegaoutdoor.cl\/store\/wp-content\/uploads\/2023\/05\/345204727_627118912613222_1806546328350212979_n-300x291.jpg 300w, https:\/\/bodegaoutdoor.cl\/store\/wp-content\/uploads\/2023\/05\/345204727_627118912613222_1806546328350212979_n-600x581.jpg 600w, https:\/\/bodegaoutdoor.cl\/store\/wp-content\/uploads\/2023\/05\/345204727_627118912613222_1806546328350212979_n-768x744.jpg 768w, https:\/\/bodegaoutdoor.cl\/store\/wp-content\/uploads\/2023\/05\/345204727_627118912613222_1806546328350212979_n.jpg 960w\" sizes=\"(max-width: 300px) 100vw, 300px\" \/> <img decoding=\"async\" class=\"alignnone size-medium wp-image-74084\" src=\"https:\/\/bodegaoutdoor.cl\/store\/wp-content\/uploads\/2023\/05\/345149136_6386375301412992_8346035642047078724_n-212x300.jpg\" alt=\"\" width=\"212\" height=\"300\" srcset=\"https:\/\/bodegaoutdoor.cl\/store\/wp-content\/uploads\/2023\/05\/345149136_6386375301412992_8346035642047078724_n-212x300.jpg 212w, https:\/\/bodegaoutdoor.cl\/store\/wp-content\/uploads\/2023\/05\/345149136_6386375301412992_8346035642047078724_n-600x848.jpg 600w, https:\/\/bodegaoutdoor.cl\/store\/wp-content\/uploads\/2023\/05\/345149136_6386375301412992_8346035642047078724_n-725x1024.jpg 725w, https:\/\/bodegaoutdoor.cl\/store\/wp-content\/uploads\/2023\/05\/345149136_6386375301412992_8346035642047078724_n-768x1085.jpg 768w, https:\/\/bodegaoutdoor.cl\/store\/wp-content\/uploads\/2023\/05\/345149136_6386375301412992_8346035642047078724_n.jpg 945w\" sizes=\"(max-width: 212px) 100vw, 212px\" \/> <img decoding=\"async\" class=\"alignnone size-medium wp-image-74083\" src=\"https:\/\/bodegaoutdoor.cl\/store\/wp-content\/uploads\/2023\/05\/345065089_1412436589592053_977804889890915799_n-216x300.jpg\" alt=\"\" width=\"216\" height=\"300\" srcset=\"https:\/\/bodegaoutdoor.cl\/store\/wp-content\/uploads\/2023\/05\/345065089_1412436589592053_977804889890915799_n-216x300.jpg 216w, https:\/\/bodegaoutdoor.cl\/store\/wp-content\/uploads\/2023\/05\/345065089_1412436589592053_977804889890915799_n-600x834.jpg 600w, https:\/\/bodegaoutdoor.cl\/store\/wp-content\/uploads\/2023\/05\/345065089_1412436589592053_977804889890915799_n-737x1024.jpg 737w, https:\/\/bodegaoutdoor.cl\/store\/wp-content\/uploads\/2023\/05\/345065089_1412436589592053_977804889890915799_n-768x1067.jpg 768w, https:\/\/bodegaoutdoor.cl\/store\/wp-content\/uploads\/2023\/05\/345065089_1412436589592053_977804889890915799_n-1024x1423.jpg 1024w, https:\/\/bodegaoutdoor.cl\/store\/wp-content\/uploads\/2023\/05\/345065089_1412436589592053_977804889890915799_n.jpg 1080w\" sizes=\"(max-width: 216px) 100vw, 216px\" \/> <img loading=\"lazy\" decoding=\"async\" class=\"alignnone size-medium wp-image-74064\" src=\"https:\/\/bodegaoutdoor.cl\/store\/wp-content\/uploads\/2023\/05\/73447-uefrds-300x300.jpg\" alt=\"\" width=\"300\" height=\"300\" srcset=\"https:\/\/bodegaoutdoor.cl\/store\/wp-content\/uploads\/2023\/05\/73447-uefrds-300x300.jpg 300w, https:\/\/bodegaoutdoor.cl\/store\/wp-content\/uploads\/2023\/05\/73447-uefrds-100x100.jpg 100w, https:\/\/bodegaoutdoor.cl\/store\/wp-content\/uploads\/2023\/05\/73447-uefrds-600x600.jpg 600w, https:\/\/bodegaoutdoor.cl\/store\/wp-content\/uploads\/2023\/05\/73447-uefrds-150x150.jpg 150w, https:\/\/bodegaoutdoor.cl\/store\/wp-content\/uploads\/2023\/05\/73447-uefrds-768x768.jpg 768w, https:\/\/bodegaoutdoor.cl\/store\/wp-content\/uploads\/2023\/05\/73447-uefrds-350x350.jpg 350w, https:\/\/bodegaoutdoor.cl\/store\/wp-content\/uploads\/2023\/05\/73447-uefrds.jpg 800w\" sizes=\"(max-width: 300px) 100vw, 300px\" \/> <img loading=\"lazy\" decoding=\"async\" class=\"alignnone size-medium wp-image-74062\" src=\"https:\/\/bodegaoutdoor.cl\/store\/wp-content\/uploads\/2023\/05\/73447-k3ayzv-300x300.jpg\" alt=\"\" width=\"300\" height=\"300\" srcset=\"https:\/\/bodegaoutdoor.cl\/store\/wp-content\/uploads\/2023\/05\/73447-k3ayzv-300x300.jpg 300w, https:\/\/bodegaoutdoor.cl\/store\/wp-content\/uploads\/2023\/05\/73447-k3ayzv-100x100.jpg 100w, https:\/\/bodegaoutdoor.cl\/store\/wp-content\/uploads\/2023\/05\/73447-k3ayzv-600x600.jpg 600w, https:\/\/bodegaoutdoor.cl\/store\/wp-content\/uploads\/2023\/05\/73447-k3ayzv-150x150.jpg 150w, https:\/\/bodegaoutdoor.cl\/store\/wp-content\/uploads\/2023\/05\/73447-k3ayzv-768x768.jpg 768w, https:\/\/bodegaoutdoor.cl\/store\/wp-content\/uploads\/2023\/05\/73447-k3ayzv-350x350.jpg 350w, https:\/\/bodegaoutdoor.cl\/store\/wp-content\/uploads\/2023\/05\/73447-k3ayzv.jpg 800w\" sizes=\"(max-width: 300px) 100vw, 300px\" \/> <img loading=\"lazy\" decoding=\"async\" class=\"alignnone size-medium wp-image-74056\" src=\"https:\/\/bodegaoutdoor.cl\/store\/wp-content\/uploads\/2023\/05\/73447-skc8pn-300x300.jpg\" alt=\"\" width=\"300\" height=\"300\" srcset=\"https:\/\/bodegaoutdoor.cl\/store\/wp-content\/uploads\/2023\/05\/73447-skc8pn-300x300.jpg 300w, https:\/\/bodegaoutdoor.cl\/store\/wp-content\/uploads\/2023\/05\/73447-skc8pn-100x100.jpg 100w, https:\/\/bodegaoutdoor.cl\/store\/wp-content\/uploads\/2023\/05\/73447-skc8pn-600x600.jpg 600w, https:\/\/bodegaoutdoor.cl\/store\/wp-content\/uploads\/2023\/05\/73447-skc8pn-150x150.jpg 150w, https:\/\/bodegaoutdoor.cl\/store\/wp-content\/uploads\/2023\/05\/73447-skc8pn-768x768.jpg 768w, https:\/\/bodegaoutdoor.cl\/store\/wp-content\/uploads\/2023\/05\/73447-skc8pn-350x350.jpg 350w, https:\/\/bodegaoutdoor.cl\/store\/wp-content\/uploads\/2023\/05\/73447-skc8pn.jpg 800w\" sizes=\"(max-width: 300px) 100vw, 300px\" \/> <img decoding=\"async\" style=\"margin-bottom: 10px;\" title=\"Conjunto de ropa interior t\u00e9rmica para correr para hombre, ropa interior de compresi\u00f3n de segunda piel para gimnasio, traje de ch\u00e1ndal de secado r\u00e1pido, MMA rashgard, xxxxl\" src=\"https:\/\/bodegaoutdoor.cl\/store\/wp-content\/uploads\/2023\/05\/73447-zsdfvl.jpg\" alt=\"Conjunto de ropa interior t\u00e9rmica para correr para hombre, ropa interior de compresi\u00f3n de segunda piel para gimnasio, traje de ch\u00e1ndal de secado r\u00e1pido, MMA rashgard, xxxxl\" \/><\/div>\n\n    <div class=\"xs_social_share_widget xs_share_url after_content \t\tmain_content  wslu-style-1 wslu-share-box-shaped wslu-fill-colored wslu-none wslu-share-horizontal wslu-theme-font-no wslu-main_content\">\n\n\t\t\n        <ul>\n\t\t\t        <\/ul>\n    <\/div> \n","protected":false},"excerpt":{"rendered":"<p>Ropa interior t\u00e9rmica para hombre xxxxl, traje deportivo de compresi\u00f3n, camiseta de entrenamiento para gimnasio + Pantalones, Fitness MMA rashgard, ropa de jogging, ch\u00e1ndal para hombre Conjunto deportivo de ch\u00e1ndal para hombre Escena aplicable: ropa interior t\u00e9rmica de invierno capa base de forro polar\/ropa de entrenamiento de gimnasio, ropa interior de ciclismo, traje de correr, [&hellip;]<\/p>\n","protected":false},"featured_media":74085,"comment_status":"open","ping_status":"closed","template":"","meta":{"jetpack_publicize_message":"","jetpack_publicize_feature_enabled":true,"jetpack_social_post_already_shared":true,"jetpack_social_options":{"image_generator_settings":{"template":"highway","enabled":false},"version":2}},"product_brand":[],"product_cat":[71,62],"product_tag":[],"class_list":{"0":"post-73447","1":"product","2":"type-product","3":"status-publish","4":"has-post-thumbnail","6":"product_cat-hombre-primera","7":"product_cat-vestuario-hombre","9":"first","10":"instock","11":"sale","12":"taxable","13":"shipping-taxable","14":"purchasable","15":"product-type-variable"},"jetpack_publicize_connections":[],"jetpack_sharing_enabled":true,"_links":{"self":[{"href":"https:\/\/bodegaoutdoor.cl\/store\/wp-json\/wp\/v2\/product\/73447","targetHints":{"allow":["GET"]}}],"collection":[{"href":"https:\/\/bodegaoutdoor.cl\/store\/wp-json\/wp\/v2\/product"}],"about":[{"href":"https:\/\/bodegaoutdoor.cl\/store\/wp-json\/wp\/v2\/types\/product"}],"replies":[{"embeddable":true,"href":"https:\/\/bodegaoutdoor.cl\/store\/wp-json\/wp\/v2\/comments?post=73447"}],"version-history":[{"count":29,"href":"https:\/\/bodegaoutdoor.cl\/store\/wp-json\/wp\/v2\/product\/73447\/revisions"}],"predecessor-version":[{"id":74092,"href":"https:\/\/bodegaoutdoor.cl\/store\/wp-json\/wp\/v2\/product\/73447\/revisions\/74092"}],"wp:featuredmedia":[{"embeddable":true,"href":"https:\/\/bodegaoutdoor.cl\/store\/wp-json\/wp\/v2\/media\/74085"}],"wp:attachment":[{"href":"https:\/\/bodegaoutdoor.cl\/store\/wp-json\/wp\/v2\/media?parent=73447"}],"wp:term":[{"taxonomy":"product_brand","embeddable":true,"href":"https:\/\/bodegaoutdoor.cl\/store\/wp-json\/wp\/v2\/product_brand?post=73447"},{"taxonomy":"product_cat","embeddable":true,"href":"https:\/\/bodegaoutdoor.cl\/store\/wp-json\/wp\/v2\/product_cat?post=73447"},{"taxonomy":"product_tag","embeddable":true,"href":"https:\/\/bodegaoutdoor.cl\/store\/wp-json\/wp\/v2\/product_tag?post=73447"}],"curies":[{"name":"wp","href":"https:\/\/api.w.org\/{rel}","templated":true}]}}