{"id":74094,"date":"2023-05-08T18:41:17","date_gmt":"2023-05-08T22:41:17","guid":{"rendered":"https:\/\/bodegaoutdoor.cl\/store\/product\/gorra-de-ciclismo-de-calidad-pasamontanas-de-esqui-gorro-a-prueba-de-viento-para-exteriores-capucha-acolchada-fria-gorros-de-felpa-gorro-calido-invierno-nuevo\/"},"modified":"2023-05-08T18:57:04","modified_gmt":"2023-05-08T22:57:04","slug":"gorra-pasamontanas-gorro-a-prueba-de-viento-capucha-acolchada","status":"publish","type":"product","link":"https:\/\/bodegaoutdoor.cl\/store\/product\/gorra-pasamontanas-gorro-a-prueba-de-viento-capucha-acolchada\/","title":{"rendered":"Gorra pasamonta\u00f1as, gorro a prueba de viento, capucha acolchada"},"content":{"rendered":"<div>\n<div>\n<div>\n<div>\n<div><\/div>\n<div>\n<div><\/div>\n<div>\n<div>\n<div>\n<div>\n<p>Caracter\u00edstica del producto<\/p>\n<\/div>\n<div>\n<div>\n<div>\n<p>Caracter\u00edstica:<\/p>\n<p>\u00a1Nuevo y de alta calidad!<\/p>\n<p>Cobertura completa de cara y cuello dise\u00f1ada<\/p>\n<p>Unisex, no solo para hombres sino tambi\u00e9n para mujeres<\/p>\n<p>Material: poli\u00e9ster y forro polar<\/p>\n<p>Color: Como lo muestra la imagen<\/p>\n<p>Prot\u00e9jase de los deportes al aire libre en climas fr\u00edos.<\/p>\n<p>Dise\u00f1o de cobertura de cara y cuello completo.<\/p>\n<p>Materiales suaves, c\u00e1lidos y c\u00f3modos.<\/p>\n<\/div>\n<div><\/div>\n<p>Contener:<\/p>\n<p>1 gorro cortavientos<\/p>\n<\/div>\n<\/div>\n<\/div>\n<div>\n<div><\/div>\n<div>\n<h3>Fotos del producto<\/h3>\n<\/div>\n<p><img fetchpriority=\"high\" decoding=\"async\" class=\"alignnone size-medium wp-image-74204\" src=\"https:\/\/bodegaoutdoor.cl\/store\/wp-content\/uploads\/2023\/05\/344736691_201841002642924_2467981776063708497_n-300x300.jpg\" alt=\"\" width=\"300\" height=\"300\" srcset=\"https:\/\/bodegaoutdoor.cl\/store\/wp-content\/uploads\/2023\/05\/344736691_201841002642924_2467981776063708497_n-300x300.jpg 300w, https:\/\/bodegaoutdoor.cl\/store\/wp-content\/uploads\/2023\/05\/344736691_201841002642924_2467981776063708497_n-100x100.jpg 100w, https:\/\/bodegaoutdoor.cl\/store\/wp-content\/uploads\/2023\/05\/344736691_201841002642924_2467981776063708497_n-600x599.jpg 600w, https:\/\/bodegaoutdoor.cl\/store\/wp-content\/uploads\/2023\/05\/344736691_201841002642924_2467981776063708497_n-150x150.jpg 150w, https:\/\/bodegaoutdoor.cl\/store\/wp-content\/uploads\/2023\/05\/344736691_201841002642924_2467981776063708497_n-768x767.jpg 768w, https:\/\/bodegaoutdoor.cl\/store\/wp-content\/uploads\/2023\/05\/344736691_201841002642924_2467981776063708497_n-350x350.jpg 350w, https:\/\/bodegaoutdoor.cl\/store\/wp-content\/uploads\/2023\/05\/344736691_201841002642924_2467981776063708497_n.jpg 960w\" sizes=\"(max-width: 300px) 100vw, 300px\" \/><\/p>\n<\/div>\n<p><img decoding=\"async\" src=\"\/\/ae01.alicdn.com\/kf\/Sf8cf6c66bd864a77b5fddab77dca4724t.jpg\" \/><\/p>\n<p><img decoding=\"async\" src=\"\/\/ae01.alicdn.com\/kf\/Sfd0423702926438fab2e298e43769e94m.jpg\" \/><\/p>\n<p><img decoding=\"async\" src=\"\/\/ae01.alicdn.com\/kf\/Scd8546081584404e92f10e6a74876458U.jpg\" \/><\/p>\n<p><img decoding=\"async\" src=\"\/\/ae01.alicdn.com\/kf\/Sbb0a0f1b6d7c4dcbb9e4a86812cb6a38k.jpg\" \/><\/p>\n<p><img decoding=\"async\" src=\"\/\/ae01.alicdn.com\/kf\/Se9435e2c35374e8281904b47a78eaac4Q.jpg\" \/><\/p>\n<p><img decoding=\"async\" src=\"\/\/ae01.alicdn.com\/kf\/S7b2d90c0990b4336b25bfd6341ecf732z.jpg\" \/><\/p>\n<p><img decoding=\"async\" src=\"\/\/ae01.alicdn.com\/kf\/S11583b74639f48a38aadcbf9dc66ff07l.jpg\" \/><\/p>\n<p><img decoding=\"async\" src=\"\/\/ae01.alicdn.com\/kf\/S97b504ca2bc04841b370d8745e42fd27K.jpg\" \/><\/p>\n<h1>Estilo 2 Gorra de ciclismo Esqu\u00ed Pasamonta\u00f1as Gorra a prueba de viento de invierno Gorra de capucha al aire libre<\/h1>\n<p><img decoding=\"async\" src=\"\/\/ae01.alicdn.com\/kf\/Sd5969872594e434f87317618bf85af054.jpg\" \/><img decoding=\"async\" src=\"\/\/ae01.alicdn.com\/kf\/S62c43c81844e432ca989344a17a3ca53S.jpg\" \/><img decoding=\"async\" src=\"\/\/ae01.alicdn.com\/kf\/Sb6150c89de9e4caa9576c2027bd0513cJ.jpg\" \/><img decoding=\"async\" src=\"\/\/ae01.alicdn.com\/kf\/Sf8ff60c4f6cf48be86e926ee6974e8fda.jpg\" \/><img decoding=\"async\" src=\"\/\/ae01.alicdn.com\/kf\/S6bb3cbaae70f424d94b5744a90279686C.jpg\" \/><img decoding=\"async\" src=\"\/\/ae01.alicdn.com\/kf\/Sbda448491dc845f88459e6385b3aa32fZ.jpg\" \/><img decoding=\"async\" src=\"\/\/ae01.alicdn.com\/kf\/S9720a59f203a4e00b110ce54c77f004a9.jpg\" \/><\/p>\n<div><\/div>\n<\/div>\n<div><\/div>\n<\/div>\n<\/div>\n<\/div>\n<\/div>\n<p>&nbsp;<\/p>\n<\/div>\n<\/div>\n\n    <div class=\"xs_social_share_widget xs_share_url after_content \t\tmain_content  wslu-style-1 wslu-share-box-shaped wslu-fill-colored wslu-none wslu-share-horizontal wslu-theme-font-no wslu-main_content\">\n\n\t\t\n        <ul>\n\t\t\t        <\/ul>\n    <\/div> \n","protected":false},"excerpt":{"rendered":"<p>Caracter\u00edstica del producto Caracter\u00edstica: \u00a1Nuevo y de alta calidad! Cobertura completa de cara y cuello dise\u00f1ada Unisex, no solo para hombres sino tambi\u00e9n para mujeres Material: poli\u00e9ster y forro polar Color: Como lo muestra la imagen Prot\u00e9jase de los deportes al aire libre en climas fr\u00edos. Dise\u00f1o de cobertura de cara y cuello completo. Materiales [&hellip;]<\/p>\n","protected":false},"featured_media":74108,"comment_status":"open","ping_status":"closed","template":"","meta":{"jetpack_publicize_message":"","jetpack_publicize_feature_enabled":true,"jetpack_social_post_already_shared":true,"jetpack_social_options":{"image_generator_settings":{"template":"highway","enabled":false},"version":2}},"product_brand":[],"product_cat":[62],"product_tag":[],"class_list":{"0":"post-74094","1":"product","2":"type-product","3":"status-publish","4":"has-post-thumbnail","6":"product_cat-vestuario-hombre","8":"first","9":"instock","10":"sale","11":"taxable","12":"shipping-taxable","13":"purchasable","14":"product-type-variable"},"jetpack_publicize_connections":[],"jetpack_sharing_enabled":true,"_links":{"self":[{"href":"https:\/\/bodegaoutdoor.cl\/store\/wp-json\/wp\/v2\/product\/74094","targetHints":{"allow":["GET"]}}],"collection":[{"href":"https:\/\/bodegaoutdoor.cl\/store\/wp-json\/wp\/v2\/product"}],"about":[{"href":"https:\/\/bodegaoutdoor.cl\/store\/wp-json\/wp\/v2\/types\/product"}],"replies":[{"embeddable":true,"href":"https:\/\/bodegaoutdoor.cl\/store\/wp-json\/wp\/v2\/comments?post=74094"}],"version-history":[{"count":23,"href":"https:\/\/bodegaoutdoor.cl\/store\/wp-json\/wp\/v2\/product\/74094\/revisions"}],"predecessor-version":[{"id":74206,"href":"https:\/\/bodegaoutdoor.cl\/store\/wp-json\/wp\/v2\/product\/74094\/revisions\/74206"}],"wp:featuredmedia":[{"embeddable":true,"href":"https:\/\/bodegaoutdoor.cl\/store\/wp-json\/wp\/v2\/media\/74108"}],"wp:attachment":[{"href":"https:\/\/bodegaoutdoor.cl\/store\/wp-json\/wp\/v2\/media?parent=74094"}],"wp:term":[{"taxonomy":"product_brand","embeddable":true,"href":"https:\/\/bodegaoutdoor.cl\/store\/wp-json\/wp\/v2\/product_brand?post=74094"},{"taxonomy":"product_cat","embeddable":true,"href":"https:\/\/bodegaoutdoor.cl\/store\/wp-json\/wp\/v2\/product_cat?post=74094"},{"taxonomy":"product_tag","embeddable":true,"href":"https:\/\/bodegaoutdoor.cl\/store\/wp-json\/wp\/v2\/product_tag?post=74094"}],"curies":[{"name":"wp","href":"https:\/\/api.w.org\/{rel}","templated":true}]}}