{"id":74168,"date":"2023-05-08T18:51:49","date_gmt":"2023-05-08T22:51:49","guid":{"rendered":"https:\/\/bodegaoutdoor.cl\/store\/product\/guantes-de-punto-de-alta-calidad-para-hombre-manopla-gruesa-y-calida-de-lana-y-cachemira-de-negocios-otono-e-invierno\/"},"modified":"2023-05-08T18:54:55","modified_gmt":"2023-05-08T22:54:55","slug":"guantes-alta-calidad-tela-gruesa-y-calida-de-lana-y-cachemira","status":"publish","type":"product","link":"https:\/\/bodegaoutdoor.cl\/store\/product\/guantes-alta-calidad-tela-gruesa-y-calida-de-lana-y-cachemira\/","title":{"rendered":"Guantes alta calidad tela gruesa y c\u00e1lida de lana y Cachemira"},"content":{"rendered":"<p style=\"text-align: center;\"><video style=\"max-width: 100%;\" src=\"\/\/video.aliexpress-media.com\/play\/u\/ae_sg_item\/2207106687435\/p\/1\/e\/6\/t\/10301\/328162733289.mp4\" poster=\"https:\/\/ae01.alicdn.com\/kf\/S76070c1d52bb45beb49dd0f13916afa4O\/Guantes-de-punto-de-alta-calidad-para-hombre-manopla-gruesa-y-c-lida-de-lana-y.jpg,https:\/\/ae01.alicdn.com\/kf\/S2cfa09afea75480d9f5c6387563e17b8r\/Guantes-de-punto-de-alta-calidad-para-hombre-manopla-gruesa-y-c-lida-de-lana-y.jpg,https:\/\/ae01.alicdn.com\/kf\/S6632fae296a746e8a710dabbad5461b0Q\/Guantes-de-punto-de-alta-calidad-para-hombre-manopla-gruesa-y-c-lida-de-lana-y.jpg,https:\/\/ae01.alicdn.com\/kf\/S8c96d511f0f149c5afe6c1a87dda10c4Z\/Guantes-de-punto-de-alta-calidad-para-hombre-manopla-gruesa-y-c-lida-de-lana-y.jpg,https:\/\/ae01.alicdn.com\/kf\/Scac561f2332b459b8ed93a7460c2e1dcU\/Guantes-de-punto-de-alta-calidad-para-hombre-manopla-gruesa-y-c-lida-de-lana-y.jpg,https:\/\/ae01.alicdn.com\/kf\/S4d74e27432f14350a277bc5382c718b4i\/Guantes-de-punto-de-alta-calidad-para-hombre-manopla-gruesa-y-c-lida-de-lana-y.jpg\" preload=\"auto\" controls=\"controls\" width=\"100%\" height=\"100%\"><\/video><\/p>\n<div style=\"margin: 10px auto 0; max-width: 100%;\">\n<p>&nbsp;<\/p>\n<div style=\"margin-top: -74.46%;\">\n<div style=\"margin-left: 25.0%; margin-top: -37.23%; width: 25.0%;\"><a href=\"\/\/www.aliexpress.com\/item\/detail\/1005002193521081.html\" target=\"_blank\" rel=\"noopener\"><img decoding=\"async\" style=\"width: 233px; height: 347px;\" src=\"https:\/\/bodegaoutdoor.cl\/store\/wp-content\/uploads\/2023\/05\/74168-meoajh.jpg\" \/><\/a><\/div>\n<div style=\"margin-left: 50.0%; margin-top: -37.23%; width: 25.0%;\"><a href=\"\/\/www.aliexpress.com\/item\/detail\/1005002400229149.html\" target=\"_blank\" rel=\"noopener\"><img decoding=\"async\" style=\"width: 233px; height: 347px;\" src=\"https:\/\/bodegaoutdoor.cl\/store\/wp-content\/uploads\/2023\/05\/74168-meoajh.jpg\" \/><\/a><\/div>\n<div style=\"margin-left: 75.0%; margin-top: -37.23%; width: 25.0%;\"><a href=\"\/\/www.aliexpress.com\/item\/detail\/1005002651969994.html\" target=\"_blank\" rel=\"noopener\"><img decoding=\"async\" style=\"width: 233px; height: 347px;\" src=\"https:\/\/bodegaoutdoor.cl\/store\/wp-content\/uploads\/2023\/05\/74168-meoajh.jpg\" \/><\/a><\/div>\n<div style=\"margin-left: 25.0%; margin-top: -37.23%; width: 25.0%;\"><\/div>\n<div style=\"margin-left: 50.0%; margin-top: -37.23%; width: 25.0%;\"><a href=\"\/\/www.aliexpress.com\/item\/detail\/1005002206606858.html\" target=\"_blank\" rel=\"noopener\"><img decoding=\"async\" style=\"width: 233px; height: 347px;\" src=\"https:\/\/bodegaoutdoor.cl\/store\/wp-content\/uploads\/2023\/05\/74168-meoajh.jpg\" \/><\/a><\/div>\n<div style=\"margin-left: 75.0%; margin-top: -37.23%; width: 25.0%;\"><a href=\"\/\/www.aliexpress.com\/item\/detail\/1005003042217093.html\" target=\"_blank\" rel=\"noopener\"><img decoding=\"async\" style=\"width: 233px; height: 347px;\" src=\"https:\/\/bodegaoutdoor.cl\/store\/wp-content\/uploads\/2023\/05\/74168-meoajh.jpg\" \/><\/a><\/div>\n<\/div>\n<\/div>\n<div>\n<div>\n<div>\n<div>\n<div>\n<div>\n<div style=\"margin: 0 auto; max-width: 1000px;\">\n<p style=\"overflow: hidden; height: 1px; padding: 0; margin: 0;\">\n<\/div>\n<div id=\"offer-template-0\"><span style=\"font-size: 18px;\"><span style=\"font-family: Arial,Helvetica,sans-serif;\">Precauciones: 1. Dependemos de la satisfacci\u00f3n de nuestros clientes para tener \u00e9xito. Por lo tanto, sus comentarios son extremadamente importantes para nosotros. 2. Si est\u00e1s satisfecho con nuestros art\u00edculos, d\u00e9janos un comentario activo, \u00a1Gracias! 3. \u00a1Cont\u00e1ctenos antes de dejar cualquier comentario negativo! Trabajaremos con usted para resolver cualquier problema.<br \/>\nAcerca de ese producto: 1. Permita una desviaci\u00f3n de medici\u00f3n de 1-3cm y verifique el tama\u00f1o antes de realizar el pedido. 2. Tenga en cuenta que la ligera diferencia de color debe ser aceptable debido a la luz y la pantalla.<\/span><\/span><\/div>\n<p><img decoding=\"async\" src=\"https:\/\/bodegaoutdoor.cl\/store\/wp-content\/uploads\/2023\/05\/74168-qzt9nt.jpg\" \/><br \/>\n<img decoding=\"async\" src=\"\/\/ae01.alicdn.com\/kf\/H085863a08e804af1a4ef4cf40f044272A.jpg?width=790&amp;height=1000&amp;hash=1790\" \/><br \/>\n<img decoding=\"async\" src=\"https:\/\/bodegaoutdoor.cl\/store\/wp-content\/uploads\/2023\/05\/74168-qdvpob.jpg\" \/><\/p>\n<p><img decoding=\"async\" src=\"https:\/\/bodegaoutdoor.cl\/store\/wp-content\/uploads\/2023\/05\/74168-wwspoc.jpg\" \/><br \/>\n<img decoding=\"async\" src=\"\/\/ae01.alicdn.com\/kf\/H70d5c32222b24801944b02a295999009r.jpg?width=790&amp;height=790&amp;hash=1580\" \/><br \/>\n<img decoding=\"async\" src=\"\/\/ae01.alicdn.com\/kf\/H557412c573204148b1953ddc8ac956eb1.jpg?width=790&amp;height=821&amp;hash=1611\" \/><br \/>\n<img decoding=\"async\" src=\"\/\/ae01.alicdn.com\/kf\/He294b3a42e3b4eef898632c9c4da9ee1P.jpg?width=800&amp;height=723&amp;hash=1523\" width=\"790\" height=\"999.35\" \/><\/p>\n<p><img decoding=\"async\" src=\"\/\/ae01.alicdn.com\/kf\/Hecf40b465c8c48bdaf46b1791babea37i.jpg?width=790&amp;height=790&amp;hash=1580\" \/><\/p>\n<\/div>\n<\/div>\n<\/div>\n<\/div>\n<\/div>\n<\/div>\n\n    <div class=\"xs_social_share_widget xs_share_url after_content \t\tmain_content  wslu-style-1 wslu-share-box-shaped wslu-fill-colored wslu-none wslu-share-horizontal wslu-theme-font-no wslu-main_content\">\n\n\t\t\n        <ul>\n\t\t\t        <\/ul>\n    <\/div> \n","protected":false},"excerpt":{"rendered":"<p>&nbsp; Precauciones: 1. Dependemos de la satisfacci\u00f3n de nuestros clientes para tener \u00e9xito. Por lo tanto, sus comentarios son extremadamente importantes para nosotros. 2. Si est\u00e1s satisfecho con nuestros art\u00edculos, d\u00e9janos un comentario activo, \u00a1Gracias! 3. \u00a1Cont\u00e1ctenos antes de dejar cualquier comentario negativo! Trabajaremos con usted para resolver cualquier problema. Acerca de ese producto: 1. [&hellip;]<\/p>\n","protected":false},"featured_media":74173,"comment_status":"open","ping_status":"closed","template":"","meta":{"jetpack_publicize_message":"","jetpack_publicize_feature_enabled":true,"jetpack_social_post_already_shared":true,"jetpack_social_options":{"image_generator_settings":{"template":"highway","enabled":false},"version":2}},"product_brand":[],"product_cat":[490],"product_tag":[],"class_list":{"0":"post-74168","1":"product","2":"type-product","3":"status-publish","4":"has-post-thumbnail","6":"product_cat-guantes","8":"first","9":"instock","10":"sale","11":"taxable","12":"shipping-taxable","13":"purchasable","14":"product-type-variable"},"jetpack_publicize_connections":[],"jetpack_sharing_enabled":true,"_links":{"self":[{"href":"https:\/\/bodegaoutdoor.cl\/store\/wp-json\/wp\/v2\/product\/74168","targetHints":{"allow":["GET"]}}],"collection":[{"href":"https:\/\/bodegaoutdoor.cl\/store\/wp-json\/wp\/v2\/product"}],"about":[{"href":"https:\/\/bodegaoutdoor.cl\/store\/wp-json\/wp\/v2\/types\/product"}],"replies":[{"embeddable":true,"href":"https:\/\/bodegaoutdoor.cl\/store\/wp-json\/wp\/v2\/comments?post=74168"}],"version-history":[{"count":12,"href":"https:\/\/bodegaoutdoor.cl\/store\/wp-json\/wp\/v2\/product\/74168\/revisions"}],"predecessor-version":[{"id":74203,"href":"https:\/\/bodegaoutdoor.cl\/store\/wp-json\/wp\/v2\/product\/74168\/revisions\/74203"}],"wp:featuredmedia":[{"embeddable":true,"href":"https:\/\/bodegaoutdoor.cl\/store\/wp-json\/wp\/v2\/media\/74173"}],"wp:attachment":[{"href":"https:\/\/bodegaoutdoor.cl\/store\/wp-json\/wp\/v2\/media?parent=74168"}],"wp:term":[{"taxonomy":"product_brand","embeddable":true,"href":"https:\/\/bodegaoutdoor.cl\/store\/wp-json\/wp\/v2\/product_brand?post=74168"},{"taxonomy":"product_cat","embeddable":true,"href":"https:\/\/bodegaoutdoor.cl\/store\/wp-json\/wp\/v2\/product_cat?post=74168"},{"taxonomy":"product_tag","embeddable":true,"href":"https:\/\/bodegaoutdoor.cl\/store\/wp-json\/wp\/v2\/product_tag?post=74168"}],"curies":[{"name":"wp","href":"https:\/\/api.w.org\/{rel}","templated":true}]}}