{"id":74311,"date":"2023-05-09T17:35:42","date_gmt":"2023-05-09T21:35:42","guid":{"rendered":"https:\/\/bodegaoutdoor.cl\/store\/product\/mege-chaqueta-y-abrigo-de-lana-para-hombre-ropa-militar-tactica-del-ejercito-a-prueba-de-viento-abrigo-militar-calido-para-invierno\/"},"modified":"2023-05-16T20:06:31","modified_gmt":"2023-05-17T00:06:31","slug":"mege-chaqueta-y-abrigo-de-lana-para-hombre-ropa-militar-tactica-del-ejercito-a-prueba-de-viento-abrigo-militar-calido-para-invierno","status":"publish","type":"product","link":"https:\/\/bodegaoutdoor.cl\/store\/product\/mege-chaqueta-y-abrigo-de-lana-para-hombre-ropa-militar-tactica-del-ejercito-a-prueba-de-viento-abrigo-militar-calido-para-invierno\/","title":{"rendered":"Poleron chaqueta polar tactico con cuello 2Densidad"},"content":{"rendered":"<div>\n<div>\n<div style=\"margin-left: -2.2964509394572%; margin-top: -50.417536534447%; width: 66.388308977035%;\"><a href=\"\/\/www.aliexpress.com\/item\/32819865375.html\" target=\"_blank\" rel=\"noopener\"><img decoding=\"async\" title=\"Mege-chaqueta y abrigo de lana para hombre, ropa militar t\u00e1ctica del ej\u00e9rcito, a prueba de viento, abrigo militar c\u00e1lido para invierno\" src=\"https:\/\/bodegaoutdoor.cl\/store\/wp-content\/uploads\/2023\/05\/74311-ncgsdn.png\" alt=\"Mege-chaqueta y abrigo de lana para hombre, ropa militar t\u00e1ctica del ej\u00e9rcito, a prueba de viento, abrigo militar c\u00e1lido para invierno\" \/><\/a><\/div>\n<div style=\"margin-left: 31.837160751566%; margin-top: 0.41753653444676%; width: 68.267223382046%;\"><a href=\"\/\/www.aliexpress.com\/item\/32832946616.html\" target=\"_blank\" rel=\"noopener\"><img decoding=\"async\" title=\"Mege-chaqueta y abrigo de lana para hombre, ropa militar t\u00e1ctica del ej\u00e9rcito, a prueba de viento, abrigo militar c\u00e1lido para invierno\" src=\"https:\/\/bodegaoutdoor.cl\/store\/wp-content\/uploads\/2023\/05\/74311-ujzycr.png\" alt=\"Mege-chaqueta y abrigo de lana para hombre, ropa militar t\u00e1ctica del ej\u00e9rcito, a prueba de viento, abrigo militar c\u00e1lido para invierno\" \/><\/a><\/div>\n<div style=\"margin-top: -0.41753653444676%; height: 0; width: 0;\"><\/div>\n<\/div>\n<div style=\"border: 0;\"><\/div>\n<\/div>\n<div>\n<div>\n<div style=\"clear: both;\">\n<div><\/div>\n<\/div>\n<div><\/div>\n<div>\n<div>\n<p><img decoding=\"async\" title=\"Mege-chaqueta y abrigo de lana para hombre, ropa militar t\u00e1ctica del ej\u00e9rcito, a prueba de viento, abrigo militar c\u00e1lido para invierno\" src=\"https:\/\/bodegaoutdoor.cl\/store\/wp-content\/uploads\/2023\/05\/74311-b8m9ic.jpg\" alt=\"Mege-chaqueta y abrigo de lana para hombre, ropa militar t\u00e1ctica del ej\u00e9rcito, a prueba de viento, abrigo militar c\u00e1lido para invierno\" \/><\/p>\n<div><\/div>\n<table style=\"width: 876.667px;\" border=\"1\" width=\"100%\" cellspacing=\"0\" cellpadding=\"0\">\n<tbody>\n<tr>\n<td style=\"height: 25.0px; width: 797.0px; text-align: center; background: #a9a9a9;\" colspan=\"11\"><span style=\"font-size: 18.0px;\"><strong>Tolerancia de la tabla de tallas: \u00b1 2 cm<\/strong><\/span><\/td>\n<\/tr>\n<tr>\n<td style=\"height: 19.0px; text-align: center; background: #cfcfcf;\"><span style=\"font-size: 18.0px;\"><strong>Tama\u00f1o<\/strong><\/span><\/td>\n<td style=\"text-align: center; background: #cfcfcf;\" colspan=\"2\"><span style=\"font-size: 18.0px;\"><strong>Ancho de pecho<\/strong><\/span><\/td>\n<td style=\"text-align: center; background: #cfcfcf;\" colspan=\"2\"><span style=\"font-size: 18.0px;\"><strong>Longitud trasera<\/strong><\/span><\/td>\n<td style=\"text-align: center; background: #cfcfcf;\" colspan=\"2\"><span style=\"font-size: 18.0px;\"><strong>Ancho de hombro<\/strong><\/span><\/td>\n<td style=\"text-align: center; background: #cfcfcf;\" colspan=\"2\"><span style=\"font-size: 18.0px;\"><strong>Longitud de la manga<\/strong><\/span><\/td>\n<td style=\"text-align: center; background: #cfcfcf;\" colspan=\"2\"><span style=\"font-size: 18.0px;\"><strong>Bajo C\u00edrculo<\/strong><\/span><\/td>\n<\/tr>\n<tr>\n<td style=\"height: 19.0px; text-align: center;\"><span style=\"font-size: 18.0px;\"><strong>S<\/strong><\/span><\/td>\n<td style=\"text-align: center;\"><span style=\"font-size: 18.0px;\"><strong>114 cm<\/strong><\/span><\/td>\n<td style=\"text-align: center;\"><span style=\"font-size: 18.0px;\"><strong>44,5<\/strong><strong style=\"font-size: 14.0px;\">&#8220;<\/strong><\/span><\/td>\n<td style=\"text-align: center;\"><span style=\"font-size: 18.0px;\"><strong>72 cm<\/strong><\/span><\/td>\n<td style=\"text-align: center;\"><span style=\"font-size: 18.0px;\"><strong>28,1<\/strong><strong style=\"font-size: 14.0px;\">&#8220;<\/strong><\/span><\/td>\n<td style=\"text-align: center;\"><span style=\"font-size: 18.0px;\"><strong>49 cm<\/strong><\/span><\/td>\n<td style=\"text-align: center;\"><span style=\"font-size: 18.0px;\"><strong>19,3<\/strong><strong style=\"font-size: 14.0px;\">&#8220;<\/strong><\/span><\/td>\n<td style=\"text-align: center;\"><span style=\"font-size: 18.0px;\"><strong>59 cm<\/strong><\/span><\/td>\n<td style=\"text-align: center;\"><span style=\"font-size: 18.0px;\"><strong>23,0<\/strong><strong style=\"font-size: 14.0px;\">&#8220;<\/strong><\/span><\/td>\n<td style=\"text-align: center;\"><span style=\"font-size: 18.0px;\"><strong>110 cm<\/strong><\/span><\/td>\n<td style=\"text-align: center;\"><span style=\"font-size: 18.0px;\"><strong>42,9<\/strong><strong style=\"font-size: 14.0px;\">&#8220;<\/strong><\/span><\/td>\n<\/tr>\n<tr>\n<td style=\"height: 19.0px; text-align: center;\"><span style=\"font-size: 18.0px;\"><strong>M<\/strong><\/span><\/td>\n<td style=\"text-align: center;\"><span style=\"font-size: 18.0px;\"><strong>118 cm<\/strong><\/span><\/td>\n<td style=\"text-align: center;\"><span style=\"font-size: 18.0px;\"><strong>46,0<\/strong><strong style=\"font-size: 14.0px;\">&#8220;<\/strong><\/span><\/td>\n<td style=\"text-align: center;\"><span style=\"font-size: 18.0px;\"><strong>74 cm<\/strong><\/span><\/td>\n<td style=\"text-align: center;\"><span style=\"font-size: 18.0px;\"><strong>28,9<\/strong><strong style=\"font-size: 14.0px;\">&#8220;<\/strong><\/span><\/td>\n<td style=\"text-align: center;\"><span style=\"font-size: 18.0px;\"><strong>51 cm<\/strong><\/span><\/td>\n<td style=\"text-align: center;\"><span style=\"font-size: 18.0px;\"><strong>20,1<\/strong><strong style=\"font-size: 14.0px;\">&#8220;<\/strong><\/span><\/td>\n<td style=\"text-align: center;\"><span style=\"font-size: 18.0px;\"><strong>61 cm<\/strong><\/span><\/td>\n<td style=\"text-align: center;\"><span style=\"font-size: 18.0px;\"><strong>23,8<\/strong><strong style=\"font-size: 14.0px;\">&#8220;<\/strong><\/span><\/td>\n<td style=\"text-align: center;\"><span style=\"font-size: 18.0px;\"><strong>114 cm<\/strong><\/span><\/td>\n<td style=\"text-align: center;\"><span style=\"font-size: 18.0px;\"><strong>44,5&#8243;<\/strong><\/span><\/td>\n<\/tr>\n<tr>\n<td style=\"height: 19.0px; text-align: center;\"><span style=\"font-size: 18.0px;\"><strong>L<\/strong><\/span><\/td>\n<td style=\"text-align: center;\"><span style=\"font-size: 18.0px;\"><strong>122 cm<\/strong><\/span><\/td>\n<td style=\"text-align: center;\"><span style=\"font-size: 18.0px;\"><strong>47,6&#8243;<\/strong><\/span><\/td>\n<td style=\"text-align: center;\"><span style=\"font-size: 18.0px;\"><strong>76 cm<\/strong><\/span><\/td>\n<td style=\"text-align: center;\"><span style=\"font-size: 18.0px;\"><strong>29,6&#8243;<\/strong><\/span><\/td>\n<td style=\"text-align: center;\"><span style=\"font-size: 18.0px;\"><strong>53 cm<\/strong><\/span><\/td>\n<td style=\"text-align: center;\"><span style=\"font-size: 18.0px;\"><strong>20,7&#8243;<\/strong><\/span><\/td>\n<td style=\"text-align: center;\"><span style=\"font-size: 18.0px;\"><strong>62 cm<\/strong><\/span><\/td>\n<td style=\"text-align: center;\"><span style=\"font-size: 18.0px;\"><strong>24,6&#8243;<\/strong><\/span><\/td>\n<td style=\"text-align: center;\"><strong style=\"font-size: 18.0px;\">118 cm<\/strong><\/td>\n<td style=\"text-align: center;\"><span style=\"font-size: 18.0px;\"><strong>46,0<\/strong><strong style=\"font-size: 14.0px;\">&#8220;<\/strong><\/span><\/td>\n<\/tr>\n<tr>\n<td style=\"height: 19.0px; text-align: center;\"><span style=\"font-size: 18.0px;\"><strong>XL<\/strong><\/span><\/td>\n<td style=\"text-align: center;\"><span style=\"font-size: 18.0px;\"><strong>126 cm<\/strong><\/span><\/td>\n<td style=\"text-align: center;\"><span style=\"font-size: 18.0px;\"><strong>49,1<\/strong><strong style=\"font-size: 14.0px;\">&#8220;<\/strong><\/span><\/td>\n<td style=\"text-align: center;\"><span style=\"font-size: 18.0px;\"><strong>78 cm<\/strong><\/span><\/td>\n<td style=\"text-align: center;\"><span style=\"font-size: 18.0px;\"><strong>30,4<\/strong><strong style=\"font-size: 14.0px;\">&#8220;<\/strong><\/span><\/td>\n<td style=\"text-align: center;\"><span style=\"font-size: 18.0px;\"><strong>54 cm<\/strong><\/span><\/td>\n<td style=\"text-align: center;\"><span style=\"font-size: 18.0px;\"><strong>21,3<\/strong><strong style=\"font-size: 14.0px;\">&#8220;<\/strong><\/span><\/td>\n<td style=\"text-align: center;\"><span style=\"font-size: 18.0px;\"><strong>63 cm<\/strong><\/span><\/td>\n<td style=\"text-align: center;\"><span style=\"font-size: 18.0px;\"><strong>24,8<\/strong><strong style=\"font-size: 14.0px;\">&#8220;<\/strong><\/span><\/td>\n<td style=\"text-align: center;\"><span style=\"font-size: 18.0px;\"><strong>122 cm<\/strong><\/span><\/td>\n<td style=\"text-align: center;\"><span style=\"font-size: 18.0px;\"><strong>47,6<\/strong><strong style=\"font-size: 14.0px;\">&#8220;<\/strong><\/span><\/td>\n<\/tr>\n<tr>\n<td style=\"height: 19.0px; text-align: center;\"><span style=\"font-size: 18.0px;\"><strong>XXL<\/strong><\/span><\/td>\n<td style=\"text-align: center;\"><span style=\"font-size: 18.0px;\"><strong>132 cm<\/strong><\/span><\/td>\n<td style=\"text-align: center;\"><span style=\"font-size: 18.0px;\"><strong>51,5<\/strong><strong style=\"font-size: 14.0px;\">&#8220;<\/strong><\/span><\/td>\n<td style=\"text-align: center;\"><span style=\"font-size: 18.0px;\"><strong>80 cm<\/strong><\/span><\/td>\n<td style=\"text-align: center;\"><span style=\"font-size: 18.0px;\"><strong>31,2<\/strong><strong style=\"font-size: 14.0px;\">&#8220;<\/strong><\/span><\/td>\n<td style=\"text-align: center;\"><span style=\"font-size: 18.0px;\"><strong>56 cm<\/strong><\/span><\/td>\n<td style=\"text-align: center;\"><span style=\"font-size: 18.0px;\"><strong>22,0<\/strong><strong style=\"font-size: 14.0px;\">&#8220;<\/strong><\/span><\/td>\n<td style=\"text-align: center;\"><span style=\"font-size: 18.0px;\"><strong>66 cm<\/strong><\/span><\/td>\n<td style=\"text-align: center;\"><span style=\"font-size: 18.0px;\"><strong>25,9<\/strong><strong style=\"font-size: 14.0px;\">&#8220;<\/strong><\/span><\/td>\n<td style=\"text-align: center;\"><span style=\"font-size: 18.0px;\"><strong>126 cm<\/strong><\/span><\/td>\n<td style=\"text-align: center;\"><span style=\"font-size: 18.0px;\"><strong>49,1<\/strong><strong style=\"font-size: 14.0px;\">&#8220;<\/strong><\/span><\/td>\n<\/tr>\n<\/tbody>\n<\/table>\n<p><img decoding=\"async\" title=\"Mege-chaqueta y abrigo de lana para hombre, ropa militar t\u00e1ctica del ej\u00e9rcito, a prueba de viento, abrigo militar c\u00e1lido para invierno\" src=\"https:\/\/bodegaoutdoor.cl\/store\/wp-content\/uploads\/2023\/05\/74311-iopf1v.jpg\" alt=\"Mege-chaqueta y abrigo de lana para hombre, ropa militar t\u00e1ctica del ej\u00e9rcito, a prueba de viento, abrigo militar c\u00e1lido para invierno\" \/><\/p>\n<table style=\"width: 874.0px;\" border=\"1\" width=\"100%\" cellspacing=\"0\" cellpadding=\"0\">\n<tbody>\n<tr>\n<td style=\"height: 19.0px; width: 968.0px; background: #a9a9a9;\" colspan=\"2\"><span style=\"font-size: 16.0px;\">Informaci\u00f3n del producto<\/span><\/td>\n<\/tr>\n<tr>\n<td style=\"width: 100.0px; background: #cfcfcf;\"><span style=\"font-size: 16.0px;\">Marca<\/span><\/td>\n<td><span style=\"font-size: 16.0px;\">MEGE Caballero<\/span><\/td>\n<\/tr>\n<tr>\n<td style=\"width: 100.0px; background: #cfcfcf;\"><span style=\"font-size: 16.0px;\">Estilo<\/span><\/td>\n<td><span style=\"font-size: 16.0px;\">Hombres chaqueta de lana<\/span><\/td>\n<\/tr>\n<tr>\n<td style=\"width: 100.0px; background: #cfcfcf;\"><span style=\"font-size: 16.0px;\">Material<\/span><\/td>\n<td><span style=\"font-size: 16.0px;\">Forro polar de poli\u00e9ster 100% con refuerzo oxford<\/span><\/td>\n<\/tr>\n<tr>\n<td style=\"width: 100.0px; background: #cfcfcf;\"><span style=\"font-size: 16.0px;\">Caracter\u00edsticas<\/span><\/td>\n<td style=\"width: 100.0px;\"><span style=\"font-size: 16.0px;\">\u2022 Collar<br \/>\n\u2022 Collar, hombro y antebrazo reforzados con abrasi\u00f3n de nailon.<br \/>\n\u2022 M\u00faltiples bolsillos exteriores<br \/>\n\u2022 Dos paneles de parche de hombro de 4 &#8220;x 4&#8221;<br \/>\n\u2022 Cremallera de dos v\u00edas frente completo y cintura ajustable con cord\u00f3n<br \/>\n\u2022 Bolsillos en el pecho y en la espalda.<br \/>\n\u2022 Ambos pu\u00f1os de manga con medio el\u00e1stico para mantener el calor y c\u00f3modo<\/span><\/td>\n<\/tr>\n<tr>\n<td style=\"width: 100.0px; background: #cfcfcf;\"><span style=\"font-size: 16.0px;\">Ocasiones<\/span><\/td>\n<td><span style=\"font-size: 16.0px;\">Escenarios t\u00e1cticos, caminar, senderismo, ciclismo, camping, juego militar, juego airsoft escalada al aire libre, pesca, senderismo o viajes<\/span><\/td>\n<\/tr>\n<tr>\n<td style=\"width: 100.0px; background: #cfcfcf;\"><span style=\"font-size: 16.0px;\">Tama\u00f1o disponible<\/span><\/td>\n<td><span style=\"font-size: 16.0px;\">S M L XL XXL XXXL<\/span><\/p>\n<div><\/div>\n<\/td>\n<\/tr>\n<\/tbody>\n<\/table>\n<p><img decoding=\"async\" title=\"Mege-chaqueta y abrigo de lana para hombre, ropa militar t\u00e1ctica del ej\u00e9rcito, a prueba de viento, abrigo militar c\u00e1lido para invierno\" src=\"https:\/\/bodegaoutdoor.cl\/store\/wp-content\/uploads\/2023\/05\/74311-tmei2k.jpg\" alt=\"Mege-chaqueta y abrigo de lana para hombre, ropa militar t\u00e1ctica del ej\u00e9rcito, a prueba de viento, abrigo militar c\u00e1lido para invierno\" \/><img decoding=\"async\" title=\"Mege-chaqueta y abrigo de lana para hombre, ropa militar t\u00e1ctica del ej\u00e9rcito, a prueba de viento, abrigo militar c\u00e1lido para invierno\" src=\"https:\/\/bodegaoutdoor.cl\/store\/wp-content\/uploads\/2023\/05\/74311-s6acld.jpg\" alt=\"Mege-chaqueta y abrigo de lana para hombre, ropa militar t\u00e1ctica del ej\u00e9rcito, a prueba de viento, abrigo militar c\u00e1lido para invierno\" \/><img decoding=\"async\" title=\"Mege-chaqueta y abrigo de lana para hombre, ropa militar t\u00e1ctica del ej\u00e9rcito, a prueba de viento, abrigo militar c\u00e1lido para invierno\" src=\"https:\/\/bodegaoutdoor.cl\/store\/wp-content\/uploads\/2023\/05\/74311-8ojh99-scaled.jpg\" alt=\"Mege-chaqueta y abrigo de lana para hombre, ropa militar t\u00e1ctica del ej\u00e9rcito, a prueba de viento, abrigo militar c\u00e1lido para invierno\" \/><img decoding=\"async\" title=\"Mege-chaqueta y abrigo de lana para hombre, ropa militar t\u00e1ctica del ej\u00e9rcito, a prueba de viento, abrigo militar c\u00e1lido para invierno\" src=\"https:\/\/bodegaoutdoor.cl\/store\/wp-content\/uploads\/2023\/05\/74311-szuef8-scaled.jpg\" alt=\"Mege-chaqueta y abrigo de lana para hombre, ropa militar t\u00e1ctica del ej\u00e9rcito, a prueba de viento, abrigo militar c\u00e1lido para invierno\" \/><\/p>\n<\/div>\n<\/div>\n<\/div>\n<\/div>\n\n    <div class=\"xs_social_share_widget xs_share_url after_content \t\tmain_content  wslu-style-1 wslu-share-box-shaped wslu-fill-colored wslu-none wslu-share-horizontal wslu-theme-font-no wslu-main_content\">\n\n\t\t\n        <ul>\n\t\t\t        <\/ul>\n    <\/div> \n","protected":false},"excerpt":{"rendered":"<p>Tolerancia de la tabla de tallas: \u00b1 2 cm Tama\u00f1o Ancho de pecho Longitud trasera Ancho de hombro Longitud de la manga Bajo C\u00edrculo S 114 cm 44,5&#8220; 72 cm 28,1&#8220; 49 cm 19,3&#8220; 59 cm 23,0&#8220; 110 cm 42,9&#8220; M 118 cm 46,0&#8220; 74 cm 28,9&#8220; 51 cm 20,1&#8220; 61 cm 23,8&#8220; 114 cm [&hellip;]<\/p>\n","protected":false},"featured_media":74332,"comment_status":"open","ping_status":"closed","template":"","meta":{"jetpack_publicize_message":"","jetpack_publicize_feature_enabled":true,"jetpack_social_post_already_shared":true,"jetpack_social_options":{"image_generator_settings":{"template":"highway","enabled":false},"version":2}},"product_brand":[],"product_cat":[72,62],"product_tag":[],"class_list":{"0":"post-74311","1":"product","2":"type-product","3":"status-publish","4":"has-post-thumbnail","6":"product_cat-hombre-segunda","7":"product_cat-vestuario-hombre","8":"product_shipping_class-pu-antu-2","10":"first","11":"instock","12":"sale","13":"taxable","14":"shipping-taxable","15":"purchasable","16":"product-type-variable"},"jetpack_publicize_connections":[],"jetpack_sharing_enabled":true,"_links":{"self":[{"href":"https:\/\/bodegaoutdoor.cl\/store\/wp-json\/wp\/v2\/product\/74311","targetHints":{"allow":["GET"]}}],"collection":[{"href":"https:\/\/bodegaoutdoor.cl\/store\/wp-json\/wp\/v2\/product"}],"about":[{"href":"https:\/\/bodegaoutdoor.cl\/store\/wp-json\/wp\/v2\/types\/product"}],"replies":[{"embeddable":true,"href":"https:\/\/bodegaoutdoor.cl\/store\/wp-json\/wp\/v2\/comments?post=74311"}],"version-history":[{"count":17,"href":"https:\/\/bodegaoutdoor.cl\/store\/wp-json\/wp\/v2\/product\/74311\/revisions"}],"predecessor-version":[{"id":74521,"href":"https:\/\/bodegaoutdoor.cl\/store\/wp-json\/wp\/v2\/product\/74311\/revisions\/74521"}],"wp:featuredmedia":[{"embeddable":true,"href":"https:\/\/bodegaoutdoor.cl\/store\/wp-json\/wp\/v2\/media\/74332"}],"wp:attachment":[{"href":"https:\/\/bodegaoutdoor.cl\/store\/wp-json\/wp\/v2\/media?parent=74311"}],"wp:term":[{"taxonomy":"product_brand","embeddable":true,"href":"https:\/\/bodegaoutdoor.cl\/store\/wp-json\/wp\/v2\/product_brand?post=74311"},{"taxonomy":"product_cat","embeddable":true,"href":"https:\/\/bodegaoutdoor.cl\/store\/wp-json\/wp\/v2\/product_cat?post=74311"},{"taxonomy":"product_tag","embeddable":true,"href":"https:\/\/bodegaoutdoor.cl\/store\/wp-json\/wp\/v2\/product_tag?post=74311"}],"curies":[{"name":"wp","href":"https:\/\/api.w.org\/{rel}","templated":true}]}}