{"id":74370,"date":"2023-05-09T20:00:05","date_gmt":"2023-05-10T00:00:05","guid":{"rendered":"https:\/\/bodegaoutdoor.cl\/store\/?post_type=product&#038;p=74370"},"modified":"2023-05-09T21:01:24","modified_gmt":"2023-05-10T01:01:24","slug":"polera-compresion-primera-capa-deportes","status":"publish","type":"product","link":"https:\/\/bodegaoutdoor.cl\/store\/product\/polera-compresion-primera-capa-deportes\/","title":{"rendered":"Polera compresion primera capa Deportes"},"content":{"rendered":"<p>Talla: S, M, L, XL, XXL<br \/>\nTejido: fibra de poli\u00e9ster 90% + spandex 10%<br \/>\nEscenarios aplicables: deportes para correr, equipos de fitness, fitness y culturismo, tendencias deportivas, deportes de ciclismo, deportes de hielo y nieve, desaf\u00edos extremos, etc.<\/p>\n<p>Pulsera con cremallera<br \/>\nTama\u00f1o: 8*8cm\/0,26*0.26in<br \/>\nMaterial: 80% poli\u00e9ster algod\u00f3n + 15% seda de l\u00e1tex + 5% fibra el\u00e1stica<br \/>\nFunci\u00f3n: limpiar el sudor, traer la llave, traer el cambio, etc.<br \/>\nEspecificaci\u00f3n: 1 pieza * pulsera con cremallera<\/p>\n<p>&nbsp;<\/p>\n<p><img fetchpriority=\"high\" decoding=\"async\" class=\"alignnone wp-image-74372\" src=\"https:\/\/bodegaoutdoor.cl\/store\/wp-content\/uploads\/2023\/05\/Sbdc3d505a95049e5bf263cd55833b997M-300x207.jpg\" alt=\"\" width=\"365\" height=\"252\" srcset=\"https:\/\/bodegaoutdoor.cl\/store\/wp-content\/uploads\/2023\/05\/Sbdc3d505a95049e5bf263cd55833b997M-300x207.jpg 300w, https:\/\/bodegaoutdoor.cl\/store\/wp-content\/uploads\/2023\/05\/Sbdc3d505a95049e5bf263cd55833b997M-600x414.jpg 600w, https:\/\/bodegaoutdoor.cl\/store\/wp-content\/uploads\/2023\/05\/Sbdc3d505a95049e5bf263cd55833b997M-768x530.jpg 768w, https:\/\/bodegaoutdoor.cl\/store\/wp-content\/uploads\/2023\/05\/Sbdc3d505a95049e5bf263cd55833b997M.jpg 782w\" sizes=\"(max-width: 365px) 100vw, 365px\" \/><\/p>\n\n    <div class=\"xs_social_share_widget xs_share_url after_content \t\tmain_content  wslu-style-1 wslu-share-box-shaped wslu-fill-colored wslu-none wslu-share-horizontal wslu-theme-font-no wslu-main_content\">\n\n\t\t\n        <ul>\n\t\t\t        <\/ul>\n    <\/div> \n","protected":false},"excerpt":{"rendered":"<p>Talla: S, M, L, XL, XXL Tejido: fibra de poli\u00e9ster 90% + spandex 10% Escenarios aplicables: deportes para correr, equipos de fitness, fitness y culturismo, tendencias deportivas, deportes de ciclismo, deportes de hielo y nieve, desaf\u00edos extremos, etc. Pulsera con cremallera Tama\u00f1o: 8*8cm\/0,26*0.26in Material: 80% poli\u00e9ster algod\u00f3n + 15% seda de l\u00e1tex + 5% fibra [&hellip;]<\/p>\n","protected":false},"featured_media":74371,"comment_status":"open","ping_status":"closed","template":"","meta":{"jetpack_publicize_message":"","jetpack_publicize_feature_enabled":true,"jetpack_social_post_already_shared":true,"jetpack_social_options":{"image_generator_settings":{"template":"highway","enabled":false},"version":2}},"product_brand":[],"product_cat":[71,62],"product_tag":[],"class_list":{"0":"post-74370","1":"product","2":"type-product","3":"status-publish","4":"has-post-thumbnail","6":"product_cat-hombre-primera","7":"product_cat-vestuario-hombre","9":"first","10":"instock","11":"sale","12":"taxable","13":"shipping-taxable","14":"purchasable","15":"product-type-variable"},"jetpack_publicize_connections":[],"jetpack_sharing_enabled":true,"_links":{"self":[{"href":"https:\/\/bodegaoutdoor.cl\/store\/wp-json\/wp\/v2\/product\/74370","targetHints":{"allow":["GET"]}}],"collection":[{"href":"https:\/\/bodegaoutdoor.cl\/store\/wp-json\/wp\/v2\/product"}],"about":[{"href":"https:\/\/bodegaoutdoor.cl\/store\/wp-json\/wp\/v2\/types\/product"}],"replies":[{"embeddable":true,"href":"https:\/\/bodegaoutdoor.cl\/store\/wp-json\/wp\/v2\/comments?post=74370"}],"version-history":[{"count":1,"href":"https:\/\/bodegaoutdoor.cl\/store\/wp-json\/wp\/v2\/product\/74370\/revisions"}],"predecessor-version":[{"id":74373,"href":"https:\/\/bodegaoutdoor.cl\/store\/wp-json\/wp\/v2\/product\/74370\/revisions\/74373"}],"wp:featuredmedia":[{"embeddable":true,"href":"https:\/\/bodegaoutdoor.cl\/store\/wp-json\/wp\/v2\/media\/74371"}],"wp:attachment":[{"href":"https:\/\/bodegaoutdoor.cl\/store\/wp-json\/wp\/v2\/media?parent=74370"}],"wp:term":[{"taxonomy":"product_brand","embeddable":true,"href":"https:\/\/bodegaoutdoor.cl\/store\/wp-json\/wp\/v2\/product_brand?post=74370"},{"taxonomy":"product_cat","embeddable":true,"href":"https:\/\/bodegaoutdoor.cl\/store\/wp-json\/wp\/v2\/product_cat?post=74370"},{"taxonomy":"product_tag","embeddable":true,"href":"https:\/\/bodegaoutdoor.cl\/store\/wp-json\/wp\/v2\/product_tag?post=74370"}],"curies":[{"name":"wp","href":"https:\/\/api.w.org\/{rel}","templated":true}]}}