{"id":74675,"date":"2023-06-05T09:17:25","date_gmt":"2023-06-05T13:17:25","guid":{"rendered":"https:\/\/bodegaoutdoor.cl\/store\/product\/faro-delantero-led-t6-para-bicicleta-de-montana-lampara-recargable-por-usb-1000lm\/"},"modified":"2023-06-14T09:44:37","modified_gmt":"2023-06-14T13:44:37","slug":"faro-delantero-led-t6-para-bicicleta-de-montana-lampara-recargable-por-usb-1000lm","status":"publish","type":"product","link":"https:\/\/bodegaoutdoor.cl\/store\/product\/faro-delantero-led-t6-para-bicicleta-de-montana-lampara-recargable-por-usb-1000lm\/","title":{"rendered":"Foco Led delantero LED T6 para biciclet recargable por USB, 1000LM"},"content":{"rendered":"<div>\n<div>\n<p><span style=\"font-size: 18px;\"><strong>Detalles del producto:<\/strong><\/span><\/p>\n<p>&nbsp;<\/p>\n<p><strong>\u27a4 Material del faro: aleaci\u00f3n de aluminio<\/strong><\/p>\n<p>&nbsp;<\/p>\n<p><strong>\u27a4 Modelo de cuentas de l\u00e1mpara: 2 * LED T6<\/strong><\/p>\n<p>&nbsp;<\/p>\n<p><strong>\u27a4 Tiempo de vida: 4 ~ 16 horas<\/strong><\/p>\n<p>&nbsp;<\/p>\n<p><strong>\u27a4 \u00c1ngulo de luz de inundaci\u00f3n: \u00e1ngulo de luz de inundaci\u00f3n grande<\/strong><img decoding=\"async\" title=\"Faro delantero LED T6 para bicicleta de monta\u00f1a, l\u00e1mpara recargable por USB, 1000LM\" src=\"https:\/\/bodegaoutdoor.cl\/store\/wp-content\/uploads\/2023\/06\/74675-uzmuib.jpg\" alt=\"Faro delantero LED T6 para bicicleta de monta\u00f1a, l\u00e1mpara recargable por USB, 1000LM\" \/><img decoding=\"async\" title=\"Faro delantero LED T6 para bicicleta de monta\u00f1a, l\u00e1mpara recargable por USB, 1000LM\" src=\"https:\/\/bodegaoutdoor.cl\/store\/wp-content\/uploads\/2023\/06\/74675-9s9srf.jpg\" alt=\"Faro delantero LED T6 para bicicleta de monta\u00f1a, l\u00e1mpara recargable por USB, 1000LM\" \/><img decoding=\"async\" title=\"Faro delantero LED T6 para bicicleta de monta\u00f1a, l\u00e1mpara recargable por USB, 1000LM\" src=\"https:\/\/bodegaoutdoor.cl\/store\/wp-content\/uploads\/2023\/06\/74675-xhynvh.jpg\" alt=\"Faro delantero LED T6 para bicicleta de monta\u00f1a, l\u00e1mpara recargable por USB, 1000LM\" \/><img decoding=\"async\" title=\"Faro delantero LED T6 para bicicleta de monta\u00f1a, l\u00e1mpara recargable por USB, 1000LM\" src=\"https:\/\/bodegaoutdoor.cl\/store\/wp-content\/uploads\/2023\/06\/74675-6zhwsr.jpg\" alt=\"Faro delantero LED T6 para bicicleta de monta\u00f1a, l\u00e1mpara recargable por USB, 1000LM\" \/><img decoding=\"async\" title=\"Faro delantero LED T6 para bicicleta de monta\u00f1a, l\u00e1mpara recargable por USB, 1000LM\" src=\"https:\/\/bodegaoutdoor.cl\/store\/wp-content\/uploads\/2023\/06\/74675-o1ytwh.jpg\" alt=\"Faro delantero LED T6 para bicicleta de monta\u00f1a, l\u00e1mpara recargable por USB, 1000LM\" \/><img decoding=\"async\" title=\"Faro delantero LED T6 para bicicleta de monta\u00f1a, l\u00e1mpara recargable por USB, 1000LM\" src=\"https:\/\/bodegaoutdoor.cl\/store\/wp-content\/uploads\/2023\/06\/74675-rhyp2m.jpg\" alt=\"Faro delantero LED T6 para bicicleta de monta\u00f1a, l\u00e1mpara recargable por USB, 1000LM\" \/><\/p>\n<\/div>\n<\/div>\n\n    <div class=\"xs_social_share_widget xs_share_url after_content \t\tmain_content  wslu-style-1 wslu-share-box-shaped wslu-fill-colored wslu-none wslu-share-horizontal wslu-theme-font-no wslu-main_content\">\n\n\t\t\n        <ul>\n\t\t\t        <\/ul>\n    <\/div> \n","protected":false},"excerpt":{"rendered":"<p>Detalles del producto: &nbsp; \u27a4 Material del faro: aleaci\u00f3n de aluminio &nbsp; \u27a4 Modelo de cuentas de l\u00e1mpara: 2 * LED T6 &nbsp; \u27a4 Tiempo de vida: 4 ~ 16 horas &nbsp; \u27a4 \u00c1ngulo de luz de inundaci\u00f3n: \u00e1ngulo de luz de inundaci\u00f3n grande<\/p>\n","protected":false},"featured_media":74678,"comment_status":"open","ping_status":"closed","template":"","meta":{"jetpack_publicize_message":"","jetpack_publicize_feature_enabled":true,"jetpack_social_post_already_shared":true,"jetpack_social_options":{"image_generator_settings":{"template":"highway","enabled":false},"version":2}},"product_brand":[],"product_cat":[3991],"product_tag":[],"class_list":{"0":"post-74675","1":"product","2":"type-product","3":"status-publish","4":"has-post-thumbnail","6":"product_cat-bicicletas","8":"first","9":"instock","10":"sale","11":"taxable","12":"shipping-taxable","13":"purchasable","14":"product-type-variable"},"jetpack_publicize_connections":[],"jetpack_sharing_enabled":true,"_links":{"self":[{"href":"https:\/\/bodegaoutdoor.cl\/store\/wp-json\/wp\/v2\/product\/74675","targetHints":{"allow":["GET"]}}],"collection":[{"href":"https:\/\/bodegaoutdoor.cl\/store\/wp-json\/wp\/v2\/product"}],"about":[{"href":"https:\/\/bodegaoutdoor.cl\/store\/wp-json\/wp\/v2\/types\/product"}],"replies":[{"embeddable":true,"href":"https:\/\/bodegaoutdoor.cl\/store\/wp-json\/wp\/v2\/comments?post=74675"}],"version-history":[{"count":9,"href":"https:\/\/bodegaoutdoor.cl\/store\/wp-json\/wp\/v2\/product\/74675\/revisions"}],"predecessor-version":[{"id":75134,"href":"https:\/\/bodegaoutdoor.cl\/store\/wp-json\/wp\/v2\/product\/74675\/revisions\/75134"}],"wp:featuredmedia":[{"embeddable":true,"href":"https:\/\/bodegaoutdoor.cl\/store\/wp-json\/wp\/v2\/media\/74678"}],"wp:attachment":[{"href":"https:\/\/bodegaoutdoor.cl\/store\/wp-json\/wp\/v2\/media?parent=74675"}],"wp:term":[{"taxonomy":"product_brand","embeddable":true,"href":"https:\/\/bodegaoutdoor.cl\/store\/wp-json\/wp\/v2\/product_brand?post=74675"},{"taxonomy":"product_cat","embeddable":true,"href":"https:\/\/bodegaoutdoor.cl\/store\/wp-json\/wp\/v2\/product_cat?post=74675"},{"taxonomy":"product_tag","embeddable":true,"href":"https:\/\/bodegaoutdoor.cl\/store\/wp-json\/wp\/v2\/product_tag?post=74675"}],"curies":[{"name":"wp","href":"https:\/\/api.w.org\/{rel}","templated":true}]}}