{"id":75150,"date":"2023-06-14T11:26:18","date_gmt":"2023-06-14T15:26:18","guid":{"rendered":"https:\/\/bodegaoutdoor.cl\/store\/product\/mini-calentador-de-gas-de-queroseno-portatil-estufa-de-gas-butano-a-prueba-de-viento-para-acampar-al-aire-libre-venta-de-acero-inoxidable-con-caja-de-almacenamiento\/"},"modified":"2023-06-14T11:38:36","modified_gmt":"2023-06-14T15:38:36","slug":"mini-calentador-de-gas-portatil-estufa-de-gas-butano-de-acero-inoxidable","status":"publish","type":"product","link":"https:\/\/bodegaoutdoor.cl\/store\/product\/mini-calentador-de-gas-portatil-estufa-de-gas-butano-de-acero-inoxidable\/","title":{"rendered":"Mini calentador de Gas port\u00e1til, estufa de Gas butano de acero inoxidable"},"content":{"rendered":"<p style=\"text-align: center;\"><video style=\"max-width: 100%;\" src=\"\/\/video.aliexpress-media.com\/play\/u\/ae_sg_item\/2214609998981\/p\/1\/e\/6\/t\/10301\/1100137037073.mp4\" poster=\"https:\/\/ae01.alicdn.com\/kf\/S16a2118efaf1445e84d84891fbd2737dt\/Mini-calentador-de-Gas-de-queroseno-port-til-estufa-de-Gas-butano-a-prueba-de-viento.jpg,https:\/\/ae01.alicdn.com\/kf\/S1999725a356449379768d51139b66b4bu\/Mini-calentador-de-Gas-de-queroseno-port-til-estufa-de-Gas-butano-a-prueba-de-viento.jpg,https:\/\/ae01.alicdn.com\/kf\/S9395d56ed78f41cba401c4c5a4d3d5a8g\/Mini-calentador-de-Gas-de-queroseno-port-til-estufa-de-Gas-butano-a-prueba-de-viento.jpg,https:\/\/ae01.alicdn.com\/kf\/Sc75b86d61a974daa9e4c49f6c63984c3L\/Mini-calentador-de-Gas-de-queroseno-port-til-estufa-de-Gas-butano-a-prueba-de-viento.jpg,https:\/\/ae01.alicdn.com\/kf\/S0f40395bdaad4aac9765f89c61d75353w\/Mini-calentador-de-Gas-de-queroseno-port-til-estufa-de-Gas-butano-a-prueba-de-viento.jpg,https:\/\/ae01.alicdn.com\/kf\/S638baa18599b444ab3608e074b0f580bL\/Mini-calentador-de-Gas-de-queroseno-port-til-estufa-de-Gas-butano-a-prueba-de-viento.jpg\" preload=\"auto\" controls=\"controls\" width=\"100%\" height=\"100%\"><\/video><\/p>\n<div>\n<div>\n<div><\/div>\n<div>\n<div>\n<div>\n<div>\n<p>Caracter\u00edsticas:<br \/>\n1. Ligero y port\u00e1til: est\u00e1 hecho de aleaci\u00f3n de aluminio y acero inoxidable para proteger mejor el quemador; es muy adecuado para uso en exteriores; viene con una bolsa de almacenamiento para un f\u00e1cil almacenamiento; es port\u00e1til y r\u00e1pido de calentar; es seguro y duradero.<br \/>\n2. Quema r\u00e1pida: dise\u00f1o reflector de aluminio, buena recolecci\u00f3n de calor, buena calefacci\u00f3n. La potencia de combusti\u00f3n puede alcanzar los 1000W. Nuestro calentador lo mantendr\u00e1 a usted y a su familia calientes en el fr\u00edo invierno y disfrutar\u00e1 de actividades al aire libre.<br \/>\n3. Con garant\u00eda de seguridad: est\u00e1 equipado con un dispositivo de encendido, que es f\u00e1cil de asegurar; el dise\u00f1o perfecto del reflector de aluminio es bueno para la calefacci\u00f3n;<br \/>\n4. Adecuado para: El producto no incluye tanques de gas; quemadores de aleaci\u00f3n de aluminio con barreras de seguridad; la perilla de control puede ajustar f\u00e1cilmente la temperatura del quemador; adecuado para pesca, camping, operaciones de campo, etc.<\/p>\n<p>Descripci\u00f3n:<br \/>\nNombre: Mini calentador<\/p>\n<p>Material Acero inoxidable\/Cobre\/ABS<br \/>\nTama\u00f1o de la estufa de calefacci\u00f3n: di\u00e1metro 13,3 cm, longitud 17cm<br \/>\nCaja de almacenamiento: di\u00e1metro 16cm, longitud 19,6 cm<br \/>\nPeso: estufa 180g\/caja de almacenamiento 160g<br \/>\nComposici\u00f3n: Estufa de calefacci\u00f3n 1, caja de almacenamiento X1<\/p>\n<p>Precauciones de uso<br \/>\n\u00a1Solo para uso en exteriores! \u00a1Solo para calefacci\u00f3n!<br \/>\nPor debajo de 0 grados, debe usarse con un tanque de gas alpino.<br \/>\nPor favor, no lo use en tiendas selladas o en interiores.<br \/>\nNo toque las partes calientes del dispositivo durante o despu\u00e9s del uso.<br \/>\n\u00a1Mantenga a los ni\u00f1os peque\u00f1os alejados del dispositivo!<br \/>\nCuando no est\u00e9 en uso, retire el tanque de gas despu\u00e9s de que el dispositivo se haya enfriado.<\/p>\n<p>M\u00e9todo de uso:<\/p>\n<p>Paso 1: Conecte el calentador al tanque de aire plano y f\u00edjelo.<\/p>\n<p>Paso 2: Desenrosque la v\u00e1lvula de control de fuego del calentador para liberar aire, que puede agrandarse ligeramente<br \/>\nPaso 3: Presione el encendedor electr\u00f3nico para<\/p>\n<p>Lista de embalaje:<br \/>\n1 x Mini calentador (sin tanque de aire)<br \/>\nNota:<\/p>\n<p>Las diferentes pantallas pueden hacer que el color del art\u00edculo en la imagen sea un poco diferente del real.<br \/>\nMedici\u00f3n manual, permita un error de 1 ~ 3mm, gracias.<\/p>\n<p><img decoding=\"async\" style=\"width: 100%;\" title=\"Mini calentador de Gas de queroseno port\u00e1til, estufa de Gas butano a prueba de viento para acampar al aire libre, venta de acero inoxidable, con caja de almacenamiento\" src=\"https:\/\/bodegaoutdoor.cl\/store\/wp-content\/uploads\/2023\/06\/75150-zgb3ce.jpg\" alt=\"Mini calentador de Gas de queroseno port\u00e1til, estufa de Gas butano a prueba de viento para acampar al aire libre, venta de acero inoxidable, con caja de almacenamiento\" width=\"100%\" \/><br \/>\n<img decoding=\"async\" style=\"width: 100%;\" title=\"Mini calentador de Gas de queroseno port\u00e1til, estufa de Gas butano a prueba de viento para acampar al aire libre, venta de acero inoxidable, con caja de almacenamiento\" src=\"https:\/\/bodegaoutdoor.cl\/store\/wp-content\/uploads\/2023\/06\/75150-zlb67a.jpg\" alt=\"Mini calentador de Gas de queroseno port\u00e1til, estufa de Gas butano a prueba de viento para acampar al aire libre, venta de acero inoxidable, con caja de almacenamiento\" width=\"100%\" \/><br \/>\n<img decoding=\"async\" style=\"width: 100%;\" title=\"Mini calentador de Gas de queroseno port\u00e1til, estufa de Gas butano a prueba de viento para acampar al aire libre, venta de acero inoxidable, con caja de almacenamiento\" src=\"https:\/\/bodegaoutdoor.cl\/store\/wp-content\/uploads\/2023\/06\/75150-67x0wr.jpg\" alt=\"Mini calentador de Gas de queroseno port\u00e1til, estufa de Gas butano a prueba de viento para acampar al aire libre, venta de acero inoxidable, con caja de almacenamiento\" width=\"100%\" \/><br \/>\n<img decoding=\"async\" style=\"width: 100%;\" title=\"Mini calentador de Gas de queroseno port\u00e1til, estufa de Gas butano a prueba de viento para acampar al aire libre, venta de acero inoxidable, con caja de almacenamiento\" src=\"https:\/\/bodegaoutdoor.cl\/store\/wp-content\/uploads\/2023\/06\/75150-ccv2vx.jpg\" alt=\"Mini calentador de Gas de queroseno port\u00e1til, estufa de Gas butano a prueba de viento para acampar al aire libre, venta de acero inoxidable, con caja de almacenamiento\" width=\"100%\" \/><br \/>\n<img decoding=\"async\" style=\"width: 100%;\" title=\"Mini calentador de Gas de queroseno port\u00e1til, estufa de Gas butano a prueba de viento para acampar al aire libre, venta de acero inoxidable, con caja de almacenamiento\" src=\"https:\/\/bodegaoutdoor.cl\/store\/wp-content\/uploads\/2023\/06\/75150-tjg0fe.jpg\" alt=\"Mini calentador de Gas de queroseno port\u00e1til, estufa de Gas butano a prueba de viento para acampar al aire libre, venta de acero inoxidable, con caja de almacenamiento\" width=\"100%\" \/><br \/>\n<img decoding=\"async\" style=\"width: 100%;\" title=\"Mini calentador de Gas de queroseno port\u00e1til, estufa de Gas butano a prueba de viento para acampar al aire libre, venta de acero inoxidable, con caja de almacenamiento\" src=\"https:\/\/bodegaoutdoor.cl\/store\/wp-content\/uploads\/2023\/06\/75150-6d8w0o.jpg\" alt=\"Mini calentador de Gas de queroseno port\u00e1til, estufa de Gas butano a prueba de viento para acampar al aire libre, venta de acero inoxidable, con caja de almacenamiento\" width=\"100%\" \/><br \/>\n<img decoding=\"async\" style=\"width: 100%;\" title=\"Mini calentador de Gas de queroseno port\u00e1til, estufa de Gas butano a prueba de viento para acampar al aire libre, venta de acero inoxidable, con caja de almacenamiento\" src=\"https:\/\/bodegaoutdoor.cl\/store\/wp-content\/uploads\/2023\/06\/75150-wgdnal.jpg\" alt=\"Mini calentador de Gas de queroseno port\u00e1til, estufa de Gas butano a prueba de viento para acampar al aire libre, venta de acero inoxidable, con caja de almacenamiento\" width=\"100%\" \/><br \/>\n<img decoding=\"async\" style=\"width: 100%;\" title=\"Mini calentador de Gas de queroseno port\u00e1til, estufa de Gas butano a prueba de viento para acampar al aire libre, venta de acero inoxidable, con caja de almacenamiento\" src=\"https:\/\/bodegaoutdoor.cl\/store\/wp-content\/uploads\/2023\/06\/75150-5mh9jt.jpg\" alt=\"Mini calentador de Gas de queroseno port\u00e1til, estufa de Gas butano a prueba de viento para acampar al aire libre, venta de acero inoxidable, con caja de almacenamiento\" width=\"100%\" \/><br \/>\n<img decoding=\"async\" style=\"width: 100%;\" title=\"Mini calentador de Gas de queroseno port\u00e1til, estufa de Gas butano a prueba de viento para acampar al aire libre, venta de acero inoxidable, con caja de almacenamiento\" src=\"https:\/\/bodegaoutdoor.cl\/store\/wp-content\/uploads\/2023\/06\/75150-yixukp.jpg\" alt=\"Mini calentador de Gas de queroseno port\u00e1til, estufa de Gas butano a prueba de viento para acampar al aire libre, venta de acero inoxidable, con caja de almacenamiento\" width=\"100%\" \/><br \/>\n<img decoding=\"async\" style=\"width: 100%;\" title=\"Mini calentador de Gas de queroseno port\u00e1til, estufa de Gas butano a prueba de viento para acampar al aire libre, venta de acero inoxidable, con caja de almacenamiento\" src=\"https:\/\/bodegaoutdoor.cl\/store\/wp-content\/uploads\/2023\/06\/75150-uoqpmv.jpg\" alt=\"Mini calentador de Gas de queroseno port\u00e1til, estufa de Gas butano a prueba de viento para acampar al aire libre, venta de acero inoxidable, con caja de almacenamiento\" width=\"100%\" \/><br \/>\n<img decoding=\"async\" style=\"width: 100%;\" title=\"Mini calentador de Gas de queroseno port\u00e1til, estufa de Gas butano a prueba de viento para acampar al aire libre, venta de acero inoxidable, con caja de almacenamiento\" src=\"https:\/\/bodegaoutdoor.cl\/store\/wp-content\/uploads\/2023\/06\/75150-yyye1m.jpg\" alt=\"Mini calentador de Gas de queroseno port\u00e1til, estufa de Gas butano a prueba de viento para acampar al aire libre, venta de acero inoxidable, con caja de almacenamiento\" width=\"100%\" \/><br \/>\n<img decoding=\"async\" style=\"width: 100%;\" title=\"Mini calentador de Gas de queroseno port\u00e1til, estufa de Gas butano a prueba de viento para acampar al aire libre, venta de acero inoxidable, con caja de almacenamiento\" src=\"https:\/\/bodegaoutdoor.cl\/store\/wp-content\/uploads\/2023\/06\/75150-w1a67v.jpg\" alt=\"Mini calentador de Gas de queroseno port\u00e1til, estufa de Gas butano a prueba de viento para acampar al aire libre, venta de acero inoxidable, con caja de almacenamiento\" width=\"100%\" \/><br \/>\n<img decoding=\"async\" style=\"width: 100%;\" title=\"Mini calentador de Gas de queroseno port\u00e1til, estufa de Gas butano a prueba de viento para acampar al aire libre, venta de acero inoxidable, con caja de almacenamiento\" src=\"https:\/\/bodegaoutdoor.cl\/store\/wp-content\/uploads\/2023\/06\/75150-lomygf.jpg\" alt=\"Mini calentador de Gas de queroseno port\u00e1til, estufa de Gas butano a prueba de viento para acampar al aire libre, venta de acero inoxidable, con caja de almacenamiento\" width=\"100%\" \/><br \/>\n<img decoding=\"async\" style=\"width: 100%;\" title=\"Mini calentador de Gas de queroseno port\u00e1til, estufa de Gas butano a prueba de viento para acampar al aire libre, venta de acero inoxidable, con caja de almacenamiento\" src=\"https:\/\/bodegaoutdoor.cl\/store\/wp-content\/uploads\/2023\/06\/75150-rt0fl8.jpg\" alt=\"Mini calentador de Gas de queroseno port\u00e1til, estufa de Gas butano a prueba de viento para acampar al aire libre, venta de acero inoxidable, con caja de almacenamiento\" width=\"100%\" \/><br \/>\n<img decoding=\"async\" style=\"width: 100%;\" title=\"Mini calentador de Gas de queroseno port\u00e1til, estufa de Gas butano a prueba de viento para acampar al aire libre, venta de acero inoxidable, con caja de almacenamiento\" src=\"https:\/\/bodegaoutdoor.cl\/store\/wp-content\/uploads\/2023\/06\/75150-vthd2a.jpg\" alt=\"Mini calentador de Gas de queroseno port\u00e1til, estufa de Gas butano a prueba de viento para acampar al aire libre, venta de acero inoxidable, con caja de almacenamiento\" width=\"100%\" \/><\/p>\n<\/div>\n<\/div>\n<p>&nbsp;<\/p>\n<\/div>\n<\/div>\n<p>&nbsp;<\/p>\n<\/div>\n<\/div>\n\n    <div class=\"xs_social_share_widget xs_share_url after_content \t\tmain_content  wslu-style-1 wslu-share-box-shaped wslu-fill-colored wslu-none wslu-share-horizontal wslu-theme-font-no wslu-main_content\">\n\n\t\t\n        <ul>\n\t\t\t        <\/ul>\n    <\/div> \n","protected":false},"excerpt":{"rendered":"<p>Caracter\u00edsticas: 1. Ligero y port\u00e1til: est\u00e1 hecho de aleaci\u00f3n de aluminio y acero inoxidable para proteger mejor el quemador; es muy adecuado para uso en exteriores; viene con una bolsa de almacenamiento para un f\u00e1cil almacenamiento; es port\u00e1til y r\u00e1pido de calentar; es seguro y duradero. 2. Quema r\u00e1pida: dise\u00f1o reflector de aluminio, buena recolecci\u00f3n [&hellip;]<\/p>\n","protected":false},"featured_media":75153,"comment_status":"open","ping_status":"closed","template":"","meta":{"jetpack_publicize_message":"","jetpack_publicize_feature_enabled":true,"jetpack_social_post_already_shared":true,"jetpack_social_options":{"image_generator_settings":{"template":"highway","enabled":false},"version":2}},"product_brand":[],"product_cat":[15],"product_tag":[],"class_list":{"0":"post-75150","1":"product","2":"type-product","3":"status-publish","4":"has-post-thumbnail","6":"product_cat-otros","8":"first","9":"instock","10":"sale","11":"taxable","12":"shipping-taxable","13":"purchasable","14":"product-type-variable"},"jetpack_publicize_connections":[],"jetpack_sharing_enabled":true,"_links":{"self":[{"href":"https:\/\/bodegaoutdoor.cl\/store\/wp-json\/wp\/v2\/product\/75150","targetHints":{"allow":["GET"]}}],"collection":[{"href":"https:\/\/bodegaoutdoor.cl\/store\/wp-json\/wp\/v2\/product"}],"about":[{"href":"https:\/\/bodegaoutdoor.cl\/store\/wp-json\/wp\/v2\/types\/product"}],"replies":[{"embeddable":true,"href":"https:\/\/bodegaoutdoor.cl\/store\/wp-json\/wp\/v2\/comments?post=75150"}],"version-history":[{"count":18,"href":"https:\/\/bodegaoutdoor.cl\/store\/wp-json\/wp\/v2\/product\/75150\/revisions"}],"predecessor-version":[{"id":75293,"href":"https:\/\/bodegaoutdoor.cl\/store\/wp-json\/wp\/v2\/product\/75150\/revisions\/75293"}],"wp:featuredmedia":[{"embeddable":true,"href":"https:\/\/bodegaoutdoor.cl\/store\/wp-json\/wp\/v2\/media\/75153"}],"wp:attachment":[{"href":"https:\/\/bodegaoutdoor.cl\/store\/wp-json\/wp\/v2\/media?parent=75150"}],"wp:term":[{"taxonomy":"product_brand","embeddable":true,"href":"https:\/\/bodegaoutdoor.cl\/store\/wp-json\/wp\/v2\/product_brand?post=75150"},{"taxonomy":"product_cat","embeddable":true,"href":"https:\/\/bodegaoutdoor.cl\/store\/wp-json\/wp\/v2\/product_cat?post=75150"},{"taxonomy":"product_tag","embeddable":true,"href":"https:\/\/bodegaoutdoor.cl\/store\/wp-json\/wp\/v2\/product_tag?post=75150"}],"curies":[{"name":"wp","href":"https:\/\/api.w.org\/{rel}","templated":true}]}}