{"id":7566,"date":"2020-07-23T02:37:00","date_gmt":"2020-07-23T02:37:00","guid":{"rendered":"https:\/\/bodegaoutdoor.cl\/store\/product\/hombre-militar-chaqueta-de-lana-tactica-softshell-polartec-polar-termico-con-capucha-ropa-de-abrigo-ejercito-ropa\/"},"modified":"2023-05-04T19:19:35","modified_gmt":"2023-05-04T23:19:35","slug":"hombre-militar-chaqueta-de-lana-tactica-softshell-polartec-polar-termico-con-capucha-ropa-de-abrigo-ejercito-ropa","status":"publish","type":"product","link":"https:\/\/bodegaoutdoor.cl\/store\/product\/hombre-militar-chaqueta-de-lana-tactica-softshell-polartec-polar-termico-con-capucha-ropa-de-abrigo-ejercito-ropa\/","title":{"rendered":"Polar militar chaqueta t\u00e1ctica  t\u00e9rmica con capucha"},"content":{"rendered":"<div style=\"margin: 0.0px; padding: 0.0px; border: 0.0px; font-size: 13.0px; line-height: inherit; font-family: arial , helvetica , sans-serif; vertical-align: baseline; color: #000000;\"><\/div>\n<p><img decoding=\"async\" title=\"Hombre militar chaqueta de lana t\u00e1ctica Softshell Polartec Polar t\u00e9rmico con capucha ropa de abrigo ej\u00e9rcito ropa\" src=\"https:\/\/bodegaoutdoor.cl\/store\/wp-content\/uploads\/2020\/07\/7566-itzbji.jpg\" alt=\"Hombre militar chaqueta de lana t\u00e1ctica Softshell Polartec Polar t\u00e9rmico con capucha ropa de abrigo ej\u00e9rcito ropa\" \/><img decoding=\"async\" title=\"Hombre militar chaqueta de lana t\u00e1ctica Softshell Polartec Polar t\u00e9rmico con capucha ropa de abrigo ej\u00e9rcito ropa\" src=\"https:\/\/bodegaoutdoor.cl\/store\/wp-content\/uploads\/2020\/07\/7566-dtlnvy.jpg\" alt=\"Hombre militar chaqueta de lana t\u00e1ctica Softshell Polartec Polar t\u00e9rmico con capucha ropa de abrigo ej\u00e9rcito ropa\" \/><\/p>\n<div style=\"margin: 0.0px; padding: 0.0px; border: 0.0px; font-size: 13.0px; line-height: inherit; font-family: arial , helvetica , sans-serif; vertical-align: baseline; color: #000000;\"><span style=\"margin: 0.0px; padding: 0.0px; border: 0.0px; font-style: inherit; font-weight: inherit; font-size: 18.0px; line-height: inherit; vertical-align: baseline;\">Medici\u00f3n Manual, a veces debido a diferentes lotes de producci\u00f3n. Puede ser<\/span><\/div>\n<div style=\"margin: 0.0px; padding: 0.0px; border: 0.0px; font-size: 13.0px; line-height: inherit; font-family: arial , helvetica , sans-serif; vertical-align: baseline; color: #000000;\"><\/div>\n<div style=\"margin: 0.0px; padding: 0.0px; border: 0.0px; font-size: 13.0px; line-height: inherit; font-family: arial , helvetica , sans-serif; vertical-align: baseline; color: #000000;\"><span style=\"margin: 0.0px; padding: 0.0px; border: 0.0px; font-style: inherit; font-weight: inherit; font-size: 18.0px; line-height: inherit; vertical-align: baseline;\">Error de 1-3 cm. Y debido a la pantalla diferente, la imagen real puede ser un poco<\/span><\/div>\n<div style=\"margin: 0.0px; padding: 0.0px; border: 0.0px; font-size: 13.0px; line-height: inherit; font-family: arial , helvetica , sans-serif; vertical-align: baseline; color: #000000;\"><\/div>\n<div style=\"margin: 0.0px; padding: 0.0px; border: 0.0px; font-size: 13.0px; line-height: inherit; font-family: arial , helvetica , sans-serif; vertical-align: baseline; color: #000000;\"><span style=\"margin: 0.0px; padding: 0.0px; border: 0.0px; font-style: inherit; font-weight: inherit; font-size: 18.0px; line-height: inherit; vertical-align: baseline;\">Diferentes<\/span><\/div>\n<div style=\"margin: 0.0px; padding: 0.0px; border: 0.0px; font-size: 13.0px; line-height: inherit; font-family: arial , helvetica , sans-serif; vertical-align: baseline; color: #000000;\"><span style=\"margin: 0.0px; padding: 0.0px; border: 0.0px; font-style: inherit; font-weight: inherit; font-size: 18.0px; line-height: inherit; vertical-align: baseline;\"><img decoding=\"async\" title=\"Hombre militar chaqueta de lana t\u00e1ctica Softshell Polartec Polar t\u00e9rmico con capucha ropa de abrigo ej\u00e9rcito ropa\" src=\"https:\/\/bodegaoutdoor.cl\/store\/wp-content\/uploads\/2020\/07\/7566-vake0x.jpg\" alt=\"Hombre militar chaqueta de lana t\u00e1ctica Softshell Polartec Polar t\u00e9rmico con capucha ropa de abrigo ej\u00e9rcito ropa\" \/><img decoding=\"async\" title=\"Hombre militar chaqueta de lana t\u00e1ctica Softshell Polartec Polar t\u00e9rmico con capucha ropa de abrigo ej\u00e9rcito ropa\" src=\"https:\/\/bodegaoutdoor.cl\/store\/wp-content\/uploads\/2020\/07\/7566-eal1oo.jpg\" alt=\"Hombre militar chaqueta de lana t\u00e1ctica Softshell Polartec Polar t\u00e9rmico con capucha ropa de abrigo ej\u00e9rcito ropa\" \/><img decoding=\"async\" title=\"Hombre militar chaqueta de lana t\u00e1ctica Softshell Polartec Polar t\u00e9rmico con capucha ropa de abrigo ej\u00e9rcito ropa\" src=\"https:\/\/bodegaoutdoor.cl\/store\/wp-content\/uploads\/2020\/07\/7566-3woxf5.jpg\" alt=\"Hombre militar chaqueta de lana t\u00e1ctica Softshell Polartec Polar t\u00e9rmico con capucha ropa de abrigo ej\u00e9rcito ropa\" \/><img decoding=\"async\" title=\"Hombre militar chaqueta de lana t\u00e1ctica Softshell Polartec Polar t\u00e9rmico con capucha ropa de abrigo ej\u00e9rcito ropa\" src=\"https:\/\/bodegaoutdoor.cl\/store\/wp-content\/uploads\/2020\/07\/7566-0n8wfm.jpg\" alt=\"Hombre militar chaqueta de lana t\u00e1ctica Softshell Polartec Polar t\u00e9rmico con capucha ropa de abrigo ej\u00e9rcito ropa\" \/><img decoding=\"async\" title=\"Hombre militar chaqueta de lana t\u00e1ctica Softshell Polartec Polar t\u00e9rmico con capucha ropa de abrigo ej\u00e9rcito ropa\" src=\"https:\/\/bodegaoutdoor.cl\/store\/wp-content\/uploads\/2020\/07\/7566-ma1ltw.jpg\" alt=\"Hombre militar chaqueta de lana t\u00e1ctica Softshell Polartec Polar t\u00e9rmico con capucha ropa de abrigo ej\u00e9rcito ropa\" \/><img decoding=\"async\" title=\"Hombre militar chaqueta de lana t\u00e1ctica Softshell Polartec Polar t\u00e9rmico con capucha ropa de abrigo ej\u00e9rcito ropa\" src=\"https:\/\/bodegaoutdoor.cl\/store\/wp-content\/uploads\/2020\/07\/7566-plasyg.jpg\" alt=\"Hombre militar chaqueta de lana t\u00e1ctica Softshell Polartec Polar t\u00e9rmico con capucha ropa de abrigo ej\u00e9rcito ropa\" \/><img decoding=\"async\" title=\"Hombre militar chaqueta de lana t\u00e1ctica Softshell Polartec Polar t\u00e9rmico con capucha ropa de abrigo ej\u00e9rcito ropa\" src=\"https:\/\/bodegaoutdoor.cl\/store\/wp-content\/uploads\/2020\/07\/7566-bjmlkx.jpg\" alt=\"Hombre militar chaqueta de lana t\u00e1ctica Softshell Polartec Polar t\u00e9rmico con capucha ropa de abrigo ej\u00e9rcito ropa\" \/><img decoding=\"async\" title=\"Hombre militar chaqueta de lana t\u00e1ctica Softshell Polartec Polar t\u00e9rmico con capucha ropa de abrigo ej\u00e9rcito ropa\" src=\"https:\/\/bodegaoutdoor.cl\/store\/wp-content\/uploads\/2020\/07\/7566-i3prie.jpg\" alt=\"Hombre militar chaqueta de lana t\u00e1ctica Softshell Polartec Polar t\u00e9rmico con capucha ropa de abrigo ej\u00e9rcito ropa\" \/><img decoding=\"async\" title=\"Hombre militar chaqueta de lana t\u00e1ctica Softshell Polartec Polar t\u00e9rmico con capucha ropa de abrigo ej\u00e9rcito ropa\" src=\"https:\/\/bodegaoutdoor.cl\/store\/wp-content\/uploads\/2020\/07\/7566-npiktt.jpg\" alt=\"Hombre militar chaqueta de lana t\u00e1ctica Softshell Polartec Polar t\u00e9rmico con capucha ropa de abrigo ej\u00e9rcito ropa\" \/><img decoding=\"async\" title=\"Hombre militar chaqueta de lana t\u00e1ctica Softshell Polartec Polar t\u00e9rmico con capucha ropa de abrigo ej\u00e9rcito ropa\" src=\"https:\/\/bodegaoutdoor.cl\/store\/wp-content\/uploads\/2020\/07\/7566-xf1usr.jpg\" alt=\"Hombre militar chaqueta de lana t\u00e1ctica Softshell Polartec Polar t\u00e9rmico con capucha ropa de abrigo ej\u00e9rcito ropa\" \/><img decoding=\"async\" title=\"Hombre militar chaqueta de lana t\u00e1ctica Softshell Polartec Polar t\u00e9rmico con capucha ropa de abrigo ej\u00e9rcito ropa\" src=\"https:\/\/bodegaoutdoor.cl\/store\/wp-content\/uploads\/2020\/07\/7566-oytgkz.jpg\" alt=\"Hombre militar chaqueta de lana t\u00e1ctica Softshell Polartec Polar t\u00e9rmico con capucha ropa de abrigo ej\u00e9rcito ropa\" \/><\/span><\/div>\n<h2 style=\"margin: 0px; padding: 0px; border: 0px; font-size: 13px; line-height: inherit; font-family: arial, helvetica, sans-serif; vertical-align: baseline;\"><span style=\"font-size: 18px;\"><span style=\"margin: 0px; padding: 0px; border: 0px; font-style: inherit; font-weight: inherit; line-height: inherit; vertical-align: baseline;\">Hay un dise\u00f1o especial en la manga izquierda que se puede usar para poner bol\u00edgrafos u otros art\u00edculos peque\u00f1os, \u00a1Gracias!<\/span><\/span><\/h2>\n<p><img decoding=\"async\" title=\"Hombre militar chaqueta de lana t\u00e1ctica Softshell Polartec Polar t\u00e9rmico con capucha ropa de abrigo ej\u00e9rcito ropa\" src=\"https:\/\/bodegaoutdoor.cl\/store\/wp-content\/uploads\/2020\/07\/7566-iwpesk.jpg\" alt=\"Hombre militar chaqueta de lana t\u00e1ctica Softshell Polartec Polar t\u00e9rmico con capucha ropa de abrigo ej\u00e9rcito ropa\" \/><img decoding=\"async\" title=\"Hombre militar chaqueta de lana t\u00e1ctica Softshell Polartec Polar t\u00e9rmico con capucha ropa de abrigo ej\u00e9rcito ropa\" src=\"https:\/\/bodegaoutdoor.cl\/store\/wp-content\/uploads\/2020\/07\/7566-5kapq2.jpg\" alt=\"Hombre militar chaqueta de lana t\u00e1ctica Softshell Polartec Polar t\u00e9rmico con capucha ropa de abrigo ej\u00e9rcito ropa\" \/><\/p>\n<p><img decoding=\"async\" title=\"Hombre militar chaqueta de lana t\u00e1ctica Softshell Polartec Polar t\u00e9rmico con capucha ropa de abrigo ej\u00e9rcito ropa\" src=\"https:\/\/bodegaoutdoor.cl\/store\/wp-content\/uploads\/2020\/07\/7566-swkdeg.jpg\" alt=\"Hombre militar chaqueta de lana t\u00e1ctica Softshell Polartec Polar t\u00e9rmico con capucha ropa de abrigo ej\u00e9rcito ropa\" \/><\/p>\n<div style=\"margin: 0.0px; padding: 0.0px; border: 0.0px; font-size: 13.0px; line-height: inherit; font-family: arial , helvetica , sans-serif; vertical-align: baseline; color: #000000;\"><span style=\"margin: 0.0px; padding: 0.0px; border: 0.0px; font-style: inherit; font-weight: inherit; font-size: 18.0px; line-height: inherit; vertical-align: baseline;\"><img decoding=\"async\" title=\"Hombre militar chaqueta de lana t\u00e1ctica Softshell Polartec Polar t\u00e9rmico con capucha ropa de abrigo ej\u00e9rcito ropa\" src=\"https:\/\/bodegaoutdoor.cl\/store\/wp-content\/uploads\/2020\/07\/7566-rgx8ss.jpg\" alt=\"Hombre militar chaqueta de lana t\u00e1ctica Softshell Polartec Polar t\u00e9rmico con capucha ropa de abrigo ej\u00e9rcito ropa\" \/><\/span><\/div>\n\n    <div class=\"xs_social_share_widget xs_share_url after_content \t\tmain_content  wslu-style-1 wslu-share-box-shaped wslu-fill-colored wslu-none wslu-share-horizontal wslu-theme-font-no wslu-main_content\">\n\n\t\t\n        <ul>\n\t\t\t        <\/ul>\n    <\/div> \n","protected":false},"excerpt":{"rendered":"<p>Medici\u00f3n Manual, a veces debido a diferentes lotes de producci\u00f3n. Puede ser Error de 1-3 cm. Y debido a la pantalla diferente, la imagen real puede ser un poco Diferentes Hay un dise\u00f1o especial en la manga izquierda que se puede usar para poner bol\u00edgrafos u otros art\u00edculos peque\u00f1os, \u00a1Gracias!<\/p>\n","protected":false},"featured_media":7587,"comment_status":"open","ping_status":"closed","template":"","meta":{"jetpack_publicize_message":"","jetpack_publicize_feature_enabled":true,"jetpack_social_post_already_shared":true,"jetpack_social_options":{"image_generator_settings":{"template":"highway","enabled":false},"version":2}},"product_brand":[],"product_cat":[72,62],"product_tag":[],"class_list":{"0":"post-7566","1":"product","2":"type-product","3":"status-publish","4":"has-post-thumbnail","6":"product_cat-hombre-segunda","7":"product_cat-vestuario-hombre","9":"first","10":"instock","11":"sale","12":"taxable","13":"shipping-taxable","14":"purchasable","15":"product-type-variable"},"jetpack_publicize_connections":[],"jetpack_sharing_enabled":true,"_links":{"self":[{"href":"https:\/\/bodegaoutdoor.cl\/store\/wp-json\/wp\/v2\/product\/7566","targetHints":{"allow":["GET"]}}],"collection":[{"href":"https:\/\/bodegaoutdoor.cl\/store\/wp-json\/wp\/v2\/product"}],"about":[{"href":"https:\/\/bodegaoutdoor.cl\/store\/wp-json\/wp\/v2\/types\/product"}],"replies":[{"embeddable":true,"href":"https:\/\/bodegaoutdoor.cl\/store\/wp-json\/wp\/v2\/comments?post=7566"}],"version-history":[{"count":2,"href":"https:\/\/bodegaoutdoor.cl\/store\/wp-json\/wp\/v2\/product\/7566\/revisions"}],"predecessor-version":[{"id":71328,"href":"https:\/\/bodegaoutdoor.cl\/store\/wp-json\/wp\/v2\/product\/7566\/revisions\/71328"}],"wp:featuredmedia":[{"embeddable":true,"href":"https:\/\/bodegaoutdoor.cl\/store\/wp-json\/wp\/v2\/media\/7587"}],"wp:attachment":[{"href":"https:\/\/bodegaoutdoor.cl\/store\/wp-json\/wp\/v2\/media?parent=7566"}],"wp:term":[{"taxonomy":"product_brand","embeddable":true,"href":"https:\/\/bodegaoutdoor.cl\/store\/wp-json\/wp\/v2\/product_brand?post=7566"},{"taxonomy":"product_cat","embeddable":true,"href":"https:\/\/bodegaoutdoor.cl\/store\/wp-json\/wp\/v2\/product_cat?post=7566"},{"taxonomy":"product_tag","embeddable":true,"href":"https:\/\/bodegaoutdoor.cl\/store\/wp-json\/wp\/v2\/product_tag?post=7566"}],"curies":[{"name":"wp","href":"https:\/\/api.w.org\/{rel}","templated":true}]}}