{"id":7592,"date":"2020-07-23T02:37:26","date_gmt":"2020-07-23T02:37:26","guid":{"rendered":"https:\/\/bodegaoutdoor.cl\/store\/product\/detalles-acerca-de-primavera-y-otono-de-los-hombres-chaqueta-casual-chaquetas-de-hombre-abrigo-cazadora-cuello-chaqueta-de-beisbol-mens-slim-abrigos-5xl-ya810\/"},"modified":"2023-05-04T19:19:35","modified_gmt":"2023-05-04T23:19:35","slug":"detalles-acerca-de-primavera-y-otono-de-los-hombres-chaqueta-casual-chaquetas-de-hombre-abrigo-cazadora-cuello-chaqueta-de-beisbol-mens-slim","status":"publish","type":"product","link":"https:\/\/bodegaoutdoor.cl\/store\/product\/detalles-acerca-de-primavera-y-otono-de-los-hombres-chaqueta-casual-chaquetas-de-hombre-abrigo-cazadora-cuello-chaqueta-de-beisbol-mens-slim\/","title":{"rendered":"Chaqueta Outdoor T\u00e9rmica oto\u00f1o"},"content":{"rendered":"<div>\n<div>\n<p style=\"text-align: center;\"><img decoding=\"async\" title=\"Detalles acerca de primavera y oto\u00f1o de los hombres chaqueta Casual chaquetas de hombre abrigo cazadora cuello chaqueta de b\u00e9isbol Mens Slim abrigos 5XL... YA810\" src=\"https:\/\/bodegaoutdoor.cl\/store\/wp-content\/uploads\/2020\/07\/7592-s93okn.jpg\" alt=\"Detalles acerca de primavera y oto\u00f1o de los hombres chaqueta Casual chaquetas de hombre abrigo cazadora cuello chaqueta de b\u00e9isbol Mens Slim abrigos 5XL... YA810\" \/><\/p>\n<p style=\"text-align: center;\"><img decoding=\"async\" title=\"Detalles acerca de primavera y oto\u00f1o de los hombres chaqueta Casual chaquetas de hombre abrigo cazadora cuello chaqueta de b\u00e9isbol Mens Slim abrigos 5XL... YA810\" src=\"https:\/\/bodegaoutdoor.cl\/store\/wp-content\/uploads\/2020\/07\/7592-fmpv93.jpg\" alt=\"Detalles acerca de primavera y oto\u00f1o de los hombres chaqueta Casual chaquetas de hombre abrigo cazadora cuello chaqueta de b\u00e9isbol Mens Slim abrigos 5XL... YA810\" \/><\/p>\n<p style=\"text-align: center;\">\n<\/div>\n<\/div>\n<div><\/div>\n<div>\n<p style=\"text-align: center;\"><img decoding=\"async\" title=\"Detalles acerca de primavera y oto\u00f1o de los hombres chaqueta Casual chaquetas de hombre abrigo cazadora cuello chaqueta de b\u00e9isbol Mens Slim abrigos 5XL... YA810\" src=\"https:\/\/bodegaoutdoor.cl\/store\/wp-content\/uploads\/2020\/07\/7592-f2xrkc.jpg\" alt=\"Detalles acerca de primavera y oto\u00f1o de los hombres chaqueta Casual chaquetas de hombre abrigo cazadora cuello chaqueta de b\u00e9isbol Mens Slim abrigos 5XL... YA810\" width=\"750\" height=\"50\" \/><\/p>\n<h2 style=\"text-align: center;\">DIMUSI, cazadora informal de oto\u00f1o para hombre, prendas de vestir masculinas, forro polar grueso y c\u00e1lido, chaqueta rompevientos para hombre, abrigos militares de b\u00e9isbol, ropa<\/h2>\n<p style=\"text-align: center;\"><img decoding=\"async\" title=\"Detalles acerca de primavera y oto\u00f1o de los hombres chaqueta Casual chaquetas de hombre abrigo cazadora cuello chaqueta de b\u00e9isbol Mens Slim abrigos 5XL... YA810\" src=\"https:\/\/bodegaoutdoor.cl\/store\/wp-content\/uploads\/2020\/07\/7592-44daom.jpg\" alt=\"Detalles acerca de primavera y oto\u00f1o de los hombres chaqueta Casual chaquetas de hombre abrigo cazadora cuello chaqueta de b\u00e9isbol Mens Slim abrigos 5XL... YA810\" \/><img decoding=\"async\" title=\"Detalles acerca de primavera y oto\u00f1o de los hombres chaqueta Casual chaquetas de hombre abrigo cazadora cuello chaqueta de b\u00e9isbol Mens Slim abrigos 5XL... YA810\" src=\"https:\/\/bodegaoutdoor.cl\/store\/wp-content\/uploads\/2020\/07\/7592-ptdcs7.jpg\" alt=\"Detalles acerca de primavera y oto\u00f1o de los hombres chaqueta Casual chaquetas de hombre abrigo cazadora cuello chaqueta de b\u00e9isbol Mens Slim abrigos 5XL... YA810\" \/><img decoding=\"async\" title=\"Detalles acerca de primavera y oto\u00f1o de los hombres chaqueta Casual chaquetas de hombre abrigo cazadora cuello chaqueta de b\u00e9isbol Mens Slim abrigos 5XL... YA810\" src=\"https:\/\/bodegaoutdoor.cl\/store\/wp-content\/uploads\/2020\/07\/7592-ffrwcn.jpg\" alt=\"Detalles acerca de primavera y oto\u00f1o de los hombres chaqueta Casual chaquetas de hombre abrigo cazadora cuello chaqueta de b\u00e9isbol Mens Slim abrigos 5XL... YA810\" \/><img decoding=\"async\" title=\"Detalles acerca de primavera y oto\u00f1o de los hombres chaqueta Casual chaquetas de hombre abrigo cazadora cuello chaqueta de b\u00e9isbol Mens Slim abrigos 5XL... YA810\" src=\"https:\/\/bodegaoutdoor.cl\/store\/wp-content\/uploads\/2020\/07\/7592-ede4jr.jpg\" alt=\"Detalles acerca de primavera y oto\u00f1o de los hombres chaqueta Casual chaquetas de hombre abrigo cazadora cuello chaqueta de b\u00e9isbol Mens Slim abrigos 5XL... YA810\" \/><img decoding=\"async\" title=\"Detalles acerca de primavera y oto\u00f1o de los hombres chaqueta Casual chaquetas de hombre abrigo cazadora cuello chaqueta de b\u00e9isbol Mens Slim abrigos 5XL... YA810\" src=\"https:\/\/bodegaoutdoor.cl\/store\/wp-content\/uploads\/2020\/07\/7592-veskpv.jpg\" alt=\"Detalles acerca de primavera y oto\u00f1o de los hombres chaqueta Casual chaquetas de hombre abrigo cazadora cuello chaqueta de b\u00e9isbol Mens Slim abrigos 5XL... YA810\" \/><\/p>\n<p style=\"text-align: center;\"><img decoding=\"async\" title=\"Detalles acerca de primavera y oto\u00f1o de los hombres chaqueta Casual chaquetas de hombre abrigo cazadora cuello chaqueta de b\u00e9isbol Mens Slim abrigos 5XL... YA810\" src=\"https:\/\/bodegaoutdoor.cl\/store\/wp-content\/uploads\/2020\/07\/7592-zgbfvz.jpg\" alt=\"Detalles acerca de primavera y oto\u00f1o de los hombres chaqueta Casual chaquetas de hombre abrigo cazadora cuello chaqueta de b\u00e9isbol Mens Slim abrigos 5XL... YA810\" width=\"750\" height=\"50\" \/><\/p>\n<p style=\"text-align: center;\"><img decoding=\"async\" title=\"Detalles acerca de primavera y oto\u00f1o de los hombres chaqueta Casual chaquetas de hombre abrigo cazadora cuello chaqueta de b\u00e9isbol Mens Slim abrigos 5XL... YA810\" src=\"https:\/\/bodegaoutdoor.cl\/store\/wp-content\/uploads\/2020\/07\/7592-sv0rah.jpg\" alt=\"Detalles acerca de primavera y oto\u00f1o de los hombres chaqueta Casual chaquetas de hombre abrigo cazadora cuello chaqueta de b\u00e9isbol Mens Slim abrigos 5XL... YA810\" \/><img decoding=\"async\" title=\"Detalles acerca de primavera y oto\u00f1o de los hombres chaqueta Casual chaquetas de hombre abrigo cazadora cuello chaqueta de b\u00e9isbol Mens Slim abrigos 5XL... YA810\" src=\"https:\/\/bodegaoutdoor.cl\/store\/wp-content\/uploads\/2020\/07\/7592-0pghtp.jpg\" alt=\"Detalles acerca de primavera y oto\u00f1o de los hombres chaqueta Casual chaquetas de hombre abrigo cazadora cuello chaqueta de b\u00e9isbol Mens Slim abrigos 5XL... YA810\" \/><img decoding=\"async\" title=\"Detalles acerca de primavera y oto\u00f1o de los hombres chaqueta Casual chaquetas de hombre abrigo cazadora cuello chaqueta de b\u00e9isbol Mens Slim abrigos 5XL... YA810\" src=\"https:\/\/bodegaoutdoor.cl\/store\/wp-content\/uploads\/2020\/07\/7592-pslcb4.jpg\" alt=\"Detalles acerca de primavera y oto\u00f1o de los hombres chaqueta Casual chaquetas de hombre abrigo cazadora cuello chaqueta de b\u00e9isbol Mens Slim abrigos 5XL... YA810\" \/><\/p>\n<p style=\"text-align: center;\">\n<\/div>\n\n    <div class=\"xs_social_share_widget xs_share_url after_content \t\tmain_content  wslu-style-1 wslu-share-box-shaped wslu-fill-colored wslu-none wslu-share-horizontal wslu-theme-font-no wslu-main_content\">\n\n\t\t\n        <ul>\n\t\t\t        <\/ul>\n    <\/div> \n","protected":false},"excerpt":{"rendered":"<p>DIMUSI, cazadora informal de oto\u00f1o para hombre, prendas de vestir masculinas, forro polar grueso y c\u00e1lido, chaqueta rompevientos para hombre, abrigos militares de b\u00e9isbol, ropa<\/p>\n","protected":false},"featured_media":7645,"comment_status":"open","ping_status":"closed","template":"","meta":{"jetpack_publicize_message":"","jetpack_publicize_feature_enabled":true,"jetpack_social_post_already_shared":true,"jetpack_social_options":{"image_generator_settings":{"template":"highway","enabled":false},"version":2}},"product_brand":[],"product_cat":[72,62],"product_tag":[],"class_list":{"0":"post-7592","1":"product","2":"type-product","3":"status-publish","4":"has-post-thumbnail","6":"product_cat-hombre-segunda","7":"product_cat-vestuario-hombre","9":"first","10":"instock","11":"sale","12":"taxable","13":"shipping-taxable","14":"purchasable","15":"product-type-variable"},"jetpack_publicize_connections":[],"jetpack_sharing_enabled":true,"_links":{"self":[{"href":"https:\/\/bodegaoutdoor.cl\/store\/wp-json\/wp\/v2\/product\/7592","targetHints":{"allow":["GET"]}}],"collection":[{"href":"https:\/\/bodegaoutdoor.cl\/store\/wp-json\/wp\/v2\/product"}],"about":[{"href":"https:\/\/bodegaoutdoor.cl\/store\/wp-json\/wp\/v2\/types\/product"}],"replies":[{"embeddable":true,"href":"https:\/\/bodegaoutdoor.cl\/store\/wp-json\/wp\/v2\/comments?post=7592"}],"version-history":[{"count":2,"href":"https:\/\/bodegaoutdoor.cl\/store\/wp-json\/wp\/v2\/product\/7592\/revisions"}],"predecessor-version":[{"id":71327,"href":"https:\/\/bodegaoutdoor.cl\/store\/wp-json\/wp\/v2\/product\/7592\/revisions\/71327"}],"wp:featuredmedia":[{"embeddable":true,"href":"https:\/\/bodegaoutdoor.cl\/store\/wp-json\/wp\/v2\/media\/7645"}],"wp:attachment":[{"href":"https:\/\/bodegaoutdoor.cl\/store\/wp-json\/wp\/v2\/media?parent=7592"}],"wp:term":[{"taxonomy":"product_brand","embeddable":true,"href":"https:\/\/bodegaoutdoor.cl\/store\/wp-json\/wp\/v2\/product_brand?post=7592"},{"taxonomy":"product_cat","embeddable":true,"href":"https:\/\/bodegaoutdoor.cl\/store\/wp-json\/wp\/v2\/product_cat?post=7592"},{"taxonomy":"product_tag","embeddable":true,"href":"https:\/\/bodegaoutdoor.cl\/store\/wp-json\/wp\/v2\/product_tag?post=7592"}],"curies":[{"name":"wp","href":"https:\/\/api.w.org\/{rel}","templated":true}]}}