{"id":76214,"date":"2023-07-02T22:50:26","date_gmt":"2023-07-03T02:50:26","guid":{"rendered":"https:\/\/bodegaoutdoor.cl\/store\/product\/cuchara-de-camping-portatil-de-acero-inoxidable-4-en-1-tenedor-cuchillo-y-abrebotellas-utensilios-de-camping-militares\/"},"modified":"2023-07-04T10:13:46","modified_gmt":"2023-07-04T14:13:46","slug":"cuchara-de-camping-portatil-de-acero-inoxidable-4-en-1-tenedor-cuchillo-y-abrebotellas-utensilios-de-camping-militares","status":"publish","type":"product","link":"https:\/\/bodegaoutdoor.cl\/store\/product\/cuchara-de-camping-portatil-de-acero-inoxidable-4-en-1-tenedor-cuchillo-y-abrebotellas-utensilios-de-camping-militares\/","title":{"rendered":"Cuchara de Camping port\u00e1til de acero inoxidable 4 en 1, tenedor, cuchillo y abrebotellas, utensilios de Camping militares"},"content":{"rendered":"<div><\/div>\n<div>\n<div>\n<div><\/div>\n<div>\n<div>\n<div><span style=\"font-size: 16px;\"><span style=\"font-size: 16px;\">Material de alta calidad: acero inoxidable de grado alimenticio duradero y de alto impacto, sensaci\u00f3n de sujeci\u00f3n suave y peso ligero, f\u00e1cil de limpiar.<\/span><\/span>Separable y desmontable: se puede desmontar todo el conjunto en cuchara, tenedor, cuchillo y abrebotellas. Perfecto para viajar, senderismo, camping, escalada, supervivencia al aire libre.<\/p>\n<p>Se expande de una manera simple, simplemente tire hacia arriba. Se puede combinar, ocupa poco espacio, f\u00e1cil de llevar en la mochila. Tama\u00f1o apilado solo 7,5*1,8*0,8 pulgadas (L * H * W).<\/p>\n<p>Garant\u00eda del cliente: aqu\u00ed, creemos en un servicio y calidad antiguos. Si no est\u00e1s satisfecho con tu compra de alguna manera, contacta con nosotros y te ofreceremos un reembolso completo.<\/p>\n<\/div>\n<p style=\"text-align: left; margin: 0px;\" align=\"left\"><img decoding=\"async\" title=\"Cuchara de Camping port\u00e1til de acero inoxidable 4 en 1, tenedor, cuchillo y abrebotellas, utensilios de Camping militares\" src=\"https:\/\/bodegaoutdoor.cl\/store\/wp-content\/uploads\/2023\/07\/76214-jlzjpp.jpg\" alt=\"Cuchara de Camping port\u00e1til de acero inoxidable 4 en 1, tenedor, cuchillo y abrebotellas, utensilios de Camping militares\" \/><img decoding=\"async\" title=\"Cuchara de Camping port\u00e1til de acero inoxidable 4 en 1, tenedor, cuchillo y abrebotellas, utensilios de Camping militares\" src=\"https:\/\/bodegaoutdoor.cl\/store\/wp-content\/uploads\/2023\/07\/76214-uya3yr.jpg\" alt=\"Cuchara de Camping port\u00e1til de acero inoxidable 4 en 1, tenedor, cuchillo y abrebotellas, utensilios de Camping militares\" \/><img decoding=\"async\" title=\"Cuchara de Camping port\u00e1til de acero inoxidable 4 en 1, tenedor, cuchillo y abrebotellas, utensilios de Camping militares\" src=\"https:\/\/bodegaoutdoor.cl\/store\/wp-content\/uploads\/2023\/07\/76214-oh5wbp.jpg\" alt=\"Cuchara de Camping port\u00e1til de acero inoxidable 4 en 1, tenedor, cuchillo y abrebotellas, utensilios de Camping militares\" \/><img decoding=\"async\" title=\"Cuchara de Camping port\u00e1til de acero inoxidable 4 en 1, tenedor, cuchillo y abrebotellas, utensilios de Camping militares\" src=\"https:\/\/bodegaoutdoor.cl\/store\/wp-content\/uploads\/2023\/07\/76214-budh53.jpg\" alt=\"Cuchara de Camping port\u00e1til de acero inoxidable 4 en 1, tenedor, cuchillo y abrebotellas, utensilios de Camping militares\" \/><img decoding=\"async\" title=\"Cuchara de Camping port\u00e1til de acero inoxidable 4 en 1, tenedor, cuchillo y abrebotellas, utensilios de Camping militares\" src=\"https:\/\/bodegaoutdoor.cl\/store\/wp-content\/uploads\/2023\/07\/76214-srhkth.jpg\" alt=\"Cuchara de Camping port\u00e1til de acero inoxidable 4 en 1, tenedor, cuchillo y abrebotellas, utensilios de Camping militares\" \/><img decoding=\"async\" title=\"Cuchara de Camping port\u00e1til de acero inoxidable 4 en 1, tenedor, cuchillo y abrebotellas, utensilios de Camping militares\" src=\"https:\/\/bodegaoutdoor.cl\/store\/wp-content\/uploads\/2023\/07\/76214-wtbrwi.jpg\" alt=\"Cuchara de Camping port\u00e1til de acero inoxidable 4 en 1, tenedor, cuchillo y abrebotellas, utensilios de Camping militares\" \/><img decoding=\"async\" title=\"Cuchara de Camping port\u00e1til de acero inoxidable 4 en 1, tenedor, cuchillo y abrebotellas, utensilios de Camping militares\" src=\"https:\/\/bodegaoutdoor.cl\/store\/wp-content\/uploads\/2023\/07\/76214-cshucj.jpg\" alt=\"Cuchara de Camping port\u00e1til de acero inoxidable 4 en 1, tenedor, cuchillo y abrebotellas, utensilios de Camping militares\" \/><img decoding=\"async\" title=\"Cuchara de Camping port\u00e1til de acero inoxidable 4 en 1, tenedor, cuchillo y abrebotellas, utensilios de Camping militares\" src=\"https:\/\/bodegaoutdoor.cl\/store\/wp-content\/uploads\/2023\/07\/76214-tjcgvd.jpg\" alt=\"Cuchara de Camping port\u00e1til de acero inoxidable 4 en 1, tenedor, cuchillo y abrebotellas, utensilios de Camping militares\" \/><\/p>\n<p style=\"text-align: left; margin: 0px;\" align=\"left\"><img decoding=\"async\" style=\"width: 800px;\" title=\"Cuchara de Camping port\u00e1til de acero inoxidable 4 en 1, tenedor, cuchillo y abrebotellas, utensilios de Camping militares\" src=\"https:\/\/bodegaoutdoor.cl\/store\/wp-content\/uploads\/2023\/07\/76214-sruo4w.jpg\" alt=\"Cuchara de Camping port\u00e1til de acero inoxidable 4 en 1, tenedor, cuchillo y abrebotellas, utensilios de Camping militares\" width=\"800px\" \/><\/p>\n<\/div>\n<\/div>\n<p>&nbsp;<\/p>\n<\/div>\n<\/div>\n\n    <div class=\"xs_social_share_widget xs_share_url after_content \t\tmain_content  wslu-style-1 wslu-share-box-shaped wslu-fill-colored wslu-none wslu-share-horizontal wslu-theme-font-no wslu-main_content\">\n\n\t\t\n        <ul>\n\t\t\t        <\/ul>\n    <\/div> \n","protected":false},"excerpt":{"rendered":"<p>Material de alta calidad: acero inoxidable de grado alimenticio duradero y de alto impacto, sensaci\u00f3n de sujeci\u00f3n suave y peso ligero, f\u00e1cil de limpiar.Separable y desmontable: se puede desmontar todo el conjunto en cuchara, tenedor, cuchillo y abrebotellas. Perfecto para viajar, senderismo, camping, escalada, supervivencia al aire libre. Se expande de una manera simple, simplemente [&hellip;]<\/p>\n","protected":false},"featured_media":76273,"comment_status":"open","ping_status":"closed","template":"","meta":{"jetpack_publicize_message":"","jetpack_publicize_feature_enabled":true,"jetpack_social_post_already_shared":true,"jetpack_social_options":{"image_generator_settings":{"template":"highway","enabled":false},"version":2}},"product_brand":[],"product_cat":[15,2814],"product_tag":[],"class_list":{"0":"post-76214","1":"product","2":"type-product","3":"status-publish","4":"has-post-thumbnail","6":"product_cat-otros","7":"product_cat-camping","9":"first","10":"instock","11":"sale","12":"taxable","13":"shipping-taxable","14":"purchasable","15":"product-type-variable"},"jetpack_publicize_connections":[],"jetpack_sharing_enabled":true,"_links":{"self":[{"href":"https:\/\/bodegaoutdoor.cl\/store\/wp-json\/wp\/v2\/product\/76214","targetHints":{"allow":["GET"]}}],"collection":[{"href":"https:\/\/bodegaoutdoor.cl\/store\/wp-json\/wp\/v2\/product"}],"about":[{"href":"https:\/\/bodegaoutdoor.cl\/store\/wp-json\/wp\/v2\/types\/product"}],"replies":[{"embeddable":true,"href":"https:\/\/bodegaoutdoor.cl\/store\/wp-json\/wp\/v2\/comments?post=76214"}],"version-history":[{"count":11,"href":"https:\/\/bodegaoutdoor.cl\/store\/wp-json\/wp\/v2\/product\/76214\/revisions"}],"predecessor-version":[{"id":76301,"href":"https:\/\/bodegaoutdoor.cl\/store\/wp-json\/wp\/v2\/product\/76214\/revisions\/76301"}],"wp:featuredmedia":[{"embeddable":true,"href":"https:\/\/bodegaoutdoor.cl\/store\/wp-json\/wp\/v2\/media\/76273"}],"wp:attachment":[{"href":"https:\/\/bodegaoutdoor.cl\/store\/wp-json\/wp\/v2\/media?parent=76214"}],"wp:term":[{"taxonomy":"product_brand","embeddable":true,"href":"https:\/\/bodegaoutdoor.cl\/store\/wp-json\/wp\/v2\/product_brand?post=76214"},{"taxonomy":"product_cat","embeddable":true,"href":"https:\/\/bodegaoutdoor.cl\/store\/wp-json\/wp\/v2\/product_cat?post=76214"},{"taxonomy":"product_tag","embeddable":true,"href":"https:\/\/bodegaoutdoor.cl\/store\/wp-json\/wp\/v2\/product_tag?post=76214"}],"curies":[{"name":"wp","href":"https:\/\/api.w.org\/{rel}","templated":true}]}}